{"id":24416,"date":"2026-04-13T12:31:46","date_gmt":"2026-04-13T12:31:46","guid":{"rendered":"https:\/\/brizyproducts.com\/?post_type=product&#038;p=24416"},"modified":"2026-04-16T06:37:07","modified_gmt":"2026-04-16T06:37:07","slug":"chantilly-helmet-cover","status":"publish","type":"product","link":"https:\/\/brizyproducts.com\/sv\/product\/chantilly-helmet-cover\/","title":{"rendered":"Chantilly Hj\u00e4lm\u00f6verdrag"},"content":{"rendered":"<h2><strong>Hj\u00e4lm\u00f6verdarg med h\u00e5rd sk\u00e4rm och kraftig silikonres\u00e5r<\/strong><\/h2>\n<p>Chantilly Hj\u00e4lm\u00f6verdrag \u00e4r tillverkat i ett stretchigt material som anpassar sig efter din galopphj\u00e4lm och dess passform. Det sitter tight och f\u00f6ljsamt runt hj\u00e4lmen utan \u00f6verfl\u00f6digt tyg som fladdrar i vinden.<\/p>\n<p>Den h\u00e5rda sk\u00e4rmen \u00e4r stabil och beh\u00e5ller sin form \u00e4ven efter upprepad anv\u00e4ndning. L\u00e4ngs insidans nederkant finns en stretchig silikonres\u00e5r av h\u00f6g och slitstark kvalitet, som s\u00e4kerst\u00e4ller att hj\u00e4lm\u00f6verdraget sitter stadigt p\u00e5 plats \u2013 \u00e4ven i h\u00f6ga farter och vid starkt vindmotst\u00e5nd.<\/p>\n<p>Designen skapas efter dina \u00f6nskem\u00e5l, med f\u00e4rger och m\u00f6nster som integreras direkt i materialet genom sublimering. Resultatet \u00e4r en h\u00e5llbar och slitstark finish som beh\u00e5ller b\u00e5de f\u00e4rg och kvalitet \u00f6ver tid.<\/p>\n<p>Chantilly Hj\u00e4lm\u00f6verdrag \u00e4r det sj\u00e4lvklara valet f\u00f6r dig som s\u00f6ker ett h\u00e5llbart och stretchigt \u00f6verdrag med s\u00e4ker passform och ett stilrent, professionellt uttryck.<\/p>\n\n","protected":false},"excerpt":{"rendered":"<p>Hj\u00e4lm\u00f6verdrag med silikonres\u00e5r.<\/p>\n","protected":false},"featured_media":24436,"comment_status":"closed","ping_status":"closed","template":"","meta":{"_acf_changed":false},"product_brand":[],"product_cat":[299],"product_tag":[],"season":[508,506,502,504],"gender":[510,512],"collection":[591],"activity":[595],"product_type_brizy":[568],"class_list":{"0":"post-24416","1":"product","2":"type-product","3":"status-publish","4":"has-post-thumbnail","6":"product_cat-accessories","7":"season-rain","8":"season-spring-fall","9":"season-summer","10":"season-winter","11":"gender-men","12":"gender-women","13":"collection-chantilly","14":"activity-gallop","15":"product_type_brizy-custom-made","17":"first","18":"instock","19":"taxable","20":"shipping-taxable","21":"purchasable","22":"product-type-variable"},"acf":[],"yoast_head":"<!-- This site is optimized with the Yoast SEO plugin v27.4 - https:\/\/yoast.com\/product\/yoast-seo-wordpress\/ -->\n<title>Chantilly Hj\u00e4lm\u00f6verdrag | Hj\u00e4lm\u00f6verdrag med silikonres\u00e5r | Brizy<\/title>\n<meta name=\"description\" content=\"Designa ditt eget hj\u00e4lm\u00f6verdrag anpassat f\u00f6r jockeyhj\u00e4lmar. Tillverkat i slitstarkt stretchmaterial med h\u00e5rd sk\u00e4rm och silikonres\u00e5r i nederkant.\" \/>\n<meta name=\"robots\" content=\"index, follow, max-snippet:-1, max-image-preview:large, max-video-preview:-1\" \/>\n<link rel=\"canonical\" href=\"https:\/\/brizyproducts.com\/sv\/product\/chantilly-helmet-cover\/\" \/>\n<meta property=\"og:locale\" content=\"sv_SE\" \/>\n<meta property=\"og:type\" content=\"article\" \/>\n<meta property=\"og:title\" content=\"Chantilly Hj\u00e4lm\u00f6verdrag | Hj\u00e4lm\u00f6verdrag med silikonres\u00e5r | Brizy\" \/>\n<meta property=\"og:description\" content=\"Designa ditt eget hj\u00e4lm\u00f6verdrag anpassat f\u00f6r jockeyhj\u00e4lmar. Tillverkat i slitstarkt stretchmaterial med h\u00e5rd sk\u00e4rm och silikonres\u00e5r i nederkant.\" \/>\n<meta property=\"og:url\" content=\"https:\/\/brizyproducts.com\/sv\/product\/chantilly-helmet-cover\/\" \/>\n<meta property=\"og:site_name\" content=\"Brizy Products\" \/>\n<meta property=\"article:publisher\" content=\"https:\/\/www.facebook.com\/brizy.1983\/\" \/>\n<meta property=\"article:modified_time\" content=\"2026-04-16T06:37:07+00:00\" \/>\n<meta property=\"og:image\" content=\"https:\/\/brizyproducts.com\/wp-content\/uploads\/2026\/04\/6-1-scaled.webp\" \/>\n\t<meta property=\"og:image:width\" content=\"2560\" \/>\n\t<meta property=\"og:image:height\" content=\"2560\" \/>\n\t<meta property=\"og:image:type\" content=\"image\/png\" \/>\n<meta name=\"twitter:card\" content=\"summary_large_image\" \/>\n<meta property=\"og:availability\" content=\"instock\" \/>\n<meta property=\"product:availability\" content=\"instock\" \/>\n<meta property=\"product:condition\" content=\"new\" \/>\n<!-- \/ Yoast SEO plugin. -->","yoast_head_json":{"title":"Chantilly Hj\u00e4lm\u00f6verdrag | Hj\u00e4lm\u00f6verdrag med silikonres\u00e5r | Brizy","description":"Designa ditt eget hj\u00e4lm\u00f6verdrag anpassat f\u00f6r jockeyhj\u00e4lmar. Tillverkat i slitstarkt stretchmaterial med h\u00e5rd sk\u00e4rm och silikonres\u00e5r i nederkant.","robots":{"index":"index","follow":"follow","max-snippet":"max-snippet:-1","max-image-preview":"max-image-preview:large","max-video-preview":"max-video-preview:-1"},"canonical":"https:\/\/brizyproducts.com\/sv\/product\/chantilly-helmet-cover\/","og_locale":"sv_SE","og_type":"article","og_title":"Chantilly Hj\u00e4lm\u00f6verdrag | Hj\u00e4lm\u00f6verdrag med silikonres\u00e5r | Brizy","og_description":"Designa ditt eget hj\u00e4lm\u00f6verdrag anpassat f\u00f6r jockeyhj\u00e4lmar. Tillverkat i slitstarkt stretchmaterial med h\u00e5rd sk\u00e4rm och silikonres\u00e5r i nederkant.","og_url":"https:\/\/brizyproducts.com\/sv\/product\/chantilly-helmet-cover\/","og_site_name":"Brizy Products","article_publisher":"https:\/\/www.facebook.com\/brizy.1983\/","article_modified_time":"2026-04-16T06:37:07+00:00","og_image":[{"width":2560,"height":2560,"url":"https:\/\/brizyproducts.com\/wp-content\/uploads\/2026\/04\/6-1-scaled.webp","type":"image\/png"}],"twitter_card":"summary_large_image","schema":{"@context":"https:\/\/schema.org","@graph":[{"@type":"WebPage","@id":"https:\/\/brizyproducts.com\/sv\/product\/chantilly-helmet-cover\/","url":"https:\/\/brizyproducts.com\/sv\/product\/chantilly-helmet-cover\/","name":"Chantilly Hj\u00e4lm\u00f6verdrag | Hj\u00e4lm\u00f6verdrag med silikonres\u00e5r | Brizy","isPartOf":{"@id":"https:\/\/brizyproducts.com\/sv\/#website"},"primaryImageOfPage":{"@id":"https:\/\/brizyproducts.com\/sv\/product\/chantilly-helmet-cover\/#primaryimage"},"image":{"@id":"https:\/\/brizyproducts.com\/sv\/product\/chantilly-helmet-cover\/#primaryimage"},"thumbnailUrl":"https:\/\/brizyproducts.com\/wp-content\/uploads\/2026\/04\/6-1-scaled.webp","datePublished":"2026-04-13T12:31:46+00:00","dateModified":"2026-04-16T06:37:07+00:00","description":"Designa ditt eget hj\u00e4lm\u00f6verdrag anpassat f\u00f6r jockeyhj\u00e4lmar. Tillverkat i slitstarkt stretchmaterial med h\u00e5rd sk\u00e4rm och silikonres\u00e5r i nederkant.","breadcrumb":{"@id":"https:\/\/brizyproducts.com\/sv\/product\/chantilly-helmet-cover\/#breadcrumb"},"inLanguage":"sv-SE","potentialAction":[{"@type":"ReadAction","target":["https:\/\/brizyproducts.com\/sv\/product\/chantilly-helmet-cover\/"]}]},{"@type":"ImageObject","inLanguage":"sv-SE","@id":"https:\/\/brizyproducts.com\/sv\/product\/chantilly-helmet-cover\/#primaryimage","url":"https:\/\/brizyproducts.com\/wp-content\/uploads\/2026\/04\/6-1-scaled.webp","contentUrl":"https:\/\/brizyproducts.com\/wp-content\/uploads\/2026\/04\/6-1-scaled.webp","width":2560,"height":2560},{"@type":"BreadcrumbList","@id":"https:\/\/brizyproducts.com\/sv\/product\/chantilly-helmet-cover\/#breadcrumb","itemListElement":[{"@type":"ListItem","position":1,"name":"Hem","item":"https:\/\/brizyproducts.com\/sv\/"},{"@type":"ListItem","position":2,"name":"Shop","item":"https:\/\/brizyproducts.com\/sv\/shop\/"},{"@type":"ListItem","position":3,"name":"Chantilly Hj\u00e4lm\u00f6verdrag"}]},{"@type":"WebSite","@id":"https:\/\/brizyproducts.com\/sv\/#website","url":"https:\/\/brizyproducts.com\/sv\/","name":"Brizy","description":"","publisher":{"@id":"https:\/\/brizyproducts.com\/sv\/#organization"},"potentialAction":[{"@type":"SearchAction","target":{"@type":"EntryPoint","urlTemplate":"https:\/\/brizyproducts.com\/sv\/?s={search_term_string}"},"query-input":{"@type":"PropertyValueSpecification","valueRequired":true,"valueName":"search_term_string"}}],"inLanguage":"sv-SE"},{"@type":"Organization","@id":"https:\/\/brizyproducts.com\/sv\/#organization","name":"Brizy","url":"https:\/\/brizyproducts.com\/sv\/","logo":{"@type":"ImageObject","inLanguage":"sv-SE","@id":"https:\/\/brizyproducts.com\/sv\/#\/schema\/logo\/image\/","url":"https:\/\/brizyproducts.com\/wp-content\/uploads\/2023\/12\/Brizy-old.svg","contentUrl":"https:\/\/brizyproducts.com\/wp-content\/uploads\/2023\/12\/Brizy-old.svg","width":1,"height":1,"caption":"Brizy"},"image":{"@id":"https:\/\/brizyproducts.com\/sv\/#\/schema\/logo\/image\/"},"sameAs":["https:\/\/www.facebook.com\/brizy.1983\/","https:\/\/www.linkedin.com\/company\/brizy-produktion\/"]}]},"og_availability":"instock","product_availability":"instock","product_condition":"new"},"_links":{"self":[{"href":"https:\/\/brizyproducts.com\/sv\/wp-json\/wp\/v2\/product\/24416","targetHints":{"allow":["GET"]}}],"collection":[{"href":"https:\/\/brizyproducts.com\/sv\/wp-json\/wp\/v2\/product"}],"about":[{"href":"https:\/\/brizyproducts.com\/sv\/wp-json\/wp\/v2\/types\/product"}],"replies":[{"embeddable":true,"href":"https:\/\/brizyproducts.com\/sv\/wp-json\/wp\/v2\/comments?post=24416"}],"wp:featuredmedia":[{"embeddable":true,"href":"https:\/\/brizyproducts.com\/sv\/wp-json\/wp\/v2\/media\/24436"}],"wp:attachment":[{"href":"https:\/\/brizyproducts.com\/sv\/wp-json\/wp\/v2\/media?parent=24416"}],"wp:term":[{"taxonomy":"product_brand","embeddable":true,"href":"https:\/\/brizyproducts.com\/sv\/wp-json\/wp\/v2\/product_brand?post=24416"},{"taxonomy":"product_cat","embeddable":true,"href":"https:\/\/brizyproducts.com\/sv\/wp-json\/wp\/v2\/product_cat?post=24416"},{"taxonomy":"product_tag","embeddable":true,"href":"https:\/\/brizyproducts.com\/sv\/wp-json\/wp\/v2\/product_tag?post=24416"},{"taxonomy":"season","embeddable":true,"href":"https:\/\/brizyproducts.com\/sv\/wp-json\/wp\/v2\/season?post=24416"},{"taxonomy":"gender","embeddable":true,"href":"https:\/\/brizyproducts.com\/sv\/wp-json\/wp\/v2\/gender?post=24416"},{"taxonomy":"collection","embeddable":true,"href":"https:\/\/brizyproducts.com\/sv\/wp-json\/wp\/v2\/collection?post=24416"},{"taxonomy":"activity","embeddable":true,"href":"https:\/\/brizyproducts.com\/sv\/wp-json\/wp\/v2\/activity?post=24416"},{"taxonomy":"product_type_brizy","embeddable":true,"href":"https:\/\/brizyproducts.com\/sv\/wp-json\/wp\/v2\/product_type_brizy?post=24416"}],"curies":[{"name":"wp","href":"https:\/\/api.w.org\/{rel}","templated":true}]}}