{"id":23961,"date":"2026-04-09T09:04:15","date_gmt":"2026-04-09T09:04:15","guid":{"rendered":"https:\/\/brizyproducts.com\/?post_type=product&#038;p=23961"},"modified":"2026-04-09T21:37:06","modified_gmt":"2026-04-09T21:37:06","slug":"chantilly-button","status":"publish","type":"product","link":"https:\/\/brizyproducts.com\/sv\/product\/chantilly-button\/","title":{"rendered":"Chantilly Knapptr\u00f6ja"},"content":{"rendered":"<h2><strong>Klassisk galopptr\u00f6ja i l\u00e4tt satin med f\u00f6ljsam passform<\/strong><\/h2>\n<p>Chantilly Knapptr\u00f6ja \u00e4r en traditionell galopptr\u00f6ja utvecklad f\u00f6r att kombinera tidl\u00f6s design med modern komfort. Det l\u00e4tta satinmaterialet ger en mjuk och f\u00f6ljsam k\u00e4nsla, samtidigt som tygets naturliga lyster skapar ett elegant och professionellt uttryck p\u00e5 banan.<\/p>\n<p>Den n\u00e5got rymligare passformen \u00e4r konstruerad f\u00f6r att ge r\u00f6relsefrihet och komfort i sadeln, utan att kompromissa med funktion eller k\u00e4nsla under loppet. Kn\u00e4ppningen framtill f\u00f6rst\u00e4rker det klassiska uttrycket och g\u00f6r tr\u00f6jan enkel att anv\u00e4nda.<\/p>\n<p>Tr\u00f6jan designas efter dina \u00f6nskem\u00e5l med f\u00e4rger och m\u00f6nster som integreras direkt i materialet genom sublimering. Resultatet \u00e4r en h\u00e5llbar och slitstark finish som beh\u00e5ller sitt utseende \u00f6ver tid.<\/p>\n<p>Chantilly Knapptr\u00f6ja \u00e4r ett sj\u00e4lvklart val inom galoppkl\u00e4der f\u00f6r jockeys och h\u00e4st\u00e4gare som v\u00e4rdes\u00e4tter tradition, kvalitet och en tidl\u00f6s, professionell stil.<\/p>\n\n","protected":false},"excerpt":{"rendered":"<p>Traditionell galoppt\u00e4vlingstr\u00f6ja i satin med knappar.<\/p>\n","protected":false},"featured_media":24012,"comment_status":"closed","ping_status":"closed","template":"","meta":{"_acf_changed":false},"product_brand":[],"product_cat":[274],"product_tag":[],"season":[502],"gender":[510,512],"collection":[591],"activity":[595],"product_type_brizy":[568],"class_list":{"0":"post-23961","1":"product","2":"type-product","3":"status-publish","4":"has-post-thumbnail","6":"product_cat-jackets","7":"season-summer","8":"gender-men","9":"gender-women","10":"collection-chantilly","11":"activity-gallop","12":"product_type_brizy-custom-made","14":"first","15":"instock","16":"taxable","17":"shipping-taxable","18":"purchasable","19":"product-type-variable"},"acf":[],"yoast_head":"<!-- This site is optimized with the Yoast SEO plugin v27.3 - https:\/\/yoast.com\/product\/yoast-seo-wordpress\/ -->\n<title>Chantilly Knapptr\u00f6ja | Tidl\u00f6s t\u00e4vlingstr\u00f6ja f\u00f6r jockeys | Brizy<\/title>\n<meta name=\"description\" content=\"Egendesignad t\u00e4vlingstr\u00f6ja f\u00f6r galoppjockeys i klassisk design. Tidl\u00f6st och elegant utseende med knappar och h\u00f6g komfort.\" \/>\n<meta name=\"robots\" content=\"index, follow, max-snippet:-1, max-image-preview:large, max-video-preview:-1\" \/>\n<link rel=\"canonical\" href=\"https:\/\/brizyproducts.com\/sv\/product\/chantilly-button\/\" \/>\n<meta property=\"og:locale\" content=\"sv_SE\" \/>\n<meta property=\"og:type\" content=\"article\" \/>\n<meta property=\"og:title\" content=\"Chantilly Knapptr\u00f6ja | Tidl\u00f6s t\u00e4vlingstr\u00f6ja f\u00f6r jockeys | Brizy\" \/>\n<meta property=\"og:description\" content=\"Egendesignad t\u00e4vlingstr\u00f6ja f\u00f6r galoppjockeys i klassisk design. Tidl\u00f6st och elegant utseende med knappar och h\u00f6g komfort.\" \/>\n<meta property=\"og:url\" content=\"https:\/\/brizyproducts.com\/sv\/product\/chantilly-button\/\" \/>\n<meta property=\"og:site_name\" content=\"Brizy Products\" \/>\n<meta property=\"article:publisher\" content=\"https:\/\/www.facebook.com\/brizy.1983\/\" \/>\n<meta property=\"article:modified_time\" content=\"2026-04-09T21:37:06+00:00\" \/>\n<meta property=\"og:image\" content=\"https:\/\/brizyproducts.com\/wp-content\/uploads\/2026\/04\/8-scaled.webp\" \/>\n\t<meta property=\"og:image:width\" content=\"1920\" \/>\n\t<meta property=\"og:image:height\" content=\"2560\" \/>\n\t<meta property=\"og:image:type\" content=\"image\/png\" \/>\n<meta name=\"twitter:card\" content=\"summary_large_image\" \/>\n<meta property=\"og:availability\" content=\"instock\" \/>\n<meta property=\"product:availability\" content=\"instock\" \/>\n<meta property=\"product:condition\" content=\"new\" \/>\n<!-- \/ Yoast SEO plugin. -->","yoast_head_json":{"title":"Chantilly Knapptr\u00f6ja | Tidl\u00f6s t\u00e4vlingstr\u00f6ja f\u00f6r jockeys | Brizy","description":"Egendesignad t\u00e4vlingstr\u00f6ja f\u00f6r galoppjockeys i klassisk design. Tidl\u00f6st och elegant utseende med knappar och h\u00f6g komfort.","robots":{"index":"index","follow":"follow","max-snippet":"max-snippet:-1","max-image-preview":"max-image-preview:large","max-video-preview":"max-video-preview:-1"},"canonical":"https:\/\/brizyproducts.com\/sv\/product\/chantilly-button\/","og_locale":"sv_SE","og_type":"article","og_title":"Chantilly Knapptr\u00f6ja | Tidl\u00f6s t\u00e4vlingstr\u00f6ja f\u00f6r jockeys | Brizy","og_description":"Egendesignad t\u00e4vlingstr\u00f6ja f\u00f6r galoppjockeys i klassisk design. Tidl\u00f6st och elegant utseende med knappar och h\u00f6g komfort.","og_url":"https:\/\/brizyproducts.com\/sv\/product\/chantilly-button\/","og_site_name":"Brizy Products","article_publisher":"https:\/\/www.facebook.com\/brizy.1983\/","article_modified_time":"2026-04-09T21:37:06+00:00","og_image":[{"width":1920,"height":2560,"url":"https:\/\/brizyproducts.com\/wp-content\/uploads\/2026\/04\/8-scaled.webp","type":"image\/png"}],"twitter_card":"summary_large_image","schema":{"@context":"https:\/\/schema.org","@graph":[{"@type":"WebPage","@id":"https:\/\/brizyproducts.com\/sv\/product\/chantilly-button\/","url":"https:\/\/brizyproducts.com\/sv\/product\/chantilly-button\/","name":"Chantilly Knapptr\u00f6ja | Tidl\u00f6s t\u00e4vlingstr\u00f6ja f\u00f6r jockeys | Brizy","isPartOf":{"@id":"https:\/\/brizyproducts.com\/sv\/#website"},"primaryImageOfPage":{"@id":"https:\/\/brizyproducts.com\/sv\/product\/chantilly-button\/#primaryimage"},"image":{"@id":"https:\/\/brizyproducts.com\/sv\/product\/chantilly-button\/#primaryimage"},"thumbnailUrl":"https:\/\/brizyproducts.com\/wp-content\/uploads\/2026\/04\/8-scaled.webp","datePublished":"2026-04-09T09:04:15+00:00","dateModified":"2026-04-09T21:37:06+00:00","description":"Egendesignad t\u00e4vlingstr\u00f6ja f\u00f6r galoppjockeys i klassisk design. Tidl\u00f6st och elegant utseende med knappar och h\u00f6g komfort.","breadcrumb":{"@id":"https:\/\/brizyproducts.com\/sv\/product\/chantilly-button\/#breadcrumb"},"inLanguage":"sv-SE","potentialAction":[{"@type":"ReadAction","target":["https:\/\/brizyproducts.com\/sv\/product\/chantilly-button\/"]}]},{"@type":"ImageObject","inLanguage":"sv-SE","@id":"https:\/\/brizyproducts.com\/sv\/product\/chantilly-button\/#primaryimage","url":"https:\/\/brizyproducts.com\/wp-content\/uploads\/2026\/04\/8-scaled.webp","contentUrl":"https:\/\/brizyproducts.com\/wp-content\/uploads\/2026\/04\/8-scaled.webp","width":1920,"height":2560},{"@type":"BreadcrumbList","@id":"https:\/\/brizyproducts.com\/sv\/product\/chantilly-button\/#breadcrumb","itemListElement":[{"@type":"ListItem","position":1,"name":"Hem","item":"https:\/\/brizyproducts.com\/sv\/start-april-2026\/"},{"@type":"ListItem","position":2,"name":"Shop","item":"https:\/\/brizyproducts.com\/sv\/shop\/"},{"@type":"ListItem","position":3,"name":"Chantilly Knapptr\u00f6ja"}]},{"@type":"WebSite","@id":"https:\/\/brizyproducts.com\/sv\/#website","url":"https:\/\/brizyproducts.com\/sv\/","name":"Brizy","description":"","publisher":{"@id":"https:\/\/brizyproducts.com\/sv\/#organization"},"potentialAction":[{"@type":"SearchAction","target":{"@type":"EntryPoint","urlTemplate":"https:\/\/brizyproducts.com\/sv\/?s={search_term_string}"},"query-input":{"@type":"PropertyValueSpecification","valueRequired":true,"valueName":"search_term_string"}}],"inLanguage":"sv-SE"},{"@type":"Organization","@id":"https:\/\/brizyproducts.com\/sv\/#organization","name":"Brizy","url":"https:\/\/brizyproducts.com\/sv\/","logo":{"@type":"ImageObject","inLanguage":"sv-SE","@id":"https:\/\/brizyproducts.com\/sv\/#\/schema\/logo\/image\/","url":"https:\/\/brizyproducts.com\/wp-content\/uploads\/2023\/12\/Brizy-old.svg","contentUrl":"https:\/\/brizyproducts.com\/wp-content\/uploads\/2023\/12\/Brizy-old.svg","width":1,"height":1,"caption":"Brizy"},"image":{"@id":"https:\/\/brizyproducts.com\/sv\/#\/schema\/logo\/image\/"},"sameAs":["https:\/\/www.facebook.com\/brizy.1983\/","https:\/\/www.linkedin.com\/company\/brizy-produktion\/"]}]},"og_availability":"instock","product_availability":"instock","product_condition":"new"},"_links":{"self":[{"href":"https:\/\/brizyproducts.com\/sv\/wp-json\/wp\/v2\/product\/23961","targetHints":{"allow":["GET"]}}],"collection":[{"href":"https:\/\/brizyproducts.com\/sv\/wp-json\/wp\/v2\/product"}],"about":[{"href":"https:\/\/brizyproducts.com\/sv\/wp-json\/wp\/v2\/types\/product"}],"replies":[{"embeddable":true,"href":"https:\/\/brizyproducts.com\/sv\/wp-json\/wp\/v2\/comments?post=23961"}],"wp:featuredmedia":[{"embeddable":true,"href":"https:\/\/brizyproducts.com\/sv\/wp-json\/wp\/v2\/media\/24012"}],"wp:attachment":[{"href":"https:\/\/brizyproducts.com\/sv\/wp-json\/wp\/v2\/media?parent=23961"}],"wp:term":[{"taxonomy":"product_brand","embeddable":true,"href":"https:\/\/brizyproducts.com\/sv\/wp-json\/wp\/v2\/product_brand?post=23961"},{"taxonomy":"product_cat","embeddable":true,"href":"https:\/\/brizyproducts.com\/sv\/wp-json\/wp\/v2\/product_cat?post=23961"},{"taxonomy":"product_tag","embeddable":true,"href":"https:\/\/brizyproducts.com\/sv\/wp-json\/wp\/v2\/product_tag?post=23961"},{"taxonomy":"season","embeddable":true,"href":"https:\/\/brizyproducts.com\/sv\/wp-json\/wp\/v2\/season?post=23961"},{"taxonomy":"gender","embeddable":true,"href":"https:\/\/brizyproducts.com\/sv\/wp-json\/wp\/v2\/gender?post=23961"},{"taxonomy":"collection","embeddable":true,"href":"https:\/\/brizyproducts.com\/sv\/wp-json\/wp\/v2\/collection?post=23961"},{"taxonomy":"activity","embeddable":true,"href":"https:\/\/brizyproducts.com\/sv\/wp-json\/wp\/v2\/activity?post=23961"},{"taxonomy":"product_type_brizy","embeddable":true,"href":"https:\/\/brizyproducts.com\/sv\/wp-json\/wp\/v2\/product_type_brizy?post=23961"}],"curies":[{"name":"wp","href":"https:\/\/api.w.org\/{rel}","templated":true}]}}