{"id":23402,"date":"2026-04-01T11:27:44","date_gmt":"2026-04-01T11:27:44","guid":{"rendered":"https:\/\/brizyproducts.com\/?post_type=product&#038;p=23402"},"modified":"2026-04-01T11:52:09","modified_gmt":"2026-04-01T11:52:09","slug":"harrington-rain-pants-black","status":"publish","type":"product","link":"https:\/\/brizyproducts.com\/sv\/product\/harrington-rain-pants-black\/","title":{"rendered":"Harrington Regnbyxor"},"content":{"rendered":"<h2><strong>Svarta regnbyxor perfekta f\u00f6r tr\u00e4ning<\/strong><\/h2>\n<p>Harrington Regnbyxor \u00e4r det sj\u00e4lvklara valet f\u00f6r dig som kusk och stallpersonal som s\u00f6ker slitstarka och anv\u00e4ndbara byxor i stallet.<\/p>\n<p>Byxornas gummibelagda yta och svetsade s\u00f6mmar ger dig ett par helt vind- och vattent\u00e4ta regnbyxor som h\u00e5ller dig torr oavsett v\u00e4der. Den elastiska midjan med dragsko g\u00f6r att byxorna sitter p\u00e5 plats, \u00e4ven n\u00e4r du r\u00f6r p\u00e5 dig. Perfekta och l\u00e4tta att dra p\u00e5 n\u00e4r v\u00e4dret skiftar mellan tr\u00e4ningspassen.<\/p>\n<p>Ett par m\u00e5ngsidiga regnbyxor som st\u00e5r emot v\u00e5rens och h\u00f6stens ober\u00e4kneliga v\u00e4der.<\/p>\n\n","protected":false},"excerpt":{"rendered":"<p>Regnbyxor med gummibelagd yta och svetsade s\u00f6mmar.<\/p>\n","protected":false},"featured_media":23426,"comment_status":"closed","ping_status":"closed","template":"","meta":{"_acf_changed":false},"product_brand":[],"product_cat":[254,253],"product_tag":[],"season":[],"gender":[],"collection":[],"activity":[],"product_type_brizy":[],"class_list":{"0":"post-23402","1":"product","2":"type-product","3":"status-publish","4":"has-post-thumbnail","6":"product_cat-trousers","7":"product_cat-mens","9":"first","10":"instock","11":"taxable","12":"shipping-taxable","13":"purchasable","14":"product-type-variable"},"acf":[],"yoast_head":"<!-- This site is optimized with the Yoast SEO plugin v27.4 - https:\/\/yoast.com\/product\/yoast-seo-wordpress\/ -->\n<title>Harrington Regnbyxor | Regnbyxor f\u00f6r travtr\u00e4nare och kuskar | Brizy<\/title>\n<meta name=\"description\" content=\"Ett par regnbyxor speciellt gjorda f\u00f6r att kunna anv\u00e4ndas under de regniga dagarna. Perfekta f\u00f6r travkuskar och tr\u00e4nare.\" \/>\n<meta name=\"robots\" content=\"index, follow, max-snippet:-1, max-image-preview:large, max-video-preview:-1\" \/>\n<link rel=\"canonical\" href=\"https:\/\/brizyproducts.com\/sv\/product\/harrington-rain-pants-black\/\" \/>\n<meta property=\"og:locale\" content=\"sv_SE\" \/>\n<meta property=\"og:type\" content=\"article\" \/>\n<meta property=\"og:title\" content=\"Harrington Regnbyxor | Regnbyxor f\u00f6r travtr\u00e4nare och kuskar | Brizy\" \/>\n<meta property=\"og:description\" content=\"Ett par regnbyxor speciellt gjorda f\u00f6r att kunna anv\u00e4ndas under de regniga dagarna. Perfekta f\u00f6r travkuskar och tr\u00e4nare.\" \/>\n<meta property=\"og:url\" content=\"https:\/\/brizyproducts.com\/sv\/product\/harrington-rain-pants-black\/\" \/>\n<meta property=\"og:site_name\" content=\"Brizy Products\" \/>\n<meta property=\"article:publisher\" content=\"https:\/\/www.facebook.com\/brizy.1983\/\" \/>\n<meta property=\"article:modified_time\" content=\"2026-04-01T11:52:09+00:00\" \/>\n<meta property=\"og:image\" content=\"https:\/\/brizyproducts.com\/wp-content\/uploads\/2026\/04\/2b-scaled.webp\" \/>\n\t<meta property=\"og:image:width\" content=\"1920\" \/>\n\t<meta property=\"og:image:height\" content=\"2560\" \/>\n\t<meta property=\"og:image:type\" content=\"image\/png\" \/>\n<meta name=\"twitter:card\" content=\"summary_large_image\" \/>\n<meta property=\"og:availability\" content=\"instock\" \/>\n<meta property=\"product:availability\" content=\"instock\" \/>\n<meta property=\"product:condition\" content=\"new\" \/>\n<!-- \/ Yoast SEO plugin. -->","yoast_head_json":{"title":"Harrington Regnbyxor | Regnbyxor f\u00f6r travtr\u00e4nare och kuskar | Brizy","description":"Ett par regnbyxor speciellt gjorda f\u00f6r att kunna anv\u00e4ndas under de regniga dagarna. Perfekta f\u00f6r travkuskar och tr\u00e4nare.","robots":{"index":"index","follow":"follow","max-snippet":"max-snippet:-1","max-image-preview":"max-image-preview:large","max-video-preview":"max-video-preview:-1"},"canonical":"https:\/\/brizyproducts.com\/sv\/product\/harrington-rain-pants-black\/","og_locale":"sv_SE","og_type":"article","og_title":"Harrington Regnbyxor | Regnbyxor f\u00f6r travtr\u00e4nare och kuskar | Brizy","og_description":"Ett par regnbyxor speciellt gjorda f\u00f6r att kunna anv\u00e4ndas under de regniga dagarna. Perfekta f\u00f6r travkuskar och tr\u00e4nare.","og_url":"https:\/\/brizyproducts.com\/sv\/product\/harrington-rain-pants-black\/","og_site_name":"Brizy Products","article_publisher":"https:\/\/www.facebook.com\/brizy.1983\/","article_modified_time":"2026-04-01T11:52:09+00:00","og_image":[{"width":1920,"height":2560,"url":"https:\/\/brizyproducts.com\/wp-content\/uploads\/2026\/04\/2b-scaled.webp","type":"image\/png"}],"twitter_card":"summary_large_image","schema":{"@context":"https:\/\/schema.org","@graph":[{"@type":"WebPage","@id":"https:\/\/brizyproducts.com\/sv\/product\/harrington-rain-pants-black\/","url":"https:\/\/brizyproducts.com\/sv\/product\/harrington-rain-pants-black\/","name":"Harrington Regnbyxor | Regnbyxor f\u00f6r travtr\u00e4nare och kuskar | Brizy","isPartOf":{"@id":"https:\/\/brizyproducts.com\/sv\/#website"},"primaryImageOfPage":{"@id":"https:\/\/brizyproducts.com\/sv\/product\/harrington-rain-pants-black\/#primaryimage"},"image":{"@id":"https:\/\/brizyproducts.com\/sv\/product\/harrington-rain-pants-black\/#primaryimage"},"thumbnailUrl":"https:\/\/brizyproducts.com\/wp-content\/uploads\/2026\/04\/2b-scaled.webp","datePublished":"2026-04-01T11:27:44+00:00","dateModified":"2026-04-01T11:52:09+00:00","description":"Ett par regnbyxor speciellt gjorda f\u00f6r att kunna anv\u00e4ndas under de regniga dagarna. Perfekta f\u00f6r travkuskar och tr\u00e4nare.","breadcrumb":{"@id":"https:\/\/brizyproducts.com\/sv\/product\/harrington-rain-pants-black\/#breadcrumb"},"inLanguage":"sv-SE","potentialAction":[{"@type":"ReadAction","target":["https:\/\/brizyproducts.com\/sv\/product\/harrington-rain-pants-black\/"]}]},{"@type":"ImageObject","inLanguage":"sv-SE","@id":"https:\/\/brizyproducts.com\/sv\/product\/harrington-rain-pants-black\/#primaryimage","url":"https:\/\/brizyproducts.com\/wp-content\/uploads\/2026\/04\/2b-scaled.webp","contentUrl":"https:\/\/brizyproducts.com\/wp-content\/uploads\/2026\/04\/2b-scaled.webp","width":1920,"height":2560},{"@type":"BreadcrumbList","@id":"https:\/\/brizyproducts.com\/sv\/product\/harrington-rain-pants-black\/#breadcrumb","itemListElement":[{"@type":"ListItem","position":1,"name":"Hem","item":"https:\/\/brizyproducts.com\/sv\/"},{"@type":"ListItem","position":2,"name":"Shop","item":"https:\/\/brizyproducts.com\/sv\/shop\/"},{"@type":"ListItem","position":3,"name":"Harrington Regnbyxor"}]},{"@type":"WebSite","@id":"https:\/\/brizyproducts.com\/sv\/#website","url":"https:\/\/brizyproducts.com\/sv\/","name":"Brizy","description":"","publisher":{"@id":"https:\/\/brizyproducts.com\/sv\/#organization"},"potentialAction":[{"@type":"SearchAction","target":{"@type":"EntryPoint","urlTemplate":"https:\/\/brizyproducts.com\/sv\/?s={search_term_string}"},"query-input":{"@type":"PropertyValueSpecification","valueRequired":true,"valueName":"search_term_string"}}],"inLanguage":"sv-SE"},{"@type":"Organization","@id":"https:\/\/brizyproducts.com\/sv\/#organization","name":"Brizy","url":"https:\/\/brizyproducts.com\/sv\/","logo":{"@type":"ImageObject","inLanguage":"sv-SE","@id":"https:\/\/brizyproducts.com\/sv\/#\/schema\/logo\/image\/","url":"https:\/\/brizyproducts.com\/wp-content\/uploads\/2023\/12\/Brizy-old.svg","contentUrl":"https:\/\/brizyproducts.com\/wp-content\/uploads\/2023\/12\/Brizy-old.svg","width":1,"height":1,"caption":"Brizy"},"image":{"@id":"https:\/\/brizyproducts.com\/sv\/#\/schema\/logo\/image\/"},"sameAs":["https:\/\/www.facebook.com\/brizy.1983\/","https:\/\/www.linkedin.com\/company\/brizy-produktion\/"]}]},"og_availability":"instock","product_availability":"instock","product_condition":"new"},"_links":{"self":[{"href":"https:\/\/brizyproducts.com\/sv\/wp-json\/wp\/v2\/product\/23402","targetHints":{"allow":["GET"]}}],"collection":[{"href":"https:\/\/brizyproducts.com\/sv\/wp-json\/wp\/v2\/product"}],"about":[{"href":"https:\/\/brizyproducts.com\/sv\/wp-json\/wp\/v2\/types\/product"}],"replies":[{"embeddable":true,"href":"https:\/\/brizyproducts.com\/sv\/wp-json\/wp\/v2\/comments?post=23402"}],"wp:featuredmedia":[{"embeddable":true,"href":"https:\/\/brizyproducts.com\/sv\/wp-json\/wp\/v2\/media\/23426"}],"wp:attachment":[{"href":"https:\/\/brizyproducts.com\/sv\/wp-json\/wp\/v2\/media?parent=23402"}],"wp:term":[{"taxonomy":"product_brand","embeddable":true,"href":"https:\/\/brizyproducts.com\/sv\/wp-json\/wp\/v2\/product_brand?post=23402"},{"taxonomy":"product_cat","embeddable":true,"href":"https:\/\/brizyproducts.com\/sv\/wp-json\/wp\/v2\/product_cat?post=23402"},{"taxonomy":"product_tag","embeddable":true,"href":"https:\/\/brizyproducts.com\/sv\/wp-json\/wp\/v2\/product_tag?post=23402"},{"taxonomy":"season","embeddable":true,"href":"https:\/\/brizyproducts.com\/sv\/wp-json\/wp\/v2\/season?post=23402"},{"taxonomy":"gender","embeddable":true,"href":"https:\/\/brizyproducts.com\/sv\/wp-json\/wp\/v2\/gender?post=23402"},{"taxonomy":"collection","embeddable":true,"href":"https:\/\/brizyproducts.com\/sv\/wp-json\/wp\/v2\/collection?post=23402"},{"taxonomy":"activity","embeddable":true,"href":"https:\/\/brizyproducts.com\/sv\/wp-json\/wp\/v2\/activity?post=23402"},{"taxonomy":"product_type_brizy","embeddable":true,"href":"https:\/\/brizyproducts.com\/sv\/wp-json\/wp\/v2\/product_type_brizy?post=23402"}],"curies":[{"name":"wp","href":"https:\/\/api.w.org\/{rel}","templated":true}]}}