{"id":20733,"date":"2025-10-24T12:24:06","date_gmt":"2025-10-24T12:24:06","guid":{"rendered":"https:\/\/brizyproducts.com\/?post_type=product&#038;p=20733"},"modified":"2025-10-27T10:06:52","modified_gmt":"2025-10-27T10:06:52","slug":"njord-mens-pants-2","status":"publish","type":"product","link":"https:\/\/brizyproducts.com\/sv\/product\/njord-mens-pants-2\/","title":{"rendered":"Njord Byxor Herr"},"content":{"rendered":"<h2><strong>Njord Herrbyxor \u2013 L\u00e4tta tr\u00e4nings- och arbetsbyxor f\u00f6r travproffs<\/strong><\/h2>\n<p>Njord Herrbyxor \u00e4r en del av v\u00e5r nya serie travkl\u00e4der, designade f\u00f6r dig som kr\u00e4ver b\u00e5de komfort och slitstyrka i ditt dagliga arbete. Som en hybrid mellan vardagsbyxor och stallkl\u00e4der \u00e4r de perfekta f\u00f6r resor till banan, l\u00e5nga timmar i stallet eller som en del av din v\u00e5r-\/h\u00f6st dress.<\/p>\n<p>Tillverkade i ett slitstarkt, v\u00e4vt polyester\/spandex stretchmaterial ger Njord-byxorna en l\u00e4tt k\u00e4nsla, utm\u00e4rkt r\u00f6rlighet och h\u00e5llbarhet. Designade f\u00f6r tr\u00e4ning, stallarbete och resor, har de fyra \u00f6vre fickor och en dold l\u00e5rficka vilket kombinerar praktisk funktion med en ren, atletisk silhuett.<\/p>\n<p>Vill du l\u00e4gga till en egen logotyp eller dina teamf\u00e4rger? Vi erbjuder personaliseringsalternativ f\u00f6r att g\u00f6ra dina Njord-byxor helt unika.<\/p>\n<p>Fr\u00e5n tidiga morgnar i stallet till sena kv\u00e4llar p\u00e5 banan, Njord-byxorna \u00e4r skapade f\u00f6r travlivets hela rytm och erbjuder den perfekta balansen mellan stil, funktion och daglig prestanda.<\/p>\n","protected":false},"excerpt":{"rendered":"<p>Designade f\u00f6r tr\u00e4ning, stallarbete och resor.<\/p>\n","protected":false},"featured_media":20701,"comment_status":"closed","ping_status":"closed","template":"","meta":{"_acf_changed":false},"product_brand":[],"product_cat":[254,253],"product_tag":[],"class_list":{"0":"post-20733","1":"product","2":"type-product","3":"status-publish","4":"has-post-thumbnail","6":"product_cat-trousers","7":"product_cat-mens","8":"season-spring-fall","9":"season-summer","10":"gender-men","11":"collection-njord","12":"activity-training","13":"activity-workwear","14":"product_type_brizy-stock-products","16":"first","17":"instock","18":"taxable","19":"shipping-taxable","20":"purchasable","21":"product-type-variable"},"acf":[],"yoast_head":"<!-- This site is optimized with the Yoast SEO plugin v27.0 - https:\/\/yoast.com\/product\/yoast-seo-wordpress\/ -->\n<title>Njord Byxor Herr \u2013 M\u00e5ngsidiga och funktionella byxor<\/title>\n<meta name=\"description\" content=\"Praktiska, komfortabla och funktionella byxor f\u00f6r alla tillf\u00e4llen. Perfekt hybrid mellan vardagsbyxor, arbetsbyxor och stallkl\u00e4der.\" \/>\n<meta name=\"robots\" content=\"index, follow, max-snippet:-1, max-image-preview:large, max-video-preview:-1\" \/>\n<link rel=\"canonical\" href=\"https:\/\/brizyproducts.com\/sv\/product\/njord-mens-pants-2\/\" \/>\n<meta property=\"og:locale\" content=\"sv_SE\" \/>\n<meta property=\"og:type\" content=\"article\" \/>\n<meta property=\"og:title\" content=\"Njord Byxor Herr \u2013 M\u00e5ngsidiga och funktionella byxor\" \/>\n<meta property=\"og:description\" content=\"Praktiska, komfortabla och funktionella byxor f\u00f6r alla tillf\u00e4llen. Perfekt hybrid mellan vardagsbyxor, arbetsbyxor och stallkl\u00e4der.\" \/>\n<meta property=\"og:url\" content=\"https:\/\/brizyproducts.com\/sv\/product\/njord-mens-pants-2\/\" \/>\n<meta property=\"og:site_name\" content=\"Brizy Products\" \/>\n<meta property=\"article:publisher\" content=\"https:\/\/www.facebook.com\/brizy.1983\/\" \/>\n<meta property=\"article:modified_time\" content=\"2025-10-27T10:06:52+00:00\" \/>\n<meta property=\"og:image\" content=\"https:\/\/brizyproducts.com\/wp-content\/uploads\/2025\/06\/3-Low.webp\" \/>\n\t<meta property=\"og:image:width\" content=\"1181\" \/>\n\t<meta property=\"og:image:height\" content=\"1575\" \/>\n\t<meta property=\"og:image:type\" content=\"image\/png\" \/>\n<meta name=\"twitter:card\" content=\"summary_large_image\" \/>\n<meta property=\"og:availability\" content=\"instock\" \/>\n<meta property=\"product:availability\" content=\"instock\" \/>\n<meta property=\"product:condition\" content=\"new\" \/>\n<!-- \/ Yoast SEO plugin. -->","yoast_head_json":{"title":"Njord Byxor Herr \u2013 M\u00e5ngsidiga och funktionella byxor","description":"Praktiska, komfortabla och funktionella byxor f\u00f6r alla tillf\u00e4llen. Perfekt hybrid mellan vardagsbyxor, arbetsbyxor och stallkl\u00e4der.","robots":{"index":"index","follow":"follow","max-snippet":"max-snippet:-1","max-image-preview":"max-image-preview:large","max-video-preview":"max-video-preview:-1"},"canonical":"https:\/\/brizyproducts.com\/sv\/product\/njord-mens-pants-2\/","og_locale":"sv_SE","og_type":"article","og_title":"Njord Byxor Herr \u2013 M\u00e5ngsidiga och funktionella byxor","og_description":"Praktiska, komfortabla och funktionella byxor f\u00f6r alla tillf\u00e4llen. Perfekt hybrid mellan vardagsbyxor, arbetsbyxor och stallkl\u00e4der.","og_url":"https:\/\/brizyproducts.com\/sv\/product\/njord-mens-pants-2\/","og_site_name":"Brizy Products","article_publisher":"https:\/\/www.facebook.com\/brizy.1983\/","article_modified_time":"2025-10-27T10:06:52+00:00","og_image":[{"width":1181,"height":1575,"url":"https:\/\/brizyproducts.com\/wp-content\/uploads\/2025\/06\/3-Low.webp","type":"image\/png"}],"twitter_card":"summary_large_image","schema":{"@context":"https:\/\/schema.org","@graph":[{"@type":"WebPage","@id":"https:\/\/brizyproducts.com\/sv\/product\/njord-mens-pants-2\/","url":"https:\/\/brizyproducts.com\/sv\/product\/njord-mens-pants-2\/","name":"Njord Byxor Herr \u2013 M\u00e5ngsidiga och funktionella byxor","isPartOf":{"@id":"https:\/\/brizyproducts.com\/sv\/#website"},"primaryImageOfPage":{"@id":"https:\/\/brizyproducts.com\/sv\/product\/njord-mens-pants-2\/#primaryimage"},"image":{"@id":"https:\/\/brizyproducts.com\/sv\/product\/njord-mens-pants-2\/#primaryimage"},"thumbnailUrl":"https:\/\/brizyproducts.com\/wp-content\/uploads\/2025\/06\/3-Low.webp","datePublished":"2025-10-24T12:24:06+00:00","dateModified":"2025-10-27T10:06:52+00:00","description":"Praktiska, komfortabla och funktionella byxor f\u00f6r alla tillf\u00e4llen. Perfekt hybrid mellan vardagsbyxor, arbetsbyxor och stallkl\u00e4der.","breadcrumb":{"@id":"https:\/\/brizyproducts.com\/sv\/product\/njord-mens-pants-2\/#breadcrumb"},"inLanguage":"sv-SE","potentialAction":[{"@type":"ReadAction","target":["https:\/\/brizyproducts.com\/sv\/product\/njord-mens-pants-2\/"]}]},{"@type":"ImageObject","inLanguage":"sv-SE","@id":"https:\/\/brizyproducts.com\/sv\/product\/njord-mens-pants-2\/#primaryimage","url":"https:\/\/brizyproducts.com\/wp-content\/uploads\/2025\/06\/3-Low.webp","contentUrl":"https:\/\/brizyproducts.com\/wp-content\/uploads\/2025\/06\/3-Low.webp","width":1181,"height":1575},{"@type":"BreadcrumbList","@id":"https:\/\/brizyproducts.com\/sv\/product\/njord-mens-pants-2\/#breadcrumb","itemListElement":[{"@type":"ListItem","position":1,"name":"Hem","item":"https:\/\/brizyproducts.com\/sv\/"},{"@type":"ListItem","position":2,"name":"Shop","item":"https:\/\/brizyproducts.com\/sv\/shop\/"},{"@type":"ListItem","position":3,"name":"Njord Byxor Herr"}]},{"@type":"WebSite","@id":"https:\/\/brizyproducts.com\/sv\/#website","url":"https:\/\/brizyproducts.com\/sv\/","name":"Brizy","description":"","publisher":{"@id":"https:\/\/brizyproducts.com\/sv\/#organization"},"potentialAction":[{"@type":"SearchAction","target":{"@type":"EntryPoint","urlTemplate":"https:\/\/brizyproducts.com\/sv\/?s={search_term_string}"},"query-input":{"@type":"PropertyValueSpecification","valueRequired":true,"valueName":"search_term_string"}}],"inLanguage":"sv-SE"},{"@type":"Organization","@id":"https:\/\/brizyproducts.com\/sv\/#organization","name":"Brizy","url":"https:\/\/brizyproducts.com\/sv\/","logo":{"@type":"ImageObject","inLanguage":"sv-SE","@id":"https:\/\/brizyproducts.com\/sv\/#\/schema\/logo\/image\/","url":"https:\/\/brizyproducts.com\/wp-content\/uploads\/2023\/12\/Brizy-old.svg","contentUrl":"https:\/\/brizyproducts.com\/wp-content\/uploads\/2023\/12\/Brizy-old.svg","width":1,"height":1,"caption":"Brizy"},"image":{"@id":"https:\/\/brizyproducts.com\/sv\/#\/schema\/logo\/image\/"},"sameAs":["https:\/\/www.facebook.com\/brizy.1983\/","https:\/\/www.linkedin.com\/company\/brizy-produktion\/"]}]},"og_availability":"instock","product_availability":"instock","product_condition":"new"},"_links":{"self":[{"href":"https:\/\/brizyproducts.com\/sv\/wp-json\/wp\/v2\/product\/20733","targetHints":{"allow":["GET"]}}],"collection":[{"href":"https:\/\/brizyproducts.com\/sv\/wp-json\/wp\/v2\/product"}],"about":[{"href":"https:\/\/brizyproducts.com\/sv\/wp-json\/wp\/v2\/types\/product"}],"replies":[{"embeddable":true,"href":"https:\/\/brizyproducts.com\/sv\/wp-json\/wp\/v2\/comments?post=20733"}],"wp:featuredmedia":[{"embeddable":true,"href":"https:\/\/brizyproducts.com\/sv\/wp-json\/wp\/v2\/media\/20701"}],"wp:attachment":[{"href":"https:\/\/brizyproducts.com\/sv\/wp-json\/wp\/v2\/media?parent=20733"}],"wp:term":[{"taxonomy":"product_brand","embeddable":true,"href":"https:\/\/brizyproducts.com\/sv\/wp-json\/wp\/v2\/product_brand?post=20733"},{"taxonomy":"product_cat","embeddable":true,"href":"https:\/\/brizyproducts.com\/sv\/wp-json\/wp\/v2\/product_cat?post=20733"},{"taxonomy":"product_tag","embeddable":true,"href":"https:\/\/brizyproducts.com\/sv\/wp-json\/wp\/v2\/product_tag?post=20733"}],"curies":[{"name":"wp","href":"https:\/\/api.w.org\/{rel}","templated":true}]}}