{"id":20335,"date":"2025-10-22T14:05:01","date_gmt":"2025-10-22T14:05:01","guid":{"rendered":"https:\/\/brizyproducts.com\/?post_type=product&#038;p=20335"},"modified":"2025-10-24T07:17:37","modified_gmt":"2025-10-24T07:17:37","slug":"gelsen-softshelljacka","status":"publish","type":"product","link":"https:\/\/brizyproducts.com\/sv\/product\/gelsen-softshelljacka\/","title":{"rendered":"Gelsen Softshelljacka"},"content":{"rendered":"<h2><strong>Praktisk och m\u00e5ngsidig softshelljacka<\/strong><\/h2>\n<p>V\u00e5r Gelsen Softshelljacka \u00e4r en funktionell jacka som kombinerar r\u00f6relsefrihet, andningsf\u00f6rm\u00e5ga och skydd mot v\u00e4der och vind. Det vindt\u00e4ta och vattenavvisande skalet skyddar mot kyliga vindar och l\u00e4ttare regn. Den har \u00e4ven en h\u00f6g andningsf\u00f6rm\u00e5ga och bra ventilation. Detta g\u00f6r den l\u00e4tta jackan perfekt f\u00f6r aktiviteter utomhus, b\u00e5de i stallet och p\u00e5 fritiden.<\/p>\n<p>Jackans f\u00f6ljsamma och praktiska passform g\u00f6r att du kan r\u00f6ra dig fritt, oavsett om du mockar boxar, tr\u00e4nar h\u00e4st eller \u00e4r ute p\u00e5 promenad. De genomt\u00e4nkta detaljerna, som dragkedjor och praktiska fickor och luva, g\u00f6r den b\u00e5de funktionell och bekv\u00e4m.<\/p>\n<p>Jackan \u00e4r normal i passformen, vi rekommenderar att du v\u00e4ljer din vanliga storlek.<\/p>\n<p>Glensen Softshelljacka kan designas helt efter dina \u00f6nskem\u00e5l. V\u00e4lj f\u00e4rger, logotyp och namn f\u00f6r att f\u00e5 jackan exakt som du vill ha den. Perfekt f\u00f6r att matcha med din k\u00f6rdr\u00e4kt eller f\u00f6r att ge personalen en enhetlig och l\u00e4tt igenk\u00e4nnbar stil.<\/p>\n","protected":false},"excerpt":{"rendered":"<p>Funktionell softshelljacka som h\u00e5ller dig r\u00f6rlig, torr och skyddad<\/p>\n","protected":false},"featured_media":20341,"comment_status":"closed","ping_status":"closed","template":"","meta":{"_acf_changed":false},"product_brand":[],"product_cat":[274,448],"product_tag":[464],"class_list":{"0":"post-20335","1":"product","2":"type-product","3":"status-publish","4":"has-post-thumbnail","6":"product_cat-jackets","7":"product_cat-tailor-made-layout","8":"product_tag-lexington-summer","10":"first","11":"instock","12":"virtual","13":"taxable","14":"purchasable","15":"product-type-simple"},"acf":[],"yoast_head":"<!-- This site is optimized with the Yoast SEO plugin v27.0 - https:\/\/yoast.com\/product\/yoast-seo-wordpress\/ -->\n<title>Gelsen Softshelljacka | Softshelljacka f\u00f6r stall och vardags | Brizy<\/title>\n<meta name=\"description\" content=\"En funktionell, vattenavvisande och vindt\u00e4t softshelljacka. Perfekt f\u00f6r utomhus aktivitet b\u00e5de i vid jobb stallet och till vardags.\" \/>\n<meta name=\"robots\" content=\"index, follow, max-snippet:-1, max-image-preview:large, max-video-preview:-1\" \/>\n<link rel=\"canonical\" href=\"https:\/\/brizyproducts.com\/sv\/product\/gelsen-softshelljacka\/\" \/>\n<meta property=\"og:locale\" content=\"sv_SE\" \/>\n<meta property=\"og:type\" content=\"article\" \/>\n<meta property=\"og:title\" content=\"Gelsen Softshelljacka | Softshelljacka f\u00f6r stall och vardags | Brizy\" \/>\n<meta property=\"og:description\" content=\"En funktionell, vattenavvisande och vindt\u00e4t softshelljacka. Perfekt f\u00f6r utomhus aktivitet b\u00e5de i vid jobb stallet och till vardags.\" \/>\n<meta property=\"og:url\" content=\"https:\/\/brizyproducts.com\/sv\/product\/gelsen-softshelljacka\/\" \/>\n<meta property=\"og:site_name\" content=\"Brizy Products\" \/>\n<meta property=\"article:publisher\" content=\"https:\/\/www.facebook.com\/brizy.1983\/\" \/>\n<meta property=\"article:modified_time\" content=\"2025-10-24T07:17:37+00:00\" \/>\n<meta property=\"og:image\" content=\"https:\/\/brizyproducts.com\/wp-content\/uploads\/2025\/10\/1-1-scaled.webp\" \/>\n\t<meta property=\"og:image:width\" content=\"1920\" \/>\n\t<meta property=\"og:image:height\" content=\"2560\" \/>\n\t<meta property=\"og:image:type\" content=\"image\/png\" \/>\n<meta name=\"twitter:card\" content=\"summary_large_image\" \/>\n<meta property=\"product:price:amount\" content=\"0.00\" \/>\n<meta property=\"product:price:currency\" content=\"USD\" \/>\n<meta property=\"og:availability\" content=\"instock\" \/>\n<meta property=\"product:availability\" content=\"instock\" \/>\n<meta property=\"product:retailer_item_id\" content=\"1545-1\" \/>\n<meta property=\"product:condition\" content=\"new\" \/>\n<!-- \/ Yoast SEO plugin. -->","yoast_head_json":{"title":"Gelsen Softshelljacka | Softshelljacka f\u00f6r stall och vardags | Brizy","description":"En funktionell, vattenavvisande och vindt\u00e4t softshelljacka. Perfekt f\u00f6r utomhus aktivitet b\u00e5de i vid jobb stallet och till vardags.","robots":{"index":"index","follow":"follow","max-snippet":"max-snippet:-1","max-image-preview":"max-image-preview:large","max-video-preview":"max-video-preview:-1"},"canonical":"https:\/\/brizyproducts.com\/sv\/product\/gelsen-softshelljacka\/","og_locale":"sv_SE","og_type":"article","og_title":"Gelsen Softshelljacka | Softshelljacka f\u00f6r stall och vardags | Brizy","og_description":"En funktionell, vattenavvisande och vindt\u00e4t softshelljacka. Perfekt f\u00f6r utomhus aktivitet b\u00e5de i vid jobb stallet och till vardags.","og_url":"https:\/\/brizyproducts.com\/sv\/product\/gelsen-softshelljacka\/","og_site_name":"Brizy Products","article_publisher":"https:\/\/www.facebook.com\/brizy.1983\/","article_modified_time":"2025-10-24T07:17:37+00:00","og_image":[{"width":1920,"height":2560,"url":"https:\/\/brizyproducts.com\/wp-content\/uploads\/2025\/10\/1-1-scaled.webp","type":"image\/png"}],"twitter_card":"summary_large_image","schema":{"@context":"https:\/\/schema.org","@graph":[{"@type":"WebPage","@id":"https:\/\/brizyproducts.com\/sv\/product\/gelsen-softshelljacka\/","url":"https:\/\/brizyproducts.com\/sv\/product\/gelsen-softshelljacka\/","name":"Gelsen Softshelljacka | Softshelljacka f\u00f6r stall och vardags | Brizy","isPartOf":{"@id":"https:\/\/brizyproducts.com\/sv\/#website"},"primaryImageOfPage":{"@id":"https:\/\/brizyproducts.com\/sv\/product\/gelsen-softshelljacka\/#primaryimage"},"image":{"@id":"https:\/\/brizyproducts.com\/sv\/product\/gelsen-softshelljacka\/#primaryimage"},"thumbnailUrl":"https:\/\/brizyproducts.com\/wp-content\/uploads\/2025\/10\/1-1-scaled.webp","datePublished":"2025-10-22T14:05:01+00:00","dateModified":"2025-10-24T07:17:37+00:00","description":"En funktionell, vattenavvisande och vindt\u00e4t softshelljacka. Perfekt f\u00f6r utomhus aktivitet b\u00e5de i vid jobb stallet och till vardags.","breadcrumb":{"@id":"https:\/\/brizyproducts.com\/sv\/product\/gelsen-softshelljacka\/#breadcrumb"},"inLanguage":"sv-SE","potentialAction":[{"@type":"ReadAction","target":["https:\/\/brizyproducts.com\/sv\/product\/gelsen-softshelljacka\/"]}]},{"@type":"ImageObject","inLanguage":"sv-SE","@id":"https:\/\/brizyproducts.com\/sv\/product\/gelsen-softshelljacka\/#primaryimage","url":"https:\/\/brizyproducts.com\/wp-content\/uploads\/2025\/10\/1-1-scaled.webp","contentUrl":"https:\/\/brizyproducts.com\/wp-content\/uploads\/2025\/10\/1-1-scaled.webp","width":1920,"height":2560},{"@type":"BreadcrumbList","@id":"https:\/\/brizyproducts.com\/sv\/product\/gelsen-softshelljacka\/#breadcrumb","itemListElement":[{"@type":"ListItem","position":1,"name":"Hem","item":"https:\/\/brizyproducts.com\/sv\/"},{"@type":"ListItem","position":2,"name":"Shop","item":"https:\/\/brizyproducts.com\/sv\/shop\/"},{"@type":"ListItem","position":3,"name":"Gelsen Softshelljacka"}]},{"@type":"WebSite","@id":"https:\/\/brizyproducts.com\/sv\/#website","url":"https:\/\/brizyproducts.com\/sv\/","name":"Brizy","description":"","publisher":{"@id":"https:\/\/brizyproducts.com\/sv\/#organization"},"potentialAction":[{"@type":"SearchAction","target":{"@type":"EntryPoint","urlTemplate":"https:\/\/brizyproducts.com\/sv\/?s={search_term_string}"},"query-input":{"@type":"PropertyValueSpecification","valueRequired":true,"valueName":"search_term_string"}}],"inLanguage":"sv-SE"},{"@type":"Organization","@id":"https:\/\/brizyproducts.com\/sv\/#organization","name":"Brizy","url":"https:\/\/brizyproducts.com\/sv\/","logo":{"@type":"ImageObject","inLanguage":"sv-SE","@id":"https:\/\/brizyproducts.com\/sv\/#\/schema\/logo\/image\/","url":"https:\/\/brizyproducts.com\/wp-content\/uploads\/2023\/12\/Brizy-old.svg","contentUrl":"https:\/\/brizyproducts.com\/wp-content\/uploads\/2023\/12\/Brizy-old.svg","width":1,"height":1,"caption":"Brizy"},"image":{"@id":"https:\/\/brizyproducts.com\/sv\/#\/schema\/logo\/image\/"},"sameAs":["https:\/\/www.facebook.com\/brizy.1983\/","https:\/\/www.linkedin.com\/company\/brizy-produktion\/"]}]},"product_price_amount":"0.00","product_price_currency":"USD","og_availability":"instock","product_availability":"instock","product_retailer_item_id":"1545-1","product_condition":"new"},"_links":{"self":[{"href":"https:\/\/brizyproducts.com\/sv\/wp-json\/wp\/v2\/product\/20335","targetHints":{"allow":["GET"]}}],"collection":[{"href":"https:\/\/brizyproducts.com\/sv\/wp-json\/wp\/v2\/product"}],"about":[{"href":"https:\/\/brizyproducts.com\/sv\/wp-json\/wp\/v2\/types\/product"}],"replies":[{"embeddable":true,"href":"https:\/\/brizyproducts.com\/sv\/wp-json\/wp\/v2\/comments?post=20335"}],"wp:featuredmedia":[{"embeddable":true,"href":"https:\/\/brizyproducts.com\/sv\/wp-json\/wp\/v2\/media\/20341"}],"wp:attachment":[{"href":"https:\/\/brizyproducts.com\/sv\/wp-json\/wp\/v2\/media?parent=20335"}],"wp:term":[{"taxonomy":"product_brand","embeddable":true,"href":"https:\/\/brizyproducts.com\/sv\/wp-json\/wp\/v2\/product_brand?post=20335"},{"taxonomy":"product_cat","embeddable":true,"href":"https:\/\/brizyproducts.com\/sv\/wp-json\/wp\/v2\/product_cat?post=20335"},{"taxonomy":"product_tag","embeddable":true,"href":"https:\/\/brizyproducts.com\/sv\/wp-json\/wp\/v2\/product_tag?post=20335"}],"curies":[{"name":"wp","href":"https:\/\/api.w.org\/{rel}","templated":true}]}}