{"id":20320,"date":"2025-10-22T13:26:12","date_gmt":"2025-10-22T13:26:12","guid":{"rendered":"https:\/\/brizyproducts.com\/?post_type=product&#038;p=20320"},"modified":"2025-10-23T09:53:15","modified_gmt":"2025-10-23T09:53:15","slug":"brizy-sommarhubb","status":"publish","type":"product","link":"https:\/\/brizyproducts.com\/sv\/product\/brizy-sommarhubb\/","title":{"rendered":"Sommarhubb \u2013 2-pack"},"content":{"rendered":"<h2><strong>Tunn och bekv\u00e4m halsbuff<\/strong><\/h2>\n<p>Brizys sommarhubb \u00e4r en tunn och l\u00e4tt halsbuff f\u00f6r de lite varmare dagarna. Finns i svart och vitt och s\u00e4ljs i praktiskt tv\u00e5pack. L\u00e4tt att dra upp som ett skydd \u00f6ver n\u00e4san och munnen n\u00e4r du tr\u00e4nar h\u00e4st.<\/p>\n","protected":false},"excerpt":{"rendered":"<p>Tunn och praktisk sommarhubb<\/p>\n","protected":false},"featured_media":20412,"comment_status":"closed","ping_status":"closed","template":"","meta":{"_acf_changed":false},"product_brand":[],"product_cat":[299],"product_tag":[],"class_list":{"0":"post-20320","1":"product","2":"type-product","3":"status-publish","4":"has-post-thumbnail","6":"product_cat-accessories","7":"season-spring-fall","8":"season-summer","9":"gender-men","10":"gender-women","11":"activity-monte","12":"activity-racing","13":"activity-training","14":"activity-workwear","15":"product_type_brizy-stock-products","17":"first","18":"instock","19":"taxable","20":"shipping-taxable","21":"purchasable","22":"product-type-simple"},"acf":[],"yoast_head":"<!-- This site is optimized with the Yoast SEO plugin v27.0 - https:\/\/yoast.com\/product\/yoast-seo-wordpress\/ -->\n<title>Sommarhubb \u2013 2-pack | Tunn halsbuff f\u00f6r varma dagar | Brizy<\/title>\n<meta name=\"description\" content=\"En stilren och praktisk sommarhubb, perfekt n\u00e4r du ska k\u00f6ra h\u00e4st de lite varmare dagarna. S\u00e4ljs i tv\u00e5 pack och finns i svart eller vit.\" \/>\n<meta name=\"robots\" content=\"index, follow, max-snippet:-1, max-image-preview:large, max-video-preview:-1\" \/>\n<link rel=\"canonical\" href=\"https:\/\/brizyproducts.com\/sv\/product\/brizy-sommarhubb\/\" \/>\n<meta property=\"og:locale\" content=\"sv_SE\" \/>\n<meta property=\"og:type\" content=\"article\" \/>\n<meta property=\"og:title\" content=\"Sommarhubb \u2013 2-pack | Tunn halsbuff f\u00f6r varma dagar | Brizy\" \/>\n<meta property=\"og:description\" content=\"En stilren och praktisk sommarhubb, perfekt n\u00e4r du ska k\u00f6ra h\u00e4st de lite varmare dagarna. S\u00e4ljs i tv\u00e5 pack och finns i svart eller vit.\" \/>\n<meta property=\"og:url\" content=\"https:\/\/brizyproducts.com\/sv\/product\/brizy-sommarhubb\/\" \/>\n<meta property=\"og:site_name\" content=\"Brizy Products\" \/>\n<meta property=\"article:publisher\" content=\"https:\/\/www.facebook.com\/brizy.1983\/\" \/>\n<meta property=\"article:modified_time\" content=\"2025-10-23T09:53:15+00:00\" \/>\n<meta property=\"og:image\" content=\"https:\/\/brizyproducts.com\/wp-content\/uploads\/2025\/10\/white-v2-scaled.webp\" \/>\n\t<meta property=\"og:image:width\" content=\"1707\" \/>\n\t<meta property=\"og:image:height\" content=\"2560\" \/>\n\t<meta property=\"og:image:type\" content=\"image\/png\" \/>\n<meta name=\"twitter:card\" content=\"summary_large_image\" \/>\n<meta property=\"product:price:amount\" content=\"8.80\" \/>\n<meta property=\"product:price:currency\" content=\"USD\" \/>\n<meta property=\"og:availability\" content=\"instock\" \/>\n<meta property=\"product:availability\" content=\"instock\" \/>\n<meta property=\"product:retailer_item_id\" content=\"8010\" \/>\n<meta property=\"product:condition\" content=\"new\" \/>\n<!-- \/ Yoast SEO plugin. -->","yoast_head_json":{"title":"Sommarhubb \u2013 2-pack | Tunn halsbuff f\u00f6r varma dagar | Brizy","description":"En stilren och praktisk sommarhubb, perfekt n\u00e4r du ska k\u00f6ra h\u00e4st de lite varmare dagarna. S\u00e4ljs i tv\u00e5 pack och finns i svart eller vit.","robots":{"index":"index","follow":"follow","max-snippet":"max-snippet:-1","max-image-preview":"max-image-preview:large","max-video-preview":"max-video-preview:-1"},"canonical":"https:\/\/brizyproducts.com\/sv\/product\/brizy-sommarhubb\/","og_locale":"sv_SE","og_type":"article","og_title":"Sommarhubb \u2013 2-pack | Tunn halsbuff f\u00f6r varma dagar | Brizy","og_description":"En stilren och praktisk sommarhubb, perfekt n\u00e4r du ska k\u00f6ra h\u00e4st de lite varmare dagarna. S\u00e4ljs i tv\u00e5 pack och finns i svart eller vit.","og_url":"https:\/\/brizyproducts.com\/sv\/product\/brizy-sommarhubb\/","og_site_name":"Brizy Products","article_publisher":"https:\/\/www.facebook.com\/brizy.1983\/","article_modified_time":"2025-10-23T09:53:15+00:00","og_image":[{"width":1707,"height":2560,"url":"https:\/\/brizyproducts.com\/wp-content\/uploads\/2025\/10\/white-v2-scaled.webp","type":"image\/png"}],"twitter_card":"summary_large_image","schema":{"@context":"https:\/\/schema.org","@graph":[{"@type":"WebPage","@id":"https:\/\/brizyproducts.com\/sv\/product\/brizy-sommarhubb\/","url":"https:\/\/brizyproducts.com\/sv\/product\/brizy-sommarhubb\/","name":"Sommarhubb \u2013 2-pack | Tunn halsbuff f\u00f6r varma dagar | Brizy","isPartOf":{"@id":"https:\/\/brizyproducts.com\/sv\/#website"},"primaryImageOfPage":{"@id":"https:\/\/brizyproducts.com\/sv\/product\/brizy-sommarhubb\/#primaryimage"},"image":{"@id":"https:\/\/brizyproducts.com\/sv\/product\/brizy-sommarhubb\/#primaryimage"},"thumbnailUrl":"https:\/\/brizyproducts.com\/wp-content\/uploads\/2025\/10\/white-v2-scaled.webp","datePublished":"2025-10-22T13:26:12+00:00","dateModified":"2025-10-23T09:53:15+00:00","description":"En stilren och praktisk sommarhubb, perfekt n\u00e4r du ska k\u00f6ra h\u00e4st de lite varmare dagarna. S\u00e4ljs i tv\u00e5 pack och finns i svart eller vit.","breadcrumb":{"@id":"https:\/\/brizyproducts.com\/sv\/product\/brizy-sommarhubb\/#breadcrumb"},"inLanguage":"sv-SE","potentialAction":[{"@type":"ReadAction","target":["https:\/\/brizyproducts.com\/sv\/product\/brizy-sommarhubb\/"]}]},{"@type":"ImageObject","inLanguage":"sv-SE","@id":"https:\/\/brizyproducts.com\/sv\/product\/brizy-sommarhubb\/#primaryimage","url":"https:\/\/brizyproducts.com\/wp-content\/uploads\/2025\/10\/white-v2-scaled.webp","contentUrl":"https:\/\/brizyproducts.com\/wp-content\/uploads\/2025\/10\/white-v2-scaled.webp","width":1707,"height":2560},{"@type":"BreadcrumbList","@id":"https:\/\/brizyproducts.com\/sv\/product\/brizy-sommarhubb\/#breadcrumb","itemListElement":[{"@type":"ListItem","position":1,"name":"Hem","item":"https:\/\/brizyproducts.com\/sv\/"},{"@type":"ListItem","position":2,"name":"Shop","item":"https:\/\/brizyproducts.com\/sv\/shop\/"},{"@type":"ListItem","position":3,"name":"Sommarhubb \u2013 2-pack"}]},{"@type":"WebSite","@id":"https:\/\/brizyproducts.com\/sv\/#website","url":"https:\/\/brizyproducts.com\/sv\/","name":"Brizy","description":"","publisher":{"@id":"https:\/\/brizyproducts.com\/sv\/#organization"},"potentialAction":[{"@type":"SearchAction","target":{"@type":"EntryPoint","urlTemplate":"https:\/\/brizyproducts.com\/sv\/?s={search_term_string}"},"query-input":{"@type":"PropertyValueSpecification","valueRequired":true,"valueName":"search_term_string"}}],"inLanguage":"sv-SE"},{"@type":"Organization","@id":"https:\/\/brizyproducts.com\/sv\/#organization","name":"Brizy","url":"https:\/\/brizyproducts.com\/sv\/","logo":{"@type":"ImageObject","inLanguage":"sv-SE","@id":"https:\/\/brizyproducts.com\/sv\/#\/schema\/logo\/image\/","url":"https:\/\/brizyproducts.com\/wp-content\/uploads\/2023\/12\/Brizy-old.svg","contentUrl":"https:\/\/brizyproducts.com\/wp-content\/uploads\/2023\/12\/Brizy-old.svg","width":1,"height":1,"caption":"Brizy"},"image":{"@id":"https:\/\/brizyproducts.com\/sv\/#\/schema\/logo\/image\/"},"sameAs":["https:\/\/www.facebook.com\/brizy.1983\/","https:\/\/www.linkedin.com\/company\/brizy-produktion\/"]}]},"product_price_amount":"8.80","product_price_currency":"USD","og_availability":"instock","product_availability":"instock","product_retailer_item_id":"8010","product_condition":"new"},"_links":{"self":[{"href":"https:\/\/brizyproducts.com\/sv\/wp-json\/wp\/v2\/product\/20320","targetHints":{"allow":["GET"]}}],"collection":[{"href":"https:\/\/brizyproducts.com\/sv\/wp-json\/wp\/v2\/product"}],"about":[{"href":"https:\/\/brizyproducts.com\/sv\/wp-json\/wp\/v2\/types\/product"}],"replies":[{"embeddable":true,"href":"https:\/\/brizyproducts.com\/sv\/wp-json\/wp\/v2\/comments?post=20320"}],"wp:featuredmedia":[{"embeddable":true,"href":"https:\/\/brizyproducts.com\/sv\/wp-json\/wp\/v2\/media\/20412"}],"wp:attachment":[{"href":"https:\/\/brizyproducts.com\/sv\/wp-json\/wp\/v2\/media?parent=20320"}],"wp:term":[{"taxonomy":"product_brand","embeddable":true,"href":"https:\/\/brizyproducts.com\/sv\/wp-json\/wp\/v2\/product_brand?post=20320"},{"taxonomy":"product_cat","embeddable":true,"href":"https:\/\/brizyproducts.com\/sv\/wp-json\/wp\/v2\/product_cat?post=20320"},{"taxonomy":"product_tag","embeddable":true,"href":"https:\/\/brizyproducts.com\/sv\/wp-json\/wp\/v2\/product_tag?post=20320"}],"curies":[{"name":"wp","href":"https:\/\/api.w.org\/{rel}","templated":true}]}}