{"id":20317,"date":"2025-10-22T13:23:48","date_gmt":"2025-10-22T13:23:48","guid":{"rendered":"https:\/\/brizyproducts.com\/?post_type=product&#038;p=20317"},"modified":"2025-10-23T09:44:36","modified_gmt":"2025-10-23T09:44:36","slug":"b-keps","status":"publish","type":"product","link":"https:\/\/brizyproducts.com\/sv\/product\/b-keps\/","title":{"rendered":"B-keps"},"content":{"rendered":"<h2><strong>Stilren och funktionell keps<\/strong><\/h2>\n<p>B-Keps \u00e4r en svart keps med mesh p\u00e5 baksidan som ger extra ventilation och h\u00e5ller dig sval under aktivitet. P\u00e5 baksidan finns \u00e4ven ett justerbart sp\u00e4nne som g\u00f6r att kepsen enkelt kan anpassas till alla huvudstorlekar. Fram sitter en rund gr\u00e5 logga som ger en stilren och diskret detalj. En enkel, stilren, praktisk och funktionell keps, perfekt till b\u00e5de stallet och vardag.<\/p>\n","protected":false},"excerpt":{"rendered":"<p>Stilren och praktisk keps med logga framtill. Perfekt f\u00f6r stallarbete och vardagsaktiviteter<\/p>\n","protected":false},"featured_media":20415,"comment_status":"closed","ping_status":"closed","template":"","meta":{"_acf_changed":false},"product_brand":[],"product_cat":[299],"product_tag":[],"class_list":{"0":"post-20317","1":"product","2":"type-product","3":"status-publish","4":"has-post-thumbnail","6":"product_cat-accessories","7":"season-spring-fall","8":"season-summer","9":"season-winter","10":"gender-men","11":"gender-women","12":"activity-training","13":"activity-workwear","14":"product_type_brizy-stock-products","16":"first","17":"instock","18":"taxable","19":"shipping-taxable","20":"purchasable","21":"product-type-simple"},"acf":[],"yoast_head":"<!-- This site is optimized with the Yoast SEO plugin v27.0 - https:\/\/yoast.com\/product\/yoast-seo-wordpress\/ -->\n<title>B-keps | Stilren och praktisk keps f\u00f6r alla tillf\u00e4llen | Brizy<\/title>\n<meta name=\"description\" content=\"B-keps \u00e4r en stilren och praktisk keps med logga framtill och justerbart sp\u00e4nne och meshtyg baktill. Perfekt f\u00f6r stallarbete och vardagsaktiviteter.\" \/>\n<meta name=\"robots\" content=\"index, follow, max-snippet:-1, max-image-preview:large, max-video-preview:-1\" \/>\n<link rel=\"canonical\" href=\"https:\/\/brizyproducts.com\/sv\/product\/b-keps\/\" \/>\n<meta property=\"og:locale\" content=\"sv_SE\" \/>\n<meta property=\"og:type\" content=\"article\" \/>\n<meta property=\"og:title\" content=\"B-keps | Stilren och praktisk keps f\u00f6r alla tillf\u00e4llen | Brizy\" \/>\n<meta property=\"og:description\" content=\"B-keps \u00e4r en stilren och praktisk keps med logga framtill och justerbart sp\u00e4nne och meshtyg baktill. Perfekt f\u00f6r stallarbete och vardagsaktiviteter.\" \/>\n<meta property=\"og:url\" content=\"https:\/\/brizyproducts.com\/sv\/product\/b-keps\/\" \/>\n<meta property=\"og:site_name\" content=\"Brizy Products\" \/>\n<meta property=\"article:publisher\" content=\"https:\/\/www.facebook.com\/brizy.1983\/\" \/>\n<meta property=\"article:modified_time\" content=\"2025-10-23T09:44:36+00:00\" \/>\n<meta property=\"og:image\" content=\"https:\/\/brizyproducts.com\/wp-content\/uploads\/2025\/10\/DSC_0070-V2-scaled.webp\" \/>\n\t<meta property=\"og:image:width\" content=\"2560\" \/>\n\t<meta property=\"og:image:height\" content=\"2560\" \/>\n\t<meta property=\"og:image:type\" content=\"image\/png\" \/>\n<meta name=\"twitter:card\" content=\"summary_large_image\" \/>\n<meta property=\"product:price:amount\" content=\"12.00\" \/>\n<meta property=\"product:price:currency\" content=\"USD\" \/>\n<meta property=\"og:availability\" content=\"instock\" \/>\n<meta property=\"product:availability\" content=\"instock\" \/>\n<meta property=\"product:retailer_item_id\" content=\"8021-01\" \/>\n<meta property=\"product:condition\" content=\"new\" \/>\n<!-- \/ Yoast SEO plugin. -->","yoast_head_json":{"title":"B-keps | Stilren och praktisk keps f\u00f6r alla tillf\u00e4llen | Brizy","description":"B-keps \u00e4r en stilren och praktisk keps med logga framtill och justerbart sp\u00e4nne och meshtyg baktill. Perfekt f\u00f6r stallarbete och vardagsaktiviteter.","robots":{"index":"index","follow":"follow","max-snippet":"max-snippet:-1","max-image-preview":"max-image-preview:large","max-video-preview":"max-video-preview:-1"},"canonical":"https:\/\/brizyproducts.com\/sv\/product\/b-keps\/","og_locale":"sv_SE","og_type":"article","og_title":"B-keps | Stilren och praktisk keps f\u00f6r alla tillf\u00e4llen | Brizy","og_description":"B-keps \u00e4r en stilren och praktisk keps med logga framtill och justerbart sp\u00e4nne och meshtyg baktill. Perfekt f\u00f6r stallarbete och vardagsaktiviteter.","og_url":"https:\/\/brizyproducts.com\/sv\/product\/b-keps\/","og_site_name":"Brizy Products","article_publisher":"https:\/\/www.facebook.com\/brizy.1983\/","article_modified_time":"2025-10-23T09:44:36+00:00","og_image":[{"width":2560,"height":2560,"url":"https:\/\/brizyproducts.com\/wp-content\/uploads\/2025\/10\/DSC_0070-V2-scaled.webp","type":"image\/png"}],"twitter_card":"summary_large_image","schema":{"@context":"https:\/\/schema.org","@graph":[{"@type":"WebPage","@id":"https:\/\/brizyproducts.com\/sv\/product\/b-keps\/","url":"https:\/\/brizyproducts.com\/sv\/product\/b-keps\/","name":"B-keps | Stilren och praktisk keps f\u00f6r alla tillf\u00e4llen | Brizy","isPartOf":{"@id":"https:\/\/brizyproducts.com\/sv\/#website"},"primaryImageOfPage":{"@id":"https:\/\/brizyproducts.com\/sv\/product\/b-keps\/#primaryimage"},"image":{"@id":"https:\/\/brizyproducts.com\/sv\/product\/b-keps\/#primaryimage"},"thumbnailUrl":"https:\/\/brizyproducts.com\/wp-content\/uploads\/2025\/10\/DSC_0070-V2-scaled.webp","datePublished":"2025-10-22T13:23:48+00:00","dateModified":"2025-10-23T09:44:36+00:00","description":"B-keps \u00e4r en stilren och praktisk keps med logga framtill och justerbart sp\u00e4nne och meshtyg baktill. Perfekt f\u00f6r stallarbete och vardagsaktiviteter.","breadcrumb":{"@id":"https:\/\/brizyproducts.com\/sv\/product\/b-keps\/#breadcrumb"},"inLanguage":"sv-SE","potentialAction":[{"@type":"ReadAction","target":["https:\/\/brizyproducts.com\/sv\/product\/b-keps\/"]}]},{"@type":"ImageObject","inLanguage":"sv-SE","@id":"https:\/\/brizyproducts.com\/sv\/product\/b-keps\/#primaryimage","url":"https:\/\/brizyproducts.com\/wp-content\/uploads\/2025\/10\/DSC_0070-V2-scaled.webp","contentUrl":"https:\/\/brizyproducts.com\/wp-content\/uploads\/2025\/10\/DSC_0070-V2-scaled.webp","width":2560,"height":2560},{"@type":"BreadcrumbList","@id":"https:\/\/brizyproducts.com\/sv\/product\/b-keps\/#breadcrumb","itemListElement":[{"@type":"ListItem","position":1,"name":"Hem","item":"https:\/\/brizyproducts.com\/sv\/"},{"@type":"ListItem","position":2,"name":"Shop","item":"https:\/\/brizyproducts.com\/sv\/shop\/"},{"@type":"ListItem","position":3,"name":"B-keps"}]},{"@type":"WebSite","@id":"https:\/\/brizyproducts.com\/sv\/#website","url":"https:\/\/brizyproducts.com\/sv\/","name":"Brizy","description":"","publisher":{"@id":"https:\/\/brizyproducts.com\/sv\/#organization"},"potentialAction":[{"@type":"SearchAction","target":{"@type":"EntryPoint","urlTemplate":"https:\/\/brizyproducts.com\/sv\/?s={search_term_string}"},"query-input":{"@type":"PropertyValueSpecification","valueRequired":true,"valueName":"search_term_string"}}],"inLanguage":"sv-SE"},{"@type":"Organization","@id":"https:\/\/brizyproducts.com\/sv\/#organization","name":"Brizy","url":"https:\/\/brizyproducts.com\/sv\/","logo":{"@type":"ImageObject","inLanguage":"sv-SE","@id":"https:\/\/brizyproducts.com\/sv\/#\/schema\/logo\/image\/","url":"https:\/\/brizyproducts.com\/wp-content\/uploads\/2023\/12\/Brizy-old.svg","contentUrl":"https:\/\/brizyproducts.com\/wp-content\/uploads\/2023\/12\/Brizy-old.svg","width":1,"height":1,"caption":"Brizy"},"image":{"@id":"https:\/\/brizyproducts.com\/sv\/#\/schema\/logo\/image\/"},"sameAs":["https:\/\/www.facebook.com\/brizy.1983\/","https:\/\/www.linkedin.com\/company\/brizy-produktion\/"]}]},"product_price_amount":"12.00","product_price_currency":"USD","og_availability":"instock","product_availability":"instock","product_retailer_item_id":"8021-01","product_condition":"new"},"_links":{"self":[{"href":"https:\/\/brizyproducts.com\/sv\/wp-json\/wp\/v2\/product\/20317","targetHints":{"allow":["GET"]}}],"collection":[{"href":"https:\/\/brizyproducts.com\/sv\/wp-json\/wp\/v2\/product"}],"about":[{"href":"https:\/\/brizyproducts.com\/sv\/wp-json\/wp\/v2\/types\/product"}],"replies":[{"embeddable":true,"href":"https:\/\/brizyproducts.com\/sv\/wp-json\/wp\/v2\/comments?post=20317"}],"wp:featuredmedia":[{"embeddable":true,"href":"https:\/\/brizyproducts.com\/sv\/wp-json\/wp\/v2\/media\/20415"}],"wp:attachment":[{"href":"https:\/\/brizyproducts.com\/sv\/wp-json\/wp\/v2\/media?parent=20317"}],"wp:term":[{"taxonomy":"product_brand","embeddable":true,"href":"https:\/\/brizyproducts.com\/sv\/wp-json\/wp\/v2\/product_brand?post=20317"},{"taxonomy":"product_cat","embeddable":true,"href":"https:\/\/brizyproducts.com\/sv\/wp-json\/wp\/v2\/product_cat?post=20317"},{"taxonomy":"product_tag","embeddable":true,"href":"https:\/\/brizyproducts.com\/sv\/wp-json\/wp\/v2\/product_tag?post=20317"}],"curies":[{"name":"wp","href":"https:\/\/api.w.org\/{rel}","templated":true}]}}