{"id":20291,"date":"2025-10-22T13:07:04","date_gmt":"2025-10-22T13:07:04","guid":{"rendered":"https:\/\/brizyproducts.com\/?post_type=product&#038;p=20291"},"modified":"2026-01-08T13:30:04","modified_gmt":"2026-01-08T13:30:04","slug":"san-paolo-no-4-a-w","status":"publish","type":"product","link":"https:\/\/brizyproducts.com\/sv\/product\/san-paolo-no-4-a-w\/","title":{"rendered":"San Paolo No. 4 A\/W"},"content":{"rendered":"<div class=\"flex flex-grow flex-col max-w-full\">\n<div class=\"min-h-[20px] text-message flex w-full flex-col items-end gap-2 whitespace-pre-wrap break-words [.text-message+&amp;]:mt-5 overflow-x-auto\" dir=\"auto\" data-message-author-role=\"assistant\" data-message-id=\"54b9a520-356e-43e3-9c40-59ab993b0e5d\">\n<div class=\"flex w-full flex-col gap-1 empty:hidden first:pt-[3px]\">\n<div class=\"markdown prose w-full break-words dark:prose-invert light\">\n<h2><strong>San Paolo No. 4 A\/W &amp; Loke Merino Wool Strumpa \u2014 V\u00e4rme, Komfort och Italienskt Hantverk<\/strong><\/h2>\n<p>Upplev den perfekta balansen mellan v\u00e4rme och prestanda med San Paolo No. 4 A\/W \u2014 v\u00e5r uppgraderade version av klassikern San Paolo No. 1. Den beh\u00e5ller samma eleganta design med framdraget blixtl\u00e5s men erbjuder nu \u00e4nnu b\u00e4ttre komfort f\u00f6r kalla dagar.<\/p>\n<p>Tillverkad i vattent\u00e5ligt italienskt l\u00e4der och fodrad med mjuk, naturlig ull formar sig st\u00f6veln efter din fot f\u00f6r en varm, bekv\u00e4m och lyxig k\u00e4nsla \u2014 perfekt f\u00f6r h\u00f6st- och vinterk\u00f6rning.<\/p>\n<p>En flexibel sula och uttagbar innersula ger utm\u00e4rkt stabilitet och individuell anpassning, medan den f\u00f6rst\u00e4rkta h\u00e4len garanterar l\u00e5ngvarig h\u00e5llbarhet under l\u00e5nga dagar i stallet eller p\u00e5 banan.<\/p>\n<p>San Paolo No. 4 A\/W \u00e4r designad f\u00f6r att m\u00f6ta de h\u00f6ga kraven inom travsporten och kombinerar italienskt hantverk, slitstyrka och tidl\u00f6s stil.<\/p>\n<p>Varje par levereras med v\u00e5r Loke Merino Wool Strumpa \u2014 den perfekta f\u00f6ljeslagaren f\u00f6r att h\u00e5lla f\u00f6tterna varma och torra hela s\u00e4songen.<\/p>\n<\/div>\n<\/div>\n<\/div>\n<\/div>\n","protected":false},"excerpt":{"rendered":"<p>Vattent\u00e4tt l\u00e4der, v\u00e4rmande ull och flexibel sula f\u00f6r komfort i vinterv\u00e4der.<\/p>\n","protected":false},"featured_media":20534,"comment_status":"open","ping_status":"closed","template":"","meta":{"_acf_changed":false},"product_brand":[],"product_cat":[439],"product_tag":[],"class_list":{"0":"post-20291","1":"product","2":"type-product","3":"status-publish","4":"has-post-thumbnail","6":"product_cat-outlet","7":"season-rain","8":"season-spring-fall","9":"season-winter","10":"gender-men","11":"collection-san-paolo","12":"activity-monte","13":"activity-racing","14":"activity-training","15":"activity-workwear","16":"product_type_brizy-stock-products","18":"first","19":"instock","20":"sale","21":"taxable","22":"shipping-taxable","23":"purchasable","24":"product-type-variable"},"acf":[],"yoast_head":"<!-- This site is optimized with the Yoast SEO plugin v27.3 - https:\/\/yoast.com\/product\/yoast-seo-wordpress\/ -->\n<title>San Paolo No. 4 | Varm och vattenavvisande skor f\u00f6r kuskar | Brizy<\/title>\n<meta name=\"description\" content=\"En stilren h\u00f6st\/vinter st\u00f6vel gjord med en v\u00e4rmande ull insida och vattenavvisande l\u00e4der. Perfekt f\u00f6r kuskar som vill h\u00e5lla sig varma och torra.\" \/>\n<meta name=\"robots\" content=\"index, follow, max-snippet:-1, max-image-preview:large, max-video-preview:-1\" \/>\n<link rel=\"canonical\" href=\"https:\/\/brizyproducts.com\/sv\/product\/san-paolo-no-4-a-w\/\" \/>\n<meta property=\"og:locale\" content=\"sv_SE\" \/>\n<meta property=\"og:type\" content=\"article\" \/>\n<meta property=\"og:title\" content=\"San Paolo No. 4 | Varm och vattenavvisande skor f\u00f6r kuskar | Brizy\" \/>\n<meta property=\"og:description\" content=\"En stilren h\u00f6st\/vinter st\u00f6vel gjord med en v\u00e4rmande ull insida och vattenavvisande l\u00e4der. Perfekt f\u00f6r kuskar som vill h\u00e5lla sig varma och torra.\" \/>\n<meta property=\"og:url\" content=\"https:\/\/brizyproducts.com\/sv\/product\/san-paolo-no-4-a-w\/\" \/>\n<meta property=\"og:site_name\" content=\"Brizy Products\" \/>\n<meta property=\"article:publisher\" content=\"https:\/\/www.facebook.com\/brizy.1983\/\" \/>\n<meta property=\"article:modified_time\" content=\"2026-01-08T13:30:04+00:00\" \/>\n<meta property=\"og:image\" content=\"https:\/\/brizyproducts.com\/wp-content\/uploads\/2025\/10\/San-Paolo-host-strumpa-4-1.webp\" \/>\n\t<meta property=\"og:image:width\" content=\"709\" \/>\n\t<meta property=\"og:image:height\" content=\"900\" \/>\n\t<meta property=\"og:image:type\" content=\"image\/png\" \/>\n<meta name=\"twitter:card\" content=\"summary_large_image\" \/>\n<meta property=\"og:availability\" content=\"instock\" \/>\n<meta property=\"product:availability\" content=\"instock\" \/>\n<meta property=\"product:condition\" content=\"new\" \/>\n<!-- \/ Yoast SEO plugin. -->","yoast_head_json":{"title":"San Paolo No. 4 | Varm och vattenavvisande skor f\u00f6r kuskar | Brizy","description":"En stilren h\u00f6st\/vinter st\u00f6vel gjord med en v\u00e4rmande ull insida och vattenavvisande l\u00e4der. Perfekt f\u00f6r kuskar som vill h\u00e5lla sig varma och torra.","robots":{"index":"index","follow":"follow","max-snippet":"max-snippet:-1","max-image-preview":"max-image-preview:large","max-video-preview":"max-video-preview:-1"},"canonical":"https:\/\/brizyproducts.com\/sv\/product\/san-paolo-no-4-a-w\/","og_locale":"sv_SE","og_type":"article","og_title":"San Paolo No. 4 | Varm och vattenavvisande skor f\u00f6r kuskar | Brizy","og_description":"En stilren h\u00f6st\/vinter st\u00f6vel gjord med en v\u00e4rmande ull insida och vattenavvisande l\u00e4der. Perfekt f\u00f6r kuskar som vill h\u00e5lla sig varma och torra.","og_url":"https:\/\/brizyproducts.com\/sv\/product\/san-paolo-no-4-a-w\/","og_site_name":"Brizy Products","article_publisher":"https:\/\/www.facebook.com\/brizy.1983\/","article_modified_time":"2026-01-08T13:30:04+00:00","og_image":[{"width":709,"height":900,"url":"https:\/\/brizyproducts.com\/wp-content\/uploads\/2025\/10\/San-Paolo-host-strumpa-4-1.webp","type":"image\/png"}],"twitter_card":"summary_large_image","schema":{"@context":"https:\/\/schema.org","@graph":[{"@type":"WebPage","@id":"https:\/\/brizyproducts.com\/sv\/product\/san-paolo-no-4-a-w\/","url":"https:\/\/brizyproducts.com\/sv\/product\/san-paolo-no-4-a-w\/","name":"San Paolo No. 4 | Varm och vattenavvisande skor f\u00f6r kuskar | Brizy","isPartOf":{"@id":"https:\/\/brizyproducts.com\/sv\/#website"},"primaryImageOfPage":{"@id":"https:\/\/brizyproducts.com\/sv\/product\/san-paolo-no-4-a-w\/#primaryimage"},"image":{"@id":"https:\/\/brizyproducts.com\/sv\/product\/san-paolo-no-4-a-w\/#primaryimage"},"thumbnailUrl":"https:\/\/brizyproducts.com\/wp-content\/uploads\/2025\/10\/San-Paolo-host-strumpa-4-1.webp","datePublished":"2025-10-22T13:07:04+00:00","dateModified":"2026-01-08T13:30:04+00:00","description":"En stilren h\u00f6st\/vinter st\u00f6vel gjord med en v\u00e4rmande ull insida och vattenavvisande l\u00e4der. Perfekt f\u00f6r kuskar som vill h\u00e5lla sig varma och torra.","breadcrumb":{"@id":"https:\/\/brizyproducts.com\/sv\/product\/san-paolo-no-4-a-w\/#breadcrumb"},"inLanguage":"sv-SE","potentialAction":[{"@type":"ReadAction","target":["https:\/\/brizyproducts.com\/sv\/product\/san-paolo-no-4-a-w\/"]}]},{"@type":"ImageObject","inLanguage":"sv-SE","@id":"https:\/\/brizyproducts.com\/sv\/product\/san-paolo-no-4-a-w\/#primaryimage","url":"https:\/\/brizyproducts.com\/wp-content\/uploads\/2025\/10\/San-Paolo-host-strumpa-4-1.webp","contentUrl":"https:\/\/brizyproducts.com\/wp-content\/uploads\/2025\/10\/San-Paolo-host-strumpa-4-1.webp","width":709,"height":900},{"@type":"BreadcrumbList","@id":"https:\/\/brizyproducts.com\/sv\/product\/san-paolo-no-4-a-w\/#breadcrumb","itemListElement":[{"@type":"ListItem","position":1,"name":"Hem","item":"https:\/\/brizyproducts.com\/sv\/"},{"@type":"ListItem","position":2,"name":"Shop","item":"https:\/\/brizyproducts.com\/sv\/shop\/"},{"@type":"ListItem","position":3,"name":"San Paolo No. 4 A\/W"}]},{"@type":"WebSite","@id":"https:\/\/brizyproducts.com\/sv\/#website","url":"https:\/\/brizyproducts.com\/sv\/","name":"Brizy","description":"","publisher":{"@id":"https:\/\/brizyproducts.com\/sv\/#organization"},"potentialAction":[{"@type":"SearchAction","target":{"@type":"EntryPoint","urlTemplate":"https:\/\/brizyproducts.com\/sv\/?s={search_term_string}"},"query-input":{"@type":"PropertyValueSpecification","valueRequired":true,"valueName":"search_term_string"}}],"inLanguage":"sv-SE"},{"@type":"Organization","@id":"https:\/\/brizyproducts.com\/sv\/#organization","name":"Brizy","url":"https:\/\/brizyproducts.com\/sv\/","logo":{"@type":"ImageObject","inLanguage":"sv-SE","@id":"https:\/\/brizyproducts.com\/sv\/#\/schema\/logo\/image\/","url":"https:\/\/brizyproducts.com\/wp-content\/uploads\/2023\/12\/Brizy-old.svg","contentUrl":"https:\/\/brizyproducts.com\/wp-content\/uploads\/2023\/12\/Brizy-old.svg","width":1,"height":1,"caption":"Brizy"},"image":{"@id":"https:\/\/brizyproducts.com\/sv\/#\/schema\/logo\/image\/"},"sameAs":["https:\/\/www.facebook.com\/brizy.1983\/","https:\/\/www.linkedin.com\/company\/brizy-produktion\/"]}]},"og_availability":"instock","product_availability":"instock","product_condition":"new"},"_links":{"self":[{"href":"https:\/\/brizyproducts.com\/sv\/wp-json\/wp\/v2\/product\/20291","targetHints":{"allow":["GET"]}}],"collection":[{"href":"https:\/\/brizyproducts.com\/sv\/wp-json\/wp\/v2\/product"}],"about":[{"href":"https:\/\/brizyproducts.com\/sv\/wp-json\/wp\/v2\/types\/product"}],"replies":[{"embeddable":true,"href":"https:\/\/brizyproducts.com\/sv\/wp-json\/wp\/v2\/comments?post=20291"}],"wp:featuredmedia":[{"embeddable":true,"href":"https:\/\/brizyproducts.com\/sv\/wp-json\/wp\/v2\/media\/20534"}],"wp:attachment":[{"href":"https:\/\/brizyproducts.com\/sv\/wp-json\/wp\/v2\/media?parent=20291"}],"wp:term":[{"taxonomy":"product_brand","embeddable":true,"href":"https:\/\/brizyproducts.com\/sv\/wp-json\/wp\/v2\/product_brand?post=20291"},{"taxonomy":"product_cat","embeddable":true,"href":"https:\/\/brizyproducts.com\/sv\/wp-json\/wp\/v2\/product_cat?post=20291"},{"taxonomy":"product_tag","embeddable":true,"href":"https:\/\/brizyproducts.com\/sv\/wp-json\/wp\/v2\/product_tag?post=20291"}],"curies":[{"name":"wp","href":"https:\/\/api.w.org\/{rel}","templated":true}]}}