{"id":18328,"date":"2025-04-01T23:44:03","date_gmt":"2025-04-01T23:44:03","guid":{"rendered":"https:\/\/brizyproducts.com\/?post_type=product&#038;p=18328"},"modified":"2025-11-13T12:03:25","modified_gmt":"2025-11-13T12:03:25","slug":"boden-2-0-byxor-dam-copy","status":"publish","type":"product","link":"https:\/\/brizyproducts.com\/sv\/product\/boden-2-0-byxor-dam-copy\/","title":{"rendered":"Melbourne 2.0 Byxor Dam"},"content":{"rendered":"<h2><strong>Praktiska och t\u00e5liga allv\u00e4dersbyxor f\u00f6r stallet<\/strong><\/h2>\n<p>Melbourne 2.0 Byxor \u00e4r ett par m\u00e5ngsidiga allv\u00e4dersbyxor som kombinerar v\u00e4rme, funktion och r\u00f6relsefrihet. De \u00e4r framtagna f\u00f6r att t\u00e5la vardagens utmaningar vare sig det \u00e4r en kylig morgon eller pl\u00f6tsligt regnig eftermiddag. Det g\u00f6r dem till de ultimata allv\u00e4dersbyxorna f\u00f6r v\u00e5r och h\u00f6st.<\/p>\n<p>Byxornas f\u00f6ljsamma och praktiska passform g\u00f6r att du kan r\u00f6ra dig fritt och bekv\u00e4mt, oavsett aktivitet. Det slitstarka yttertyget och de tejpade s\u00f6mmarna g\u00f6r att den kan h\u00e5lla ute b\u00e5de vind och vatten. \u00a0De h\u00e5ller dig med andra ord bekv\u00e4m och skyddad mot alla v\u00e4der s\u00e5 v\u00e4l om du ska mocka boxar, k\u00f6ra h\u00e4st eller f\u00f6rbereder inf\u00f6r t\u00e4vling.<\/p>\n<p>Byxorna \u00e4r normal i passformen, vi rekommenderar att du v\u00e4ljer din vanliga storlek.<\/p>\n","protected":false},"excerpt":{"rendered":"<p>Praktiska allv\u00e4dersbyxor som h\u00e5ller dig varm och r\u00f6rlig i alla v\u00e4der.<\/p>\n","protected":false},"featured_media":18334,"comment_status":"closed","ping_status":"closed","template":"","meta":{"_acf_changed":false},"product_brand":[],"product_cat":[254,497],"product_tag":[256],"season":[506],"gender":[512],"collection":[556],"activity":[560,562],"product_type_brizy":[570],"class_list":{"0":"post-18328","1":"product","2":"type-product","3":"status-publish","4":"has-post-thumbnail","6":"product_cat-trousers","7":"product_cat-race-into-autumn","8":"product_tag-pocono-sv","9":"season-spring-fall","10":"gender-women","11":"collection-melbourne-2-0","12":"activity-stable","13":"activity-training","14":"product_type_brizy-stock-products","16":"first","17":"outofstock","18":"taxable","19":"shipping-taxable","20":"purchasable","21":"product-type-variable"},"acf":[],"yoast_head":"<!-- This site is optimized with the Yoast SEO plugin v27.4 - https:\/\/yoast.com\/product\/yoast-seo-wordpress\/ -->\n<title>Melbourne 2.0 Byxor | Allv\u00e4dersbyxor f\u00f6r stall och tr\u00e4ning | Brizy<\/title>\n<meta name=\"description\" content=\"Ett par allv\u00e4dersbyxor som skyddar mot regn och bl\u00e5st utan att k\u00e4nnas tunga. Ett perfekt v\u00e5r och h\u00f6st-plagg f\u00f6r alla tillf\u00e4llen.\" \/>\n<meta name=\"robots\" content=\"index, follow, max-snippet:-1, max-image-preview:large, max-video-preview:-1\" \/>\n<link rel=\"canonical\" href=\"https:\/\/brizyproducts.com\/sv\/product\/boden-2-0-byxor-dam-copy\/\" \/>\n<meta property=\"og:locale\" content=\"sv_SE\" \/>\n<meta property=\"og:type\" content=\"article\" \/>\n<meta property=\"og:title\" content=\"Melbourne 2.0 Byxor | Allv\u00e4dersbyxor f\u00f6r stall och tr\u00e4ning | Brizy\" \/>\n<meta property=\"og:description\" content=\"Ett par allv\u00e4dersbyxor som skyddar mot regn och bl\u00e5st utan att k\u00e4nnas tunga. Ett perfekt v\u00e5r och h\u00f6st-plagg f\u00f6r alla tillf\u00e4llen.\" \/>\n<meta property=\"og:url\" content=\"https:\/\/brizyproducts.com\/sv\/product\/boden-2-0-byxor-dam-copy\/\" \/>\n<meta property=\"og:site_name\" content=\"Brizy Products\" \/>\n<meta property=\"article:publisher\" content=\"https:\/\/www.facebook.com\/brizy.1983\/\" \/>\n<meta property=\"article:modified_time\" content=\"2025-11-13T12:03:25+00:00\" \/>\n<meta property=\"og:image\" content=\"https:\/\/brizyproducts.com\/wp-content\/uploads\/2025\/04\/P-A-W-1-1650x2200.webp\" \/>\n\t<meta property=\"og:image:width\" content=\"1650\" \/>\n\t<meta property=\"og:image:height\" content=\"2200\" \/>\n\t<meta property=\"og:image:type\" content=\"image\/png\" \/>\n<meta name=\"twitter:card\" content=\"summary_large_image\" \/>\n<meta property=\"og:availability\" content=\"out of stock\" \/>\n<meta property=\"product:availability\" content=\"out of stock\" \/>\n<meta property=\"product:condition\" content=\"new\" \/>\n<!-- \/ Yoast SEO plugin. -->","yoast_head_json":{"title":"Melbourne 2.0 Byxor | Allv\u00e4dersbyxor f\u00f6r stall och tr\u00e4ning | Brizy","description":"Ett par allv\u00e4dersbyxor som skyddar mot regn och bl\u00e5st utan att k\u00e4nnas tunga. Ett perfekt v\u00e5r och h\u00f6st-plagg f\u00f6r alla tillf\u00e4llen.","robots":{"index":"index","follow":"follow","max-snippet":"max-snippet:-1","max-image-preview":"max-image-preview:large","max-video-preview":"max-video-preview:-1"},"canonical":"https:\/\/brizyproducts.com\/sv\/product\/boden-2-0-byxor-dam-copy\/","og_locale":"sv_SE","og_type":"article","og_title":"Melbourne 2.0 Byxor | Allv\u00e4dersbyxor f\u00f6r stall och tr\u00e4ning | Brizy","og_description":"Ett par allv\u00e4dersbyxor som skyddar mot regn och bl\u00e5st utan att k\u00e4nnas tunga. Ett perfekt v\u00e5r och h\u00f6st-plagg f\u00f6r alla tillf\u00e4llen.","og_url":"https:\/\/brizyproducts.com\/sv\/product\/boden-2-0-byxor-dam-copy\/","og_site_name":"Brizy Products","article_publisher":"https:\/\/www.facebook.com\/brizy.1983\/","article_modified_time":"2025-11-13T12:03:25+00:00","og_image":[{"width":1650,"height":2200,"url":"https:\/\/brizyproducts.com\/wp-content\/uploads\/2025\/04\/P-A-W-1-1650x2200.webp","type":"image\/png"}],"twitter_card":"summary_large_image","schema":{"@context":"https:\/\/schema.org","@graph":[{"@type":"WebPage","@id":"https:\/\/brizyproducts.com\/sv\/product\/boden-2-0-byxor-dam-copy\/","url":"https:\/\/brizyproducts.com\/sv\/product\/boden-2-0-byxor-dam-copy\/","name":"Melbourne 2.0 Byxor | Allv\u00e4dersbyxor f\u00f6r stall och tr\u00e4ning | Brizy","isPartOf":{"@id":"https:\/\/brizyproducts.com\/sv\/#website"},"primaryImageOfPage":{"@id":"https:\/\/brizyproducts.com\/sv\/product\/boden-2-0-byxor-dam-copy\/#primaryimage"},"image":{"@id":"https:\/\/brizyproducts.com\/sv\/product\/boden-2-0-byxor-dam-copy\/#primaryimage"},"thumbnailUrl":"https:\/\/brizyproducts.com\/wp-content\/uploads\/2025\/04\/P-A-W-1-scaled.webp","datePublished":"2025-04-01T23:44:03+00:00","dateModified":"2025-11-13T12:03:25+00:00","description":"Ett par allv\u00e4dersbyxor som skyddar mot regn och bl\u00e5st utan att k\u00e4nnas tunga. Ett perfekt v\u00e5r och h\u00f6st-plagg f\u00f6r alla tillf\u00e4llen.","breadcrumb":{"@id":"https:\/\/brizyproducts.com\/sv\/product\/boden-2-0-byxor-dam-copy\/#breadcrumb"},"inLanguage":"sv-SE","potentialAction":[{"@type":"ReadAction","target":["https:\/\/brizyproducts.com\/sv\/product\/boden-2-0-byxor-dam-copy\/"]}]},{"@type":"ImageObject","inLanguage":"sv-SE","@id":"https:\/\/brizyproducts.com\/sv\/product\/boden-2-0-byxor-dam-copy\/#primaryimage","url":"https:\/\/brizyproducts.com\/wp-content\/uploads\/2025\/04\/P-A-W-1-scaled.webp","contentUrl":"https:\/\/brizyproducts.com\/wp-content\/uploads\/2025\/04\/P-A-W-1-scaled.webp","width":3375,"height":4500},{"@type":"BreadcrumbList","@id":"https:\/\/brizyproducts.com\/sv\/product\/boden-2-0-byxor-dam-copy\/#breadcrumb","itemListElement":[{"@type":"ListItem","position":1,"name":"Hem","item":"https:\/\/brizyproducts.com\/sv\/start-april-2026\/"},{"@type":"ListItem","position":2,"name":"Shop","item":"https:\/\/brizyproducts.com\/sv\/shop\/"},{"@type":"ListItem","position":3,"name":"Melbourne 2.0 Byxor Dam"}]},{"@type":"WebSite","@id":"https:\/\/brizyproducts.com\/sv\/#website","url":"https:\/\/brizyproducts.com\/sv\/","name":"Brizy","description":"","publisher":{"@id":"https:\/\/brizyproducts.com\/sv\/#organization"},"potentialAction":[{"@type":"SearchAction","target":{"@type":"EntryPoint","urlTemplate":"https:\/\/brizyproducts.com\/sv\/?s={search_term_string}"},"query-input":{"@type":"PropertyValueSpecification","valueRequired":true,"valueName":"search_term_string"}}],"inLanguage":"sv-SE"},{"@type":"Organization","@id":"https:\/\/brizyproducts.com\/sv\/#organization","name":"Brizy","url":"https:\/\/brizyproducts.com\/sv\/","logo":{"@type":"ImageObject","inLanguage":"sv-SE","@id":"https:\/\/brizyproducts.com\/sv\/#\/schema\/logo\/image\/","url":"https:\/\/brizyproducts.com\/wp-content\/uploads\/2023\/12\/Brizy-old.svg","contentUrl":"https:\/\/brizyproducts.com\/wp-content\/uploads\/2023\/12\/Brizy-old.svg","width":1,"height":1,"caption":"Brizy"},"image":{"@id":"https:\/\/brizyproducts.com\/sv\/#\/schema\/logo\/image\/"},"sameAs":["https:\/\/www.facebook.com\/brizy.1983\/","https:\/\/www.linkedin.com\/company\/brizy-produktion\/"]}]},"og_availability":"out of stock","product_availability":"out of stock","product_condition":"new"},"_links":{"self":[{"href":"https:\/\/brizyproducts.com\/sv\/wp-json\/wp\/v2\/product\/18328","targetHints":{"allow":["GET"]}}],"collection":[{"href":"https:\/\/brizyproducts.com\/sv\/wp-json\/wp\/v2\/product"}],"about":[{"href":"https:\/\/brizyproducts.com\/sv\/wp-json\/wp\/v2\/types\/product"}],"replies":[{"embeddable":true,"href":"https:\/\/brizyproducts.com\/sv\/wp-json\/wp\/v2\/comments?post=18328"}],"wp:featuredmedia":[{"embeddable":true,"href":"https:\/\/brizyproducts.com\/sv\/wp-json\/wp\/v2\/media\/18334"}],"wp:attachment":[{"href":"https:\/\/brizyproducts.com\/sv\/wp-json\/wp\/v2\/media?parent=18328"}],"wp:term":[{"taxonomy":"product_brand","embeddable":true,"href":"https:\/\/brizyproducts.com\/sv\/wp-json\/wp\/v2\/product_brand?post=18328"},{"taxonomy":"product_cat","embeddable":true,"href":"https:\/\/brizyproducts.com\/sv\/wp-json\/wp\/v2\/product_cat?post=18328"},{"taxonomy":"product_tag","embeddable":true,"href":"https:\/\/brizyproducts.com\/sv\/wp-json\/wp\/v2\/product_tag?post=18328"},{"taxonomy":"season","embeddable":true,"href":"https:\/\/brizyproducts.com\/sv\/wp-json\/wp\/v2\/season?post=18328"},{"taxonomy":"gender","embeddable":true,"href":"https:\/\/brizyproducts.com\/sv\/wp-json\/wp\/v2\/gender?post=18328"},{"taxonomy":"collection","embeddable":true,"href":"https:\/\/brizyproducts.com\/sv\/wp-json\/wp\/v2\/collection?post=18328"},{"taxonomy":"activity","embeddable":true,"href":"https:\/\/brizyproducts.com\/sv\/wp-json\/wp\/v2\/activity?post=18328"},{"taxonomy":"product_type_brizy","embeddable":true,"href":"https:\/\/brizyproducts.com\/sv\/wp-json\/wp\/v2\/product_type_brizy?post=18328"}],"curies":[{"name":"wp","href":"https:\/\/api.w.org\/{rel}","templated":true}]}}