{"id":18187,"date":"2025-03-30T14:01:33","date_gmt":"2025-03-30T14:01:33","guid":{"rendered":"https:\/\/brizyproducts.com\/?post_type=product&#038;p=18187"},"modified":"2025-11-07T09:12:32","modified_gmt":"2025-11-07T09:12:32","slug":"boden-2-0-jacka-for-herrar-copy","status":"publish","type":"product","link":"https:\/\/brizyproducts.com\/sv\/product\/boden-2-0-jacka-for-herrar-copy\/","title":{"rendered":"Melbourne 2.0 Jacka Herr"},"content":{"rendered":"<h2><strong>Praktisk och t\u00e5lig allv\u00e4dersjacka f\u00f6r stallet<\/strong><\/h2>\n<p>Melbourne 2.0 Jacka \u00e4r en m\u00e5ngsidig allv\u00e4dersjacka som kombinerar v\u00e4rme, funktion och r\u00f6relsefrihet. Den \u00e4r framtagen f\u00f6r att t\u00e5la vardagens utmaningar vare sig det \u00e4r en kylig morgon eller pl\u00f6tsligt regnig eftermiddag. Det g\u00f6r den till den ultimata allv\u00e4dersjackan f\u00f6r v\u00e5r och h\u00f6st.<\/p>\n<p>Jackans f\u00f6ljsamma och praktiska passform g\u00f6r att du kan r\u00f6ra dig fritt och bekv\u00e4mt, oavsett aktivitet. Det slitstarka yttertyget och de tejpade s\u00f6mmarna g\u00f6r att den kan h\u00e5lla ute b\u00e5de vind och vatten. \u00a0Den h\u00e5ller dig med andra ord bekv\u00e4m och skyddad mot alla v\u00e4der s\u00e5 v\u00e4l om du ska mocka boxar, k\u00f6ra h\u00e4st eller f\u00f6rbereder inf\u00f6r t\u00e4vling.<\/p>\n<p>Jackan \u00e4r normal i passformen, vi rekommenderar att du v\u00e4ljer din vanliga storlek.<\/p>\n<p>Vill du s\u00e4tta en personlig pr\u00e4gel p\u00e5 din Melbourne jacka g\u00e5r det \u00e4ven att l\u00e4gga till logotyp eller sponsorm\u00e4rkning. Kontakta oss g\u00e4rna f\u00f6r att diskutera m\u00f6jligheterna.<\/p>\n","protected":false},"excerpt":{"rendered":"<p>Praktisk allv\u00e4dersjacka som h\u00e5ller dig varm och r\u00f6rlig i alla v\u00e4der.<\/p>\n","protected":false},"featured_media":18195,"comment_status":"closed","ping_status":"closed","template":"","meta":{"_acf_changed":false},"product_brand":[],"product_cat":[253,274,497],"product_tag":[256],"season":[506],"gender":[510],"collection":[556],"activity":[560,562],"product_type_brizy":[570],"class_list":{"0":"post-18187","1":"product","2":"type-product","3":"status-publish","4":"has-post-thumbnail","6":"product_cat-mens","7":"product_cat-jackets","8":"product_cat-race-into-autumn","9":"product_tag-pocono-sv","10":"season-spring-fall","11":"gender-men","12":"collection-melbourne-2-0","13":"activity-stable","14":"activity-training","15":"product_type_brizy-stock-products","17":"first","18":"instock","19":"taxable","20":"shipping-taxable","21":"purchasable","22":"product-type-variable"},"acf":[],"yoast_head":"<!-- This site is optimized with the Yoast SEO plugin v27.4 - https:\/\/yoast.com\/product\/yoast-seo-wordpress\/ -->\n<title>Melbourne 2.0 Jacka | Allv\u00e4dersjacka f\u00f6r stall och tr\u00e4ning | Brizy<\/title>\n<meta name=\"description\" content=\"En stilren och allv\u00e4dersjacka som skyddar mot regn och bl\u00e5st utan att k\u00e4nnas tung. Ett perfekt v\u00e5r och h\u00f6st-plagg f\u00f6r alla tillf\u00e4llen.\" \/>\n<meta name=\"robots\" content=\"index, follow, max-snippet:-1, max-image-preview:large, max-video-preview:-1\" \/>\n<link rel=\"canonical\" href=\"https:\/\/brizyproducts.com\/sv\/product\/boden-2-0-jacka-for-herrar-copy\/\" \/>\n<meta property=\"og:locale\" content=\"sv_SE\" \/>\n<meta property=\"og:type\" content=\"article\" \/>\n<meta property=\"og:title\" content=\"Melbourne 2.0 Jacka | Allv\u00e4dersjacka f\u00f6r stall och tr\u00e4ning | Brizy\" \/>\n<meta property=\"og:description\" content=\"En stilren och allv\u00e4dersjacka som skyddar mot regn och bl\u00e5st utan att k\u00e4nnas tung. Ett perfekt v\u00e5r och h\u00f6st-plagg f\u00f6r alla tillf\u00e4llen.\" \/>\n<meta property=\"og:url\" content=\"https:\/\/brizyproducts.com\/sv\/product\/boden-2-0-jacka-for-herrar-copy\/\" \/>\n<meta property=\"og:site_name\" content=\"Brizy Products\" \/>\n<meta property=\"article:publisher\" content=\"https:\/\/www.facebook.com\/brizy.1983\/\" \/>\n<meta property=\"article:modified_time\" content=\"2025-11-07T09:12:32+00:00\" \/>\n<meta property=\"og:image\" content=\"https:\/\/brizyproducts.com\/wp-content\/uploads\/2025\/03\/1-M-AO-1650x2200.webp\" \/>\n\t<meta property=\"og:image:width\" content=\"1650\" \/>\n\t<meta property=\"og:image:height\" content=\"2200\" \/>\n\t<meta property=\"og:image:type\" content=\"image\/png\" \/>\n<meta name=\"twitter:card\" content=\"summary_large_image\" \/>\n<meta property=\"og:availability\" content=\"instock\" \/>\n<meta property=\"product:availability\" content=\"instock\" \/>\n<meta property=\"product:condition\" content=\"new\" \/>\n<!-- \/ Yoast SEO plugin. -->","yoast_head_json":{"title":"Melbourne 2.0 Jacka | Allv\u00e4dersjacka f\u00f6r stall och tr\u00e4ning | Brizy","description":"En stilren och allv\u00e4dersjacka som skyddar mot regn och bl\u00e5st utan att k\u00e4nnas tung. Ett perfekt v\u00e5r och h\u00f6st-plagg f\u00f6r alla tillf\u00e4llen.","robots":{"index":"index","follow":"follow","max-snippet":"max-snippet:-1","max-image-preview":"max-image-preview:large","max-video-preview":"max-video-preview:-1"},"canonical":"https:\/\/brizyproducts.com\/sv\/product\/boden-2-0-jacka-for-herrar-copy\/","og_locale":"sv_SE","og_type":"article","og_title":"Melbourne 2.0 Jacka | Allv\u00e4dersjacka f\u00f6r stall och tr\u00e4ning | Brizy","og_description":"En stilren och allv\u00e4dersjacka som skyddar mot regn och bl\u00e5st utan att k\u00e4nnas tung. Ett perfekt v\u00e5r och h\u00f6st-plagg f\u00f6r alla tillf\u00e4llen.","og_url":"https:\/\/brizyproducts.com\/sv\/product\/boden-2-0-jacka-for-herrar-copy\/","og_site_name":"Brizy Products","article_publisher":"https:\/\/www.facebook.com\/brizy.1983\/","article_modified_time":"2025-11-07T09:12:32+00:00","og_image":[{"width":1650,"height":2200,"url":"https:\/\/brizyproducts.com\/wp-content\/uploads\/2025\/03\/1-M-AO-1650x2200.webp","type":"image\/png"}],"twitter_card":"summary_large_image","schema":{"@context":"https:\/\/schema.org","@graph":[{"@type":"WebPage","@id":"https:\/\/brizyproducts.com\/sv\/product\/boden-2-0-jacka-for-herrar-copy\/","url":"https:\/\/brizyproducts.com\/sv\/product\/boden-2-0-jacka-for-herrar-copy\/","name":"Melbourne 2.0 Jacka | Allv\u00e4dersjacka f\u00f6r stall och tr\u00e4ning | Brizy","isPartOf":{"@id":"https:\/\/brizyproducts.com\/sv\/#website"},"primaryImageOfPage":{"@id":"https:\/\/brizyproducts.com\/sv\/product\/boden-2-0-jacka-for-herrar-copy\/#primaryimage"},"image":{"@id":"https:\/\/brizyproducts.com\/sv\/product\/boden-2-0-jacka-for-herrar-copy\/#primaryimage"},"thumbnailUrl":"https:\/\/brizyproducts.com\/wp-content\/uploads\/2025\/03\/1-M-AO-scaled.webp","datePublished":"2025-03-30T14:01:33+00:00","dateModified":"2025-11-07T09:12:32+00:00","description":"En stilren och allv\u00e4dersjacka som skyddar mot regn och bl\u00e5st utan att k\u00e4nnas tung. Ett perfekt v\u00e5r och h\u00f6st-plagg f\u00f6r alla tillf\u00e4llen.","breadcrumb":{"@id":"https:\/\/brizyproducts.com\/sv\/product\/boden-2-0-jacka-for-herrar-copy\/#breadcrumb"},"inLanguage":"sv-SE","potentialAction":[{"@type":"ReadAction","target":["https:\/\/brizyproducts.com\/sv\/product\/boden-2-0-jacka-for-herrar-copy\/"]}]},{"@type":"ImageObject","inLanguage":"sv-SE","@id":"https:\/\/brizyproducts.com\/sv\/product\/boden-2-0-jacka-for-herrar-copy\/#primaryimage","url":"https:\/\/brizyproducts.com\/wp-content\/uploads\/2025\/03\/1-M-AO-scaled.webp","contentUrl":"https:\/\/brizyproducts.com\/wp-content\/uploads\/2025\/03\/1-M-AO-scaled.webp","width":3375,"height":4500},{"@type":"BreadcrumbList","@id":"https:\/\/brizyproducts.com\/sv\/product\/boden-2-0-jacka-for-herrar-copy\/#breadcrumb","itemListElement":[{"@type":"ListItem","position":1,"name":"Hem","item":"https:\/\/brizyproducts.com\/sv\/start-april-2026\/"},{"@type":"ListItem","position":2,"name":"Shop","item":"https:\/\/brizyproducts.com\/sv\/shop\/"},{"@type":"ListItem","position":3,"name":"Melbourne 2.0 Jacka Herr"}]},{"@type":"WebSite","@id":"https:\/\/brizyproducts.com\/sv\/#website","url":"https:\/\/brizyproducts.com\/sv\/","name":"Brizy","description":"","publisher":{"@id":"https:\/\/brizyproducts.com\/sv\/#organization"},"potentialAction":[{"@type":"SearchAction","target":{"@type":"EntryPoint","urlTemplate":"https:\/\/brizyproducts.com\/sv\/?s={search_term_string}"},"query-input":{"@type":"PropertyValueSpecification","valueRequired":true,"valueName":"search_term_string"}}],"inLanguage":"sv-SE"},{"@type":"Organization","@id":"https:\/\/brizyproducts.com\/sv\/#organization","name":"Brizy","url":"https:\/\/brizyproducts.com\/sv\/","logo":{"@type":"ImageObject","inLanguage":"sv-SE","@id":"https:\/\/brizyproducts.com\/sv\/#\/schema\/logo\/image\/","url":"https:\/\/brizyproducts.com\/wp-content\/uploads\/2023\/12\/Brizy-old.svg","contentUrl":"https:\/\/brizyproducts.com\/wp-content\/uploads\/2023\/12\/Brizy-old.svg","width":1,"height":1,"caption":"Brizy"},"image":{"@id":"https:\/\/brizyproducts.com\/sv\/#\/schema\/logo\/image\/"},"sameAs":["https:\/\/www.facebook.com\/brizy.1983\/","https:\/\/www.linkedin.com\/company\/brizy-produktion\/"]}]},"og_availability":"instock","product_availability":"instock","product_condition":"new"},"_links":{"self":[{"href":"https:\/\/brizyproducts.com\/sv\/wp-json\/wp\/v2\/product\/18187","targetHints":{"allow":["GET"]}}],"collection":[{"href":"https:\/\/brizyproducts.com\/sv\/wp-json\/wp\/v2\/product"}],"about":[{"href":"https:\/\/brizyproducts.com\/sv\/wp-json\/wp\/v2\/types\/product"}],"replies":[{"embeddable":true,"href":"https:\/\/brizyproducts.com\/sv\/wp-json\/wp\/v2\/comments?post=18187"}],"wp:featuredmedia":[{"embeddable":true,"href":"https:\/\/brizyproducts.com\/sv\/wp-json\/wp\/v2\/media\/18195"}],"wp:attachment":[{"href":"https:\/\/brizyproducts.com\/sv\/wp-json\/wp\/v2\/media?parent=18187"}],"wp:term":[{"taxonomy":"product_brand","embeddable":true,"href":"https:\/\/brizyproducts.com\/sv\/wp-json\/wp\/v2\/product_brand?post=18187"},{"taxonomy":"product_cat","embeddable":true,"href":"https:\/\/brizyproducts.com\/sv\/wp-json\/wp\/v2\/product_cat?post=18187"},{"taxonomy":"product_tag","embeddable":true,"href":"https:\/\/brizyproducts.com\/sv\/wp-json\/wp\/v2\/product_tag?post=18187"},{"taxonomy":"season","embeddable":true,"href":"https:\/\/brizyproducts.com\/sv\/wp-json\/wp\/v2\/season?post=18187"},{"taxonomy":"gender","embeddable":true,"href":"https:\/\/brizyproducts.com\/sv\/wp-json\/wp\/v2\/gender?post=18187"},{"taxonomy":"collection","embeddable":true,"href":"https:\/\/brizyproducts.com\/sv\/wp-json\/wp\/v2\/collection?post=18187"},{"taxonomy":"activity","embeddable":true,"href":"https:\/\/brizyproducts.com\/sv\/wp-json\/wp\/v2\/activity?post=18187"},{"taxonomy":"product_type_brizy","embeddable":true,"href":"https:\/\/brizyproducts.com\/sv\/wp-json\/wp\/v2\/product_type_brizy?post=18187"}],"curies":[{"name":"wp","href":"https:\/\/api.w.org\/{rel}","templated":true}]}}