{"id":16856,"date":"2025-03-19T07:48:16","date_gmt":"2025-03-19T07:48:16","guid":{"rendered":"https:\/\/brizyproducts.com\/?post_type=product&#038;p=16856"},"modified":"2025-12-03T09:13:54","modified_gmt":"2025-12-03T09:13:54","slug":"modena-no-2-brogue-burgundy","status":"publish","type":"product","link":"https:\/\/brizyproducts.com\/sv\/product\/modena-no-2-brogue-burgundy\/","title":{"rendered":"Modena No. 2 Brogue\/Burgundy"},"content":{"rendered":"<h2><strong>Modena No. 2 Brogue \u2013 Stil m\u00f6ter funktion f\u00f6r kusken<\/strong><\/h2>\n<p>Modena No. 2 Brogue \u00e4r en elegant och praktisk k\u00f6rboot f\u00f6r dig som travkusk. Den \u00e4r tillverkad i italienskt abrasivato-l\u00e4der med en polerad, vatten- och smutsavvisande yta &#8211; vilket ger b\u00e5de stil, slitstyrka och formbarhet.<\/p>\n<p>Sulan \u00e4r tunn och flexibel f\u00f6r att ge bra grepp och direkt k\u00e4nsla i sulkyn, samtidigt som du bibeh\u00e5ller komforten \u00e4ven under l\u00e5nga t\u00e4vlingsdagar. Inuti hittar du ett ventilerande l\u00e4derfoder som hj\u00e4lper till att h\u00e5lla foten torr. Med den praktiska dragkedjan \u00e4r Modena No. 2 Brogue ett praktiskt och snyggt val.<\/p>\n\n","protected":false},"excerpt":{"rendered":"<p>Elegant och h\u00e5llbar k\u00f6rboot i italienskt l\u00e4der med brogue detaljer, flexibel sula och ventilerande foder f\u00f6r komfort hela dagen.<\/p>\n","protected":false},"featured_media":16620,"comment_status":"open","ping_status":"closed","template":"","meta":{"_acf_changed":false},"product_brand":[],"product_cat":[321],"product_tag":[],"class_list":{"0":"post-16856","1":"product","2":"type-product","3":"status-publish","4":"has-post-thumbnail","6":"product_cat-shoes","7":"season-spring-fall","8":"season-summer","9":"gender-men","10":"collection-modena","11":"activity-monte","12":"activity-racing","13":"activity-training","14":"product_type_brizy-stock-products","16":"first","17":"instock","18":"taxable","19":"shipping-taxable","20":"purchasable","21":"product-type-variable"},"acf":[],"yoast_head":"<!-- This site is optimized with the Yoast SEO plugin v27.0 - https:\/\/yoast.com\/product\/yoast-seo-wordpress\/ -->\n<title>Modena No.2 Burgundy | L\u00e4tt och stils\u00e4ker k\u00f6rboot f\u00f6r trav | Brizy<\/title>\n<meta name=\"description\" content=\"Elegant och slitstark k\u00f6rboot i italienskt l\u00e4der med brogue detaljer, flexibel sula och ventilerande f\u00f6r maximal stil och komfort i sulkyn.\" \/>\n<meta name=\"robots\" content=\"index, follow, max-snippet:-1, max-image-preview:large, max-video-preview:-1\" \/>\n<link rel=\"canonical\" href=\"https:\/\/brizyproducts.com\/sv\/product\/modena-no-2-brogue-burgundy\/\" \/>\n<meta property=\"og:locale\" content=\"sv_SE\" \/>\n<meta property=\"og:type\" content=\"article\" \/>\n<meta property=\"og:title\" content=\"Modena No.2 Burgundy | L\u00e4tt och stils\u00e4ker k\u00f6rboot f\u00f6r trav | Brizy\" \/>\n<meta property=\"og:description\" content=\"Elegant och slitstark k\u00f6rboot i italienskt l\u00e4der med brogue detaljer, flexibel sula och ventilerande f\u00f6r maximal stil och komfort i sulkyn.\" \/>\n<meta property=\"og:url\" content=\"https:\/\/brizyproducts.com\/sv\/product\/modena-no-2-brogue-burgundy\/\" \/>\n<meta property=\"og:site_name\" content=\"Brizy Products\" \/>\n<meta property=\"article:publisher\" content=\"https:\/\/www.facebook.com\/brizy.1983\/\" \/>\n<meta property=\"article:modified_time\" content=\"2025-12-03T09:13:54+00:00\" \/>\n<meta property=\"og:image\" content=\"https:\/\/brizyproducts.com\/wp-content\/uploads\/2025\/03\/1-1-1650x2200.webp\" \/>\n\t<meta property=\"og:image:width\" content=\"1650\" \/>\n\t<meta property=\"og:image:height\" content=\"2200\" \/>\n\t<meta property=\"og:image:type\" content=\"image\/png\" \/>\n<meta name=\"twitter:card\" content=\"summary_large_image\" \/>\n<meta property=\"og:availability\" content=\"instock\" \/>\n<meta property=\"product:availability\" content=\"instock\" \/>\n<meta property=\"product:condition\" content=\"new\" \/>\n<!-- \/ Yoast SEO plugin. -->","yoast_head_json":{"title":"Modena No.2 Burgundy | L\u00e4tt och stils\u00e4ker k\u00f6rboot f\u00f6r trav | Brizy","description":"Elegant och slitstark k\u00f6rboot i italienskt l\u00e4der med brogue detaljer, flexibel sula och ventilerande f\u00f6r maximal stil och komfort i sulkyn.","robots":{"index":"index","follow":"follow","max-snippet":"max-snippet:-1","max-image-preview":"max-image-preview:large","max-video-preview":"max-video-preview:-1"},"canonical":"https:\/\/brizyproducts.com\/sv\/product\/modena-no-2-brogue-burgundy\/","og_locale":"sv_SE","og_type":"article","og_title":"Modena No.2 Burgundy | L\u00e4tt och stils\u00e4ker k\u00f6rboot f\u00f6r trav | Brizy","og_description":"Elegant och slitstark k\u00f6rboot i italienskt l\u00e4der med brogue detaljer, flexibel sula och ventilerande f\u00f6r maximal stil och komfort i sulkyn.","og_url":"https:\/\/brizyproducts.com\/sv\/product\/modena-no-2-brogue-burgundy\/","og_site_name":"Brizy Products","article_publisher":"https:\/\/www.facebook.com\/brizy.1983\/","article_modified_time":"2025-12-03T09:13:54+00:00","og_image":[{"width":1650,"height":2200,"url":"https:\/\/brizyproducts.com\/wp-content\/uploads\/2025\/03\/1-1-1650x2200.webp","type":"image\/png"}],"twitter_card":"summary_large_image","schema":{"@context":"https:\/\/schema.org","@graph":[{"@type":"WebPage","@id":"https:\/\/brizyproducts.com\/sv\/product\/modena-no-2-brogue-burgundy\/","url":"https:\/\/brizyproducts.com\/sv\/product\/modena-no-2-brogue-burgundy\/","name":"Modena No.2 Burgundy | L\u00e4tt och stils\u00e4ker k\u00f6rboot f\u00f6r trav | Brizy","isPartOf":{"@id":"https:\/\/brizyproducts.com\/sv\/#website"},"primaryImageOfPage":{"@id":"https:\/\/brizyproducts.com\/sv\/product\/modena-no-2-brogue-burgundy\/#primaryimage"},"image":{"@id":"https:\/\/brizyproducts.com\/sv\/product\/modena-no-2-brogue-burgundy\/#primaryimage"},"thumbnailUrl":"https:\/\/brizyproducts.com\/wp-content\/uploads\/2025\/03\/1-1-scaled.webp","datePublished":"2025-03-19T07:48:16+00:00","dateModified":"2025-12-03T09:13:54+00:00","description":"Elegant och slitstark k\u00f6rboot i italienskt l\u00e4der med brogue detaljer, flexibel sula och ventilerande f\u00f6r maximal stil och komfort i sulkyn.","breadcrumb":{"@id":"https:\/\/brizyproducts.com\/sv\/product\/modena-no-2-brogue-burgundy\/#breadcrumb"},"inLanguage":"sv-SE","potentialAction":[{"@type":"ReadAction","target":["https:\/\/brizyproducts.com\/sv\/product\/modena-no-2-brogue-burgundy\/"]}]},{"@type":"ImageObject","inLanguage":"sv-SE","@id":"https:\/\/brizyproducts.com\/sv\/product\/modena-no-2-brogue-burgundy\/#primaryimage","url":"https:\/\/brizyproducts.com\/wp-content\/uploads\/2025\/03\/1-1-scaled.webp","contentUrl":"https:\/\/brizyproducts.com\/wp-content\/uploads\/2025\/03\/1-1-scaled.webp","width":3375,"height":4500},{"@type":"BreadcrumbList","@id":"https:\/\/brizyproducts.com\/sv\/product\/modena-no-2-brogue-burgundy\/#breadcrumb","itemListElement":[{"@type":"ListItem","position":1,"name":"Hem","item":"https:\/\/brizyproducts.com\/sv\/"},{"@type":"ListItem","position":2,"name":"Shop","item":"https:\/\/brizyproducts.com\/sv\/shop\/"},{"@type":"ListItem","position":3,"name":"Modena No. 2 Brogue\/Burgundy"}]},{"@type":"WebSite","@id":"https:\/\/brizyproducts.com\/sv\/#website","url":"https:\/\/brizyproducts.com\/sv\/","name":"Brizy","description":"","publisher":{"@id":"https:\/\/brizyproducts.com\/sv\/#organization"},"potentialAction":[{"@type":"SearchAction","target":{"@type":"EntryPoint","urlTemplate":"https:\/\/brizyproducts.com\/sv\/?s={search_term_string}"},"query-input":{"@type":"PropertyValueSpecification","valueRequired":true,"valueName":"search_term_string"}}],"inLanguage":"sv-SE"},{"@type":"Organization","@id":"https:\/\/brizyproducts.com\/sv\/#organization","name":"Brizy","url":"https:\/\/brizyproducts.com\/sv\/","logo":{"@type":"ImageObject","inLanguage":"sv-SE","@id":"https:\/\/brizyproducts.com\/sv\/#\/schema\/logo\/image\/","url":"https:\/\/brizyproducts.com\/wp-content\/uploads\/2023\/12\/Brizy-old.svg","contentUrl":"https:\/\/brizyproducts.com\/wp-content\/uploads\/2023\/12\/Brizy-old.svg","width":1,"height":1,"caption":"Brizy"},"image":{"@id":"https:\/\/brizyproducts.com\/sv\/#\/schema\/logo\/image\/"},"sameAs":["https:\/\/www.facebook.com\/brizy.1983\/","https:\/\/www.linkedin.com\/company\/brizy-produktion\/"]}]},"og_availability":"instock","product_availability":"instock","product_condition":"new"},"_links":{"self":[{"href":"https:\/\/brizyproducts.com\/sv\/wp-json\/wp\/v2\/product\/16856","targetHints":{"allow":["GET"]}}],"collection":[{"href":"https:\/\/brizyproducts.com\/sv\/wp-json\/wp\/v2\/product"}],"about":[{"href":"https:\/\/brizyproducts.com\/sv\/wp-json\/wp\/v2\/types\/product"}],"replies":[{"embeddable":true,"href":"https:\/\/brizyproducts.com\/sv\/wp-json\/wp\/v2\/comments?post=16856"}],"wp:featuredmedia":[{"embeddable":true,"href":"https:\/\/brizyproducts.com\/sv\/wp-json\/wp\/v2\/media\/16620"}],"wp:attachment":[{"href":"https:\/\/brizyproducts.com\/sv\/wp-json\/wp\/v2\/media?parent=16856"}],"wp:term":[{"taxonomy":"product_brand","embeddable":true,"href":"https:\/\/brizyproducts.com\/sv\/wp-json\/wp\/v2\/product_brand?post=16856"},{"taxonomy":"product_cat","embeddable":true,"href":"https:\/\/brizyproducts.com\/sv\/wp-json\/wp\/v2\/product_cat?post=16856"},{"taxonomy":"product_tag","embeddable":true,"href":"https:\/\/brizyproducts.com\/sv\/wp-json\/wp\/v2\/product_tag?post=16856"}],"curies":[{"name":"wp","href":"https:\/\/api.w.org\/{rel}","templated":true}]}}