{"id":16779,"date":"2025-03-19T07:36:06","date_gmt":"2025-03-19T07:36:06","guid":{"rendered":"https:\/\/brizyproducts.com\/?post_type=product&#038;p=16779"},"modified":"2025-12-03T11:10:31","modified_gmt":"2025-12-03T11:10:31","slug":"modena-no-5-us-brogue","status":"publish","type":"product","link":"https:\/\/brizyproducts.com\/sv\/product\/modena-no-5-us-brogue\/","title":{"rendered":"Modena No. 5 US Brogue"},"content":{"rendered":"<h2><strong>Modena No. 5 US Brogue \u2013 Stil m\u00f6ter funktion f\u00f6r kusken<\/strong><\/h2>\n<p>Modena No. 5 US Brogue \u00e4r en elegant och praktisk k\u00f6rboot f\u00f6r dig som anv\u00e4nder en amerikans sulky. Den \u00e4r tillverkad i italienskt abrasivato-l\u00e4der med en polerad, vatten- och smutsavvisande yta &#8211; vilket ger b\u00e5de stil, slitstyrka och formbarhet.<\/p>\n<p>Sulan \u00e4r tunn och flexibel f\u00f6r att ge bra grepp och direkt k\u00e4nsla i sulkyn, samtidigt som du bibeh\u00e5ller komforten \u00e4ven under l\u00e5nga t\u00e4vlingsdagar. Inuti hittar du ett ventilerande l\u00e4derfoder som hj\u00e4lper till att h\u00e5lla foten torr. Med den praktiska dragkedjan \u00e4r Modena No. 5 US Brogue ett praktiskt och bra val f\u00f6r dig som vill ha ett l\u00e4ttare alternativ utan det f\u00f6rst\u00e4rkta h\u00e4lpartiet.<\/p>\n\n","protected":false},"excerpt":{"rendered":"<p>Smidig och slitstark k\u00f6rboot anpassad f\u00f6r dig som k\u00f6r i amerikansk sulky, med tunn gummisula och ventilationsl\u00e4der f\u00f6r komfort och grepp.<\/p>\n","protected":false},"featured_media":16790,"comment_status":"open","ping_status":"closed","template":"","meta":{"_acf_changed":false},"product_brand":[],"product_cat":[321],"product_tag":[],"season":[506,502],"gender":[510],"collection":[554],"activity":[566,562,564],"product_type_brizy":[570],"class_list":{"0":"post-16779","1":"product","2":"type-product","3":"status-publish","4":"has-post-thumbnail","6":"product_cat-shoes","7":"season-spring-fall","8":"season-summer","9":"gender-men","10":"collection-modena","11":"activity-monte","12":"activity-training","13":"activity-trotting","14":"product_type_brizy-stock-products","16":"first","17":"instock","18":"taxable","19":"shipping-taxable","20":"purchasable","21":"product-type-variable"},"acf":[],"yoast_head":"<!-- This site is optimized with the Yoast SEO plugin v27.4 - https:\/\/yoast.com\/product\/yoast-seo-wordpress\/ -->\n<title>Modena No. 5 US Brogue | L\u00e4tt k\u00f6rboot anpassad f\u00f6r trav | Brizy<\/title>\n<meta name=\"description\" content=\"Stilren k\u00f6rboot anpassad speciellt f\u00f6r amerikanska sulkys, med slitstark sula, ventilationsl\u00e4der och komfortfokus f\u00f6r travkuskar.\" \/>\n<meta name=\"robots\" content=\"index, follow, max-snippet:-1, max-image-preview:large, max-video-preview:-1\" \/>\n<link rel=\"canonical\" href=\"https:\/\/brizyproducts.com\/sv\/product\/modena-no-5-us-brogue\/\" \/>\n<meta property=\"og:locale\" content=\"sv_SE\" \/>\n<meta property=\"og:type\" content=\"article\" \/>\n<meta property=\"og:title\" content=\"Modena No. 5 US Brogue | L\u00e4tt k\u00f6rboot anpassad f\u00f6r trav | Brizy\" \/>\n<meta property=\"og:description\" content=\"Stilren k\u00f6rboot anpassad speciellt f\u00f6r amerikanska sulkys, med slitstark sula, ventilationsl\u00e4der och komfortfokus f\u00f6r travkuskar.\" \/>\n<meta property=\"og:url\" content=\"https:\/\/brizyproducts.com\/sv\/product\/modena-no-5-us-brogue\/\" \/>\n<meta property=\"og:site_name\" content=\"Brizy Products\" \/>\n<meta property=\"article:publisher\" content=\"https:\/\/www.facebook.com\/brizy.1983\/\" \/>\n<meta property=\"article:modified_time\" content=\"2025-12-03T11:10:31+00:00\" \/>\n<meta property=\"og:image\" content=\"https:\/\/brizyproducts.com\/wp-content\/uploads\/2025\/03\/1-4-1650x2200.webp\" \/>\n\t<meta property=\"og:image:width\" content=\"1650\" \/>\n\t<meta property=\"og:image:height\" content=\"2200\" \/>\n\t<meta property=\"og:image:type\" content=\"image\/png\" \/>\n<meta name=\"twitter:card\" content=\"summary_large_image\" \/>\n<meta property=\"og:availability\" content=\"instock\" \/>\n<meta property=\"product:availability\" content=\"instock\" \/>\n<meta property=\"product:condition\" content=\"new\" \/>\n<!-- \/ Yoast SEO plugin. -->","yoast_head_json":{"title":"Modena No. 5 US Brogue | L\u00e4tt k\u00f6rboot anpassad f\u00f6r trav | Brizy","description":"Stilren k\u00f6rboot anpassad speciellt f\u00f6r amerikanska sulkys, med slitstark sula, ventilationsl\u00e4der och komfortfokus f\u00f6r travkuskar.","robots":{"index":"index","follow":"follow","max-snippet":"max-snippet:-1","max-image-preview":"max-image-preview:large","max-video-preview":"max-video-preview:-1"},"canonical":"https:\/\/brizyproducts.com\/sv\/product\/modena-no-5-us-brogue\/","og_locale":"sv_SE","og_type":"article","og_title":"Modena No. 5 US Brogue | L\u00e4tt k\u00f6rboot anpassad f\u00f6r trav | Brizy","og_description":"Stilren k\u00f6rboot anpassad speciellt f\u00f6r amerikanska sulkys, med slitstark sula, ventilationsl\u00e4der och komfortfokus f\u00f6r travkuskar.","og_url":"https:\/\/brizyproducts.com\/sv\/product\/modena-no-5-us-brogue\/","og_site_name":"Brizy Products","article_publisher":"https:\/\/www.facebook.com\/brizy.1983\/","article_modified_time":"2025-12-03T11:10:31+00:00","og_image":[{"width":1650,"height":2200,"url":"https:\/\/brizyproducts.com\/wp-content\/uploads\/2025\/03\/1-4-1650x2200.webp","type":"image\/png"}],"twitter_card":"summary_large_image","schema":{"@context":"https:\/\/schema.org","@graph":[{"@type":"WebPage","@id":"https:\/\/brizyproducts.com\/sv\/product\/modena-no-5-us-brogue\/","url":"https:\/\/brizyproducts.com\/sv\/product\/modena-no-5-us-brogue\/","name":"Modena No. 5 US Brogue | L\u00e4tt k\u00f6rboot anpassad f\u00f6r trav | Brizy","isPartOf":{"@id":"https:\/\/brizyproducts.com\/sv\/#website"},"primaryImageOfPage":{"@id":"https:\/\/brizyproducts.com\/sv\/product\/modena-no-5-us-brogue\/#primaryimage"},"image":{"@id":"https:\/\/brizyproducts.com\/sv\/product\/modena-no-5-us-brogue\/#primaryimage"},"thumbnailUrl":"https:\/\/brizyproducts.com\/wp-content\/uploads\/2025\/03\/1-4-scaled.webp","datePublished":"2025-03-19T07:36:06+00:00","dateModified":"2025-12-03T11:10:31+00:00","description":"Stilren k\u00f6rboot anpassad speciellt f\u00f6r amerikanska sulkys, med slitstark sula, ventilationsl\u00e4der och komfortfokus f\u00f6r travkuskar.","breadcrumb":{"@id":"https:\/\/brizyproducts.com\/sv\/product\/modena-no-5-us-brogue\/#breadcrumb"},"inLanguage":"sv-SE","potentialAction":[{"@type":"ReadAction","target":["https:\/\/brizyproducts.com\/sv\/product\/modena-no-5-us-brogue\/"]}]},{"@type":"ImageObject","inLanguage":"sv-SE","@id":"https:\/\/brizyproducts.com\/sv\/product\/modena-no-5-us-brogue\/#primaryimage","url":"https:\/\/brizyproducts.com\/wp-content\/uploads\/2025\/03\/1-4-scaled.webp","contentUrl":"https:\/\/brizyproducts.com\/wp-content\/uploads\/2025\/03\/1-4-scaled.webp","width":3375,"height":4500},{"@type":"BreadcrumbList","@id":"https:\/\/brizyproducts.com\/sv\/product\/modena-no-5-us-brogue\/#breadcrumb","itemListElement":[{"@type":"ListItem","position":1,"name":"Hem","item":"https:\/\/brizyproducts.com\/sv\/"},{"@type":"ListItem","position":2,"name":"Shop","item":"https:\/\/brizyproducts.com\/sv\/shop\/"},{"@type":"ListItem","position":3,"name":"Modena No. 5 US Brogue"}]},{"@type":"WebSite","@id":"https:\/\/brizyproducts.com\/sv\/#website","url":"https:\/\/brizyproducts.com\/sv\/","name":"Brizy","description":"","publisher":{"@id":"https:\/\/brizyproducts.com\/sv\/#organization"},"potentialAction":[{"@type":"SearchAction","target":{"@type":"EntryPoint","urlTemplate":"https:\/\/brizyproducts.com\/sv\/?s={search_term_string}"},"query-input":{"@type":"PropertyValueSpecification","valueRequired":true,"valueName":"search_term_string"}}],"inLanguage":"sv-SE"},{"@type":"Organization","@id":"https:\/\/brizyproducts.com\/sv\/#organization","name":"Brizy","url":"https:\/\/brizyproducts.com\/sv\/","logo":{"@type":"ImageObject","inLanguage":"sv-SE","@id":"https:\/\/brizyproducts.com\/sv\/#\/schema\/logo\/image\/","url":"https:\/\/brizyproducts.com\/wp-content\/uploads\/2023\/12\/Brizy-old.svg","contentUrl":"https:\/\/brizyproducts.com\/wp-content\/uploads\/2023\/12\/Brizy-old.svg","width":1,"height":1,"caption":"Brizy"},"image":{"@id":"https:\/\/brizyproducts.com\/sv\/#\/schema\/logo\/image\/"},"sameAs":["https:\/\/www.facebook.com\/brizy.1983\/","https:\/\/www.linkedin.com\/company\/brizy-produktion\/"]}]},"og_availability":"instock","product_availability":"instock","product_condition":"new"},"_links":{"self":[{"href":"https:\/\/brizyproducts.com\/sv\/wp-json\/wp\/v2\/product\/16779","targetHints":{"allow":["GET"]}}],"collection":[{"href":"https:\/\/brizyproducts.com\/sv\/wp-json\/wp\/v2\/product"}],"about":[{"href":"https:\/\/brizyproducts.com\/sv\/wp-json\/wp\/v2\/types\/product"}],"replies":[{"embeddable":true,"href":"https:\/\/brizyproducts.com\/sv\/wp-json\/wp\/v2\/comments?post=16779"}],"wp:featuredmedia":[{"embeddable":true,"href":"https:\/\/brizyproducts.com\/sv\/wp-json\/wp\/v2\/media\/16790"}],"wp:attachment":[{"href":"https:\/\/brizyproducts.com\/sv\/wp-json\/wp\/v2\/media?parent=16779"}],"wp:term":[{"taxonomy":"product_brand","embeddable":true,"href":"https:\/\/brizyproducts.com\/sv\/wp-json\/wp\/v2\/product_brand?post=16779"},{"taxonomy":"product_cat","embeddable":true,"href":"https:\/\/brizyproducts.com\/sv\/wp-json\/wp\/v2\/product_cat?post=16779"},{"taxonomy":"product_tag","embeddable":true,"href":"https:\/\/brizyproducts.com\/sv\/wp-json\/wp\/v2\/product_tag?post=16779"},{"taxonomy":"season","embeddable":true,"href":"https:\/\/brizyproducts.com\/sv\/wp-json\/wp\/v2\/season?post=16779"},{"taxonomy":"gender","embeddable":true,"href":"https:\/\/brizyproducts.com\/sv\/wp-json\/wp\/v2\/gender?post=16779"},{"taxonomy":"collection","embeddable":true,"href":"https:\/\/brizyproducts.com\/sv\/wp-json\/wp\/v2\/collection?post=16779"},{"taxonomy":"activity","embeddable":true,"href":"https:\/\/brizyproducts.com\/sv\/wp-json\/wp\/v2\/activity?post=16779"},{"taxonomy":"product_type_brizy","embeddable":true,"href":"https:\/\/brizyproducts.com\/sv\/wp-json\/wp\/v2\/product_type_brizy?post=16779"}],"curies":[{"name":"wp","href":"https:\/\/api.w.org\/{rel}","templated":true}]}}