{"id":15001,"date":"2025-01-30T08:19:20","date_gmt":"2025-01-30T08:19:20","guid":{"rendered":"https:\/\/brizyproducts.com\/product\/san-siro-ryggskydd-tm\/"},"modified":"2025-09-15T18:02:35","modified_gmt":"2025-09-15T18:02:35","slug":"san-siro-ryggskydd-tm","status":"publish","type":"product","link":"https:\/\/brizyproducts.com\/sv\/product\/san-siro-ryggskydd-tm\/","title":{"rendered":"San Siro Ryggskydd TM"},"content":{"rendered":"<p><strong>San Siro Protector TM &#8211; Skapa din egen unika design!<\/strong><\/p>\n<p>Vi \u00e4r stolta \u00f6ver att kunna presentera en s\u00e4kerhetsv\u00e4st som s\u00e4tter en ny standard f\u00f6r personlig skyddsutrustning inom travsporten. San Siro Protector \u00e4r utformad f\u00f6r att uppfylla de h\u00f6gsta h\u00e4lso- och s\u00e4kerhetskraven och ger certifierat skydd f\u00f6r travf\u00f6rare i EU och Storbritannien.<\/p>\n<p><strong>Skr\u00e4ddarsy ditt San Siro-skydd<\/strong><\/p>\n<p>L\u00e4gg till din unika design, inklusive logotyper och namn, s\u00e5 att ditt San Siro Protector verkligen blir ditt. G\u00f6r din best\u00e4llning, skicka in dina uppgifter s\u00e5 kontaktar vi dig f\u00f6r att slutf\u00f6ra din design och dina \u00f6nskem\u00e5l.<\/p>\n<p><strong>Certifierat skydd du kan lita p\u00e5<\/strong><\/p>\n<p>Efter mer \u00e4n ett \u00e5rs rigor\u00f6s utveckling och testning har San Siro Protector certifierats av SATRA Technology Europe Ltd, under Notified Body: 2777, enligt M46:2024-specifikation f\u00f6r s\u00e4kerhetsv\u00e4star f\u00f6r trav- och galoppsport och PPE-f\u00f6rordning 2016\/425. Den \u00e4r tillverkad i enlighet med standarderna <strong>EN 1621-2:2014<\/strong> och <strong>EN 1621-3<\/strong>: <strong>2014<\/strong>. San Siro Protector \u00e4r utrustad med ett centralt ryggskydd och delade br\u00f6stskydd som \u00e4r s\u00f6ml\u00f6st integrerade i smarta fickor med s\u00e4ker fasts\u00e4ttning och erbjuder \u00f6verl\u00e4gset skydd och exceptionell r\u00f6relsefrihet. Denna v\u00e4st s\u00e4kerst\u00e4ller att f\u00f6rare kan prestera med sj\u00e4lvf\u00f6rtroende \u00e4ven under de mest kr\u00e4vande f\u00f6rh\u00e5llanden. <strong>Observera:<\/strong><br \/>\nF\u00f6lj alltid de specifika s\u00e4kerhetsf\u00f6reskrifterna i ditt land eller omr\u00e5de f\u00f6r att s\u00e4kerst\u00e4lla efterlevnad. San Siro Protector \u00e4r certifierad f\u00f6r anv\u00e4ndning inom EU och Storbritannien. INGA RYGG- OCH BR\u00d6STSKYDD KAN SKYDDA B\u00c4RAREN MOT ALLA F\u00d6RUTSEBARA ST\u00d6TAR<\/p>\n<p><strong>Montering<\/strong><\/p>\n<p>Vid utprovning av en v\u00e4st \u00e4r det viktigt att ta exakta m\u00e5tt. F\u00f6r att s\u00e4kerst\u00e4lla noggrannheten \u00e4r det bra att ha n\u00e5gon som hj\u00e4lper dig. Du m\u00e5ste ta tre olika m\u00e5tt: br\u00f6stm\u00e5ttet, midjem\u00e5ttet och ryggm\u00e5ttet. Se storleksguiden. Kom ih\u00e5g att exakta m\u00e5tt \u00e4r nyckeln till en v\u00e4lsittande v\u00e4st, s\u00e5 ta god tid p\u00e5 dig och dubbelkolla dina m\u00e5tt. F\u00f6r mer information, se fliken Storleksguide.<\/p>\n<p><strong>Material <\/strong><\/p>\n<p>Skal och foder &#8211; 100 % polyester Centralt ryggskydd, EN 1621-2:2014, niv\u00e5 2 Uppdelade br\u00f6stskydd, EN 1621-3:2014, niv\u00e5 2 Skydd f\u00f6r svansben &#8211; Viscoelastiskt mjukt skum Best\u00e4ll nu &#8211; din personliga s\u00e4kerhetsv\u00e4st San Siro Protector \u00e4r den ultimata s\u00e4kerhetsv\u00e4sten och erbjuder o\u00f6vertr\u00e4ffat skydd och komfort f\u00f6r travsport. Den \u00e4r s\u00e4rskilt utformad f\u00f6r f\u00f6rare inom travsport och ser till att du \u00e4r s\u00e4ker, trygg och fokuserad p\u00e5 topprestationer.<\/p>\n<p class=\"s6\">F\u00f6r mer information &#8211; l\u00e4s mer under fliken &#8221;Dokument&#8221;<\/p>\n","protected":false},"excerpt":{"rendered":"<p>San Siro Protector TM &#8211; Skapa din egen unika design! Vi \u00e4r stolta \u00f6ver att kunna presentera en s\u00e4kerhetsv\u00e4st som s\u00e4tter en ny standard f\u00f6r personlig skyddsutrustning inom travsporten. San Siro Protector \u00e4r utformad f\u00f6r att uppfylla de h\u00f6gsta h\u00e4lso- och s\u00e4kerhetskraven och ger certifierat skydd f\u00f6r travf\u00f6rare i EU och Storbritannien. Skr\u00e4ddarsy ditt San [&hellip;]<\/p>\n","protected":false},"featured_media":15897,"comment_status":"closed","ping_status":"closed","template":"","meta":{"_acf_changed":false},"product_brand":[],"product_cat":[253,425,267],"product_tag":[256],"class_list":{"0":"post-15001","1":"product","2":"type-product","3":"status-publish","4":"has-post-thumbnail","6":"product_cat-mens","7":"product_cat-protective-gear","8":"product_cat-womens","9":"product_tag-pocono-sv","10":"season-spring-fall","11":"season-summer","12":"season-winter","13":"gender-men","14":"gender-women","15":"collection-san-siro","16":"activity-racing","17":"activity-training","18":"product_type_brizy-tailor-made","20":"first","21":"instock","22":"taxable","23":"shipping-taxable","24":"purchasable","25":"product-type-variable"},"acf":[],"yoast_head":"<!-- This site is optimized with the Yoast SEO plugin v27.3 - https:\/\/yoast.com\/product\/yoast-seo-wordpress\/ -->\n<title>San Siro Ryggskydd TM och S\u00e4kerhetsv\u00e4st | Brizy<\/title>\n<meta name=\"description\" content=\"San Siro Protector TM - Skapa din egen unika design! Vi \u00e4r stolta \u00f6ver att kunna presentera en s\u00e4kerhetsv\u00e4st som s\u00e4tter en ny standard f\u00f6r personlig\" \/>\n<meta name=\"robots\" content=\"index, follow, max-snippet:-1, max-image-preview:large, max-video-preview:-1\" \/>\n<link rel=\"canonical\" href=\"https:\/\/brizyproducts.com\/sv\/product\/san-siro-ryggskydd-tm\/\" \/>\n<meta property=\"og:locale\" content=\"sv_SE\" \/>\n<meta property=\"og:type\" content=\"article\" \/>\n<meta property=\"og:title\" content=\"San Siro Ryggskydd TM och S\u00e4kerhetsv\u00e4st | Brizy\" \/>\n<meta property=\"og:description\" content=\"San Siro Protector TM - Skapa din egen unika design! Vi \u00e4r stolta \u00f6ver att kunna presentera en s\u00e4kerhetsv\u00e4st som s\u00e4tter en ny standard f\u00f6r personlig\" \/>\n<meta property=\"og:url\" content=\"https:\/\/brizyproducts.com\/sv\/product\/san-siro-ryggskydd-tm\/\" \/>\n<meta property=\"og:site_name\" content=\"Brizy Products\" \/>\n<meta property=\"article:publisher\" content=\"https:\/\/www.facebook.com\/brizy.1983\/\" \/>\n<meta property=\"article:modified_time\" content=\"2025-09-15T18:02:35+00:00\" \/>\n<meta property=\"og:image\" content=\"https:\/\/brizyproducts.com\/wp-content\/uploads\/2025\/01\/1GJ-png-scaled.webp\" \/>\n\t<meta property=\"og:image:width\" content=\"1920\" \/>\n\t<meta property=\"og:image:height\" content=\"2560\" \/>\n\t<meta property=\"og:image:type\" content=\"image\/webp\" \/>\n<meta name=\"twitter:card\" content=\"summary_large_image\" \/>\n<meta property=\"og:availability\" content=\"instock\" \/>\n<meta property=\"product:availability\" content=\"instock\" \/>\n<meta property=\"product:condition\" content=\"new\" \/>\n<!-- \/ Yoast SEO plugin. -->","yoast_head_json":{"title":"San Siro Ryggskydd TM och S\u00e4kerhetsv\u00e4st | Brizy","description":"San Siro Protector TM - Skapa din egen unika design! Vi \u00e4r stolta \u00f6ver att kunna presentera en s\u00e4kerhetsv\u00e4st som s\u00e4tter en ny standard f\u00f6r personlig","robots":{"index":"index","follow":"follow","max-snippet":"max-snippet:-1","max-image-preview":"max-image-preview:large","max-video-preview":"max-video-preview:-1"},"canonical":"https:\/\/brizyproducts.com\/sv\/product\/san-siro-ryggskydd-tm\/","og_locale":"sv_SE","og_type":"article","og_title":"San Siro Ryggskydd TM och S\u00e4kerhetsv\u00e4st | Brizy","og_description":"San Siro Protector TM - Skapa din egen unika design! Vi \u00e4r stolta \u00f6ver att kunna presentera en s\u00e4kerhetsv\u00e4st som s\u00e4tter en ny standard f\u00f6r personlig","og_url":"https:\/\/brizyproducts.com\/sv\/product\/san-siro-ryggskydd-tm\/","og_site_name":"Brizy Products","article_publisher":"https:\/\/www.facebook.com\/brizy.1983\/","article_modified_time":"2025-09-15T18:02:35+00:00","og_image":[{"width":1920,"height":2560,"url":"https:\/\/brizyproducts.com\/wp-content\/uploads\/2025\/01\/1GJ-png-scaled.webp","type":"image\/webp"}],"twitter_card":"summary_large_image","schema":{"@context":"https:\/\/schema.org","@graph":[{"@type":"WebPage","@id":"https:\/\/brizyproducts.com\/sv\/product\/san-siro-ryggskydd-tm\/","url":"https:\/\/brizyproducts.com\/sv\/product\/san-siro-ryggskydd-tm\/","name":"San Siro Ryggskydd TM och S\u00e4kerhetsv\u00e4st | Brizy","isPartOf":{"@id":"https:\/\/brizyproducts.com\/sv\/#website"},"primaryImageOfPage":{"@id":"https:\/\/brizyproducts.com\/sv\/product\/san-siro-ryggskydd-tm\/#primaryimage"},"image":{"@id":"https:\/\/brizyproducts.com\/sv\/product\/san-siro-ryggskydd-tm\/#primaryimage"},"thumbnailUrl":"https:\/\/brizyproducts.com\/wp-content\/uploads\/2025\/01\/1GJ-png-scaled.webp","datePublished":"2025-01-30T08:19:20+00:00","dateModified":"2025-09-15T18:02:35+00:00","description":"San Siro Protector TM - Skapa din egen unika design! Vi \u00e4r stolta \u00f6ver att kunna presentera en s\u00e4kerhetsv\u00e4st som s\u00e4tter en ny standard f\u00f6r personlig","breadcrumb":{"@id":"https:\/\/brizyproducts.com\/sv\/product\/san-siro-ryggskydd-tm\/#breadcrumb"},"inLanguage":"sv-SE","potentialAction":[{"@type":"ReadAction","target":["https:\/\/brizyproducts.com\/sv\/product\/san-siro-ryggskydd-tm\/"]}]},{"@type":"ImageObject","inLanguage":"sv-SE","@id":"https:\/\/brizyproducts.com\/sv\/product\/san-siro-ryggskydd-tm\/#primaryimage","url":"https:\/\/brizyproducts.com\/wp-content\/uploads\/2025\/01\/1GJ-png-scaled.webp","contentUrl":"https:\/\/brizyproducts.com\/wp-content\/uploads\/2025\/01\/1GJ-png-scaled.webp","width":1920,"height":2560},{"@type":"BreadcrumbList","@id":"https:\/\/brizyproducts.com\/sv\/product\/san-siro-ryggskydd-tm\/#breadcrumb","itemListElement":[{"@type":"ListItem","position":1,"name":"Hem","item":"https:\/\/brizyproducts.com\/sv\/"},{"@type":"ListItem","position":2,"name":"Shop","item":"https:\/\/brizyproducts.com\/sv\/shop\/"},{"@type":"ListItem","position":3,"name":"San Siro Ryggskydd TM"}]},{"@type":"WebSite","@id":"https:\/\/brizyproducts.com\/sv\/#website","url":"https:\/\/brizyproducts.com\/sv\/","name":"Brizy","description":"","publisher":{"@id":"https:\/\/brizyproducts.com\/sv\/#organization"},"potentialAction":[{"@type":"SearchAction","target":{"@type":"EntryPoint","urlTemplate":"https:\/\/brizyproducts.com\/sv\/?s={search_term_string}"},"query-input":{"@type":"PropertyValueSpecification","valueRequired":true,"valueName":"search_term_string"}}],"inLanguage":"sv-SE"},{"@type":"Organization","@id":"https:\/\/brizyproducts.com\/sv\/#organization","name":"Brizy","url":"https:\/\/brizyproducts.com\/sv\/","logo":{"@type":"ImageObject","inLanguage":"sv-SE","@id":"https:\/\/brizyproducts.com\/sv\/#\/schema\/logo\/image\/","url":"https:\/\/brizyproducts.com\/wp-content\/uploads\/2023\/12\/Brizy-old.svg","contentUrl":"https:\/\/brizyproducts.com\/wp-content\/uploads\/2023\/12\/Brizy-old.svg","width":1,"height":1,"caption":"Brizy"},"image":{"@id":"https:\/\/brizyproducts.com\/sv\/#\/schema\/logo\/image\/"},"sameAs":["https:\/\/www.facebook.com\/brizy.1983\/","https:\/\/www.linkedin.com\/company\/brizy-produktion\/"]}]},"og_availability":"instock","product_availability":"instock","product_condition":"new"},"_links":{"self":[{"href":"https:\/\/brizyproducts.com\/sv\/wp-json\/wp\/v2\/product\/15001","targetHints":{"allow":["GET"]}}],"collection":[{"href":"https:\/\/brizyproducts.com\/sv\/wp-json\/wp\/v2\/product"}],"about":[{"href":"https:\/\/brizyproducts.com\/sv\/wp-json\/wp\/v2\/types\/product"}],"replies":[{"embeddable":true,"href":"https:\/\/brizyproducts.com\/sv\/wp-json\/wp\/v2\/comments?post=15001"}],"wp:featuredmedia":[{"embeddable":true,"href":"https:\/\/brizyproducts.com\/sv\/wp-json\/wp\/v2\/media\/15897"}],"wp:attachment":[{"href":"https:\/\/brizyproducts.com\/sv\/wp-json\/wp\/v2\/media?parent=15001"}],"wp:term":[{"taxonomy":"product_brand","embeddable":true,"href":"https:\/\/brizyproducts.com\/sv\/wp-json\/wp\/v2\/product_brand?post=15001"},{"taxonomy":"product_cat","embeddable":true,"href":"https:\/\/brizyproducts.com\/sv\/wp-json\/wp\/v2\/product_cat?post=15001"},{"taxonomy":"product_tag","embeddable":true,"href":"https:\/\/brizyproducts.com\/sv\/wp-json\/wp\/v2\/product_tag?post=15001"}],"curies":[{"name":"wp","href":"https:\/\/api.w.org\/{rel}","templated":true}]}}