{"id":14406,"date":"2023-05-26T13:56:57","date_gmt":"2023-05-26T13:56:57","guid":{"rendered":"https:\/\/brizyproducts.com\/product\/hjalmskydd-utan-visir\/"},"modified":"2026-04-15T09:10:48","modified_gmt":"2026-04-15T09:10:48","slug":"hjalmoverdrag","status":"publish","type":"product","link":"https:\/\/brizyproducts.com\/sv\/product\/hjalmoverdrag\/","title":{"rendered":"Hj\u00e4lm\u00f6verdrag"},"content":{"rendered":"<h2><strong>Hj\u00e4lm\u00f6verdarg i stretch med silikonres\u00e5r<\/strong><\/h2>\n<p>Hj\u00e4lm\u00f6verdrag \u00e4r tillverkat i ett stretchigt material som anpassar sig efter din hj\u00e4lm och dess passform. Det sitter tight och f\u00f6ljsamt runt hj\u00e4lmen utan \u00f6verfl\u00f6digt tyg som fladdrar i vinden.<\/p>\n<p>L\u00e4ngs insidans nederkant finns en stretchig silikonres\u00e5r av h\u00f6g och slitstark kvalitet, som s\u00e4kerst\u00e4ller att hj\u00e4lm\u00f6verdraget sitter stadigt p\u00e5 plats \u2013 \u00e4ven i h\u00f6ga farter och vid starkt vindmotst\u00e5nd.<\/p>\n<p>Designen skapas efter dina \u00f6nskem\u00e5l, med f\u00e4rger, m\u00f6nster och loggor.<\/p>\n","protected":false},"excerpt":{"rendered":"<p>Hj\u00e4lm\u00f6verdrag i stretch.<\/p>\n","protected":false},"featured_media":14408,"comment_status":"closed","ping_status":"closed","template":"","meta":{"_acf_changed":false},"product_brand":[],"product_cat":[299,448],"product_tag":[],"season":[508,506,502,504],"gender":[510,512],"collection":[],"activity":[566,564],"product_type_brizy":[568],"class_list":{"0":"post-14406","1":"product","2":"type-product","3":"status-publish","4":"has-post-thumbnail","6":"product_cat-accessories","7":"product_cat-tailor-made-layout","8":"season-rain","9":"season-spring-fall","10":"season-summer","11":"season-winter","12":"gender-men","13":"gender-women","14":"activity-monte","15":"activity-trotting","16":"product_type_brizy-custom-made","18":"first","19":"instock","20":"taxable","21":"shipping-taxable","22":"purchasable","23":"product-type-simple"},"acf":[],"yoast_head":"<!-- This site is optimized with the Yoast SEO plugin v27.4 - https:\/\/yoast.com\/product\/yoast-seo-wordpress\/ -->\n<title>Hj\u00e4lm\u00f6verdrag | Hj\u00e4lm\u00f6verdrag i stretch med silikonres\u00e5r | Brizy<\/title>\n<meta name=\"description\" content=\"Designa ditt eget hj\u00e4lm\u00f6verdrag anpassat f\u00f6r travhj\u00e4lmar. Tillverkat i slitstarkt stretchmaterial med silikonres\u00e5r i nederkant.\" \/>\n<meta name=\"robots\" content=\"index, follow, max-snippet:-1, max-image-preview:large, max-video-preview:-1\" \/>\n<link rel=\"canonical\" href=\"https:\/\/brizyproducts.com\/sv\/product\/hjalmoverdrag\/\" \/>\n<meta property=\"og:locale\" content=\"sv_SE\" \/>\n<meta property=\"og:type\" content=\"article\" \/>\n<meta property=\"og:title\" content=\"Hj\u00e4lm\u00f6verdrag | Hj\u00e4lm\u00f6verdrag i stretch med silikonres\u00e5r | Brizy\" \/>\n<meta property=\"og:description\" content=\"Designa ditt eget hj\u00e4lm\u00f6verdrag anpassat f\u00f6r travhj\u00e4lmar. Tillverkat i slitstarkt stretchmaterial med silikonres\u00e5r i nederkant.\" \/>\n<meta property=\"og:url\" content=\"https:\/\/brizyproducts.com\/sv\/product\/hjalmoverdrag\/\" \/>\n<meta property=\"og:site_name\" content=\"Brizy Products\" \/>\n<meta property=\"article:publisher\" content=\"https:\/\/www.facebook.com\/brizy.1983\/\" \/>\n<meta property=\"article:modified_time\" content=\"2026-04-15T09:10:48+00:00\" \/>\n<meta property=\"og:image\" content=\"https:\/\/brizyproducts.com\/wp-content\/uploads\/2023\/10\/hjalm-overdrag.png\" \/>\n\t<meta property=\"og:image:width\" content=\"800\" \/>\n\t<meta property=\"og:image:height\" content=\"800\" \/>\n\t<meta property=\"og:image:type\" content=\"image\/png\" \/>\n<meta name=\"twitter:card\" content=\"summary_large_image\" \/>\n<meta property=\"product:price:amount\" content=\"0.00\" \/>\n<meta property=\"product:price:currency\" content=\"USD\" \/>\n<meta property=\"og:availability\" content=\"instock\" \/>\n<meta property=\"product:availability\" content=\"instock\" \/>\n<meta property=\"product:retailer_item_id\" content=\"202\" \/>\n<meta property=\"product:condition\" content=\"new\" \/>\n<!-- \/ Yoast SEO plugin. -->","yoast_head_json":{"title":"Hj\u00e4lm\u00f6verdrag | Hj\u00e4lm\u00f6verdrag i stretch med silikonres\u00e5r | Brizy","description":"Designa ditt eget hj\u00e4lm\u00f6verdrag anpassat f\u00f6r travhj\u00e4lmar. Tillverkat i slitstarkt stretchmaterial med silikonres\u00e5r i nederkant.","robots":{"index":"index","follow":"follow","max-snippet":"max-snippet:-1","max-image-preview":"max-image-preview:large","max-video-preview":"max-video-preview:-1"},"canonical":"https:\/\/brizyproducts.com\/sv\/product\/hjalmoverdrag\/","og_locale":"sv_SE","og_type":"article","og_title":"Hj\u00e4lm\u00f6verdrag | Hj\u00e4lm\u00f6verdrag i stretch med silikonres\u00e5r | Brizy","og_description":"Designa ditt eget hj\u00e4lm\u00f6verdrag anpassat f\u00f6r travhj\u00e4lmar. Tillverkat i slitstarkt stretchmaterial med silikonres\u00e5r i nederkant.","og_url":"https:\/\/brizyproducts.com\/sv\/product\/hjalmoverdrag\/","og_site_name":"Brizy Products","article_publisher":"https:\/\/www.facebook.com\/brizy.1983\/","article_modified_time":"2026-04-15T09:10:48+00:00","og_image":[{"width":800,"height":800,"url":"https:\/\/brizyproducts.com\/wp-content\/uploads\/2023\/10\/hjalm-overdrag.png","type":"image\/png"}],"twitter_card":"summary_large_image","schema":{"@context":"https:\/\/schema.org","@graph":[{"@type":"WebPage","@id":"https:\/\/brizyproducts.com\/sv\/product\/hjalmoverdrag\/","url":"https:\/\/brizyproducts.com\/sv\/product\/hjalmoverdrag\/","name":"Hj\u00e4lm\u00f6verdrag | Hj\u00e4lm\u00f6verdrag i stretch med silikonres\u00e5r | Brizy","isPartOf":{"@id":"https:\/\/brizyproducts.com\/sv\/#website"},"primaryImageOfPage":{"@id":"https:\/\/brizyproducts.com\/sv\/product\/hjalmoverdrag\/#primaryimage"},"image":{"@id":"https:\/\/brizyproducts.com\/sv\/product\/hjalmoverdrag\/#primaryimage"},"thumbnailUrl":"https:\/\/brizyproducts.com\/wp-content\/uploads\/2023\/10\/hjalm-overdrag.png","datePublished":"2023-05-26T13:56:57+00:00","dateModified":"2026-04-15T09:10:48+00:00","description":"Designa ditt eget hj\u00e4lm\u00f6verdrag anpassat f\u00f6r travhj\u00e4lmar. Tillverkat i slitstarkt stretchmaterial med silikonres\u00e5r i nederkant.","breadcrumb":{"@id":"https:\/\/brizyproducts.com\/sv\/product\/hjalmoverdrag\/#breadcrumb"},"inLanguage":"sv-SE","potentialAction":[{"@type":"ReadAction","target":["https:\/\/brizyproducts.com\/sv\/product\/hjalmoverdrag\/"]}]},{"@type":"ImageObject","inLanguage":"sv-SE","@id":"https:\/\/brizyproducts.com\/sv\/product\/hjalmoverdrag\/#primaryimage","url":"https:\/\/brizyproducts.com\/wp-content\/uploads\/2023\/10\/hjalm-overdrag.png","contentUrl":"https:\/\/brizyproducts.com\/wp-content\/uploads\/2023\/10\/hjalm-overdrag.png","width":800,"height":800},{"@type":"BreadcrumbList","@id":"https:\/\/brizyproducts.com\/sv\/product\/hjalmoverdrag\/#breadcrumb","itemListElement":[{"@type":"ListItem","position":1,"name":"Hem","item":"https:\/\/brizyproducts.com\/sv\/"},{"@type":"ListItem","position":2,"name":"Shop","item":"https:\/\/brizyproducts.com\/sv\/shop\/"},{"@type":"ListItem","position":3,"name":"Hj\u00e4lm\u00f6verdrag"}]},{"@type":"WebSite","@id":"https:\/\/brizyproducts.com\/sv\/#website","url":"https:\/\/brizyproducts.com\/sv\/","name":"Brizy","description":"","publisher":{"@id":"https:\/\/brizyproducts.com\/sv\/#organization"},"potentialAction":[{"@type":"SearchAction","target":{"@type":"EntryPoint","urlTemplate":"https:\/\/brizyproducts.com\/sv\/?s={search_term_string}"},"query-input":{"@type":"PropertyValueSpecification","valueRequired":true,"valueName":"search_term_string"}}],"inLanguage":"sv-SE"},{"@type":"Organization","@id":"https:\/\/brizyproducts.com\/sv\/#organization","name":"Brizy","url":"https:\/\/brizyproducts.com\/sv\/","logo":{"@type":"ImageObject","inLanguage":"sv-SE","@id":"https:\/\/brizyproducts.com\/sv\/#\/schema\/logo\/image\/","url":"https:\/\/brizyproducts.com\/wp-content\/uploads\/2023\/12\/Brizy-old.svg","contentUrl":"https:\/\/brizyproducts.com\/wp-content\/uploads\/2023\/12\/Brizy-old.svg","width":1,"height":1,"caption":"Brizy"},"image":{"@id":"https:\/\/brizyproducts.com\/sv\/#\/schema\/logo\/image\/"},"sameAs":["https:\/\/www.facebook.com\/brizy.1983\/","https:\/\/www.linkedin.com\/company\/brizy-produktion\/"]}]},"product_price_amount":"0.00","product_price_currency":"USD","og_availability":"instock","product_availability":"instock","product_retailer_item_id":"202","product_condition":"new"},"_links":{"self":[{"href":"https:\/\/brizyproducts.com\/sv\/wp-json\/wp\/v2\/product\/14406","targetHints":{"allow":["GET"]}}],"collection":[{"href":"https:\/\/brizyproducts.com\/sv\/wp-json\/wp\/v2\/product"}],"about":[{"href":"https:\/\/brizyproducts.com\/sv\/wp-json\/wp\/v2\/types\/product"}],"replies":[{"embeddable":true,"href":"https:\/\/brizyproducts.com\/sv\/wp-json\/wp\/v2\/comments?post=14406"}],"wp:featuredmedia":[{"embeddable":true,"href":"https:\/\/brizyproducts.com\/sv\/wp-json\/wp\/v2\/media\/14408"}],"wp:attachment":[{"href":"https:\/\/brizyproducts.com\/sv\/wp-json\/wp\/v2\/media?parent=14406"}],"wp:term":[{"taxonomy":"product_brand","embeddable":true,"href":"https:\/\/brizyproducts.com\/sv\/wp-json\/wp\/v2\/product_brand?post=14406"},{"taxonomy":"product_cat","embeddable":true,"href":"https:\/\/brizyproducts.com\/sv\/wp-json\/wp\/v2\/product_cat?post=14406"},{"taxonomy":"product_tag","embeddable":true,"href":"https:\/\/brizyproducts.com\/sv\/wp-json\/wp\/v2\/product_tag?post=14406"},{"taxonomy":"season","embeddable":true,"href":"https:\/\/brizyproducts.com\/sv\/wp-json\/wp\/v2\/season?post=14406"},{"taxonomy":"gender","embeddable":true,"href":"https:\/\/brizyproducts.com\/sv\/wp-json\/wp\/v2\/gender?post=14406"},{"taxonomy":"collection","embeddable":true,"href":"https:\/\/brizyproducts.com\/sv\/wp-json\/wp\/v2\/collection?post=14406"},{"taxonomy":"activity","embeddable":true,"href":"https:\/\/brizyproducts.com\/sv\/wp-json\/wp\/v2\/activity?post=14406"},{"taxonomy":"product_type_brizy","embeddable":true,"href":"https:\/\/brizyproducts.com\/sv\/wp-json\/wp\/v2\/product_type_brizy?post=14406"}],"curies":[{"name":"wp","href":"https:\/\/api.w.org\/{rel}","templated":true}]}}