{"id":14398,"date":"2023-08-26T13:56:25","date_gmt":"2023-08-26T13:56:25","guid":{"rendered":"https:\/\/brizyproducts.com\/product\/lexington-var-host-byxa\/"},"modified":"2026-01-08T12:58:01","modified_gmt":"2026-01-08T12:58:01","slug":"lexington-var-host-byxa","status":"publish","type":"product","link":"https:\/\/brizyproducts.com\/sv\/product\/lexington-var-host-byxa\/","title":{"rendered":"Lexington V\u00e5r\/H\u00f6stbyxa"},"content":{"rendered":"<h2><strong>V\u00e5r popul\u00e4ra v\u00e5r- och h\u00f6stbyxa \u2013 framtagen f\u00f6r travkuskar<\/strong><\/h2>\n<p>Denna t\u00e4vlingsbyxa \u00e4r utvecklad f\u00f6r travkuskar som kr\u00e4ver h\u00f6g komfort och funktion under v\u00e5rens och h\u00f6stens t\u00e4vlingsdagar. Tillverkad i ett vitt, slitstarkt och f\u00f6ljsamt stretchmaterial med Z-foder st\u00e5r byxan emot b\u00e5de vind och l\u00e4ttare regn \u2013 utan att kompromissa p\u00e5 r\u00f6relsefriheten.<\/p>\n<p>Med flera personliga designval kan du skapa en byxa som \u00e4r helt din egen. Du kan l\u00e4gga till namn, v\u00e4lj f\u00e4rg p\u00e5 passpoalerna och komplettera med logo f\u00f6r att matcha din k\u00f6rjacka. Varje par m\u00e5ttsys f\u00f6r optimal passform och tillverkas i material som \u00e4r utvecklade f\u00f6r att klara travsportens krav. Resultatet \u00e4r den ultimata v\u00e5r- och h\u00f6stbyxan f\u00f6r travkuskar som vill kombinera funktion, bekv\u00e4mlighet, h\u00e5llbarhet och stil i varje lopp.<\/p>\n","protected":false},"excerpt":{"rendered":"<p>M\u00e5ttsydd t\u00e4vlingsbyxa med optimal passform och komfort.<\/p>\n","protected":false},"featured_media":14403,"comment_status":"closed","ping_status":"closed","template":"","meta":{"_acf_changed":false},"product_brand":[],"product_cat":[254,448],"product_tag":[462],"class_list":{"0":"post-14398","1":"product","2":"type-product","3":"status-publish","4":"has-post-thumbnail","6":"product_cat-trousers","7":"product_cat-tailor-made-layout","8":"product_tag-lexington-spring-fall-sv","9":"season-spring-fall","10":"gender-men","11":"gender-women","12":"collection-lexington","13":"activity-racing","14":"product_type_brizy-tailor-made","16":"first","17":"instock","18":"taxable","19":"shipping-taxable","20":"purchasable","21":"product-type-simple"},"acf":[],"yoast_head":"<!-- This site is optimized with the Yoast SEO plugin v27.0 - https:\/\/yoast.com\/product\/yoast-seo-wordpress\/ -->\n<title>Lexington V\u00e5r\/H\u00f6stbyxa | T\u00e4vlingsbyxor f\u00f6r travkuskar | Brizy<\/title>\n<meta name=\"description\" content=\"Travkuskarna perfekta v\u00e5r- och h\u00f6st t\u00e4vlingsbyxa. Ett par egendesignade och m\u00e5ttsydda byxor med optimal passform och komfort.\" \/>\n<meta name=\"robots\" content=\"index, follow, max-snippet:-1, max-image-preview:large, max-video-preview:-1\" \/>\n<link rel=\"canonical\" href=\"https:\/\/brizyproducts.com\/sv\/product\/lexington-var-host-byxa\/\" \/>\n<meta property=\"og:locale\" content=\"sv_SE\" \/>\n<meta property=\"og:type\" content=\"article\" \/>\n<meta property=\"og:title\" content=\"Lexington V\u00e5r\/H\u00f6stbyxa | T\u00e4vlingsbyxor f\u00f6r travkuskar | Brizy\" \/>\n<meta property=\"og:description\" content=\"Travkuskarna perfekta v\u00e5r- och h\u00f6st t\u00e4vlingsbyxa. Ett par egendesignade och m\u00e5ttsydda byxor med optimal passform och komfort.\" \/>\n<meta property=\"og:url\" content=\"https:\/\/brizyproducts.com\/sv\/product\/lexington-var-host-byxa\/\" \/>\n<meta property=\"og:site_name\" content=\"Brizy Products\" \/>\n<meta property=\"article:publisher\" content=\"https:\/\/www.facebook.com\/brizy.1983\/\" \/>\n<meta property=\"article:modified_time\" content=\"2026-01-08T12:58:01+00:00\" \/>\n<meta property=\"og:image\" content=\"https:\/\/brizyproducts.com\/wp-content\/uploads\/2023\/08\/2-png.webp\" \/>\n\t<meta property=\"og:image:width\" content=\"3375\" \/>\n\t<meta property=\"og:image:height\" content=\"4500\" \/>\n\t<meta property=\"og:image:type\" content=\"image\/png\" \/>\n<meta name=\"twitter:card\" content=\"summary_large_image\" \/>\n<meta property=\"product:price:amount\" content=\"0.00\" \/>\n<meta property=\"product:price:currency\" content=\"USD\" \/>\n<meta property=\"og:availability\" content=\"instock\" \/>\n<meta property=\"product:availability\" content=\"instock\" \/>\n<meta property=\"product:retailer_item_id\" content=\"3440\" \/>\n<meta property=\"product:condition\" content=\"new\" \/>\n<!-- \/ Yoast SEO plugin. -->","yoast_head_json":{"title":"Lexington V\u00e5r\/H\u00f6stbyxa | T\u00e4vlingsbyxor f\u00f6r travkuskar | Brizy","description":"Travkuskarna perfekta v\u00e5r- och h\u00f6st t\u00e4vlingsbyxa. Ett par egendesignade och m\u00e5ttsydda byxor med optimal passform och komfort.","robots":{"index":"index","follow":"follow","max-snippet":"max-snippet:-1","max-image-preview":"max-image-preview:large","max-video-preview":"max-video-preview:-1"},"canonical":"https:\/\/brizyproducts.com\/sv\/product\/lexington-var-host-byxa\/","og_locale":"sv_SE","og_type":"article","og_title":"Lexington V\u00e5r\/H\u00f6stbyxa | T\u00e4vlingsbyxor f\u00f6r travkuskar | Brizy","og_description":"Travkuskarna perfekta v\u00e5r- och h\u00f6st t\u00e4vlingsbyxa. Ett par egendesignade och m\u00e5ttsydda byxor med optimal passform och komfort.","og_url":"https:\/\/brizyproducts.com\/sv\/product\/lexington-var-host-byxa\/","og_site_name":"Brizy Products","article_publisher":"https:\/\/www.facebook.com\/brizy.1983\/","article_modified_time":"2026-01-08T12:58:01+00:00","og_image":[{"width":3375,"height":4500,"url":"https:\/\/brizyproducts.com\/wp-content\/uploads\/2023\/08\/2-png.webp","type":"image\/png"}],"twitter_card":"summary_large_image","schema":{"@context":"https:\/\/schema.org","@graph":[{"@type":"WebPage","@id":"https:\/\/brizyproducts.com\/sv\/product\/lexington-var-host-byxa\/","url":"https:\/\/brizyproducts.com\/sv\/product\/lexington-var-host-byxa\/","name":"Lexington V\u00e5r\/H\u00f6stbyxa | T\u00e4vlingsbyxor f\u00f6r travkuskar | Brizy","isPartOf":{"@id":"https:\/\/brizyproducts.com\/sv\/#website"},"primaryImageOfPage":{"@id":"https:\/\/brizyproducts.com\/sv\/product\/lexington-var-host-byxa\/#primaryimage"},"image":{"@id":"https:\/\/brizyproducts.com\/sv\/product\/lexington-var-host-byxa\/#primaryimage"},"thumbnailUrl":"https:\/\/brizyproducts.com\/wp-content\/uploads\/2023\/08\/2-png.webp","datePublished":"2023-08-26T13:56:25+00:00","dateModified":"2026-01-08T12:58:01+00:00","description":"Travkuskarna perfekta v\u00e5r- och h\u00f6st t\u00e4vlingsbyxa. Ett par egendesignade och m\u00e5ttsydda byxor med optimal passform och komfort.","breadcrumb":{"@id":"https:\/\/brizyproducts.com\/sv\/product\/lexington-var-host-byxa\/#breadcrumb"},"inLanguage":"sv-SE","potentialAction":[{"@type":"ReadAction","target":["https:\/\/brizyproducts.com\/sv\/product\/lexington-var-host-byxa\/"]}]},{"@type":"ImageObject","inLanguage":"sv-SE","@id":"https:\/\/brizyproducts.com\/sv\/product\/lexington-var-host-byxa\/#primaryimage","url":"https:\/\/brizyproducts.com\/wp-content\/uploads\/2023\/08\/2-png.webp","contentUrl":"https:\/\/brizyproducts.com\/wp-content\/uploads\/2023\/08\/2-png.webp","width":2560,"height":3413},{"@type":"BreadcrumbList","@id":"https:\/\/brizyproducts.com\/sv\/product\/lexington-var-host-byxa\/#breadcrumb","itemListElement":[{"@type":"ListItem","position":1,"name":"Hem","item":"https:\/\/brizyproducts.com\/sv\/"},{"@type":"ListItem","position":2,"name":"Shop","item":"https:\/\/brizyproducts.com\/sv\/shop\/"},{"@type":"ListItem","position":3,"name":"Lexington V\u00e5r\/H\u00f6stbyxa"}]},{"@type":"WebSite","@id":"https:\/\/brizyproducts.com\/sv\/#website","url":"https:\/\/brizyproducts.com\/sv\/","name":"Brizy","description":"","publisher":{"@id":"https:\/\/brizyproducts.com\/sv\/#organization"},"potentialAction":[{"@type":"SearchAction","target":{"@type":"EntryPoint","urlTemplate":"https:\/\/brizyproducts.com\/sv\/?s={search_term_string}"},"query-input":{"@type":"PropertyValueSpecification","valueRequired":true,"valueName":"search_term_string"}}],"inLanguage":"sv-SE"},{"@type":"Organization","@id":"https:\/\/brizyproducts.com\/sv\/#organization","name":"Brizy","url":"https:\/\/brizyproducts.com\/sv\/","logo":{"@type":"ImageObject","inLanguage":"sv-SE","@id":"https:\/\/brizyproducts.com\/sv\/#\/schema\/logo\/image\/","url":"https:\/\/brizyproducts.com\/wp-content\/uploads\/2023\/12\/Brizy-old.svg","contentUrl":"https:\/\/brizyproducts.com\/wp-content\/uploads\/2023\/12\/Brizy-old.svg","width":1,"height":1,"caption":"Brizy"},"image":{"@id":"https:\/\/brizyproducts.com\/sv\/#\/schema\/logo\/image\/"},"sameAs":["https:\/\/www.facebook.com\/brizy.1983\/","https:\/\/www.linkedin.com\/company\/brizy-produktion\/"]}]},"product_price_amount":"0.00","product_price_currency":"USD","og_availability":"instock","product_availability":"instock","product_retailer_item_id":"3440","product_condition":"new"},"_links":{"self":[{"href":"https:\/\/brizyproducts.com\/sv\/wp-json\/wp\/v2\/product\/14398","targetHints":{"allow":["GET"]}}],"collection":[{"href":"https:\/\/brizyproducts.com\/sv\/wp-json\/wp\/v2\/product"}],"about":[{"href":"https:\/\/brizyproducts.com\/sv\/wp-json\/wp\/v2\/types\/product"}],"replies":[{"embeddable":true,"href":"https:\/\/brizyproducts.com\/sv\/wp-json\/wp\/v2\/comments?post=14398"}],"wp:featuredmedia":[{"embeddable":true,"href":"https:\/\/brizyproducts.com\/sv\/wp-json\/wp\/v2\/media\/14403"}],"wp:attachment":[{"href":"https:\/\/brizyproducts.com\/sv\/wp-json\/wp\/v2\/media?parent=14398"}],"wp:term":[{"taxonomy":"product_brand","embeddable":true,"href":"https:\/\/brizyproducts.com\/sv\/wp-json\/wp\/v2\/product_brand?post=14398"},{"taxonomy":"product_cat","embeddable":true,"href":"https:\/\/brizyproducts.com\/sv\/wp-json\/wp\/v2\/product_cat?post=14398"},{"taxonomy":"product_tag","embeddable":true,"href":"https:\/\/brizyproducts.com\/sv\/wp-json\/wp\/v2\/product_tag?post=14398"}],"curies":[{"name":"wp","href":"https:\/\/api.w.org\/{rel}","templated":true}]}}