{"id":14387,"date":"2023-08-26T13:56:25","date_gmt":"2023-08-26T13:56:25","guid":{"rendered":"https:\/\/brizyproducts.com\/product\/lexington-sommarbyxa\/"},"modified":"2026-01-08T13:02:13","modified_gmt":"2026-01-08T13:02:13","slug":"lexington-sommarbyxa","status":"publish","type":"product","link":"https:\/\/brizyproducts.com\/sv\/product\/lexington-sommarbyxa\/","title":{"rendered":"Lexington Sommarbyxa"},"content":{"rendered":"<h2><strong>Perfekta sommarbyxan f\u00f6r travt\u00e4vlingar i varmt v\u00e4der<\/strong><\/h2>\n<p>Uppt\u00e4ck Brizys Lexington Sommarbyxa speciellt framtagen f\u00f6r travkuskarnas behov under de varmaste t\u00e4vlingsdagarna. De \u00e4r tillverkade i vitt material vilket g\u00f6r dem godk\u00e4nda att anv\u00e4nda under uppv\u00e4rmning och t\u00e4vling under travt\u00e4vlingar. V\u00e4lj mellan v\u00e5rt sl\u00e4ta och stretchiga tyg eller v\u00e5rt ventilerande mesh tyg f\u00f6r maximal komfort.<\/p>\n<p>Med flera personliga designval kan du skapa en byxa som \u00e4r helt din egen. Du kan l\u00e4gga till namn, v\u00e4lj f\u00e4rg p\u00e5 passpoalerna och komplettera med logo f\u00f6r att matcha din k\u00f6rjacka. Varje par m\u00e5ttsys f\u00f6r optimal passform och tillverkas i material som \u00e4r utvecklade f\u00f6r att klara travsportens krav. Resultatet \u00e4r den ultimata sommarbyxan f\u00f6r travkuskar som vill kombinera funktion, bekv\u00e4mlighet, h\u00e5llbarhet och stil i varje lopp.<\/p>\n","protected":false},"excerpt":{"rendered":"<p>Sommarens m\u00e5ttsydda t\u00e4vlingsbyxa gjorda f\u00f6r travkuskar.<\/p>\n","protected":false},"featured_media":14394,"comment_status":"closed","ping_status":"closed","template":"","meta":{"_acf_changed":false},"product_brand":[],"product_cat":[254,448],"product_tag":[464],"season":[502],"gender":[510,512],"collection":[514],"activity":[564],"product_type_brizy":[568],"class_list":{"0":"post-14387","1":"product","2":"type-product","3":"status-publish","4":"has-post-thumbnail","6":"product_cat-trousers","7":"product_cat-tailor-made-layout","8":"product_tag-lexington-summer","9":"season-summer","10":"gender-men","11":"gender-women","12":"collection-lexington","13":"activity-trotting","14":"product_type_brizy-custom-made","16":"first","17":"instock","18":"taxable","19":"shipping-taxable","20":"purchasable","21":"product-type-simple"},"acf":[],"yoast_head":"<!-- This site is optimized with the Yoast SEO plugin v27.3 - https:\/\/yoast.com\/product\/yoast-seo-wordpress\/ -->\n<title>Lexington Sommarbyxa | T\u00e4vlingsbyxa f\u00f6r travkuskar | Brizy<\/title>\n<meta name=\"description\" content=\"Sommarbyxa gjorda f\u00f6r travkuskar under de varmaste t\u00e4vlingsdagarna. Ett par egendesignade och m\u00e5ttsydda byxor med optimal passform och komfort.\" \/>\n<meta name=\"robots\" content=\"index, follow, max-snippet:-1, max-image-preview:large, max-video-preview:-1\" \/>\n<link rel=\"canonical\" href=\"https:\/\/brizyproducts.com\/sv\/product\/lexington-sommarbyxa\/\" \/>\n<meta property=\"og:locale\" content=\"sv_SE\" \/>\n<meta property=\"og:type\" content=\"article\" \/>\n<meta property=\"og:title\" content=\"Lexington Sommarbyxa | T\u00e4vlingsbyxa f\u00f6r travkuskar | Brizy\" \/>\n<meta property=\"og:description\" content=\"Sommarbyxa gjorda f\u00f6r travkuskar under de varmaste t\u00e4vlingsdagarna. Ett par egendesignade och m\u00e5ttsydda byxor med optimal passform och komfort.\" \/>\n<meta property=\"og:url\" content=\"https:\/\/brizyproducts.com\/sv\/product\/lexington-sommarbyxa\/\" \/>\n<meta property=\"og:site_name\" content=\"Brizy Products\" \/>\n<meta property=\"article:publisher\" content=\"https:\/\/www.facebook.com\/brizy.1983\/\" \/>\n<meta property=\"article:modified_time\" content=\"2026-01-08T13:02:13+00:00\" \/>\n<meta property=\"og:image\" content=\"https:\/\/brizyproducts.com\/wp-content\/uploads\/2023\/08\/2-1-png.webp\" \/>\n\t<meta property=\"og:image:width\" content=\"3375\" \/>\n\t<meta property=\"og:image:height\" content=\"4500\" \/>\n\t<meta property=\"og:image:type\" content=\"image\/png\" \/>\n<meta name=\"twitter:card\" content=\"summary_large_image\" \/>\n<meta property=\"product:price:amount\" content=\"0.00\" \/>\n<meta property=\"product:price:currency\" content=\"USD\" \/>\n<meta property=\"og:availability\" content=\"instock\" \/>\n<meta property=\"product:availability\" content=\"instock\" \/>\n<meta property=\"product:retailer_item_id\" content=\"3540\" \/>\n<meta property=\"product:condition\" content=\"new\" \/>\n<!-- \/ Yoast SEO plugin. -->","yoast_head_json":{"title":"Lexington Sommarbyxa | T\u00e4vlingsbyxa f\u00f6r travkuskar | Brizy","description":"Sommarbyxa gjorda f\u00f6r travkuskar under de varmaste t\u00e4vlingsdagarna. Ett par egendesignade och m\u00e5ttsydda byxor med optimal passform och komfort.","robots":{"index":"index","follow":"follow","max-snippet":"max-snippet:-1","max-image-preview":"max-image-preview:large","max-video-preview":"max-video-preview:-1"},"canonical":"https:\/\/brizyproducts.com\/sv\/product\/lexington-sommarbyxa\/","og_locale":"sv_SE","og_type":"article","og_title":"Lexington Sommarbyxa | T\u00e4vlingsbyxa f\u00f6r travkuskar | Brizy","og_description":"Sommarbyxa gjorda f\u00f6r travkuskar under de varmaste t\u00e4vlingsdagarna. Ett par egendesignade och m\u00e5ttsydda byxor med optimal passform och komfort.","og_url":"https:\/\/brizyproducts.com\/sv\/product\/lexington-sommarbyxa\/","og_site_name":"Brizy Products","article_publisher":"https:\/\/www.facebook.com\/brizy.1983\/","article_modified_time":"2026-01-08T13:02:13+00:00","og_image":[{"width":3375,"height":4500,"url":"https:\/\/brizyproducts.com\/wp-content\/uploads\/2023\/08\/2-1-png.webp","type":"image\/png"}],"twitter_card":"summary_large_image","schema":{"@context":"https:\/\/schema.org","@graph":[{"@type":"WebPage","@id":"https:\/\/brizyproducts.com\/sv\/product\/lexington-sommarbyxa\/","url":"https:\/\/brizyproducts.com\/sv\/product\/lexington-sommarbyxa\/","name":"Lexington Sommarbyxa | T\u00e4vlingsbyxa f\u00f6r travkuskar | Brizy","isPartOf":{"@id":"https:\/\/brizyproducts.com\/sv\/#website"},"primaryImageOfPage":{"@id":"https:\/\/brizyproducts.com\/sv\/product\/lexington-sommarbyxa\/#primaryimage"},"image":{"@id":"https:\/\/brizyproducts.com\/sv\/product\/lexington-sommarbyxa\/#primaryimage"},"thumbnailUrl":"https:\/\/brizyproducts.com\/wp-content\/uploads\/2023\/08\/2-1-png.webp","datePublished":"2023-08-26T13:56:25+00:00","dateModified":"2026-01-08T13:02:13+00:00","description":"Sommarbyxa gjorda f\u00f6r travkuskar under de varmaste t\u00e4vlingsdagarna. Ett par egendesignade och m\u00e5ttsydda byxor med optimal passform och komfort.","breadcrumb":{"@id":"https:\/\/brizyproducts.com\/sv\/product\/lexington-sommarbyxa\/#breadcrumb"},"inLanguage":"sv-SE","potentialAction":[{"@type":"ReadAction","target":["https:\/\/brizyproducts.com\/sv\/product\/lexington-sommarbyxa\/"]}]},{"@type":"ImageObject","inLanguage":"sv-SE","@id":"https:\/\/brizyproducts.com\/sv\/product\/lexington-sommarbyxa\/#primaryimage","url":"https:\/\/brizyproducts.com\/wp-content\/uploads\/2023\/08\/2-1-png.webp","contentUrl":"https:\/\/brizyproducts.com\/wp-content\/uploads\/2023\/08\/2-1-png.webp","width":2560,"height":3413},{"@type":"BreadcrumbList","@id":"https:\/\/brizyproducts.com\/sv\/product\/lexington-sommarbyxa\/#breadcrumb","itemListElement":[{"@type":"ListItem","position":1,"name":"Hem","item":"https:\/\/brizyproducts.com\/sv\/start-april-2026\/"},{"@type":"ListItem","position":2,"name":"Shop","item":"https:\/\/brizyproducts.com\/sv\/shop\/"},{"@type":"ListItem","position":3,"name":"Lexington Sommarbyxa"}]},{"@type":"WebSite","@id":"https:\/\/brizyproducts.com\/sv\/#website","url":"https:\/\/brizyproducts.com\/sv\/","name":"Brizy","description":"","publisher":{"@id":"https:\/\/brizyproducts.com\/sv\/#organization"},"potentialAction":[{"@type":"SearchAction","target":{"@type":"EntryPoint","urlTemplate":"https:\/\/brizyproducts.com\/sv\/?s={search_term_string}"},"query-input":{"@type":"PropertyValueSpecification","valueRequired":true,"valueName":"search_term_string"}}],"inLanguage":"sv-SE"},{"@type":"Organization","@id":"https:\/\/brizyproducts.com\/sv\/#organization","name":"Brizy","url":"https:\/\/brizyproducts.com\/sv\/","logo":{"@type":"ImageObject","inLanguage":"sv-SE","@id":"https:\/\/brizyproducts.com\/sv\/#\/schema\/logo\/image\/","url":"https:\/\/brizyproducts.com\/wp-content\/uploads\/2023\/12\/Brizy-old.svg","contentUrl":"https:\/\/brizyproducts.com\/wp-content\/uploads\/2023\/12\/Brizy-old.svg","width":1,"height":1,"caption":"Brizy"},"image":{"@id":"https:\/\/brizyproducts.com\/sv\/#\/schema\/logo\/image\/"},"sameAs":["https:\/\/www.facebook.com\/brizy.1983\/","https:\/\/www.linkedin.com\/company\/brizy-produktion\/"]}]},"product_price_amount":"0.00","product_price_currency":"USD","og_availability":"instock","product_availability":"instock","product_retailer_item_id":"3540","product_condition":"new"},"_links":{"self":[{"href":"https:\/\/brizyproducts.com\/sv\/wp-json\/wp\/v2\/product\/14387","targetHints":{"allow":["GET"]}}],"collection":[{"href":"https:\/\/brizyproducts.com\/sv\/wp-json\/wp\/v2\/product"}],"about":[{"href":"https:\/\/brizyproducts.com\/sv\/wp-json\/wp\/v2\/types\/product"}],"replies":[{"embeddable":true,"href":"https:\/\/brizyproducts.com\/sv\/wp-json\/wp\/v2\/comments?post=14387"}],"wp:featuredmedia":[{"embeddable":true,"href":"https:\/\/brizyproducts.com\/sv\/wp-json\/wp\/v2\/media\/14394"}],"wp:attachment":[{"href":"https:\/\/brizyproducts.com\/sv\/wp-json\/wp\/v2\/media?parent=14387"}],"wp:term":[{"taxonomy":"product_brand","embeddable":true,"href":"https:\/\/brizyproducts.com\/sv\/wp-json\/wp\/v2\/product_brand?post=14387"},{"taxonomy":"product_cat","embeddable":true,"href":"https:\/\/brizyproducts.com\/sv\/wp-json\/wp\/v2\/product_cat?post=14387"},{"taxonomy":"product_tag","embeddable":true,"href":"https:\/\/brizyproducts.com\/sv\/wp-json\/wp\/v2\/product_tag?post=14387"},{"taxonomy":"season","embeddable":true,"href":"https:\/\/brizyproducts.com\/sv\/wp-json\/wp\/v2\/season?post=14387"},{"taxonomy":"gender","embeddable":true,"href":"https:\/\/brizyproducts.com\/sv\/wp-json\/wp\/v2\/gender?post=14387"},{"taxonomy":"collection","embeddable":true,"href":"https:\/\/brizyproducts.com\/sv\/wp-json\/wp\/v2\/collection?post=14387"},{"taxonomy":"activity","embeddable":true,"href":"https:\/\/brizyproducts.com\/sv\/wp-json\/wp\/v2\/activity?post=14387"},{"taxonomy":"product_type_brizy","embeddable":true,"href":"https:\/\/brizyproducts.com\/sv\/wp-json\/wp\/v2\/product_type_brizy?post=14387"}],"curies":[{"name":"wp","href":"https:\/\/api.w.org\/{rel}","templated":true}]}}