{"id":14376,"date":"2022-10-26T13:56:26","date_gmt":"2022-10-26T13:56:26","guid":{"rendered":"https:\/\/brizyproducts.com\/product\/napoli-vinter-onepiece\/"},"modified":"2026-02-24T10:20:20","modified_gmt":"2026-02-24T10:20:20","slug":"napoli-vinter-onepiece","status":"publish","type":"product","link":"https:\/\/brizyproducts.com\/sv\/product\/napoli-vinter-onepiece\/","title":{"rendered":"Napoli Vinterdress"},"content":{"rendered":"<h2><strong>Den perfekta tr\u00e4ningsdressen f\u00f6r de kallaste dagarna.<\/strong><\/h2>\n<p>En vinterdress perfekt f\u00f6r kuskar, tr\u00e4nare och stallpersonal, framtagen f\u00f6r att ge maximal komfort under vinterns kallaste tr\u00e4ningsdagar. Napoli Vinterdress \u00e4r framtagen f\u00f6r att leverera maximal komfort, v\u00e4rme och r\u00f6relsefrihet \u00e4ven under de mest kr\u00e4vande tr\u00e4ningsf\u00f6rh\u00e5llandena. Tillverkad i v\u00e5rt slitstarka stretchmaterial med Z-foder st\u00e5r dressen effektivt emot vind och regn och h\u00e5ller dig torr och varm genom hela dagen.<\/p>\n<p>Med ett brett urval av f\u00e4rger, tjocklekar och designval skr\u00e4ddarsyr du din egen tr\u00e4ningsdress helt efter dina \u00f6nskem\u00e5l. Napoli Vinterdress m\u00e5ttanpassas f\u00f6r b\u00e4sta m\u00f6jliga passform och tillverkas i material som verkligen g\u00f6r skillnad.<\/p>\n","protected":false},"excerpt":{"rendered":"<p>Vinter tr\u00e4ningsdress. M\u00e5ttsydd och egendesignad tr\u00e4ningsdress med perfekt passform och h\u00f6g komfort under vintern.<\/p>\n","protected":false},"featured_media":15762,"comment_status":"closed","ping_status":"closed","template":"","meta":{"_acf_changed":false},"product_brand":[],"product_cat":[253,448,333,267],"product_tag":[],"season":[504],"gender":[510,512],"collection":[518],"activity":[562],"product_type_brizy":[568],"class_list":{"0":"post-14376","1":"product","2":"type-product","3":"status-publish","4":"has-post-thumbnail","6":"product_cat-mens","7":"product_cat-tailor-made-layout","8":"product_cat-one-pieces","9":"product_cat-womens","10":"season-winter","11":"gender-men","12":"gender-women","13":"collection-napoli","14":"activity-training","15":"product_type_brizy-custom-made","17":"first","18":"instock","19":"taxable","20":"shipping-taxable","21":"purchasable","22":"product-type-simple"},"acf":[],"yoast_head":"<!-- This site is optimized with the Yoast SEO plugin v27.3 - https:\/\/yoast.com\/product\/yoast-seo-wordpress\/ -->\n<title>Napoli Vinterdress | Tr\u00e4ningsdress f\u00f6r trav | Brizy<\/title>\n<meta name=\"description\" content=\"Egendesignad och m\u00e5ttsydd tr\u00e4ningsdress gjord specifikt f\u00f6r att ge travkuskarna och tr\u00e4nare optimal passform och komfort under vinterns tr\u00e4ningar.\" \/>\n<meta name=\"robots\" content=\"index, follow, max-snippet:-1, max-image-preview:large, max-video-preview:-1\" \/>\n<link rel=\"canonical\" href=\"https:\/\/brizyproducts.com\/sv\/product\/napoli-vinter-onepiece\/\" \/>\n<meta property=\"og:locale\" content=\"sv_SE\" \/>\n<meta property=\"og:type\" content=\"article\" \/>\n<meta property=\"og:title\" content=\"Napoli Vinterdress | Tr\u00e4ningsdress f\u00f6r trav | Brizy\" \/>\n<meta property=\"og:description\" content=\"Egendesignad och m\u00e5ttsydd tr\u00e4ningsdress gjord specifikt f\u00f6r att ge travkuskarna och tr\u00e4nare optimal passform och komfort under vinterns tr\u00e4ningar.\" \/>\n<meta property=\"og:url\" content=\"https:\/\/brizyproducts.com\/sv\/product\/napoli-vinter-onepiece\/\" \/>\n<meta property=\"og:site_name\" content=\"Brizy Products\" \/>\n<meta property=\"article:publisher\" content=\"https:\/\/www.facebook.com\/brizy.1983\/\" \/>\n<meta property=\"article:modified_time\" content=\"2026-02-24T10:20:20+00:00\" \/>\n<meta property=\"og:image\" content=\"https:\/\/brizyproducts.com\/wp-content\/uploads\/2022\/10\/2-1-png.webp\" \/>\n\t<meta property=\"og:image:width\" content=\"2560\" \/>\n\t<meta property=\"og:image:height\" content=\"3413\" \/>\n\t<meta property=\"og:image:type\" content=\"image\/png\" \/>\n<meta name=\"twitter:card\" content=\"summary_large_image\" \/>\n<meta property=\"product:price:amount\" content=\"0.00\" \/>\n<meta property=\"product:price:currency\" content=\"USD\" \/>\n<meta property=\"og:availability\" content=\"instock\" \/>\n<meta property=\"product:availability\" content=\"instock\" \/>\n<meta property=\"product:retailer_item_id\" content=\"145080\" \/>\n<meta property=\"product:condition\" content=\"new\" \/>\n<!-- \/ Yoast SEO plugin. -->","yoast_head_json":{"title":"Napoli Vinterdress | Tr\u00e4ningsdress f\u00f6r trav | Brizy","description":"Egendesignad och m\u00e5ttsydd tr\u00e4ningsdress gjord specifikt f\u00f6r att ge travkuskarna och tr\u00e4nare optimal passform och komfort under vinterns tr\u00e4ningar.","robots":{"index":"index","follow":"follow","max-snippet":"max-snippet:-1","max-image-preview":"max-image-preview:large","max-video-preview":"max-video-preview:-1"},"canonical":"https:\/\/brizyproducts.com\/sv\/product\/napoli-vinter-onepiece\/","og_locale":"sv_SE","og_type":"article","og_title":"Napoli Vinterdress | Tr\u00e4ningsdress f\u00f6r trav | Brizy","og_description":"Egendesignad och m\u00e5ttsydd tr\u00e4ningsdress gjord specifikt f\u00f6r att ge travkuskarna och tr\u00e4nare optimal passform och komfort under vinterns tr\u00e4ningar.","og_url":"https:\/\/brizyproducts.com\/sv\/product\/napoli-vinter-onepiece\/","og_site_name":"Brizy Products","article_publisher":"https:\/\/www.facebook.com\/brizy.1983\/","article_modified_time":"2026-02-24T10:20:20+00:00","og_image":[{"width":2560,"height":3413,"url":"https:\/\/brizyproducts.com\/wp-content\/uploads\/2022\/10\/2-1-png.webp","type":"image\/png"}],"twitter_card":"summary_large_image","schema":{"@context":"https:\/\/schema.org","@graph":[{"@type":"WebPage","@id":"https:\/\/brizyproducts.com\/sv\/product\/napoli-vinter-onepiece\/","url":"https:\/\/brizyproducts.com\/sv\/product\/napoli-vinter-onepiece\/","name":"Napoli Vinterdress | Tr\u00e4ningsdress f\u00f6r trav | Brizy","isPartOf":{"@id":"https:\/\/brizyproducts.com\/sv\/#website"},"primaryImageOfPage":{"@id":"https:\/\/brizyproducts.com\/sv\/product\/napoli-vinter-onepiece\/#primaryimage"},"image":{"@id":"https:\/\/brizyproducts.com\/sv\/product\/napoli-vinter-onepiece\/#primaryimage"},"thumbnailUrl":"https:\/\/brizyproducts.com\/wp-content\/uploads\/2022\/10\/2-1-png.webp","datePublished":"2022-10-26T13:56:26+00:00","dateModified":"2026-02-24T10:20:20+00:00","description":"Egendesignad och m\u00e5ttsydd tr\u00e4ningsdress gjord specifikt f\u00f6r att ge travkuskarna och tr\u00e4nare optimal passform och komfort under vinterns tr\u00e4ningar.","breadcrumb":{"@id":"https:\/\/brizyproducts.com\/sv\/product\/napoli-vinter-onepiece\/#breadcrumb"},"inLanguage":"sv-SE","potentialAction":[{"@type":"ReadAction","target":["https:\/\/brizyproducts.com\/sv\/product\/napoli-vinter-onepiece\/"]}]},{"@type":"ImageObject","inLanguage":"sv-SE","@id":"https:\/\/brizyproducts.com\/sv\/product\/napoli-vinter-onepiece\/#primaryimage","url":"https:\/\/brizyproducts.com\/wp-content\/uploads\/2022\/10\/2-1-png.webp","contentUrl":"https:\/\/brizyproducts.com\/wp-content\/uploads\/2022\/10\/2-1-png.webp","width":2560,"height":3413},{"@type":"BreadcrumbList","@id":"https:\/\/brizyproducts.com\/sv\/product\/napoli-vinter-onepiece\/#breadcrumb","itemListElement":[{"@type":"ListItem","position":1,"name":"Hem","item":"https:\/\/brizyproducts.com\/sv\/start-april-2026\/"},{"@type":"ListItem","position":2,"name":"Shop","item":"https:\/\/brizyproducts.com\/sv\/shop\/"},{"@type":"ListItem","position":3,"name":"Napoli Vinterdress"}]},{"@type":"WebSite","@id":"https:\/\/brizyproducts.com\/sv\/#website","url":"https:\/\/brizyproducts.com\/sv\/","name":"Brizy","description":"","publisher":{"@id":"https:\/\/brizyproducts.com\/sv\/#organization"},"potentialAction":[{"@type":"SearchAction","target":{"@type":"EntryPoint","urlTemplate":"https:\/\/brizyproducts.com\/sv\/?s={search_term_string}"},"query-input":{"@type":"PropertyValueSpecification","valueRequired":true,"valueName":"search_term_string"}}],"inLanguage":"sv-SE"},{"@type":"Organization","@id":"https:\/\/brizyproducts.com\/sv\/#organization","name":"Brizy","url":"https:\/\/brizyproducts.com\/sv\/","logo":{"@type":"ImageObject","inLanguage":"sv-SE","@id":"https:\/\/brizyproducts.com\/sv\/#\/schema\/logo\/image\/","url":"https:\/\/brizyproducts.com\/wp-content\/uploads\/2023\/12\/Brizy-old.svg","contentUrl":"https:\/\/brizyproducts.com\/wp-content\/uploads\/2023\/12\/Brizy-old.svg","width":1,"height":1,"caption":"Brizy"},"image":{"@id":"https:\/\/brizyproducts.com\/sv\/#\/schema\/logo\/image\/"},"sameAs":["https:\/\/www.facebook.com\/brizy.1983\/","https:\/\/www.linkedin.com\/company\/brizy-produktion\/"]}]},"product_price_amount":"0.00","product_price_currency":"USD","og_availability":"instock","product_availability":"instock","product_retailer_item_id":"145080","product_condition":"new"},"_links":{"self":[{"href":"https:\/\/brizyproducts.com\/sv\/wp-json\/wp\/v2\/product\/14376","targetHints":{"allow":["GET"]}}],"collection":[{"href":"https:\/\/brizyproducts.com\/sv\/wp-json\/wp\/v2\/product"}],"about":[{"href":"https:\/\/brizyproducts.com\/sv\/wp-json\/wp\/v2\/types\/product"}],"replies":[{"embeddable":true,"href":"https:\/\/brizyproducts.com\/sv\/wp-json\/wp\/v2\/comments?post=14376"}],"wp:featuredmedia":[{"embeddable":true,"href":"https:\/\/brizyproducts.com\/sv\/wp-json\/wp\/v2\/media\/15762"}],"wp:attachment":[{"href":"https:\/\/brizyproducts.com\/sv\/wp-json\/wp\/v2\/media?parent=14376"}],"wp:term":[{"taxonomy":"product_brand","embeddable":true,"href":"https:\/\/brizyproducts.com\/sv\/wp-json\/wp\/v2\/product_brand?post=14376"},{"taxonomy":"product_cat","embeddable":true,"href":"https:\/\/brizyproducts.com\/sv\/wp-json\/wp\/v2\/product_cat?post=14376"},{"taxonomy":"product_tag","embeddable":true,"href":"https:\/\/brizyproducts.com\/sv\/wp-json\/wp\/v2\/product_tag?post=14376"},{"taxonomy":"season","embeddable":true,"href":"https:\/\/brizyproducts.com\/sv\/wp-json\/wp\/v2\/season?post=14376"},{"taxonomy":"gender","embeddable":true,"href":"https:\/\/brizyproducts.com\/sv\/wp-json\/wp\/v2\/gender?post=14376"},{"taxonomy":"collection","embeddable":true,"href":"https:\/\/brizyproducts.com\/sv\/wp-json\/wp\/v2\/collection?post=14376"},{"taxonomy":"activity","embeddable":true,"href":"https:\/\/brizyproducts.com\/sv\/wp-json\/wp\/v2\/activity?post=14376"},{"taxonomy":"product_type_brizy","embeddable":true,"href":"https:\/\/brizyproducts.com\/sv\/wp-json\/wp\/v2\/product_type_brizy?post=14376"}],"curies":[{"name":"wp","href":"https:\/\/api.w.org\/{rel}","templated":true}]}}