{"id":14077,"date":"2023-10-26T13:56:26","date_gmt":"2023-10-26T13:56:26","guid":{"rendered":"https:\/\/brizyproducts.com\/product\/boden-jacka-2\/"},"modified":"2026-02-07T20:36:24","modified_gmt":"2026-02-07T20:36:24","slug":"boden-jacka-2","status":"publish","type":"product","link":"https:\/\/brizyproducts.com\/sv\/product\/boden-jacka-2\/","title":{"rendered":"Boden Jacka"},"content":{"rendered":"<p>En b\u00e4sts\u00e4ljare fr\u00e5n Brizy! Den \u00e4r designad med funktionalitet f\u00f6r att m\u00f6ta dina behov i vinterkylan. Produkterna har 150 gram l\u00e4ttviktsisolering med utm\u00e4rkta v\u00e4rmeegenskaper fr\u00e5n Sorona\u00ae. Boden \u00e4r vind- och vattenavvisande samtidigt som den \u00e4r extremt bekv\u00e4m tack vare materialet med 4-v\u00e4gsstretch. Utan att kompromissa med h\u00e5llbarheten s\u00e4kerst\u00e4ller det att jackan har en l\u00e5ng livsl\u00e4ngd. Utforska ocks\u00e5 m\u00f6jligheten att anpassa jackan efter dina \u00f6nskem\u00e5l. V\u00e4lj bland olika f\u00e4rger, ange dina m\u00e5tt och skapa en perfekt passform. Kontakta oss g\u00e4rna f\u00f6r en personlig offert. Jackan passar i storlek<\/p>\n","protected":false},"excerpt":{"rendered":"<p>En b\u00e4sts\u00e4ljare fr\u00e5n Brizy! Den \u00e4r designad med funktionalitet f\u00f6r att m\u00f6ta dina behov i vinterkylan. Produkterna har 150 gram l\u00e4ttviktsisolering med utm\u00e4rkta v\u00e4rmeegenskaper fr\u00e5n Sorona\u00ae. Boden \u00e4r vind- och vattenavvisande samtidigt som den \u00e4r extremt bekv\u00e4m tack vare materialet med 4-v\u00e4gsstretch. Utan att kompromissa med h\u00e5llbarheten s\u00e4kerst\u00e4ller det att jackan har en l\u00e5ng livsl\u00e4ngd. [&hellip;]<\/p>\n","protected":false},"featured_media":14102,"comment_status":"closed","ping_status":"closed","template":"","meta":{"_acf_changed":false},"product_brand":[],"product_cat":[274,439],"product_tag":[359],"season":[504],"gender":[510,512],"collection":[516],"activity":[560,562],"product_type_brizy":[570],"class_list":{"0":"post-14077","1":"product","2":"type-product","3":"status-publish","4":"has-post-thumbnail","6":"product_cat-jackets","7":"product_cat-outlet","8":"product_tag-boden-sv","9":"season-winter","10":"gender-men","11":"gender-women","12":"collection-boden","13":"activity-stable","14":"activity-training","15":"product_type_brizy-stock-products","17":"first","18":"outofstock","19":"sale","20":"taxable","21":"shipping-taxable","22":"purchasable","23":"product-type-variable"},"acf":[],"yoast_head":"<!-- This site is optimized with the Yoast SEO plugin v27.4 - https:\/\/yoast.com\/product\/yoast-seo-wordpress\/ -->\n<title>Boden Jacka | Kl\u00e4der f\u00f6r trav och stall | Brizy<\/title>\n<meta name=\"description\" content=\"En b\u00e4sts\u00e4ljare fr\u00e5n Brizy! Den \u00e4r designad med funktionalitet f\u00f6r att m\u00f6ta dina behov i vinterkylan. Produkterna har 150 gram l\u00e4ttviktsisolering med\" \/>\n<meta name=\"robots\" content=\"index, follow, max-snippet:-1, max-image-preview:large, max-video-preview:-1\" \/>\n<link rel=\"canonical\" href=\"https:\/\/brizyproducts.com\/sv\/product\/boden-jacka-2\/\" \/>\n<meta property=\"og:locale\" content=\"sv_SE\" \/>\n<meta property=\"og:type\" content=\"article\" \/>\n<meta property=\"og:title\" content=\"Boden Jacka | Kl\u00e4der f\u00f6r trav och stall | Brizy\" \/>\n<meta property=\"og:description\" content=\"En b\u00e4sts\u00e4ljare fr\u00e5n Brizy! Den \u00e4r designad med funktionalitet f\u00f6r att m\u00f6ta dina behov i vinterkylan. Produkterna har 150 gram l\u00e4ttviktsisolering med\" \/>\n<meta property=\"og:url\" content=\"https:\/\/brizyproducts.com\/sv\/product\/boden-jacka-2\/\" \/>\n<meta property=\"og:site_name\" content=\"Brizy Products\" \/>\n<meta property=\"article:publisher\" content=\"https:\/\/www.facebook.com\/brizy.1983\/\" \/>\n<meta property=\"article:modified_time\" content=\"2026-02-07T20:36:24+00:00\" \/>\n<meta property=\"og:image\" content=\"https:\/\/brizyproducts.com\/wp-content\/uploads\/2023\/10\/3-12-768x1024.png\" \/>\n\t<meta property=\"og:image:width\" content=\"768\" \/>\n\t<meta property=\"og:image:height\" content=\"1024\" \/>\n\t<meta property=\"og:image:type\" content=\"image\/png\" \/>\n<meta name=\"twitter:card\" content=\"summary_large_image\" \/>\n<meta property=\"og:availability\" content=\"out of stock\" \/>\n<meta property=\"product:availability\" content=\"out of stock\" \/>\n<meta property=\"product:retailer_item_id\" content=\"2810\" \/>\n<meta property=\"product:condition\" content=\"new\" \/>\n<!-- \/ Yoast SEO plugin. -->","yoast_head_json":{"title":"Boden Jacka | Kl\u00e4der f\u00f6r trav och stall | Brizy","description":"En b\u00e4sts\u00e4ljare fr\u00e5n Brizy! Den \u00e4r designad med funktionalitet f\u00f6r att m\u00f6ta dina behov i vinterkylan. Produkterna har 150 gram l\u00e4ttviktsisolering med","robots":{"index":"index","follow":"follow","max-snippet":"max-snippet:-1","max-image-preview":"max-image-preview:large","max-video-preview":"max-video-preview:-1"},"canonical":"https:\/\/brizyproducts.com\/sv\/product\/boden-jacka-2\/","og_locale":"sv_SE","og_type":"article","og_title":"Boden Jacka | Kl\u00e4der f\u00f6r trav och stall | Brizy","og_description":"En b\u00e4sts\u00e4ljare fr\u00e5n Brizy! Den \u00e4r designad med funktionalitet f\u00f6r att m\u00f6ta dina behov i vinterkylan. Produkterna har 150 gram l\u00e4ttviktsisolering med","og_url":"https:\/\/brizyproducts.com\/sv\/product\/boden-jacka-2\/","og_site_name":"Brizy Products","article_publisher":"https:\/\/www.facebook.com\/brizy.1983\/","article_modified_time":"2026-02-07T20:36:24+00:00","og_image":[{"width":768,"height":1024,"url":"https:\/\/brizyproducts.com\/wp-content\/uploads\/2023\/10\/3-12-768x1024.png","type":"image\/png"}],"twitter_card":"summary_large_image","schema":{"@context":"https:\/\/schema.org","@graph":[{"@type":"WebPage","@id":"https:\/\/brizyproducts.com\/sv\/product\/boden-jacka-2\/","url":"https:\/\/brizyproducts.com\/sv\/product\/boden-jacka-2\/","name":"Boden Jacka | Kl\u00e4der f\u00f6r trav och stall | Brizy","isPartOf":{"@id":"https:\/\/brizyproducts.com\/sv\/#website"},"primaryImageOfPage":{"@id":"https:\/\/brizyproducts.com\/sv\/product\/boden-jacka-2\/#primaryimage"},"image":{"@id":"https:\/\/brizyproducts.com\/sv\/product\/boden-jacka-2\/#primaryimage"},"thumbnailUrl":"https:\/\/brizyproducts.com\/wp-content\/uploads\/2023\/10\/3-12.png","datePublished":"2023-10-26T13:56:26+00:00","dateModified":"2026-02-07T20:36:24+00:00","description":"En b\u00e4sts\u00e4ljare fr\u00e5n Brizy! Den \u00e4r designad med funktionalitet f\u00f6r att m\u00f6ta dina behov i vinterkylan. Produkterna har 150 gram l\u00e4ttviktsisolering med","breadcrumb":{"@id":"https:\/\/brizyproducts.com\/sv\/product\/boden-jacka-2\/#breadcrumb"},"inLanguage":"sv-SE","potentialAction":[{"@type":"ReadAction","target":["https:\/\/brizyproducts.com\/sv\/product\/boden-jacka-2\/"]}]},{"@type":"ImageObject","inLanguage":"sv-SE","@id":"https:\/\/brizyproducts.com\/sv\/product\/boden-jacka-2\/#primaryimage","url":"https:\/\/brizyproducts.com\/wp-content\/uploads\/2023\/10\/3-12.png","contentUrl":"https:\/\/brizyproducts.com\/wp-content\/uploads\/2023\/10\/3-12.png","width":3375,"height":4500},{"@type":"BreadcrumbList","@id":"https:\/\/brizyproducts.com\/sv\/product\/boden-jacka-2\/#breadcrumb","itemListElement":[{"@type":"ListItem","position":1,"name":"Hem","item":"https:\/\/brizyproducts.com\/sv\/"},{"@type":"ListItem","position":2,"name":"Shop","item":"https:\/\/brizyproducts.com\/sv\/shop\/"},{"@type":"ListItem","position":3,"name":"Boden Jacka"}]},{"@type":"WebSite","@id":"https:\/\/brizyproducts.com\/sv\/#website","url":"https:\/\/brizyproducts.com\/sv\/","name":"Brizy","description":"","publisher":{"@id":"https:\/\/brizyproducts.com\/sv\/#organization"},"potentialAction":[{"@type":"SearchAction","target":{"@type":"EntryPoint","urlTemplate":"https:\/\/brizyproducts.com\/sv\/?s={search_term_string}"},"query-input":{"@type":"PropertyValueSpecification","valueRequired":true,"valueName":"search_term_string"}}],"inLanguage":"sv-SE"},{"@type":"Organization","@id":"https:\/\/brizyproducts.com\/sv\/#organization","name":"Brizy","url":"https:\/\/brizyproducts.com\/sv\/","logo":{"@type":"ImageObject","inLanguage":"sv-SE","@id":"https:\/\/brizyproducts.com\/sv\/#\/schema\/logo\/image\/","url":"https:\/\/brizyproducts.com\/wp-content\/uploads\/2023\/12\/Brizy-old.svg","contentUrl":"https:\/\/brizyproducts.com\/wp-content\/uploads\/2023\/12\/Brizy-old.svg","width":1,"height":1,"caption":"Brizy"},"image":{"@id":"https:\/\/brizyproducts.com\/sv\/#\/schema\/logo\/image\/"},"sameAs":["https:\/\/www.facebook.com\/brizy.1983\/","https:\/\/www.linkedin.com\/company\/brizy-produktion\/"]}]},"og_availability":"out of stock","product_availability":"out of stock","product_retailer_item_id":"2810","product_condition":"new"},"_links":{"self":[{"href":"https:\/\/brizyproducts.com\/sv\/wp-json\/wp\/v2\/product\/14077","targetHints":{"allow":["GET"]}}],"collection":[{"href":"https:\/\/brizyproducts.com\/sv\/wp-json\/wp\/v2\/product"}],"about":[{"href":"https:\/\/brizyproducts.com\/sv\/wp-json\/wp\/v2\/types\/product"}],"replies":[{"embeddable":true,"href":"https:\/\/brizyproducts.com\/sv\/wp-json\/wp\/v2\/comments?post=14077"}],"wp:featuredmedia":[{"embeddable":true,"href":"https:\/\/brizyproducts.com\/sv\/wp-json\/wp\/v2\/media\/14102"}],"wp:attachment":[{"href":"https:\/\/brizyproducts.com\/sv\/wp-json\/wp\/v2\/media?parent=14077"}],"wp:term":[{"taxonomy":"product_brand","embeddable":true,"href":"https:\/\/brizyproducts.com\/sv\/wp-json\/wp\/v2\/product_brand?post=14077"},{"taxonomy":"product_cat","embeddable":true,"href":"https:\/\/brizyproducts.com\/sv\/wp-json\/wp\/v2\/product_cat?post=14077"},{"taxonomy":"product_tag","embeddable":true,"href":"https:\/\/brizyproducts.com\/sv\/wp-json\/wp\/v2\/product_tag?post=14077"},{"taxonomy":"season","embeddable":true,"href":"https:\/\/brizyproducts.com\/sv\/wp-json\/wp\/v2\/season?post=14077"},{"taxonomy":"gender","embeddable":true,"href":"https:\/\/brizyproducts.com\/sv\/wp-json\/wp\/v2\/gender?post=14077"},{"taxonomy":"collection","embeddable":true,"href":"https:\/\/brizyproducts.com\/sv\/wp-json\/wp\/v2\/collection?post=14077"},{"taxonomy":"activity","embeddable":true,"href":"https:\/\/brizyproducts.com\/sv\/wp-json\/wp\/v2\/activity?post=14077"},{"taxonomy":"product_type_brizy","embeddable":true,"href":"https:\/\/brizyproducts.com\/sv\/wp-json\/wp\/v2\/product_type_brizy?post=14077"}],"curies":[{"name":"wp","href":"https:\/\/api.w.org\/{rel}","templated":true}]}}