{"id":14050,"date":"2023-10-26T13:56:26","date_gmt":"2023-10-26T13:56:26","guid":{"rendered":"https:\/\/brizyproducts.com\/product\/boden-byxa-2\/"},"modified":"2026-02-07T20:36:26","modified_gmt":"2026-02-07T20:36:26","slug":"boden-byxa-2","status":"publish","type":"product","link":"https:\/\/brizyproducts.com\/sv\/product\/boden-byxa-2\/","title":{"rendered":"Boden Byxa"},"content":{"rendered":"<p>Uppt\u00e4ck Bodens vind- och vattenavvisande vinterbyxor, tillverkade i v\u00e5rt 4-v\u00e4gs stretchmaterial f\u00f6r h\u00f6gsta komfort. Den 150 gram l\u00e4tta isoleringen fr\u00e5n Sorona h\u00e5ller dig varm i de kallaste milj\u00f6erna! Byxornas h\u00e4ngslen ger extra st\u00f6d och komfort, vilket g\u00f6r dem till ett p\u00e5litligt val f\u00f6r dig som letar efter h\u00e5llbara plagg f\u00f6r kalla v\u00e4derf\u00f6rh\u00e5llanden. Naturligtvis kan du ocks\u00e5 best\u00e4lla dessa byxor personligt, i dina valda f\u00e4rger, skr\u00e4ddarsydda efter dina personliga m\u00e5tt och \u00f6nskad passform. V\u00e4nligen kontakta oss f\u00f6r mer information! Byxan \u00e4r trogen storleken<\/p>\n","protected":false},"excerpt":{"rendered":"<p>Uppt\u00e4ck Bodens vind- och vattenavvisande vinterbyxor, tillverkade i v\u00e5rt 4-v\u00e4gs stretchmaterial f\u00f6r h\u00f6gsta komfort. Den 150 gram l\u00e4tta isoleringen fr\u00e5n Sorona h\u00e5ller dig varm i de kallaste milj\u00f6erna! Byxornas h\u00e4ngslen ger extra st\u00f6d och komfort, vilket g\u00f6r dem till ett p\u00e5litligt val f\u00f6r dig som letar efter h\u00e5llbara plagg f\u00f6r kalla v\u00e4derf\u00f6rh\u00e5llanden. Naturligtvis kan du [&hellip;]<\/p>\n","protected":false},"featured_media":15654,"comment_status":"closed","ping_status":"closed","template":"","meta":{"_acf_changed":false},"product_brand":[],"product_cat":[254,439],"product_tag":[359],"season":[504],"gender":[510,512],"collection":[516],"activity":[560,562],"product_type_brizy":[570],"class_list":{"0":"post-14050","1":"product","2":"type-product","3":"status-publish","4":"has-post-thumbnail","6":"product_cat-trousers","7":"product_cat-outlet","8":"product_tag-boden-sv","9":"season-winter","10":"gender-men","11":"gender-women","12":"collection-boden","13":"activity-stable","14":"activity-training","15":"product_type_brizy-stock-products","17":"first","18":"instock","19":"sale","20":"taxable","21":"shipping-taxable","22":"purchasable","23":"product-type-variable"},"acf":[],"yoast_head":"<!-- This site is optimized with the Yoast SEO plugin v27.3 - https:\/\/yoast.com\/product\/yoast-seo-wordpress\/ -->\n<title>Boden Byxa | Kl\u00e4der f\u00f6r trav och stall | Brizy<\/title>\n<meta name=\"description\" content=\"Uppt\u00e4ck Bodens vind- och vattenavvisande vinterbyxor, tillverkade i v\u00e5rt 4-v\u00e4gs stretchmaterial f\u00f6r h\u00f6gsta komfort. Den 150 gram l\u00e4tta isoleringen fr\u00e5n\" \/>\n<meta name=\"robots\" content=\"index, follow, max-snippet:-1, max-image-preview:large, max-video-preview:-1\" \/>\n<link rel=\"canonical\" href=\"https:\/\/brizyproducts.com\/sv\/product\/boden-byxa-2\/\" \/>\n<meta property=\"og:locale\" content=\"sv_SE\" \/>\n<meta property=\"og:type\" content=\"article\" \/>\n<meta property=\"og:title\" content=\"Boden Byxa | Kl\u00e4der f\u00f6r trav och stall | Brizy\" \/>\n<meta property=\"og:description\" content=\"Uppt\u00e4ck Bodens vind- och vattenavvisande vinterbyxor, tillverkade i v\u00e5rt 4-v\u00e4gs stretchmaterial f\u00f6r h\u00f6gsta komfort. Den 150 gram l\u00e4tta isoleringen fr\u00e5n\" \/>\n<meta property=\"og:url\" content=\"https:\/\/brizyproducts.com\/sv\/product\/boden-byxa-2\/\" \/>\n<meta property=\"og:site_name\" content=\"Brizy Products\" \/>\n<meta property=\"article:publisher\" content=\"https:\/\/www.facebook.com\/brizy.1983\/\" \/>\n<meta property=\"article:modified_time\" content=\"2026-02-07T20:36:26+00:00\" \/>\n<meta property=\"og:image\" content=\"https:\/\/brizyproducts.com\/wp-content\/uploads\/2023\/11\/2-2.png\" \/>\n\t<meta property=\"og:image:width\" content=\"3375\" \/>\n\t<meta property=\"og:image:height\" content=\"4500\" \/>\n\t<meta property=\"og:image:type\" content=\"image\/png\" \/>\n<meta name=\"twitter:card\" content=\"summary_large_image\" \/>\n<meta property=\"og:availability\" content=\"instock\" \/>\n<meta property=\"product:availability\" content=\"instock\" \/>\n<meta property=\"product:retailer_item_id\" content=\"3810\" \/>\n<meta property=\"product:condition\" content=\"new\" \/>\n<!-- \/ Yoast SEO plugin. -->","yoast_head_json":{"title":"Boden Byxa | Kl\u00e4der f\u00f6r trav och stall | Brizy","description":"Uppt\u00e4ck Bodens vind- och vattenavvisande vinterbyxor, tillverkade i v\u00e5rt 4-v\u00e4gs stretchmaterial f\u00f6r h\u00f6gsta komfort. Den 150 gram l\u00e4tta isoleringen fr\u00e5n","robots":{"index":"index","follow":"follow","max-snippet":"max-snippet:-1","max-image-preview":"max-image-preview:large","max-video-preview":"max-video-preview:-1"},"canonical":"https:\/\/brizyproducts.com\/sv\/product\/boden-byxa-2\/","og_locale":"sv_SE","og_type":"article","og_title":"Boden Byxa | Kl\u00e4der f\u00f6r trav och stall | Brizy","og_description":"Uppt\u00e4ck Bodens vind- och vattenavvisande vinterbyxor, tillverkade i v\u00e5rt 4-v\u00e4gs stretchmaterial f\u00f6r h\u00f6gsta komfort. Den 150 gram l\u00e4tta isoleringen fr\u00e5n","og_url":"https:\/\/brizyproducts.com\/sv\/product\/boden-byxa-2\/","og_site_name":"Brizy Products","article_publisher":"https:\/\/www.facebook.com\/brizy.1983\/","article_modified_time":"2026-02-07T20:36:26+00:00","og_image":[{"width":3375,"height":4500,"url":"https:\/\/brizyproducts.com\/wp-content\/uploads\/2023\/11\/2-2.png","type":"image\/png"}],"twitter_card":"summary_large_image","schema":{"@context":"https:\/\/schema.org","@graph":[{"@type":"WebPage","@id":"https:\/\/brizyproducts.com\/sv\/product\/boden-byxa-2\/","url":"https:\/\/brizyproducts.com\/sv\/product\/boden-byxa-2\/","name":"Boden Byxa | Kl\u00e4der f\u00f6r trav och stall | Brizy","isPartOf":{"@id":"https:\/\/brizyproducts.com\/sv\/#website"},"primaryImageOfPage":{"@id":"https:\/\/brizyproducts.com\/sv\/product\/boden-byxa-2\/#primaryimage"},"image":{"@id":"https:\/\/brizyproducts.com\/sv\/product\/boden-byxa-2\/#primaryimage"},"thumbnailUrl":"https:\/\/brizyproducts.com\/wp-content\/uploads\/2023\/11\/2-2.png","datePublished":"2023-10-26T13:56:26+00:00","dateModified":"2026-02-07T20:36:26+00:00","description":"Uppt\u00e4ck Bodens vind- och vattenavvisande vinterbyxor, tillverkade i v\u00e5rt 4-v\u00e4gs stretchmaterial f\u00f6r h\u00f6gsta komfort. Den 150 gram l\u00e4tta isoleringen fr\u00e5n","breadcrumb":{"@id":"https:\/\/brizyproducts.com\/sv\/product\/boden-byxa-2\/#breadcrumb"},"inLanguage":"sv-SE","potentialAction":[{"@type":"ReadAction","target":["https:\/\/brizyproducts.com\/sv\/product\/boden-byxa-2\/"]}]},{"@type":"ImageObject","inLanguage":"sv-SE","@id":"https:\/\/brizyproducts.com\/sv\/product\/boden-byxa-2\/#primaryimage","url":"https:\/\/brizyproducts.com\/wp-content\/uploads\/2023\/11\/2-2.png","contentUrl":"https:\/\/brizyproducts.com\/wp-content\/uploads\/2023\/11\/2-2.png","width":3375,"height":4500},{"@type":"BreadcrumbList","@id":"https:\/\/brizyproducts.com\/sv\/product\/boden-byxa-2\/#breadcrumb","itemListElement":[{"@type":"ListItem","position":1,"name":"Hem","item":"https:\/\/brizyproducts.com\/sv\/start-april-2026\/"},{"@type":"ListItem","position":2,"name":"Shop","item":"https:\/\/brizyproducts.com\/sv\/shop\/"},{"@type":"ListItem","position":3,"name":"Boden Byxa"}]},{"@type":"WebSite","@id":"https:\/\/brizyproducts.com\/sv\/#website","url":"https:\/\/brizyproducts.com\/sv\/","name":"Brizy","description":"","publisher":{"@id":"https:\/\/brizyproducts.com\/sv\/#organization"},"potentialAction":[{"@type":"SearchAction","target":{"@type":"EntryPoint","urlTemplate":"https:\/\/brizyproducts.com\/sv\/?s={search_term_string}"},"query-input":{"@type":"PropertyValueSpecification","valueRequired":true,"valueName":"search_term_string"}}],"inLanguage":"sv-SE"},{"@type":"Organization","@id":"https:\/\/brizyproducts.com\/sv\/#organization","name":"Brizy","url":"https:\/\/brizyproducts.com\/sv\/","logo":{"@type":"ImageObject","inLanguage":"sv-SE","@id":"https:\/\/brizyproducts.com\/sv\/#\/schema\/logo\/image\/","url":"https:\/\/brizyproducts.com\/wp-content\/uploads\/2023\/12\/Brizy-old.svg","contentUrl":"https:\/\/brizyproducts.com\/wp-content\/uploads\/2023\/12\/Brizy-old.svg","width":1,"height":1,"caption":"Brizy"},"image":{"@id":"https:\/\/brizyproducts.com\/sv\/#\/schema\/logo\/image\/"},"sameAs":["https:\/\/www.facebook.com\/brizy.1983\/","https:\/\/www.linkedin.com\/company\/brizy-produktion\/"]}]},"og_availability":"instock","product_availability":"instock","product_retailer_item_id":"3810","product_condition":"new"},"_links":{"self":[{"href":"https:\/\/brizyproducts.com\/sv\/wp-json\/wp\/v2\/product\/14050","targetHints":{"allow":["GET"]}}],"collection":[{"href":"https:\/\/brizyproducts.com\/sv\/wp-json\/wp\/v2\/product"}],"about":[{"href":"https:\/\/brizyproducts.com\/sv\/wp-json\/wp\/v2\/types\/product"}],"replies":[{"embeddable":true,"href":"https:\/\/brizyproducts.com\/sv\/wp-json\/wp\/v2\/comments?post=14050"}],"wp:featuredmedia":[{"embeddable":true,"href":"https:\/\/brizyproducts.com\/sv\/wp-json\/wp\/v2\/media\/15654"}],"wp:attachment":[{"href":"https:\/\/brizyproducts.com\/sv\/wp-json\/wp\/v2\/media?parent=14050"}],"wp:term":[{"taxonomy":"product_brand","embeddable":true,"href":"https:\/\/brizyproducts.com\/sv\/wp-json\/wp\/v2\/product_brand?post=14050"},{"taxonomy":"product_cat","embeddable":true,"href":"https:\/\/brizyproducts.com\/sv\/wp-json\/wp\/v2\/product_cat?post=14050"},{"taxonomy":"product_tag","embeddable":true,"href":"https:\/\/brizyproducts.com\/sv\/wp-json\/wp\/v2\/product_tag?post=14050"},{"taxonomy":"season","embeddable":true,"href":"https:\/\/brizyproducts.com\/sv\/wp-json\/wp\/v2\/season?post=14050"},{"taxonomy":"gender","embeddable":true,"href":"https:\/\/brizyproducts.com\/sv\/wp-json\/wp\/v2\/gender?post=14050"},{"taxonomy":"collection","embeddable":true,"href":"https:\/\/brizyproducts.com\/sv\/wp-json\/wp\/v2\/collection?post=14050"},{"taxonomy":"activity","embeddable":true,"href":"https:\/\/brizyproducts.com\/sv\/wp-json\/wp\/v2\/activity?post=14050"},{"taxonomy":"product_type_brizy","embeddable":true,"href":"https:\/\/brizyproducts.com\/sv\/wp-json\/wp\/v2\/product_type_brizy?post=14050"}],"curies":[{"name":"wp","href":"https:\/\/api.w.org\/{rel}","templated":true}]}}