{"id":14044,"date":"2023-10-26T13:56:26","date_gmt":"2023-10-26T13:56:26","guid":{"rendered":"https:\/\/brizyproducts.com\/product\/chantilly-sommar-monte-byxa-dragkedja\/"},"modified":"2025-03-12T07:45:29","modified_gmt":"2025-03-12T07:45:29","slug":"chantilly-sommar-monte-byxa-dragkedja","status":"publish","type":"product","link":"https:\/\/brizyproducts.com\/sv\/product\/chantilly-sommar-monte-byxa-dragkedja\/","title":{"rendered":"Chantilly Sommar Mont\u00e9 Byxa Dragkedja"},"content":{"rendered":"<p>Chantilly Summer Mont\u00e9 Trouser \u00e4r en bekv\u00e4m och l\u00e4tt byxa, perfekt f\u00f6r de varma m\u00e5naderna! F\u00f6lj guiden nedan f\u00f6r att g\u00f6ra din kavaj personlig och f\u00f6r att skicka en offertf\u00f6rfr\u00e5gan. Tveka inte att kontakta oss om du har n\u00e5gra fr\u00e5gor!<\/p>\n\n","protected":false},"excerpt":{"rendered":"<p>Chantilly Summer Mont\u00e9 Trouser \u00e4r en bekv\u00e4m och l\u00e4tt byxa, perfekt f\u00f6r de varma m\u00e5naderna! F\u00f6lj guiden nedan f\u00f6r att g\u00f6ra din kavaj personlig och f\u00f6r att skicka en offertf\u00f6rfr\u00e5gan. Tveka inte att kontakta oss om du har n\u00e5gra fr\u00e5gor!<\/p>\n","protected":false},"featured_media":14045,"comment_status":"closed","ping_status":"closed","template":"","meta":{"_acf_changed":false},"product_brand":[],"product_cat":[254,448],"product_tag":[],"class_list":{"0":"post-14044","1":"product","2":"type-product","3":"status-publish","4":"has-post-thumbnail","6":"product_cat-trousers","7":"product_cat-tailor-made-layout","8":"season-summer","9":"gender-men","10":"collection-monte","11":"activity-monte","12":"product_type_brizy-tailor-made","14":"first","15":"instock","16":"taxable","17":"shipping-taxable","18":"purchasable","19":"product-type-simple"},"acf":[],"yoast_head":"<!-- This site is optimized with the Yoast SEO plugin v27.0 - https:\/\/yoast.com\/product\/yoast-seo-wordpress\/ -->\n<title>Chantilly Sommar Mont\u00e9 Byxa Dragkedja | Kl\u00e4der f\u00f6r trav och stall | Brizy<\/title>\n<meta name=\"description\" content=\"Chantilly Summer Mont\u00e9 Trouser \u00e4r en bekv\u00e4m och l\u00e4tt byxa, perfekt f\u00f6r de varma m\u00e5naderna! F\u00f6lj guiden nedan f\u00f6r att g\u00f6ra din kavaj personlig och f\u00f6r att\" \/>\n<meta name=\"robots\" content=\"index, follow, max-snippet:-1, max-image-preview:large, max-video-preview:-1\" \/>\n<link rel=\"canonical\" href=\"https:\/\/brizyproducts.com\/sv\/product\/chantilly-sommar-monte-byxa-dragkedja\/\" \/>\n<meta property=\"og:locale\" content=\"sv_SE\" \/>\n<meta property=\"og:type\" content=\"article\" \/>\n<meta property=\"og:title\" content=\"Chantilly Sommar Mont\u00e9 Byxa Dragkedja | Kl\u00e4der f\u00f6r trav och stall | Brizy\" \/>\n<meta property=\"og:description\" content=\"Chantilly Summer Mont\u00e9 Trouser \u00e4r en bekv\u00e4m och l\u00e4tt byxa, perfekt f\u00f6r de varma m\u00e5naderna! F\u00f6lj guiden nedan f\u00f6r att g\u00f6ra din kavaj personlig och f\u00f6r att\" \/>\n<meta property=\"og:url\" content=\"https:\/\/brizyproducts.com\/sv\/product\/chantilly-sommar-monte-byxa-dragkedja\/\" \/>\n<meta property=\"og:site_name\" content=\"Brizy Products\" \/>\n<meta property=\"article:publisher\" content=\"https:\/\/www.facebook.com\/brizy.1983\/\" \/>\n<meta property=\"article:modified_time\" content=\"2025-03-12T07:45:29+00:00\" \/>\n<meta property=\"og:image\" content=\"https:\/\/brizyproducts.com\/wp-content\/uploads\/2023\/10\/1-27-png.webp\" \/>\n\t<meta property=\"og:image:width\" content=\"3375\" \/>\n\t<meta property=\"og:image:height\" content=\"4500\" \/>\n\t<meta property=\"og:image:type\" content=\"image\/png\" \/>\n<meta name=\"twitter:card\" content=\"summary_large_image\" \/>\n<meta property=\"product:price:amount\" content=\"0.00\" \/>\n<meta property=\"product:price:currency\" content=\"USD\" \/>\n<meta property=\"og:availability\" content=\"instock\" \/>\n<meta property=\"product:availability\" content=\"instock\" \/>\n<meta property=\"product:retailer_item_id\" content=\"341580\" \/>\n<meta property=\"product:condition\" content=\"new\" \/>\n<!-- \/ Yoast SEO plugin. -->","yoast_head_json":{"title":"Chantilly Sommar Mont\u00e9 Byxa Dragkedja | Kl\u00e4der f\u00f6r trav och stall | Brizy","description":"Chantilly Summer Mont\u00e9 Trouser \u00e4r en bekv\u00e4m och l\u00e4tt byxa, perfekt f\u00f6r de varma m\u00e5naderna! F\u00f6lj guiden nedan f\u00f6r att g\u00f6ra din kavaj personlig och f\u00f6r att","robots":{"index":"index","follow":"follow","max-snippet":"max-snippet:-1","max-image-preview":"max-image-preview:large","max-video-preview":"max-video-preview:-1"},"canonical":"https:\/\/brizyproducts.com\/sv\/product\/chantilly-sommar-monte-byxa-dragkedja\/","og_locale":"sv_SE","og_type":"article","og_title":"Chantilly Sommar Mont\u00e9 Byxa Dragkedja | Kl\u00e4der f\u00f6r trav och stall | Brizy","og_description":"Chantilly Summer Mont\u00e9 Trouser \u00e4r en bekv\u00e4m och l\u00e4tt byxa, perfekt f\u00f6r de varma m\u00e5naderna! F\u00f6lj guiden nedan f\u00f6r att g\u00f6ra din kavaj personlig och f\u00f6r att","og_url":"https:\/\/brizyproducts.com\/sv\/product\/chantilly-sommar-monte-byxa-dragkedja\/","og_site_name":"Brizy Products","article_publisher":"https:\/\/www.facebook.com\/brizy.1983\/","article_modified_time":"2025-03-12T07:45:29+00:00","og_image":[{"width":3375,"height":4500,"url":"https:\/\/brizyproducts.com\/wp-content\/uploads\/2023\/10\/1-27-png.webp","type":"image\/png"}],"twitter_card":"summary_large_image","schema":{"@context":"https:\/\/schema.org","@graph":[{"@type":"WebPage","@id":"https:\/\/brizyproducts.com\/sv\/product\/chantilly-sommar-monte-byxa-dragkedja\/","url":"https:\/\/brizyproducts.com\/sv\/product\/chantilly-sommar-monte-byxa-dragkedja\/","name":"Chantilly Sommar Mont\u00e9 Byxa Dragkedja | Kl\u00e4der f\u00f6r trav och stall | Brizy","isPartOf":{"@id":"https:\/\/brizyproducts.com\/sv\/#website"},"primaryImageOfPage":{"@id":"https:\/\/brizyproducts.com\/sv\/product\/chantilly-sommar-monte-byxa-dragkedja\/#primaryimage"},"image":{"@id":"https:\/\/brizyproducts.com\/sv\/product\/chantilly-sommar-monte-byxa-dragkedja\/#primaryimage"},"thumbnailUrl":"https:\/\/brizyproducts.com\/wp-content\/uploads\/2023\/10\/1-27-png.webp","datePublished":"2023-10-26T13:56:26+00:00","dateModified":"2025-03-12T07:45:29+00:00","description":"Chantilly Summer Mont\u00e9 Trouser \u00e4r en bekv\u00e4m och l\u00e4tt byxa, perfekt f\u00f6r de varma m\u00e5naderna! F\u00f6lj guiden nedan f\u00f6r att g\u00f6ra din kavaj personlig och f\u00f6r att","breadcrumb":{"@id":"https:\/\/brizyproducts.com\/sv\/product\/chantilly-sommar-monte-byxa-dragkedja\/#breadcrumb"},"inLanguage":"sv-SE","potentialAction":[{"@type":"ReadAction","target":["https:\/\/brizyproducts.com\/sv\/product\/chantilly-sommar-monte-byxa-dragkedja\/"]}]},{"@type":"ImageObject","inLanguage":"sv-SE","@id":"https:\/\/brizyproducts.com\/sv\/product\/chantilly-sommar-monte-byxa-dragkedja\/#primaryimage","url":"https:\/\/brizyproducts.com\/wp-content\/uploads\/2023\/10\/1-27-png.webp","contentUrl":"https:\/\/brizyproducts.com\/wp-content\/uploads\/2023\/10\/1-27-png.webp","width":3375,"height":4500},{"@type":"BreadcrumbList","@id":"https:\/\/brizyproducts.com\/sv\/product\/chantilly-sommar-monte-byxa-dragkedja\/#breadcrumb","itemListElement":[{"@type":"ListItem","position":1,"name":"Hem","item":"https:\/\/brizyproducts.com\/sv\/"},{"@type":"ListItem","position":2,"name":"Shop","item":"https:\/\/brizyproducts.com\/sv\/shop\/"},{"@type":"ListItem","position":3,"name":"Chantilly Sommar Mont\u00e9 Byxa Dragkedja"}]},{"@type":"WebSite","@id":"https:\/\/brizyproducts.com\/sv\/#website","url":"https:\/\/brizyproducts.com\/sv\/","name":"Brizy","description":"","publisher":{"@id":"https:\/\/brizyproducts.com\/sv\/#organization"},"potentialAction":[{"@type":"SearchAction","target":{"@type":"EntryPoint","urlTemplate":"https:\/\/brizyproducts.com\/sv\/?s={search_term_string}"},"query-input":{"@type":"PropertyValueSpecification","valueRequired":true,"valueName":"search_term_string"}}],"inLanguage":"sv-SE"},{"@type":"Organization","@id":"https:\/\/brizyproducts.com\/sv\/#organization","name":"Brizy","url":"https:\/\/brizyproducts.com\/sv\/","logo":{"@type":"ImageObject","inLanguage":"sv-SE","@id":"https:\/\/brizyproducts.com\/sv\/#\/schema\/logo\/image\/","url":"https:\/\/brizyproducts.com\/wp-content\/uploads\/2023\/12\/Brizy-old.svg","contentUrl":"https:\/\/brizyproducts.com\/wp-content\/uploads\/2023\/12\/Brizy-old.svg","width":1,"height":1,"caption":"Brizy"},"image":{"@id":"https:\/\/brizyproducts.com\/sv\/#\/schema\/logo\/image\/"},"sameAs":["https:\/\/www.facebook.com\/brizy.1983\/","https:\/\/www.linkedin.com\/company\/brizy-produktion\/"]}]},"product_price_amount":"0.00","product_price_currency":"USD","og_availability":"instock","product_availability":"instock","product_retailer_item_id":"341580","product_condition":"new"},"_links":{"self":[{"href":"https:\/\/brizyproducts.com\/sv\/wp-json\/wp\/v2\/product\/14044","targetHints":{"allow":["GET"]}}],"collection":[{"href":"https:\/\/brizyproducts.com\/sv\/wp-json\/wp\/v2\/product"}],"about":[{"href":"https:\/\/brizyproducts.com\/sv\/wp-json\/wp\/v2\/types\/product"}],"replies":[{"embeddable":true,"href":"https:\/\/brizyproducts.com\/sv\/wp-json\/wp\/v2\/comments?post=14044"}],"wp:featuredmedia":[{"embeddable":true,"href":"https:\/\/brizyproducts.com\/sv\/wp-json\/wp\/v2\/media\/14045"}],"wp:attachment":[{"href":"https:\/\/brizyproducts.com\/sv\/wp-json\/wp\/v2\/media?parent=14044"}],"wp:term":[{"taxonomy":"product_brand","embeddable":true,"href":"https:\/\/brizyproducts.com\/sv\/wp-json\/wp\/v2\/product_brand?post=14044"},{"taxonomy":"product_cat","embeddable":true,"href":"https:\/\/brizyproducts.com\/sv\/wp-json\/wp\/v2\/product_cat?post=14044"},{"taxonomy":"product_tag","embeddable":true,"href":"https:\/\/brizyproducts.com\/sv\/wp-json\/wp\/v2\/product_tag?post=14044"}],"curies":[{"name":"wp","href":"https:\/\/api.w.org\/{rel}","templated":true}]}}