{"id":14032,"date":"2023-10-26T13:56:26","date_gmt":"2023-10-26T13:56:26","guid":{"rendered":"https:\/\/brizyproducts.com\/product\/napoli-summer-onepiece-kortarmad\/"},"modified":"2026-02-24T10:01:06","modified_gmt":"2026-02-24T10:01:06","slug":"napoli-summer-onepiece-kortarmad","status":"publish","type":"product","link":"https:\/\/brizyproducts.com\/sv\/product\/napoli-summer-onepiece-kortarmad\/","title":{"rendered":"Napoli Kort\u00e4rmad Sommardress"},"content":{"rendered":"<h2><strong>Kort\u00e4rmad tr\u00e4ningsdress perfekt f\u00f6r de varmaste dagarna<\/strong><\/h2>\n<p>En kort\u00e4rmad sommardress perfekt f\u00f6r kuskar, tr\u00e4nare och stallpersonal, framtagen f\u00f6r att ge maximal komfort under de varma tr\u00e4ningsdagarna. Med h\u00f6g andningsf\u00f6rm\u00e5ga och noggrant utvalda material h\u00e5ller dressen dig sval, utan att tumma p\u00e5 vare sig funktion eller slitstyrka.<\/p>\n<p>V\u00e4lj dina egna f\u00e4rger och design f\u00f6r att matcha med din t\u00e4vlingsdress eller stallets f\u00e4rger. Napoli Kort\u00e4rmad Sommardress m\u00e5ttanpassas f\u00f6r b\u00e4sta m\u00f6jliga passform och tillverkas i material som verkligen g\u00f6r skillnad.<\/p>\n","protected":false},"excerpt":{"rendered":"<p>Kort\u00e4rmad tr\u00e4ningsdress. M\u00e5ttsydd och egendesignad kort\u00e4rmad tr\u00e4ningsdress med perfekt passform, perfekt f\u00f6r sommaren.<\/p>\n","protected":false},"featured_media":14034,"comment_status":"closed","ping_status":"closed","template":"","meta":{"_acf_changed":false},"product_brand":[],"product_cat":[253,448,333,267],"product_tag":[],"season":[502],"gender":[510,512],"collection":[518],"activity":[562],"product_type_brizy":[568],"class_list":{"0":"post-14032","1":"product","2":"type-product","3":"status-publish","4":"has-post-thumbnail","6":"product_cat-mens","7":"product_cat-tailor-made-layout","8":"product_cat-one-pieces","9":"product_cat-womens","10":"season-summer","11":"gender-men","12":"gender-women","13":"collection-napoli","14":"activity-training","15":"product_type_brizy-custom-made","17":"first","18":"instock","19":"taxable","20":"shipping-taxable","21":"purchasable","22":"product-type-simple"},"acf":[],"yoast_head":"<!-- This site is optimized with the Yoast SEO plugin v27.3 - https:\/\/yoast.com\/product\/yoast-seo-wordpress\/ -->\n<title>Napoli Kort\u00e4rmad Sommardress | Tr\u00e4ningsdress f\u00f6r trav | Brizy<\/title>\n<meta name=\"description\" content=\"Egendesignad och m\u00e5ttsydd kort\u00e4rmad tr\u00e4ningsdress gjord f\u00f6r att ge travkuskarna och tr\u00e4nare optimal passform och komfort under sommarens tr\u00e4ningar.\" \/>\n<meta name=\"robots\" content=\"index, follow, max-snippet:-1, max-image-preview:large, max-video-preview:-1\" \/>\n<link rel=\"canonical\" href=\"https:\/\/brizyproducts.com\/sv\/product\/napoli-summer-onepiece-kortarmad\/\" \/>\n<meta property=\"og:locale\" content=\"sv_SE\" \/>\n<meta property=\"og:type\" content=\"article\" \/>\n<meta property=\"og:title\" content=\"Napoli Kort\u00e4rmad Sommardress | Tr\u00e4ningsdress f\u00f6r trav | Brizy\" \/>\n<meta property=\"og:description\" content=\"Egendesignad och m\u00e5ttsydd kort\u00e4rmad tr\u00e4ningsdress gjord f\u00f6r att ge travkuskarna och tr\u00e4nare optimal passform och komfort under sommarens tr\u00e4ningar.\" \/>\n<meta property=\"og:url\" content=\"https:\/\/brizyproducts.com\/sv\/product\/napoli-summer-onepiece-kortarmad\/\" \/>\n<meta property=\"og:site_name\" content=\"Brizy Products\" \/>\n<meta property=\"article:publisher\" content=\"https:\/\/www.facebook.com\/brizy.1983\/\" \/>\n<meta property=\"article:modified_time\" content=\"2026-02-24T10:01:06+00:00\" \/>\n<meta property=\"og:image\" content=\"https:\/\/brizyproducts.com\/wp-content\/uploads\/2023\/10\/2-15-1650x2200.png\" \/>\n\t<meta property=\"og:image:width\" content=\"1650\" \/>\n\t<meta property=\"og:image:height\" content=\"2200\" \/>\n\t<meta property=\"og:image:type\" content=\"image\/png\" \/>\n<meta name=\"twitter:card\" content=\"summary_large_image\" \/>\n<meta property=\"product:price:amount\" content=\"0.00\" \/>\n<meta property=\"product:price:currency\" content=\"USD\" \/>\n<meta property=\"og:availability\" content=\"instock\" \/>\n<meta property=\"product:availability\" content=\"instock\" \/>\n<meta property=\"product:retailer_item_id\" content=\"1450200\" \/>\n<meta property=\"product:condition\" content=\"new\" \/>\n<!-- \/ Yoast SEO plugin. -->","yoast_head_json":{"title":"Napoli Kort\u00e4rmad Sommardress | Tr\u00e4ningsdress f\u00f6r trav | Brizy","description":"Egendesignad och m\u00e5ttsydd kort\u00e4rmad tr\u00e4ningsdress gjord f\u00f6r att ge travkuskarna och tr\u00e4nare optimal passform och komfort under sommarens tr\u00e4ningar.","robots":{"index":"index","follow":"follow","max-snippet":"max-snippet:-1","max-image-preview":"max-image-preview:large","max-video-preview":"max-video-preview:-1"},"canonical":"https:\/\/brizyproducts.com\/sv\/product\/napoli-summer-onepiece-kortarmad\/","og_locale":"sv_SE","og_type":"article","og_title":"Napoli Kort\u00e4rmad Sommardress | Tr\u00e4ningsdress f\u00f6r trav | Brizy","og_description":"Egendesignad och m\u00e5ttsydd kort\u00e4rmad tr\u00e4ningsdress gjord f\u00f6r att ge travkuskarna och tr\u00e4nare optimal passform och komfort under sommarens tr\u00e4ningar.","og_url":"https:\/\/brizyproducts.com\/sv\/product\/napoli-summer-onepiece-kortarmad\/","og_site_name":"Brizy Products","article_publisher":"https:\/\/www.facebook.com\/brizy.1983\/","article_modified_time":"2026-02-24T10:01:06+00:00","og_image":[{"width":1650,"height":2200,"url":"https:\/\/brizyproducts.com\/wp-content\/uploads\/2023\/10\/2-15-1650x2200.png","type":"image\/png"}],"twitter_card":"summary_large_image","schema":{"@context":"https:\/\/schema.org","@graph":[{"@type":"WebPage","@id":"https:\/\/brizyproducts.com\/sv\/product\/napoli-summer-onepiece-kortarmad\/","url":"https:\/\/brizyproducts.com\/sv\/product\/napoli-summer-onepiece-kortarmad\/","name":"Napoli Kort\u00e4rmad Sommardress | Tr\u00e4ningsdress f\u00f6r trav | Brizy","isPartOf":{"@id":"https:\/\/brizyproducts.com\/sv\/#website"},"primaryImageOfPage":{"@id":"https:\/\/brizyproducts.com\/sv\/product\/napoli-summer-onepiece-kortarmad\/#primaryimage"},"image":{"@id":"https:\/\/brizyproducts.com\/sv\/product\/napoli-summer-onepiece-kortarmad\/#primaryimage"},"thumbnailUrl":"https:\/\/brizyproducts.com\/wp-content\/uploads\/2023\/10\/2-15.png","datePublished":"2023-10-26T13:56:26+00:00","dateModified":"2026-02-24T10:01:06+00:00","description":"Egendesignad och m\u00e5ttsydd kort\u00e4rmad tr\u00e4ningsdress gjord f\u00f6r att ge travkuskarna och tr\u00e4nare optimal passform och komfort under sommarens tr\u00e4ningar.","breadcrumb":{"@id":"https:\/\/brizyproducts.com\/sv\/product\/napoli-summer-onepiece-kortarmad\/#breadcrumb"},"inLanguage":"sv-SE","potentialAction":[{"@type":"ReadAction","target":["https:\/\/brizyproducts.com\/sv\/product\/napoli-summer-onepiece-kortarmad\/"]}]},{"@type":"ImageObject","inLanguage":"sv-SE","@id":"https:\/\/brizyproducts.com\/sv\/product\/napoli-summer-onepiece-kortarmad\/#primaryimage","url":"https:\/\/brizyproducts.com\/wp-content\/uploads\/2023\/10\/2-15.png","contentUrl":"https:\/\/brizyproducts.com\/wp-content\/uploads\/2023\/10\/2-15.png","width":3375,"height":4500},{"@type":"BreadcrumbList","@id":"https:\/\/brizyproducts.com\/sv\/product\/napoli-summer-onepiece-kortarmad\/#breadcrumb","itemListElement":[{"@type":"ListItem","position":1,"name":"Hem","item":"https:\/\/brizyproducts.com\/sv\/start-april-2026\/"},{"@type":"ListItem","position":2,"name":"Shop","item":"https:\/\/brizyproducts.com\/sv\/shop\/"},{"@type":"ListItem","position":3,"name":"Napoli Kort\u00e4rmad Sommardress"}]},{"@type":"WebSite","@id":"https:\/\/brizyproducts.com\/sv\/#website","url":"https:\/\/brizyproducts.com\/sv\/","name":"Brizy","description":"","publisher":{"@id":"https:\/\/brizyproducts.com\/sv\/#organization"},"potentialAction":[{"@type":"SearchAction","target":{"@type":"EntryPoint","urlTemplate":"https:\/\/brizyproducts.com\/sv\/?s={search_term_string}"},"query-input":{"@type":"PropertyValueSpecification","valueRequired":true,"valueName":"search_term_string"}}],"inLanguage":"sv-SE"},{"@type":"Organization","@id":"https:\/\/brizyproducts.com\/sv\/#organization","name":"Brizy","url":"https:\/\/brizyproducts.com\/sv\/","logo":{"@type":"ImageObject","inLanguage":"sv-SE","@id":"https:\/\/brizyproducts.com\/sv\/#\/schema\/logo\/image\/","url":"https:\/\/brizyproducts.com\/wp-content\/uploads\/2023\/12\/Brizy-old.svg","contentUrl":"https:\/\/brizyproducts.com\/wp-content\/uploads\/2023\/12\/Brizy-old.svg","width":1,"height":1,"caption":"Brizy"},"image":{"@id":"https:\/\/brizyproducts.com\/sv\/#\/schema\/logo\/image\/"},"sameAs":["https:\/\/www.facebook.com\/brizy.1983\/","https:\/\/www.linkedin.com\/company\/brizy-produktion\/"]}]},"product_price_amount":"0.00","product_price_currency":"USD","og_availability":"instock","product_availability":"instock","product_retailer_item_id":"1450200","product_condition":"new"},"_links":{"self":[{"href":"https:\/\/brizyproducts.com\/sv\/wp-json\/wp\/v2\/product\/14032","targetHints":{"allow":["GET"]}}],"collection":[{"href":"https:\/\/brizyproducts.com\/sv\/wp-json\/wp\/v2\/product"}],"about":[{"href":"https:\/\/brizyproducts.com\/sv\/wp-json\/wp\/v2\/types\/product"}],"replies":[{"embeddable":true,"href":"https:\/\/brizyproducts.com\/sv\/wp-json\/wp\/v2\/comments?post=14032"}],"wp:featuredmedia":[{"embeddable":true,"href":"https:\/\/brizyproducts.com\/sv\/wp-json\/wp\/v2\/media\/14034"}],"wp:attachment":[{"href":"https:\/\/brizyproducts.com\/sv\/wp-json\/wp\/v2\/media?parent=14032"}],"wp:term":[{"taxonomy":"product_brand","embeddable":true,"href":"https:\/\/brizyproducts.com\/sv\/wp-json\/wp\/v2\/product_brand?post=14032"},{"taxonomy":"product_cat","embeddable":true,"href":"https:\/\/brizyproducts.com\/sv\/wp-json\/wp\/v2\/product_cat?post=14032"},{"taxonomy":"product_tag","embeddable":true,"href":"https:\/\/brizyproducts.com\/sv\/wp-json\/wp\/v2\/product_tag?post=14032"},{"taxonomy":"season","embeddable":true,"href":"https:\/\/brizyproducts.com\/sv\/wp-json\/wp\/v2\/season?post=14032"},{"taxonomy":"gender","embeddable":true,"href":"https:\/\/brizyproducts.com\/sv\/wp-json\/wp\/v2\/gender?post=14032"},{"taxonomy":"collection","embeddable":true,"href":"https:\/\/brizyproducts.com\/sv\/wp-json\/wp\/v2\/collection?post=14032"},{"taxonomy":"activity","embeddable":true,"href":"https:\/\/brizyproducts.com\/sv\/wp-json\/wp\/v2\/activity?post=14032"},{"taxonomy":"product_type_brizy","embeddable":true,"href":"https:\/\/brizyproducts.com\/sv\/wp-json\/wp\/v2\/product_type_brizy?post=14032"}],"curies":[{"name":"wp","href":"https:\/\/api.w.org\/{rel}","templated":true}]}}