{"id":14014,"date":"2023-10-26T13:56:25","date_gmt":"2023-10-26T13:56:25","guid":{"rendered":"https:\/\/brizyproducts.com\/product\/vincennes-vinterregnjacka\/"},"modified":"2026-01-09T09:21:22","modified_gmt":"2026-01-09T09:21:22","slug":"vincennes-vinterregnjacka","status":"publish","type":"product","link":"https:\/\/brizyproducts.com\/sv\/product\/vincennes-vinterregnjacka\/","title":{"rendered":"Vincennes Vinter Regnjacka"},"content":{"rendered":"<h2><strong>Regnjackan som h\u00e5ller dig torr och varm under bl\u00f6ta och bl\u00e5siga t\u00e4vlingsdagar<\/strong><\/h2>\n<p>Vincennes Vinter Regnjacka \u00e4r en funktionell regnjacka gjord specifikt f\u00f6r travkuskar och deras behov p\u00e5 t\u00e4vlingsbanan. Den slitstarka polyesterv\u00e4ven med DWR-behandling skyddar effektivt mot regn och vind medan Thinsulate-isoleringen h\u00e5ller dig varm \u00e4ven under l\u00e5nga t\u00e4vlingsdagar.<\/p>\n<p>Med ett stort utbud av f\u00e4rger, vadderingstjocklekar och designalternativ kan du skapa en t\u00e4vlingsjacka som \u00e4r helt anpassad efter dina \u00f6nskem\u00e5l. Varje jacka m\u00e5ttanpassas f\u00f6r b\u00e4sta m\u00f6jliga passform och tillverkas i material som verkligen g\u00f6r skillnad.<\/p>\n","protected":false},"excerpt":{"rendered":"<p>M\u00e5ttsydd t\u00e4vlingsjacka med slitstarkt vatten- och vindavvisande material och Thinsulate-isoleringen.<\/p>\n","protected":false},"featured_media":14015,"comment_status":"closed","ping_status":"closed","template":"","meta":{"_acf_changed":false},"product_brand":[],"product_cat":[274,448,267],"product_tag":[],"class_list":{"0":"post-14014","1":"product","2":"type-product","3":"status-publish","4":"has-post-thumbnail","6":"product_cat-jackets","7":"product_cat-tailor-made-layout","8":"product_cat-womens","9":"season-rain","10":"gender-men","11":"gender-women","12":"collection-vincennes","13":"activity-racing","14":"product_type_brizy-tailor-made","16":"first","17":"instock","18":"taxable","19":"shipping-taxable","20":"purchasable","21":"product-type-simple"},"acf":[],"yoast_head":"<!-- This site is optimized with the Yoast SEO plugin v27.0 - https:\/\/yoast.com\/product\/yoast-seo-wordpress\/ -->\n<title>Vincennes Vinter Regnjacka | Regnjacka f\u00f6r travkuskar | Brizy<\/title>\n<meta name=\"description\" content=\"Egendesignad och skr\u00e4ddarsydd regnjacka gjord specifikt f\u00f6r att ge travkuskarna optimal v\u00e4rme och skydd mot regn och vind.\" \/>\n<meta name=\"robots\" content=\"index, follow, max-snippet:-1, max-image-preview:large, max-video-preview:-1\" \/>\n<link rel=\"canonical\" href=\"https:\/\/brizyproducts.com\/sv\/product\/vincennes-vinterregnjacka\/\" \/>\n<meta property=\"og:locale\" content=\"sv_SE\" \/>\n<meta property=\"og:type\" content=\"article\" \/>\n<meta property=\"og:title\" content=\"Vincennes Vinter Regnjacka | Regnjacka f\u00f6r travkuskar | Brizy\" \/>\n<meta property=\"og:description\" content=\"Egendesignad och skr\u00e4ddarsydd regnjacka gjord specifikt f\u00f6r att ge travkuskarna optimal v\u00e4rme och skydd mot regn och vind.\" \/>\n<meta property=\"og:url\" content=\"https:\/\/brizyproducts.com\/sv\/product\/vincennes-vinterregnjacka\/\" \/>\n<meta property=\"og:site_name\" content=\"Brizy Products\" \/>\n<meta property=\"article:publisher\" content=\"https:\/\/www.facebook.com\/brizy.1983\/\" \/>\n<meta property=\"article:modified_time\" content=\"2026-01-09T09:21:22+00:00\" \/>\n<meta property=\"og:image\" content=\"https:\/\/brizyproducts.com\/wp-content\/uploads\/2023\/10\/1-25-png.webp\" \/>\n\t<meta property=\"og:image:width\" content=\"3375\" \/>\n\t<meta property=\"og:image:height\" content=\"4500\" \/>\n\t<meta property=\"og:image:type\" content=\"image\/png\" \/>\n<meta name=\"twitter:card\" content=\"summary_large_image\" \/>\n<meta property=\"product:price:amount\" content=\"0.00\" \/>\n<meta property=\"product:price:currency\" content=\"USD\" \/>\n<meta property=\"og:availability\" content=\"instock\" \/>\n<meta property=\"product:availability\" content=\"instock\" \/>\n<meta property=\"product:retailer_item_id\" content=\"2680\" \/>\n<meta property=\"product:condition\" content=\"new\" \/>\n<!-- \/ Yoast SEO plugin. -->","yoast_head_json":{"title":"Vincennes Vinter Regnjacka | Regnjacka f\u00f6r travkuskar | Brizy","description":"Egendesignad och skr\u00e4ddarsydd regnjacka gjord specifikt f\u00f6r att ge travkuskarna optimal v\u00e4rme och skydd mot regn och vind.","robots":{"index":"index","follow":"follow","max-snippet":"max-snippet:-1","max-image-preview":"max-image-preview:large","max-video-preview":"max-video-preview:-1"},"canonical":"https:\/\/brizyproducts.com\/sv\/product\/vincennes-vinterregnjacka\/","og_locale":"sv_SE","og_type":"article","og_title":"Vincennes Vinter Regnjacka | Regnjacka f\u00f6r travkuskar | Brizy","og_description":"Egendesignad och skr\u00e4ddarsydd regnjacka gjord specifikt f\u00f6r att ge travkuskarna optimal v\u00e4rme och skydd mot regn och vind.","og_url":"https:\/\/brizyproducts.com\/sv\/product\/vincennes-vinterregnjacka\/","og_site_name":"Brizy Products","article_publisher":"https:\/\/www.facebook.com\/brizy.1983\/","article_modified_time":"2026-01-09T09:21:22+00:00","og_image":[{"width":3375,"height":4500,"url":"https:\/\/brizyproducts.com\/wp-content\/uploads\/2023\/10\/1-25-png.webp","type":"image\/png"}],"twitter_card":"summary_large_image","schema":{"@context":"https:\/\/schema.org","@graph":[{"@type":"WebPage","@id":"https:\/\/brizyproducts.com\/sv\/product\/vincennes-vinterregnjacka\/","url":"https:\/\/brizyproducts.com\/sv\/product\/vincennes-vinterregnjacka\/","name":"Vincennes Vinter Regnjacka | Regnjacka f\u00f6r travkuskar | Brizy","isPartOf":{"@id":"https:\/\/brizyproducts.com\/sv\/#website"},"primaryImageOfPage":{"@id":"https:\/\/brizyproducts.com\/sv\/product\/vincennes-vinterregnjacka\/#primaryimage"},"image":{"@id":"https:\/\/brizyproducts.com\/sv\/product\/vincennes-vinterregnjacka\/#primaryimage"},"thumbnailUrl":"https:\/\/brizyproducts.com\/wp-content\/uploads\/2023\/10\/1-25-png.webp","datePublished":"2023-10-26T13:56:25+00:00","dateModified":"2026-01-09T09:21:22+00:00","description":"Egendesignad och skr\u00e4ddarsydd regnjacka gjord specifikt f\u00f6r att ge travkuskarna optimal v\u00e4rme och skydd mot regn och vind.","breadcrumb":{"@id":"https:\/\/brizyproducts.com\/sv\/product\/vincennes-vinterregnjacka\/#breadcrumb"},"inLanguage":"sv-SE","potentialAction":[{"@type":"ReadAction","target":["https:\/\/brizyproducts.com\/sv\/product\/vincennes-vinterregnjacka\/"]}]},{"@type":"ImageObject","inLanguage":"sv-SE","@id":"https:\/\/brizyproducts.com\/sv\/product\/vincennes-vinterregnjacka\/#primaryimage","url":"https:\/\/brizyproducts.com\/wp-content\/uploads\/2023\/10\/1-25-png.webp","contentUrl":"https:\/\/brizyproducts.com\/wp-content\/uploads\/2023\/10\/1-25-png.webp","width":3375,"height":4500},{"@type":"BreadcrumbList","@id":"https:\/\/brizyproducts.com\/sv\/product\/vincennes-vinterregnjacka\/#breadcrumb","itemListElement":[{"@type":"ListItem","position":1,"name":"Hem","item":"https:\/\/brizyproducts.com\/sv\/"},{"@type":"ListItem","position":2,"name":"Shop","item":"https:\/\/brizyproducts.com\/sv\/shop\/"},{"@type":"ListItem","position":3,"name":"Vincennes Vinter Regnjacka"}]},{"@type":"WebSite","@id":"https:\/\/brizyproducts.com\/sv\/#website","url":"https:\/\/brizyproducts.com\/sv\/","name":"Brizy","description":"","publisher":{"@id":"https:\/\/brizyproducts.com\/sv\/#organization"},"potentialAction":[{"@type":"SearchAction","target":{"@type":"EntryPoint","urlTemplate":"https:\/\/brizyproducts.com\/sv\/?s={search_term_string}"},"query-input":{"@type":"PropertyValueSpecification","valueRequired":true,"valueName":"search_term_string"}}],"inLanguage":"sv-SE"},{"@type":"Organization","@id":"https:\/\/brizyproducts.com\/sv\/#organization","name":"Brizy","url":"https:\/\/brizyproducts.com\/sv\/","logo":{"@type":"ImageObject","inLanguage":"sv-SE","@id":"https:\/\/brizyproducts.com\/sv\/#\/schema\/logo\/image\/","url":"https:\/\/brizyproducts.com\/wp-content\/uploads\/2023\/12\/Brizy-old.svg","contentUrl":"https:\/\/brizyproducts.com\/wp-content\/uploads\/2023\/12\/Brizy-old.svg","width":1,"height":1,"caption":"Brizy"},"image":{"@id":"https:\/\/brizyproducts.com\/sv\/#\/schema\/logo\/image\/"},"sameAs":["https:\/\/www.facebook.com\/brizy.1983\/","https:\/\/www.linkedin.com\/company\/brizy-produktion\/"]}]},"product_price_amount":"0.00","product_price_currency":"USD","og_availability":"instock","product_availability":"instock","product_retailer_item_id":"2680","product_condition":"new"},"_links":{"self":[{"href":"https:\/\/brizyproducts.com\/sv\/wp-json\/wp\/v2\/product\/14014","targetHints":{"allow":["GET"]}}],"collection":[{"href":"https:\/\/brizyproducts.com\/sv\/wp-json\/wp\/v2\/product"}],"about":[{"href":"https:\/\/brizyproducts.com\/sv\/wp-json\/wp\/v2\/types\/product"}],"replies":[{"embeddable":true,"href":"https:\/\/brizyproducts.com\/sv\/wp-json\/wp\/v2\/comments?post=14014"}],"wp:featuredmedia":[{"embeddable":true,"href":"https:\/\/brizyproducts.com\/sv\/wp-json\/wp\/v2\/media\/14015"}],"wp:attachment":[{"href":"https:\/\/brizyproducts.com\/sv\/wp-json\/wp\/v2\/media?parent=14014"}],"wp:term":[{"taxonomy":"product_brand","embeddable":true,"href":"https:\/\/brizyproducts.com\/sv\/wp-json\/wp\/v2\/product_brand?post=14014"},{"taxonomy":"product_cat","embeddable":true,"href":"https:\/\/brizyproducts.com\/sv\/wp-json\/wp\/v2\/product_cat?post=14014"},{"taxonomy":"product_tag","embeddable":true,"href":"https:\/\/brizyproducts.com\/sv\/wp-json\/wp\/v2\/product_tag?post=14014"}],"curies":[{"name":"wp","href":"https:\/\/api.w.org\/{rel}","templated":true}]}}