{"id":14005,"date":"2023-10-26T13:56:25","date_gmt":"2023-10-26T13:56:25","guid":{"rendered":"https:\/\/brizyproducts.com\/product\/vincennes-regnbyxa\/"},"modified":"2026-01-09T14:10:40","modified_gmt":"2026-01-09T14:10:40","slug":"vincennes-regnbyxa","status":"publish","type":"product","link":"https:\/\/brizyproducts.com\/sv\/product\/vincennes-regnbyxa\/","title":{"rendered":"Vincennes Regnbyxa"},"content":{"rendered":"<div class=\"flex-shrink-0 flex flex-col relative items-end\">\n<div class=\"pt-0\">\n<div class=\"gizmo-bot-avatar flex h-8 w-8 items-center justify-center overflow-hidden rounded-full\">\n<h2><strong>Vind- och vattent\u00e4t regnbyxa som h\u00e5ller dig torr under de bl\u00f6ta t\u00e4vlingsdagarna.<\/strong><\/h2>\n<p>En regnbyxa framtagen f\u00f6r att h\u00e5lla travkuskarna torra under de regniga t\u00e4vlingsdagarna. Med ett noga utvalt material gjort i slitstark polyester \u00e4r Vincennes Regnbyxa gjord f\u00f6r att skydda dig mot vind och vatten. Med byxornas h\u00e4ngslen och elastiska clipps du kan f\u00e4sta runt bootsen f\u00e5r du extra komfort, \u00e4ven i sulkyn.<\/p>\n<p>Med ett stort utbud av f\u00e4rger och designalternativ kan du skapa en t\u00e4vlingsbyxa som \u00e4r helt anpassad efter dina \u00f6nskem\u00e5l. Varje byxa m\u00e5ttanpassas f\u00f6r b\u00e4sta m\u00f6jliga passform och tillverkas i material som verkligen g\u00f6r skillnad.<\/p>\n<\/div>\n<\/div>\n<\/div>\n","protected":false},"excerpt":{"rendered":"<p>Skr\u00e4ddarsydd t\u00e4vlingsbyxa gjorda i slitstark polyesterv\u00e4v f\u00f6r de regnigaste t\u00e4vlingsdagarna.<\/p>\n","protected":false},"featured_media":14009,"comment_status":"closed","ping_status":"closed","template":"","meta":{"_acf_changed":false},"product_brand":[],"product_cat":[254,253,448,267],"product_tag":[],"season":[508],"gender":[510,512],"collection":[533],"activity":[564],"product_type_brizy":[568],"class_list":{"0":"post-14005","1":"product","2":"type-product","3":"status-publish","4":"has-post-thumbnail","6":"product_cat-trousers","7":"product_cat-mens","8":"product_cat-tailor-made-layout","9":"product_cat-womens","10":"season-rain","11":"gender-men","12":"gender-women","13":"collection-vincennes","14":"activity-trotting","15":"product_type_brizy-custom-made","17":"first","18":"instock","19":"taxable","20":"shipping-taxable","21":"purchasable","22":"product-type-simple"},"acf":[],"yoast_head":"<!-- This site is optimized with the Yoast SEO plugin v27.4 - https:\/\/yoast.com\/product\/yoast-seo-wordpress\/ -->\n<title>Vincennes Regnbyxa | Regnbyxa f\u00f6r bl\u00f6ta travt\u00e4vlingar | Brizy<\/title>\n<meta name=\"description\" content=\"Egendesignad och skr\u00e4ddarsydd regnbyxa gjord specifikt f\u00f6r att ge travkuskarna optimal passform under regniga och bl\u00e5siga t\u00e4vlingsdagar.\" \/>\n<meta name=\"robots\" content=\"index, follow, max-snippet:-1, max-image-preview:large, max-video-preview:-1\" \/>\n<link rel=\"canonical\" href=\"https:\/\/brizyproducts.com\/sv\/product\/vincennes-regnbyxa\/\" \/>\n<meta property=\"og:locale\" content=\"sv_SE\" \/>\n<meta property=\"og:type\" content=\"article\" \/>\n<meta property=\"og:title\" content=\"Vincennes Regnbyxa | Regnbyxa f\u00f6r bl\u00f6ta travt\u00e4vlingar | Brizy\" \/>\n<meta property=\"og:description\" content=\"Egendesignad och skr\u00e4ddarsydd regnbyxa gjord specifikt f\u00f6r att ge travkuskarna optimal passform under regniga och bl\u00e5siga t\u00e4vlingsdagar.\" \/>\n<meta property=\"og:url\" content=\"https:\/\/brizyproducts.com\/sv\/product\/vincennes-regnbyxa\/\" \/>\n<meta property=\"og:site_name\" content=\"Brizy Products\" \/>\n<meta property=\"article:publisher\" content=\"https:\/\/www.facebook.com\/brizy.1983\/\" \/>\n<meta property=\"article:modified_time\" content=\"2026-01-09T14:10:40+00:00\" \/>\n<meta property=\"og:image\" content=\"https:\/\/brizyproducts.com\/wp-content\/uploads\/2023\/10\/8-1-png.webp\" \/>\n\t<meta property=\"og:image:width\" content=\"3375\" \/>\n\t<meta property=\"og:image:height\" content=\"4500\" \/>\n\t<meta property=\"og:image:type\" content=\"image\/png\" \/>\n<meta name=\"twitter:card\" content=\"summary_large_image\" \/>\n<meta property=\"product:price:amount\" content=\"0.00\" \/>\n<meta property=\"product:price:currency\" content=\"USD\" \/>\n<meta property=\"og:availability\" content=\"instock\" \/>\n<meta property=\"product:availability\" content=\"instock\" \/>\n<meta property=\"product:retailer_item_id\" content=\"3610\" \/>\n<meta property=\"product:condition\" content=\"new\" \/>\n<!-- \/ Yoast SEO plugin. -->","yoast_head_json":{"title":"Vincennes Regnbyxa | Regnbyxa f\u00f6r bl\u00f6ta travt\u00e4vlingar | Brizy","description":"Egendesignad och skr\u00e4ddarsydd regnbyxa gjord specifikt f\u00f6r att ge travkuskarna optimal passform under regniga och bl\u00e5siga t\u00e4vlingsdagar.","robots":{"index":"index","follow":"follow","max-snippet":"max-snippet:-1","max-image-preview":"max-image-preview:large","max-video-preview":"max-video-preview:-1"},"canonical":"https:\/\/brizyproducts.com\/sv\/product\/vincennes-regnbyxa\/","og_locale":"sv_SE","og_type":"article","og_title":"Vincennes Regnbyxa | Regnbyxa f\u00f6r bl\u00f6ta travt\u00e4vlingar | Brizy","og_description":"Egendesignad och skr\u00e4ddarsydd regnbyxa gjord specifikt f\u00f6r att ge travkuskarna optimal passform under regniga och bl\u00e5siga t\u00e4vlingsdagar.","og_url":"https:\/\/brizyproducts.com\/sv\/product\/vincennes-regnbyxa\/","og_site_name":"Brizy Products","article_publisher":"https:\/\/www.facebook.com\/brizy.1983\/","article_modified_time":"2026-01-09T14:10:40+00:00","og_image":[{"width":3375,"height":4500,"url":"https:\/\/brizyproducts.com\/wp-content\/uploads\/2023\/10\/8-1-png.webp","type":"image\/png"}],"twitter_card":"summary_large_image","schema":{"@context":"https:\/\/schema.org","@graph":[{"@type":"WebPage","@id":"https:\/\/brizyproducts.com\/sv\/product\/vincennes-regnbyxa\/","url":"https:\/\/brizyproducts.com\/sv\/product\/vincennes-regnbyxa\/","name":"Vincennes Regnbyxa | Regnbyxa f\u00f6r bl\u00f6ta travt\u00e4vlingar | Brizy","isPartOf":{"@id":"https:\/\/brizyproducts.com\/sv\/#website"},"primaryImageOfPage":{"@id":"https:\/\/brizyproducts.com\/sv\/product\/vincennes-regnbyxa\/#primaryimage"},"image":{"@id":"https:\/\/brizyproducts.com\/sv\/product\/vincennes-regnbyxa\/#primaryimage"},"thumbnailUrl":"https:\/\/brizyproducts.com\/wp-content\/uploads\/2023\/10\/8-1-png.webp","datePublished":"2023-10-26T13:56:25+00:00","dateModified":"2026-01-09T14:10:40+00:00","description":"Egendesignad och skr\u00e4ddarsydd regnbyxa gjord specifikt f\u00f6r att ge travkuskarna optimal passform under regniga och bl\u00e5siga t\u00e4vlingsdagar.","breadcrumb":{"@id":"https:\/\/brizyproducts.com\/sv\/product\/vincennes-regnbyxa\/#breadcrumb"},"inLanguage":"sv-SE","potentialAction":[{"@type":"ReadAction","target":["https:\/\/brizyproducts.com\/sv\/product\/vincennes-regnbyxa\/"]}]},{"@type":"ImageObject","inLanguage":"sv-SE","@id":"https:\/\/brizyproducts.com\/sv\/product\/vincennes-regnbyxa\/#primaryimage","url":"https:\/\/brizyproducts.com\/wp-content\/uploads\/2023\/10\/8-1-png.webp","contentUrl":"https:\/\/brizyproducts.com\/wp-content\/uploads\/2023\/10\/8-1-png.webp","width":2560,"height":3413},{"@type":"BreadcrumbList","@id":"https:\/\/brizyproducts.com\/sv\/product\/vincennes-regnbyxa\/#breadcrumb","itemListElement":[{"@type":"ListItem","position":1,"name":"Hem","item":"https:\/\/brizyproducts.com\/sv\/"},{"@type":"ListItem","position":2,"name":"Shop","item":"https:\/\/brizyproducts.com\/sv\/shop\/"},{"@type":"ListItem","position":3,"name":"Vincennes Regnbyxa"}]},{"@type":"WebSite","@id":"https:\/\/brizyproducts.com\/sv\/#website","url":"https:\/\/brizyproducts.com\/sv\/","name":"Brizy","description":"","publisher":{"@id":"https:\/\/brizyproducts.com\/sv\/#organization"},"potentialAction":[{"@type":"SearchAction","target":{"@type":"EntryPoint","urlTemplate":"https:\/\/brizyproducts.com\/sv\/?s={search_term_string}"},"query-input":{"@type":"PropertyValueSpecification","valueRequired":true,"valueName":"search_term_string"}}],"inLanguage":"sv-SE"},{"@type":"Organization","@id":"https:\/\/brizyproducts.com\/sv\/#organization","name":"Brizy","url":"https:\/\/brizyproducts.com\/sv\/","logo":{"@type":"ImageObject","inLanguage":"sv-SE","@id":"https:\/\/brizyproducts.com\/sv\/#\/schema\/logo\/image\/","url":"https:\/\/brizyproducts.com\/wp-content\/uploads\/2023\/12\/Brizy-old.svg","contentUrl":"https:\/\/brizyproducts.com\/wp-content\/uploads\/2023\/12\/Brizy-old.svg","width":1,"height":1,"caption":"Brizy"},"image":{"@id":"https:\/\/brizyproducts.com\/sv\/#\/schema\/logo\/image\/"},"sameAs":["https:\/\/www.facebook.com\/brizy.1983\/","https:\/\/www.linkedin.com\/company\/brizy-produktion\/"]}]},"product_price_amount":"0.00","product_price_currency":"USD","og_availability":"instock","product_availability":"instock","product_retailer_item_id":"3610","product_condition":"new"},"_links":{"self":[{"href":"https:\/\/brizyproducts.com\/sv\/wp-json\/wp\/v2\/product\/14005","targetHints":{"allow":["GET"]}}],"collection":[{"href":"https:\/\/brizyproducts.com\/sv\/wp-json\/wp\/v2\/product"}],"about":[{"href":"https:\/\/brizyproducts.com\/sv\/wp-json\/wp\/v2\/types\/product"}],"replies":[{"embeddable":true,"href":"https:\/\/brizyproducts.com\/sv\/wp-json\/wp\/v2\/comments?post=14005"}],"wp:featuredmedia":[{"embeddable":true,"href":"https:\/\/brizyproducts.com\/sv\/wp-json\/wp\/v2\/media\/14009"}],"wp:attachment":[{"href":"https:\/\/brizyproducts.com\/sv\/wp-json\/wp\/v2\/media?parent=14005"}],"wp:term":[{"taxonomy":"product_brand","embeddable":true,"href":"https:\/\/brizyproducts.com\/sv\/wp-json\/wp\/v2\/product_brand?post=14005"},{"taxonomy":"product_cat","embeddable":true,"href":"https:\/\/brizyproducts.com\/sv\/wp-json\/wp\/v2\/product_cat?post=14005"},{"taxonomy":"product_tag","embeddable":true,"href":"https:\/\/brizyproducts.com\/sv\/wp-json\/wp\/v2\/product_tag?post=14005"},{"taxonomy":"season","embeddable":true,"href":"https:\/\/brizyproducts.com\/sv\/wp-json\/wp\/v2\/season?post=14005"},{"taxonomy":"gender","embeddable":true,"href":"https:\/\/brizyproducts.com\/sv\/wp-json\/wp\/v2\/gender?post=14005"},{"taxonomy":"collection","embeddable":true,"href":"https:\/\/brizyproducts.com\/sv\/wp-json\/wp\/v2\/collection?post=14005"},{"taxonomy":"activity","embeddable":true,"href":"https:\/\/brizyproducts.com\/sv\/wp-json\/wp\/v2\/activity?post=14005"},{"taxonomy":"product_type_brizy","embeddable":true,"href":"https:\/\/brizyproducts.com\/sv\/wp-json\/wp\/v2\/product_type_brizy?post=14005"}],"curies":[{"name":"wp","href":"https:\/\/api.w.org\/{rel}","templated":true}]}}