{"id":13929,"date":"2023-10-26T13:56:25","date_gmt":"2023-10-26T13:56:25","guid":{"rendered":"https:\/\/brizyproducts.com\/product\/lexington-sommarjacka\/"},"modified":"2026-01-08T12:37:42","modified_gmt":"2026-01-08T12:37:42","slug":"lexington-sommarjacka","status":"publish","type":"product","link":"https:\/\/brizyproducts.com\/sv\/product\/lexington-sommarjacka\/","title":{"rendered":"Lexington Sommarjacka"},"content":{"rendered":"<h2><strong>Den optimala t\u00e4vlingsjackan f\u00f6r sommarens travt\u00e4vlingar<\/strong><\/h2>\n<p>Den perfekta sommarjackan f\u00f6r b\u00e5de travkuskar och mont\u00e9ryttare \u2013 skapad f\u00f6r att leverera h\u00f6gsta komfort \u00e4ven under de varmaste t\u00e4vlingsdagarna. Tack vare utm\u00e4rkt andningsf\u00f6rm\u00e5ga och noggrant utvalda material h\u00e5ller jackan dig sval utan att kompromissa med h\u00e5llbarhet eller funktion.<\/p>\n<p>Med ett brett urval av f\u00e4rger, tyger och designval kan du skr\u00e4ddarsy din egen t\u00e4vlingsjacka helt anpassad efter dina \u00f6nskem\u00e5l. Varje jacka m\u00e5ttsys f\u00f6r en optimal passform och tillverkas i kvaliteter som verkligen g\u00f6r skillnad. V\u00e4lj mellan ett f\u00f6ljsamt och stretchigt material med fantastisk komfort eller ett luftig meshalternativ som ger maximal ventilation under sommarens varmaste t\u00e4vlingsdagar.<\/p>\n","protected":false},"excerpt":{"rendered":"<p>T\u00e4vlingsjacka med perfekt passform och h\u00f6g komfort f\u00f6r sommarens travdagar.<\/p>\n","protected":false},"featured_media":13933,"comment_status":"closed","ping_status":"closed","template":"","meta":{"_acf_changed":false},"product_brand":[],"product_cat":[274,448],"product_tag":[464],"season":[502],"gender":[510,512],"collection":[514],"activity":[566,564],"product_type_brizy":[568],"class_list":{"0":"post-13929","1":"product","2":"type-product","3":"status-publish","4":"has-post-thumbnail","6":"product_cat-jackets","7":"product_cat-tailor-made-layout","8":"product_tag-lexington-summer","9":"season-summer","10":"gender-men","11":"gender-women","12":"collection-lexington","13":"activity-monte","14":"activity-trotting","15":"product_type_brizy-custom-made","17":"first","18":"instock","19":"taxable","20":"shipping-taxable","21":"purchasable","22":"product-type-simple"},"acf":[],"yoast_head":"<!-- This site is optimized with the Yoast SEO plugin v27.4 - https:\/\/yoast.com\/product\/yoast-seo-wordpress\/ -->\n<title>Lexington Sommarjacka | T\u00e4vlingsjacka f\u00f6r trav och mont\u00e9 | Brizy<\/title>\n<meta name=\"description\" content=\"Egendesignad och m\u00e5ttsydd t\u00e4vlingsjacka gjord specifikt f\u00f6r att ge travkuskarna och mont\u00e9ryttarna optimal passform och komfort.\" \/>\n<meta name=\"robots\" content=\"index, follow, max-snippet:-1, max-image-preview:large, max-video-preview:-1\" \/>\n<link rel=\"canonical\" href=\"https:\/\/brizyproducts.com\/sv\/product\/lexington-sommarjacka\/\" \/>\n<meta property=\"og:locale\" content=\"sv_SE\" \/>\n<meta property=\"og:type\" content=\"article\" \/>\n<meta property=\"og:title\" content=\"Lexington Sommarjacka | T\u00e4vlingsjacka f\u00f6r trav och mont\u00e9 | Brizy\" \/>\n<meta property=\"og:description\" content=\"Egendesignad och m\u00e5ttsydd t\u00e4vlingsjacka gjord specifikt f\u00f6r att ge travkuskarna och mont\u00e9ryttarna optimal passform och komfort.\" \/>\n<meta property=\"og:url\" content=\"https:\/\/brizyproducts.com\/sv\/product\/lexington-sommarjacka\/\" \/>\n<meta property=\"og:site_name\" content=\"Brizy Products\" \/>\n<meta property=\"article:publisher\" content=\"https:\/\/www.facebook.com\/brizy.1983\/\" \/>\n<meta property=\"article:modified_time\" content=\"2026-01-08T12:37:42+00:00\" \/>\n<meta property=\"og:image\" content=\"https:\/\/brizyproducts.com\/wp-content\/uploads\/2023\/10\/10-1650x2200.png\" \/>\n\t<meta property=\"og:image:width\" content=\"1650\" \/>\n\t<meta property=\"og:image:height\" content=\"2200\" \/>\n\t<meta property=\"og:image:type\" content=\"image\/png\" \/>\n<meta name=\"twitter:card\" content=\"summary_large_image\" \/>\n<meta property=\"product:price:amount\" content=\"0.00\" \/>\n<meta property=\"product:price:currency\" content=\"USD\" \/>\n<meta property=\"og:availability\" content=\"instock\" \/>\n<meta property=\"product:availability\" content=\"instock\" \/>\n<meta property=\"product:retailer_item_id\" content=\"2540\" \/>\n<meta property=\"product:condition\" content=\"new\" \/>\n<!-- \/ Yoast SEO plugin. -->","yoast_head_json":{"title":"Lexington Sommarjacka | T\u00e4vlingsjacka f\u00f6r trav och mont\u00e9 | Brizy","description":"Egendesignad och m\u00e5ttsydd t\u00e4vlingsjacka gjord specifikt f\u00f6r att ge travkuskarna och mont\u00e9ryttarna optimal passform och komfort.","robots":{"index":"index","follow":"follow","max-snippet":"max-snippet:-1","max-image-preview":"max-image-preview:large","max-video-preview":"max-video-preview:-1"},"canonical":"https:\/\/brizyproducts.com\/sv\/product\/lexington-sommarjacka\/","og_locale":"sv_SE","og_type":"article","og_title":"Lexington Sommarjacka | T\u00e4vlingsjacka f\u00f6r trav och mont\u00e9 | Brizy","og_description":"Egendesignad och m\u00e5ttsydd t\u00e4vlingsjacka gjord specifikt f\u00f6r att ge travkuskarna och mont\u00e9ryttarna optimal passform och komfort.","og_url":"https:\/\/brizyproducts.com\/sv\/product\/lexington-sommarjacka\/","og_site_name":"Brizy Products","article_publisher":"https:\/\/www.facebook.com\/brizy.1983\/","article_modified_time":"2026-01-08T12:37:42+00:00","og_image":[{"width":1650,"height":2200,"url":"https:\/\/brizyproducts.com\/wp-content\/uploads\/2023\/10\/10-1650x2200.png","type":"image\/png"}],"twitter_card":"summary_large_image","schema":{"@context":"https:\/\/schema.org","@graph":[{"@type":"WebPage","@id":"https:\/\/brizyproducts.com\/sv\/product\/lexington-sommarjacka\/","url":"https:\/\/brizyproducts.com\/sv\/product\/lexington-sommarjacka\/","name":"Lexington Sommarjacka | T\u00e4vlingsjacka f\u00f6r trav och mont\u00e9 | Brizy","isPartOf":{"@id":"https:\/\/brizyproducts.com\/sv\/#website"},"primaryImageOfPage":{"@id":"https:\/\/brizyproducts.com\/sv\/product\/lexington-sommarjacka\/#primaryimage"},"image":{"@id":"https:\/\/brizyproducts.com\/sv\/product\/lexington-sommarjacka\/#primaryimage"},"thumbnailUrl":"https:\/\/brizyproducts.com\/wp-content\/uploads\/2023\/10\/10.png","datePublished":"2023-10-26T13:56:25+00:00","dateModified":"2026-01-08T12:37:42+00:00","description":"Egendesignad och m\u00e5ttsydd t\u00e4vlingsjacka gjord specifikt f\u00f6r att ge travkuskarna och mont\u00e9ryttarna optimal passform och komfort.","breadcrumb":{"@id":"https:\/\/brizyproducts.com\/sv\/product\/lexington-sommarjacka\/#breadcrumb"},"inLanguage":"sv-SE","potentialAction":[{"@type":"ReadAction","target":["https:\/\/brizyproducts.com\/sv\/product\/lexington-sommarjacka\/"]}]},{"@type":"ImageObject","inLanguage":"sv-SE","@id":"https:\/\/brizyproducts.com\/sv\/product\/lexington-sommarjacka\/#primaryimage","url":"https:\/\/brizyproducts.com\/wp-content\/uploads\/2023\/10\/10.png","contentUrl":"https:\/\/brizyproducts.com\/wp-content\/uploads\/2023\/10\/10.png","width":3375,"height":4500},{"@type":"BreadcrumbList","@id":"https:\/\/brizyproducts.com\/sv\/product\/lexington-sommarjacka\/#breadcrumb","itemListElement":[{"@type":"ListItem","position":1,"name":"Hem","item":"https:\/\/brizyproducts.com\/sv\/"},{"@type":"ListItem","position":2,"name":"Shop","item":"https:\/\/brizyproducts.com\/sv\/shop\/"},{"@type":"ListItem","position":3,"name":"Lexington Sommarjacka"}]},{"@type":"WebSite","@id":"https:\/\/brizyproducts.com\/sv\/#website","url":"https:\/\/brizyproducts.com\/sv\/","name":"Brizy","description":"","publisher":{"@id":"https:\/\/brizyproducts.com\/sv\/#organization"},"potentialAction":[{"@type":"SearchAction","target":{"@type":"EntryPoint","urlTemplate":"https:\/\/brizyproducts.com\/sv\/?s={search_term_string}"},"query-input":{"@type":"PropertyValueSpecification","valueRequired":true,"valueName":"search_term_string"}}],"inLanguage":"sv-SE"},{"@type":"Organization","@id":"https:\/\/brizyproducts.com\/sv\/#organization","name":"Brizy","url":"https:\/\/brizyproducts.com\/sv\/","logo":{"@type":"ImageObject","inLanguage":"sv-SE","@id":"https:\/\/brizyproducts.com\/sv\/#\/schema\/logo\/image\/","url":"https:\/\/brizyproducts.com\/wp-content\/uploads\/2023\/12\/Brizy-old.svg","contentUrl":"https:\/\/brizyproducts.com\/wp-content\/uploads\/2023\/12\/Brizy-old.svg","width":1,"height":1,"caption":"Brizy"},"image":{"@id":"https:\/\/brizyproducts.com\/sv\/#\/schema\/logo\/image\/"},"sameAs":["https:\/\/www.facebook.com\/brizy.1983\/","https:\/\/www.linkedin.com\/company\/brizy-produktion\/"]}]},"product_price_amount":"0.00","product_price_currency":"USD","og_availability":"instock","product_availability":"instock","product_retailer_item_id":"2540","product_condition":"new"},"_links":{"self":[{"href":"https:\/\/brizyproducts.com\/sv\/wp-json\/wp\/v2\/product\/13929","targetHints":{"allow":["GET"]}}],"collection":[{"href":"https:\/\/brizyproducts.com\/sv\/wp-json\/wp\/v2\/product"}],"about":[{"href":"https:\/\/brizyproducts.com\/sv\/wp-json\/wp\/v2\/types\/product"}],"replies":[{"embeddable":true,"href":"https:\/\/brizyproducts.com\/sv\/wp-json\/wp\/v2\/comments?post=13929"}],"wp:featuredmedia":[{"embeddable":true,"href":"https:\/\/brizyproducts.com\/sv\/wp-json\/wp\/v2\/media\/13933"}],"wp:attachment":[{"href":"https:\/\/brizyproducts.com\/sv\/wp-json\/wp\/v2\/media?parent=13929"}],"wp:term":[{"taxonomy":"product_brand","embeddable":true,"href":"https:\/\/brizyproducts.com\/sv\/wp-json\/wp\/v2\/product_brand?post=13929"},{"taxonomy":"product_cat","embeddable":true,"href":"https:\/\/brizyproducts.com\/sv\/wp-json\/wp\/v2\/product_cat?post=13929"},{"taxonomy":"product_tag","embeddable":true,"href":"https:\/\/brizyproducts.com\/sv\/wp-json\/wp\/v2\/product_tag?post=13929"},{"taxonomy":"season","embeddable":true,"href":"https:\/\/brizyproducts.com\/sv\/wp-json\/wp\/v2\/season?post=13929"},{"taxonomy":"gender","embeddable":true,"href":"https:\/\/brizyproducts.com\/sv\/wp-json\/wp\/v2\/gender?post=13929"},{"taxonomy":"collection","embeddable":true,"href":"https:\/\/brizyproducts.com\/sv\/wp-json\/wp\/v2\/collection?post=13929"},{"taxonomy":"activity","embeddable":true,"href":"https:\/\/brizyproducts.com\/sv\/wp-json\/wp\/v2\/activity?post=13929"},{"taxonomy":"product_type_brizy","embeddable":true,"href":"https:\/\/brizyproducts.com\/sv\/wp-json\/wp\/v2\/product_type_brizy?post=13929"}],"curies":[{"name":"wp","href":"https:\/\/api.w.org\/{rel}","templated":true}]}}