{"id":13885,"date":"2023-10-26T13:56:25","date_gmt":"2023-10-26T13:56:25","guid":{"rendered":"https:\/\/brizyproducts.com\/product\/vincennes-winter-rain-onepiece\/"},"modified":"2026-01-08T09:23:30","modified_gmt":"2026-01-08T09:23:30","slug":"vincennes-winter-rain-onepiece","status":"publish","type":"product","link":"https:\/\/brizyproducts.com\/sv\/product\/vincennes-winter-rain-onepiece\/","title":{"rendered":"Vincennes Vinter Regndress"},"content":{"rendered":"<h2><strong>Vind- och vattent\u00e4t regndress som h\u00e5ller dig torr och varm under de bl\u00f6ta t\u00e4vlingsdagarna.<\/strong><\/h2>\n<p>En robust regndress framtagen f\u00f6r att h\u00e5lla travkuskar torra och varma under de regniga och kalla t\u00e4vlingsdagarna. Med ett noga utvalt material gjort i slitstak polyester \u00e4r Vincennes Vinter Regndress gjord f\u00f6r att skydda dig mot vind, vatten och kyla.<\/p>\n<p>Med ett stort utbud av f\u00e4rger, vadderingstjocklekar och designalternativ kan du skapa en t\u00e4vlingsdress som \u00e4r helt anpassad efter dina \u00f6nskem\u00e5l. Varje dress m\u00e5ttanpassas f\u00f6r b\u00e4sta m\u00f6jliga passform och tillverkas i material som verkligen g\u00f6r skillnad. V\u00e4lj mellan tre olika vadderingsalternativ f\u00f6r h\u00e5lla dig varm \u00e4ven under de mest utmanande v\u00e4derf\u00f6rh\u00e5llandena.<\/p>\n","protected":false},"excerpt":{"rendered":"<p>Din egendesignade och m\u00e5ttsydda vind- och vattent\u00e4ta regndress f\u00f6r kalla t\u00e4vlingsdagar.<\/p>\n","protected":false},"featured_media":13889,"comment_status":"closed","ping_status":"closed","template":"","meta":{"_acf_changed":false},"product_brand":[],"product_cat":[253,448,333,267],"product_tag":[],"class_list":{"0":"post-13885","1":"product","2":"type-product","3":"status-publish","4":"has-post-thumbnail","6":"product_cat-mens","7":"product_cat-tailor-made-layout","8":"product_cat-one-pieces","9":"product_cat-womens","10":"season-rain","11":"season-winter","12":"gender-men","13":"gender-women","14":"collection-vincennes","15":"activity-racing","16":"product_type_brizy-tailor-made","18":"first","19":"instock","20":"taxable","21":"shipping-taxable","22":"purchasable","23":"product-type-simple"},"acf":[],"yoast_head":"<!-- This site is optimized with the Yoast SEO plugin v27.0 - https:\/\/yoast.com\/product\/yoast-seo-wordpress\/ -->\n<title>Vincennes Vinter Regndress | Regndress f\u00f6r travt\u00e4vlingar | Brizy<\/title>\n<meta name=\"description\" content=\"Egendesignad och m\u00e5ttsydd regndress gjord specifikt f\u00f6r att ge travkuskarna optimal passform under regniga och kalla t\u00e4vlingsdagar.\" \/>\n<meta name=\"robots\" content=\"index, follow, max-snippet:-1, max-image-preview:large, max-video-preview:-1\" \/>\n<link rel=\"canonical\" href=\"https:\/\/brizyproducts.com\/sv\/product\/vincennes-winter-rain-onepiece\/\" \/>\n<meta property=\"og:locale\" content=\"sv_SE\" \/>\n<meta property=\"og:type\" content=\"article\" \/>\n<meta property=\"og:title\" content=\"Vincennes Vinter Regndress | Regndress f\u00f6r travt\u00e4vlingar | Brizy\" \/>\n<meta property=\"og:description\" content=\"Egendesignad och m\u00e5ttsydd regndress gjord specifikt f\u00f6r att ge travkuskarna optimal passform under regniga och kalla t\u00e4vlingsdagar.\" \/>\n<meta property=\"og:url\" content=\"https:\/\/brizyproducts.com\/sv\/product\/vincennes-winter-rain-onepiece\/\" \/>\n<meta property=\"og:site_name\" content=\"Brizy Products\" \/>\n<meta property=\"article:publisher\" content=\"https:\/\/www.facebook.com\/brizy.1983\/\" \/>\n<meta property=\"article:modified_time\" content=\"2026-01-08T09:23:30+00:00\" \/>\n<meta property=\"og:image\" content=\"https:\/\/brizyproducts.com\/wp-content\/uploads\/2023\/10\/2-29-png.webp\" \/>\n\t<meta property=\"og:image:width\" content=\"3375\" \/>\n\t<meta property=\"og:image:height\" content=\"4500\" \/>\n\t<meta property=\"og:image:type\" content=\"image\/png\" \/>\n<meta name=\"twitter:card\" content=\"summary_large_image\" \/>\n<meta property=\"product:price:amount\" content=\"0.00\" \/>\n<meta property=\"product:price:currency\" content=\"USD\" \/>\n<meta property=\"og:availability\" content=\"instock\" \/>\n<meta property=\"product:availability\" content=\"instock\" \/>\n<meta property=\"product:retailer_item_id\" content=\"142080\" \/>\n<meta property=\"product:condition\" content=\"new\" \/>\n<!-- \/ Yoast SEO plugin. -->","yoast_head_json":{"title":"Vincennes Vinter Regndress | Regndress f\u00f6r travt\u00e4vlingar | Brizy","description":"Egendesignad och m\u00e5ttsydd regndress gjord specifikt f\u00f6r att ge travkuskarna optimal passform under regniga och kalla t\u00e4vlingsdagar.","robots":{"index":"index","follow":"follow","max-snippet":"max-snippet:-1","max-image-preview":"max-image-preview:large","max-video-preview":"max-video-preview:-1"},"canonical":"https:\/\/brizyproducts.com\/sv\/product\/vincennes-winter-rain-onepiece\/","og_locale":"sv_SE","og_type":"article","og_title":"Vincennes Vinter Regndress | Regndress f\u00f6r travt\u00e4vlingar | Brizy","og_description":"Egendesignad och m\u00e5ttsydd regndress gjord specifikt f\u00f6r att ge travkuskarna optimal passform under regniga och kalla t\u00e4vlingsdagar.","og_url":"https:\/\/brizyproducts.com\/sv\/product\/vincennes-winter-rain-onepiece\/","og_site_name":"Brizy Products","article_publisher":"https:\/\/www.facebook.com\/brizy.1983\/","article_modified_time":"2026-01-08T09:23:30+00:00","og_image":[{"width":3375,"height":4500,"url":"https:\/\/brizyproducts.com\/wp-content\/uploads\/2023\/10\/2-29-png.webp","type":"image\/png"}],"twitter_card":"summary_large_image","schema":{"@context":"https:\/\/schema.org","@graph":[{"@type":"WebPage","@id":"https:\/\/brizyproducts.com\/sv\/product\/vincennes-winter-rain-onepiece\/","url":"https:\/\/brizyproducts.com\/sv\/product\/vincennes-winter-rain-onepiece\/","name":"Vincennes Vinter Regndress | Regndress f\u00f6r travt\u00e4vlingar | Brizy","isPartOf":{"@id":"https:\/\/brizyproducts.com\/sv\/#website"},"primaryImageOfPage":{"@id":"https:\/\/brizyproducts.com\/sv\/product\/vincennes-winter-rain-onepiece\/#primaryimage"},"image":{"@id":"https:\/\/brizyproducts.com\/sv\/product\/vincennes-winter-rain-onepiece\/#primaryimage"},"thumbnailUrl":"https:\/\/brizyproducts.com\/wp-content\/uploads\/2023\/10\/2-29-png.webp","datePublished":"2023-10-26T13:56:25+00:00","dateModified":"2026-01-08T09:23:30+00:00","description":"Egendesignad och m\u00e5ttsydd regndress gjord specifikt f\u00f6r att ge travkuskarna optimal passform under regniga och kalla t\u00e4vlingsdagar.","breadcrumb":{"@id":"https:\/\/brizyproducts.com\/sv\/product\/vincennes-winter-rain-onepiece\/#breadcrumb"},"inLanguage":"sv-SE","potentialAction":[{"@type":"ReadAction","target":["https:\/\/brizyproducts.com\/sv\/product\/vincennes-winter-rain-onepiece\/"]}]},{"@type":"ImageObject","inLanguage":"sv-SE","@id":"https:\/\/brizyproducts.com\/sv\/product\/vincennes-winter-rain-onepiece\/#primaryimage","url":"https:\/\/brizyproducts.com\/wp-content\/uploads\/2023\/10\/2-29-png.webp","contentUrl":"https:\/\/brizyproducts.com\/wp-content\/uploads\/2023\/10\/2-29-png.webp","width":3375,"height":4500},{"@type":"BreadcrumbList","@id":"https:\/\/brizyproducts.com\/sv\/product\/vincennes-winter-rain-onepiece\/#breadcrumb","itemListElement":[{"@type":"ListItem","position":1,"name":"Hem","item":"https:\/\/brizyproducts.com\/sv\/"},{"@type":"ListItem","position":2,"name":"Shop","item":"https:\/\/brizyproducts.com\/sv\/shop\/"},{"@type":"ListItem","position":3,"name":"Vincennes Vinter Regndress"}]},{"@type":"WebSite","@id":"https:\/\/brizyproducts.com\/sv\/#website","url":"https:\/\/brizyproducts.com\/sv\/","name":"Brizy","description":"","publisher":{"@id":"https:\/\/brizyproducts.com\/sv\/#organization"},"potentialAction":[{"@type":"SearchAction","target":{"@type":"EntryPoint","urlTemplate":"https:\/\/brizyproducts.com\/sv\/?s={search_term_string}"},"query-input":{"@type":"PropertyValueSpecification","valueRequired":true,"valueName":"search_term_string"}}],"inLanguage":"sv-SE"},{"@type":"Organization","@id":"https:\/\/brizyproducts.com\/sv\/#organization","name":"Brizy","url":"https:\/\/brizyproducts.com\/sv\/","logo":{"@type":"ImageObject","inLanguage":"sv-SE","@id":"https:\/\/brizyproducts.com\/sv\/#\/schema\/logo\/image\/","url":"https:\/\/brizyproducts.com\/wp-content\/uploads\/2023\/12\/Brizy-old.svg","contentUrl":"https:\/\/brizyproducts.com\/wp-content\/uploads\/2023\/12\/Brizy-old.svg","width":1,"height":1,"caption":"Brizy"},"image":{"@id":"https:\/\/brizyproducts.com\/sv\/#\/schema\/logo\/image\/"},"sameAs":["https:\/\/www.facebook.com\/brizy.1983\/","https:\/\/www.linkedin.com\/company\/brizy-produktion\/"]}]},"product_price_amount":"0.00","product_price_currency":"USD","og_availability":"instock","product_availability":"instock","product_retailer_item_id":"142080","product_condition":"new"},"_links":{"self":[{"href":"https:\/\/brizyproducts.com\/sv\/wp-json\/wp\/v2\/product\/13885","targetHints":{"allow":["GET"]}}],"collection":[{"href":"https:\/\/brizyproducts.com\/sv\/wp-json\/wp\/v2\/product"}],"about":[{"href":"https:\/\/brizyproducts.com\/sv\/wp-json\/wp\/v2\/types\/product"}],"replies":[{"embeddable":true,"href":"https:\/\/brizyproducts.com\/sv\/wp-json\/wp\/v2\/comments?post=13885"}],"wp:featuredmedia":[{"embeddable":true,"href":"https:\/\/brizyproducts.com\/sv\/wp-json\/wp\/v2\/media\/13889"}],"wp:attachment":[{"href":"https:\/\/brizyproducts.com\/sv\/wp-json\/wp\/v2\/media?parent=13885"}],"wp:term":[{"taxonomy":"product_brand","embeddable":true,"href":"https:\/\/brizyproducts.com\/sv\/wp-json\/wp\/v2\/product_brand?post=13885"},{"taxonomy":"product_cat","embeddable":true,"href":"https:\/\/brizyproducts.com\/sv\/wp-json\/wp\/v2\/product_cat?post=13885"},{"taxonomy":"product_tag","embeddable":true,"href":"https:\/\/brizyproducts.com\/sv\/wp-json\/wp\/v2\/product_tag?post=13885"}],"curies":[{"name":"wp","href":"https:\/\/api.w.org\/{rel}","templated":true}]}}