{"id":13884,"date":"2023-09-26T13:56:25","date_gmt":"2023-09-26T13:56:25","guid":{"rendered":"https:\/\/brizyproducts.com\/product\/lexington-vinterbyxa\/"},"modified":"2026-01-08T12:47:03","modified_gmt":"2026-01-08T12:47:03","slug":"lexington-vinterbyxa","status":"publish","type":"product","link":"https:\/\/brizyproducts.com\/sv\/product\/lexington-vinterbyxa\/","title":{"rendered":"Lexington Vinterbyxa"},"content":{"rendered":"<h2><strong>Din skr\u00e4ddarsydd t\u00e4vlingsbyxa f\u00f6r vinterkylan<\/strong><\/h2>\n<p>T\u00e4vlingsbyxa framtagen f\u00f6r travkuskar som beh\u00f6ver p\u00e5litlig funktion och h\u00f6g komfort under kyliga t\u00e4vlingsf\u00f6rh\u00e5llanden. Byxan \u00e4r sydd i ett vitt, slitstarkt och smidigt material med Z-foder, vilket ger skydd mot vind och l\u00e4ttare nederb\u00f6rd samtidigt som r\u00f6rligheten bibeh\u00e5lls.<\/p>\n<p>Genom flera anpassningsbara detaljer kan du utforma byxan precis efter din egen stil, eller f\u00f6r att matcha din Lexington Vinterjacka. Du kan bland annat l\u00e4gga till ditt namn, v\u00e4lja f\u00e4rg p\u00e5 passpoaler och best\u00e4mma hur tjock vadderingen ska vara, allt f\u00f6r att f\u00e5 ett par t\u00e4vlingsbyxor som passar just dig. Varje exemplar m\u00e5ttsys f\u00f6r b\u00e4sta passform och tillverkas i material som \u00e4r s\u00e4rskilt framtagna f\u00f6r att m\u00f6ta travsportens krav.<\/p>\n<p>Slutresultatet \u00e4r en vinterbyxa som kombinerar v\u00e4rme, funktionalitet, komfort och ett personligt uttryck. Perfekt f\u00f6r travkuskar som vill prestera i alla v\u00e4der.<\/p>\n\n","protected":false},"excerpt":{"rendered":"<p>Vinterns m\u00e5ttsydda och anpassningsbara t\u00e4vlingsbyxa med optimal passform.<\/p>\n<p>&nbsp;<\/p>\n<p>&nbsp;<\/p>\n","protected":false},"featured_media":13897,"comment_status":"closed","ping_status":"closed","template":"","meta":{"_acf_changed":false},"product_brand":[],"product_cat":[254,253,448,267],"product_tag":[],"class_list":{"0":"post-13884","1":"product","2":"type-product","3":"status-publish","4":"has-post-thumbnail","6":"product_cat-trousers","7":"product_cat-mens","8":"product_cat-tailor-made-layout","9":"product_cat-womens","10":"season-winter","11":"gender-men","12":"gender-women","13":"collection-lexington","14":"activity-racing","15":"product_type_brizy-tailor-made","17":"first","18":"instock","19":"taxable","20":"shipping-taxable","21":"purchasable","22":"product-type-simple"},"acf":[],"yoast_head":"<!-- This site is optimized with the Yoast SEO plugin v27.3 - https:\/\/yoast.com\/product\/yoast-seo-wordpress\/ -->\n<title>Lexington Vinterbyxa | Vinter-t\u00e4vlingsbyxor f\u00f6r travkuskar | Brizy<\/title>\n<meta name=\"description\" content=\"Travkuskarna perfekta t\u00e4vlingsbyxa f\u00f6r vinterns kyliga dagar. Ett par egendesignade och m\u00e5ttsydda byxor med optimal passform och komfort.\" \/>\n<meta name=\"robots\" content=\"index, follow, max-snippet:-1, max-image-preview:large, max-video-preview:-1\" \/>\n<link rel=\"canonical\" href=\"https:\/\/brizyproducts.com\/sv\/product\/lexington-vinterbyxa\/\" \/>\n<meta property=\"og:locale\" content=\"sv_SE\" \/>\n<meta property=\"og:type\" content=\"article\" \/>\n<meta property=\"og:title\" content=\"Lexington Vinterbyxa | Vinter-t\u00e4vlingsbyxor f\u00f6r travkuskar | Brizy\" \/>\n<meta property=\"og:description\" content=\"Travkuskarna perfekta t\u00e4vlingsbyxa f\u00f6r vinterns kyliga dagar. Ett par egendesignade och m\u00e5ttsydda byxor med optimal passform och komfort.\" \/>\n<meta property=\"og:url\" content=\"https:\/\/brizyproducts.com\/sv\/product\/lexington-vinterbyxa\/\" \/>\n<meta property=\"og:site_name\" content=\"Brizy Products\" \/>\n<meta property=\"article:publisher\" content=\"https:\/\/www.facebook.com\/brizy.1983\/\" \/>\n<meta property=\"article:modified_time\" content=\"2026-01-08T12:47:03+00:00\" \/>\n<meta property=\"og:image\" content=\"https:\/\/brizyproducts.com\/wp-content\/uploads\/2023\/09\/5-png.webp\" \/>\n\t<meta property=\"og:image:width\" content=\"3375\" \/>\n\t<meta property=\"og:image:height\" content=\"4500\" \/>\n\t<meta property=\"og:image:type\" content=\"image\/png\" \/>\n<meta name=\"twitter:card\" content=\"summary_large_image\" \/>\n<meta property=\"product:price:amount\" content=\"0.00\" \/>\n<meta property=\"product:price:currency\" content=\"USD\" \/>\n<meta property=\"og:availability\" content=\"instock\" \/>\n<meta property=\"product:availability\" content=\"instock\" \/>\n<meta property=\"product:retailer_item_id\" content=\"344080\" \/>\n<meta property=\"product:condition\" content=\"new\" \/>\n<!-- \/ Yoast SEO plugin. -->","yoast_head_json":{"title":"Lexington Vinterbyxa | Vinter-t\u00e4vlingsbyxor f\u00f6r travkuskar | Brizy","description":"Travkuskarna perfekta t\u00e4vlingsbyxa f\u00f6r vinterns kyliga dagar. Ett par egendesignade och m\u00e5ttsydda byxor med optimal passform och komfort.","robots":{"index":"index","follow":"follow","max-snippet":"max-snippet:-1","max-image-preview":"max-image-preview:large","max-video-preview":"max-video-preview:-1"},"canonical":"https:\/\/brizyproducts.com\/sv\/product\/lexington-vinterbyxa\/","og_locale":"sv_SE","og_type":"article","og_title":"Lexington Vinterbyxa | Vinter-t\u00e4vlingsbyxor f\u00f6r travkuskar | Brizy","og_description":"Travkuskarna perfekta t\u00e4vlingsbyxa f\u00f6r vinterns kyliga dagar. Ett par egendesignade och m\u00e5ttsydda byxor med optimal passform och komfort.","og_url":"https:\/\/brizyproducts.com\/sv\/product\/lexington-vinterbyxa\/","og_site_name":"Brizy Products","article_publisher":"https:\/\/www.facebook.com\/brizy.1983\/","article_modified_time":"2026-01-08T12:47:03+00:00","og_image":[{"width":3375,"height":4500,"url":"https:\/\/brizyproducts.com\/wp-content\/uploads\/2023\/09\/5-png.webp","type":"image\/png"}],"twitter_card":"summary_large_image","schema":{"@context":"https:\/\/schema.org","@graph":[{"@type":"WebPage","@id":"https:\/\/brizyproducts.com\/sv\/product\/lexington-vinterbyxa\/","url":"https:\/\/brizyproducts.com\/sv\/product\/lexington-vinterbyxa\/","name":"Lexington Vinterbyxa | Vinter-t\u00e4vlingsbyxor f\u00f6r travkuskar | Brizy","isPartOf":{"@id":"https:\/\/brizyproducts.com\/sv\/#website"},"primaryImageOfPage":{"@id":"https:\/\/brizyproducts.com\/sv\/product\/lexington-vinterbyxa\/#primaryimage"},"image":{"@id":"https:\/\/brizyproducts.com\/sv\/product\/lexington-vinterbyxa\/#primaryimage"},"thumbnailUrl":"https:\/\/brizyproducts.com\/wp-content\/uploads\/2023\/09\/5-png.webp","datePublished":"2023-09-26T13:56:25+00:00","dateModified":"2026-01-08T12:47:03+00:00","description":"Travkuskarna perfekta t\u00e4vlingsbyxa f\u00f6r vinterns kyliga dagar. Ett par egendesignade och m\u00e5ttsydda byxor med optimal passform och komfort.","breadcrumb":{"@id":"https:\/\/brizyproducts.com\/sv\/product\/lexington-vinterbyxa\/#breadcrumb"},"inLanguage":"sv-SE","potentialAction":[{"@type":"ReadAction","target":["https:\/\/brizyproducts.com\/sv\/product\/lexington-vinterbyxa\/"]}]},{"@type":"ImageObject","inLanguage":"sv-SE","@id":"https:\/\/brizyproducts.com\/sv\/product\/lexington-vinterbyxa\/#primaryimage","url":"https:\/\/brizyproducts.com\/wp-content\/uploads\/2023\/09\/5-png.webp","contentUrl":"https:\/\/brizyproducts.com\/wp-content\/uploads\/2023\/09\/5-png.webp","width":3375,"height":4500},{"@type":"BreadcrumbList","@id":"https:\/\/brizyproducts.com\/sv\/product\/lexington-vinterbyxa\/#breadcrumb","itemListElement":[{"@type":"ListItem","position":1,"name":"Hem","item":"https:\/\/brizyproducts.com\/sv\/"},{"@type":"ListItem","position":2,"name":"Shop","item":"https:\/\/brizyproducts.com\/sv\/shop\/"},{"@type":"ListItem","position":3,"name":"Lexington Vinterbyxa"}]},{"@type":"WebSite","@id":"https:\/\/brizyproducts.com\/sv\/#website","url":"https:\/\/brizyproducts.com\/sv\/","name":"Brizy","description":"","publisher":{"@id":"https:\/\/brizyproducts.com\/sv\/#organization"},"potentialAction":[{"@type":"SearchAction","target":{"@type":"EntryPoint","urlTemplate":"https:\/\/brizyproducts.com\/sv\/?s={search_term_string}"},"query-input":{"@type":"PropertyValueSpecification","valueRequired":true,"valueName":"search_term_string"}}],"inLanguage":"sv-SE"},{"@type":"Organization","@id":"https:\/\/brizyproducts.com\/sv\/#organization","name":"Brizy","url":"https:\/\/brizyproducts.com\/sv\/","logo":{"@type":"ImageObject","inLanguage":"sv-SE","@id":"https:\/\/brizyproducts.com\/sv\/#\/schema\/logo\/image\/","url":"https:\/\/brizyproducts.com\/wp-content\/uploads\/2023\/12\/Brizy-old.svg","contentUrl":"https:\/\/brizyproducts.com\/wp-content\/uploads\/2023\/12\/Brizy-old.svg","width":1,"height":1,"caption":"Brizy"},"image":{"@id":"https:\/\/brizyproducts.com\/sv\/#\/schema\/logo\/image\/"},"sameAs":["https:\/\/www.facebook.com\/brizy.1983\/","https:\/\/www.linkedin.com\/company\/brizy-produktion\/"]}]},"product_price_amount":"0.00","product_price_currency":"USD","og_availability":"instock","product_availability":"instock","product_retailer_item_id":"344080","product_condition":"new"},"_links":{"self":[{"href":"https:\/\/brizyproducts.com\/sv\/wp-json\/wp\/v2\/product\/13884","targetHints":{"allow":["GET"]}}],"collection":[{"href":"https:\/\/brizyproducts.com\/sv\/wp-json\/wp\/v2\/product"}],"about":[{"href":"https:\/\/brizyproducts.com\/sv\/wp-json\/wp\/v2\/types\/product"}],"replies":[{"embeddable":true,"href":"https:\/\/brizyproducts.com\/sv\/wp-json\/wp\/v2\/comments?post=13884"}],"wp:featuredmedia":[{"embeddable":true,"href":"https:\/\/brizyproducts.com\/sv\/wp-json\/wp\/v2\/media\/13897"}],"wp:attachment":[{"href":"https:\/\/brizyproducts.com\/sv\/wp-json\/wp\/v2\/media?parent=13884"}],"wp:term":[{"taxonomy":"product_brand","embeddable":true,"href":"https:\/\/brizyproducts.com\/sv\/wp-json\/wp\/v2\/product_brand?post=13884"},{"taxonomy":"product_cat","embeddable":true,"href":"https:\/\/brizyproducts.com\/sv\/wp-json\/wp\/v2\/product_cat?post=13884"},{"taxonomy":"product_tag","embeddable":true,"href":"https:\/\/brizyproducts.com\/sv\/wp-json\/wp\/v2\/product_tag?post=13884"}],"curies":[{"name":"wp","href":"https:\/\/api.w.org\/{rel}","templated":true}]}}