{"id":13801,"date":"2023-10-26T13:58:23","date_gmt":"2023-10-26T13:58:23","guid":{"rendered":"https:\/\/brizyproducts.com\/product\/quebec-thermo-jacka\/"},"modified":"2026-03-15T09:26:59","modified_gmt":"2026-03-15T09:26:59","slug":"quebec-thermo-jacka","status":"publish","type":"product","link":"https:\/\/brizyproducts.com\/sv\/product\/quebec-thermo-jacka\/","title":{"rendered":"Quebec Thermo-Jacka"},"content":{"rendered":"<p>Den l\u00e4tt vadderade jackan \u00e4r perfekt som mellanlager f\u00f6r extra v\u00e4rme eller som skyddskl\u00e4der mot vind, fukt och kyla.<\/p>\n<p>Den \u00e4r tillverkad med 80 gram Sorona\u00ae l\u00e4ttviktsisolering.<\/p>\n<p>Jackan \u00e4r normal i storlek<\/p>\n\n\n\n\n","protected":false},"excerpt":{"rendered":"<p>Den l\u00e4tt vadderade jackan \u00e4r perfekt som mellanlager f\u00f6r extra v\u00e4rme eller som skyddskl\u00e4der mot vind, fukt och kyla. Den \u00e4r tillverkad med 80 gram Sorona\u00ae l\u00e4ttviktsisolering. Jackan \u00e4r normal i storlek<\/p>\n","protected":false},"featured_media":13823,"comment_status":"closed","ping_status":"closed","template":"","meta":{"_acf_changed":false},"product_brand":[],"product_cat":[575,439],"product_tag":[],"class_list":{"0":"post-13801","1":"product","2":"type-product","3":"status-publish","4":"has-post-thumbnail","6":"product_cat-black-friday","7":"product_cat-outlet","8":"gender-men","9":"collection-quebec","10":"activity-training","11":"activity-workwear","12":"product_type_brizy-stock-products","14":"first","15":"instock","16":"sale","17":"taxable","18":"shipping-taxable","19":"purchasable","20":"product-type-variable"},"acf":[],"yoast_head":"<!-- This site is optimized with the Yoast SEO plugin v27.0 - https:\/\/yoast.com\/product\/yoast-seo-wordpress\/ -->\n<title>Quebec Thermo-Jacka | Kl\u00e4der f\u00f6r trav och stall | Brizy<\/title>\n<meta name=\"description\" content=\"Den l\u00e4tt vadderade jackan \u00e4r perfekt som mellanlager f\u00f6r extra v\u00e4rme eller som skyddskl\u00e4der mot vind, fukt och kyla. Den \u00e4r tillverkad med 80 gram Sorona\u00ae\" \/>\n<meta name=\"robots\" content=\"index, follow, max-snippet:-1, max-image-preview:large, max-video-preview:-1\" \/>\n<link rel=\"canonical\" href=\"https:\/\/brizyproducts.com\/sv\/product\/quebec-thermo-jacka\/\" \/>\n<meta property=\"og:locale\" content=\"sv_SE\" \/>\n<meta property=\"og:type\" content=\"article\" \/>\n<meta property=\"og:title\" content=\"Quebec Thermo-Jacka | Kl\u00e4der f\u00f6r trav och stall | Brizy\" \/>\n<meta property=\"og:description\" content=\"Den l\u00e4tt vadderade jackan \u00e4r perfekt som mellanlager f\u00f6r extra v\u00e4rme eller som skyddskl\u00e4der mot vind, fukt och kyla. Den \u00e4r tillverkad med 80 gram Sorona\u00ae\" \/>\n<meta property=\"og:url\" content=\"https:\/\/brizyproducts.com\/sv\/product\/quebec-thermo-jacka\/\" \/>\n<meta property=\"og:site_name\" content=\"Brizy Products\" \/>\n<meta property=\"article:publisher\" content=\"https:\/\/www.facebook.com\/brizy.1983\/\" \/>\n<meta property=\"article:modified_time\" content=\"2026-03-15T09:26:59+00:00\" \/>\n<meta property=\"og:image\" content=\"https:\/\/brizyproducts.com\/wp-content\/uploads\/2023\/10\/ob3-1650x2200.png\" \/>\n\t<meta property=\"og:image:width\" content=\"1650\" \/>\n\t<meta property=\"og:image:height\" content=\"2200\" \/>\n\t<meta property=\"og:image:type\" content=\"image\/png\" \/>\n<meta name=\"twitter:card\" content=\"summary_large_image\" \/>\n<meta property=\"og:availability\" content=\"instock\" \/>\n<meta property=\"product:availability\" content=\"instock\" \/>\n<meta property=\"product:retailer_item_id\" content=\"8036-01\" \/>\n<meta property=\"product:condition\" content=\"new\" \/>\n<!-- \/ Yoast SEO plugin. -->","yoast_head_json":{"title":"Quebec Thermo-Jacka | Kl\u00e4der f\u00f6r trav och stall | Brizy","description":"Den l\u00e4tt vadderade jackan \u00e4r perfekt som mellanlager f\u00f6r extra v\u00e4rme eller som skyddskl\u00e4der mot vind, fukt och kyla. Den \u00e4r tillverkad med 80 gram Sorona\u00ae","robots":{"index":"index","follow":"follow","max-snippet":"max-snippet:-1","max-image-preview":"max-image-preview:large","max-video-preview":"max-video-preview:-1"},"canonical":"https:\/\/brizyproducts.com\/sv\/product\/quebec-thermo-jacka\/","og_locale":"sv_SE","og_type":"article","og_title":"Quebec Thermo-Jacka | Kl\u00e4der f\u00f6r trav och stall | Brizy","og_description":"Den l\u00e4tt vadderade jackan \u00e4r perfekt som mellanlager f\u00f6r extra v\u00e4rme eller som skyddskl\u00e4der mot vind, fukt och kyla. Den \u00e4r tillverkad med 80 gram Sorona\u00ae","og_url":"https:\/\/brizyproducts.com\/sv\/product\/quebec-thermo-jacka\/","og_site_name":"Brizy Products","article_publisher":"https:\/\/www.facebook.com\/brizy.1983\/","article_modified_time":"2026-03-15T09:26:59+00:00","og_image":[{"width":1650,"height":2200,"url":"https:\/\/brizyproducts.com\/wp-content\/uploads\/2023\/10\/ob3-1650x2200.png","type":"image\/png"}],"twitter_card":"summary_large_image","schema":{"@context":"https:\/\/schema.org","@graph":[{"@type":"WebPage","@id":"https:\/\/brizyproducts.com\/sv\/product\/quebec-thermo-jacka\/","url":"https:\/\/brizyproducts.com\/sv\/product\/quebec-thermo-jacka\/","name":"Quebec Thermo-Jacka | Kl\u00e4der f\u00f6r trav och stall | Brizy","isPartOf":{"@id":"https:\/\/brizyproducts.com\/sv\/#website"},"primaryImageOfPage":{"@id":"https:\/\/brizyproducts.com\/sv\/product\/quebec-thermo-jacka\/#primaryimage"},"image":{"@id":"https:\/\/brizyproducts.com\/sv\/product\/quebec-thermo-jacka\/#primaryimage"},"thumbnailUrl":"https:\/\/brizyproducts.com\/wp-content\/uploads\/2023\/10\/ob3.png","datePublished":"2023-10-26T13:58:23+00:00","dateModified":"2026-03-15T09:26:59+00:00","description":"Den l\u00e4tt vadderade jackan \u00e4r perfekt som mellanlager f\u00f6r extra v\u00e4rme eller som skyddskl\u00e4der mot vind, fukt och kyla. Den \u00e4r tillverkad med 80 gram Sorona\u00ae","breadcrumb":{"@id":"https:\/\/brizyproducts.com\/sv\/product\/quebec-thermo-jacka\/#breadcrumb"},"inLanguage":"sv-SE","potentialAction":[{"@type":"ReadAction","target":["https:\/\/brizyproducts.com\/sv\/product\/quebec-thermo-jacka\/"]}]},{"@type":"ImageObject","inLanguage":"sv-SE","@id":"https:\/\/brizyproducts.com\/sv\/product\/quebec-thermo-jacka\/#primaryimage","url":"https:\/\/brizyproducts.com\/wp-content\/uploads\/2023\/10\/ob3.png","contentUrl":"https:\/\/brizyproducts.com\/wp-content\/uploads\/2023\/10\/ob3.png","width":3375,"height":4500},{"@type":"BreadcrumbList","@id":"https:\/\/brizyproducts.com\/sv\/product\/quebec-thermo-jacka\/#breadcrumb","itemListElement":[{"@type":"ListItem","position":1,"name":"Hem","item":"https:\/\/brizyproducts.com\/sv\/"},{"@type":"ListItem","position":2,"name":"Shop","item":"https:\/\/brizyproducts.com\/sv\/shop\/"},{"@type":"ListItem","position":3,"name":"Quebec Thermo-Jacka"}]},{"@type":"WebSite","@id":"https:\/\/brizyproducts.com\/sv\/#website","url":"https:\/\/brizyproducts.com\/sv\/","name":"Brizy","description":"","publisher":{"@id":"https:\/\/brizyproducts.com\/sv\/#organization"},"potentialAction":[{"@type":"SearchAction","target":{"@type":"EntryPoint","urlTemplate":"https:\/\/brizyproducts.com\/sv\/?s={search_term_string}"},"query-input":{"@type":"PropertyValueSpecification","valueRequired":true,"valueName":"search_term_string"}}],"inLanguage":"sv-SE"},{"@type":"Organization","@id":"https:\/\/brizyproducts.com\/sv\/#organization","name":"Brizy","url":"https:\/\/brizyproducts.com\/sv\/","logo":{"@type":"ImageObject","inLanguage":"sv-SE","@id":"https:\/\/brizyproducts.com\/sv\/#\/schema\/logo\/image\/","url":"https:\/\/brizyproducts.com\/wp-content\/uploads\/2023\/12\/Brizy-old.svg","contentUrl":"https:\/\/brizyproducts.com\/wp-content\/uploads\/2023\/12\/Brizy-old.svg","width":1,"height":1,"caption":"Brizy"},"image":{"@id":"https:\/\/brizyproducts.com\/sv\/#\/schema\/logo\/image\/"},"sameAs":["https:\/\/www.facebook.com\/brizy.1983\/","https:\/\/www.linkedin.com\/company\/brizy-produktion\/"]}]},"og_availability":"instock","product_availability":"instock","product_retailer_item_id":"8036-01","product_condition":"new"},"_links":{"self":[{"href":"https:\/\/brizyproducts.com\/sv\/wp-json\/wp\/v2\/product\/13801","targetHints":{"allow":["GET"]}}],"collection":[{"href":"https:\/\/brizyproducts.com\/sv\/wp-json\/wp\/v2\/product"}],"about":[{"href":"https:\/\/brizyproducts.com\/sv\/wp-json\/wp\/v2\/types\/product"}],"replies":[{"embeddable":true,"href":"https:\/\/brizyproducts.com\/sv\/wp-json\/wp\/v2\/comments?post=13801"}],"wp:featuredmedia":[{"embeddable":true,"href":"https:\/\/brizyproducts.com\/sv\/wp-json\/wp\/v2\/media\/13823"}],"wp:attachment":[{"href":"https:\/\/brizyproducts.com\/sv\/wp-json\/wp\/v2\/media?parent=13801"}],"wp:term":[{"taxonomy":"product_brand","embeddable":true,"href":"https:\/\/brizyproducts.com\/sv\/wp-json\/wp\/v2\/product_brand?post=13801"},{"taxonomy":"product_cat","embeddable":true,"href":"https:\/\/brizyproducts.com\/sv\/wp-json\/wp\/v2\/product_cat?post=13801"},{"taxonomy":"product_tag","embeddable":true,"href":"https:\/\/brizyproducts.com\/sv\/wp-json\/wp\/v2\/product_tag?post=13801"}],"curies":[{"name":"wp","href":"https:\/\/api.w.org\/{rel}","templated":true}]}}