{"id":13589,"date":"2023-10-26T13:57:38","date_gmt":"2023-10-26T13:57:38","guid":{"rendered":"https:\/\/brizyproducts.com\/product\/agarjacka\/"},"modified":"2026-01-08T12:09:40","modified_gmt":"2026-01-08T12:09:40","slug":"agarjacka","status":"publish","type":"product","link":"https:\/\/brizyproducts.com\/sv\/product\/agarjacka\/","title":{"rendered":"\u00c4garjacka"},"content":{"rendered":"<h2><strong>Egendesignad \u00e4garjacka f\u00f6r alla h\u00e4st\u00e4gare<\/strong><\/h2>\n<p>\u00c4garjackan \u00e4r en jacka f\u00f6r dig som h\u00e4st\u00e4gare. G\u00f6r det l\u00e4tt f\u00f6r dig att k\u00e4nna igen din kusk och h\u00e4st ute i loppen genom att designa din egen jacka med ditt egna m\u00f6nster, logo och f\u00e4rger.<\/p>\n<p>\u00c4garjackan \u00e4r gjorde f\u00f6r att passa utanp\u00e5 din travdress och har d\u00e4rf\u00f6r en n\u00e5got \u00f6verdimensionerad passform f\u00f6r att passa perfekt. Den \u00e4r l\u00e4tt och bekv\u00e4m vilket g\u00f6r den idealisk f\u00f6r travet. Med en dragkedja framtill \u00e4r den l\u00e4tt f\u00f6r travkuskarna att snabbt ta p\u00e5 och av mellan loppen.<\/p>\n","protected":false},"excerpt":{"rendered":"<p>T\u00e4vlingsjackan f\u00f6r h\u00e4st\u00e4gare som vill synas och k\u00e4nnas igen p\u00e5 travbanan.<\/p>\n","protected":false},"featured_media":13600,"comment_status":"closed","ping_status":"closed","template":"","meta":{"_acf_changed":false},"product_brand":[],"product_cat":[274,448],"product_tag":[],"season":[502],"gender":[510],"collection":[524],"activity":[564],"product_type_brizy":[568],"class_list":{"0":"post-13589","1":"product","2":"type-product","3":"status-publish","4":"has-post-thumbnail","6":"product_cat-jackets","7":"product_cat-tailor-made-layout","8":"season-summer","9":"gender-men","10":"collection-horse-owner","11":"activity-trotting","12":"product_type_brizy-custom-made","14":"first","15":"instock","16":"taxable","17":"shipping-taxable","18":"purchasable","19":"product-type-simple"},"acf":[],"yoast_head":"<!-- This site is optimized with the Yoast SEO plugin v27.4 - https:\/\/yoast.com\/product\/yoast-seo-wordpress\/ -->\n<title>\u00c4garjacka | Egendesignad t\u00e4vlingsjacka f\u00f6r \u00e4gare | Brizy<\/title>\n<meta name=\"description\" content=\"Designa din egen h\u00e4st\u00e4garjacka. V\u00e4lj f\u00e4rger, m\u00f6nster och logo f\u00f6r att skapa en egen jacka s\u00e5 du l\u00e4tt kan k\u00e4nna igen din kusk och h\u00e4st i travloppen.\" \/>\n<meta name=\"robots\" content=\"index, follow, max-snippet:-1, max-image-preview:large, max-video-preview:-1\" \/>\n<link rel=\"canonical\" href=\"https:\/\/brizyproducts.com\/sv\/product\/agarjacka\/\" \/>\n<meta property=\"og:locale\" content=\"sv_SE\" \/>\n<meta property=\"og:type\" content=\"article\" \/>\n<meta property=\"og:title\" content=\"\u00c4garjacka | Egendesignad t\u00e4vlingsjacka f\u00f6r \u00e4gare | Brizy\" \/>\n<meta property=\"og:description\" content=\"Designa din egen h\u00e4st\u00e4garjacka. V\u00e4lj f\u00e4rger, m\u00f6nster och logo f\u00f6r att skapa en egen jacka s\u00e5 du l\u00e4tt kan k\u00e4nna igen din kusk och h\u00e4st i travloppen.\" \/>\n<meta property=\"og:url\" content=\"https:\/\/brizyproducts.com\/sv\/product\/agarjacka\/\" \/>\n<meta property=\"og:site_name\" content=\"Brizy Products\" \/>\n<meta property=\"article:publisher\" content=\"https:\/\/www.facebook.com\/brizy.1983\/\" \/>\n<meta property=\"article:modified_time\" content=\"2026-01-08T12:09:40+00:00\" \/>\n<meta property=\"og:image\" content=\"https:\/\/brizyproducts.com\/wp-content\/uploads\/2023\/10\/5-6-png.webp\" \/>\n\t<meta property=\"og:image:width\" content=\"3375\" \/>\n\t<meta property=\"og:image:height\" content=\"4500\" \/>\n\t<meta property=\"og:image:type\" content=\"image\/png\" \/>\n<meta name=\"twitter:card\" content=\"summary_large_image\" \/>\n<meta property=\"product:price:amount\" content=\"0.00\" \/>\n<meta property=\"product:price:currency\" content=\"USD\" \/>\n<meta property=\"og:availability\" content=\"instock\" \/>\n<meta property=\"product:availability\" content=\"instock\" \/>\n<meta property=\"product:retailer_item_id\" content=\"2514\" \/>\n<meta property=\"product:condition\" content=\"new\" \/>\n<!-- \/ Yoast SEO plugin. -->","yoast_head_json":{"title":"\u00c4garjacka | Egendesignad t\u00e4vlingsjacka f\u00f6r \u00e4gare | Brizy","description":"Designa din egen h\u00e4st\u00e4garjacka. V\u00e4lj f\u00e4rger, m\u00f6nster och logo f\u00f6r att skapa en egen jacka s\u00e5 du l\u00e4tt kan k\u00e4nna igen din kusk och h\u00e4st i travloppen.","robots":{"index":"index","follow":"follow","max-snippet":"max-snippet:-1","max-image-preview":"max-image-preview:large","max-video-preview":"max-video-preview:-1"},"canonical":"https:\/\/brizyproducts.com\/sv\/product\/agarjacka\/","og_locale":"sv_SE","og_type":"article","og_title":"\u00c4garjacka | Egendesignad t\u00e4vlingsjacka f\u00f6r \u00e4gare | Brizy","og_description":"Designa din egen h\u00e4st\u00e4garjacka. V\u00e4lj f\u00e4rger, m\u00f6nster och logo f\u00f6r att skapa en egen jacka s\u00e5 du l\u00e4tt kan k\u00e4nna igen din kusk och h\u00e4st i travloppen.","og_url":"https:\/\/brizyproducts.com\/sv\/product\/agarjacka\/","og_site_name":"Brizy Products","article_publisher":"https:\/\/www.facebook.com\/brizy.1983\/","article_modified_time":"2026-01-08T12:09:40+00:00","og_image":[{"width":3375,"height":4500,"url":"https:\/\/brizyproducts.com\/wp-content\/uploads\/2023\/10\/5-6-png.webp","type":"image\/png"}],"twitter_card":"summary_large_image","schema":{"@context":"https:\/\/schema.org","@graph":[{"@type":"WebPage","@id":"https:\/\/brizyproducts.com\/sv\/product\/agarjacka\/","url":"https:\/\/brizyproducts.com\/sv\/product\/agarjacka\/","name":"\u00c4garjacka | Egendesignad t\u00e4vlingsjacka f\u00f6r \u00e4gare | Brizy","isPartOf":{"@id":"https:\/\/brizyproducts.com\/sv\/#website"},"primaryImageOfPage":{"@id":"https:\/\/brizyproducts.com\/sv\/product\/agarjacka\/#primaryimage"},"image":{"@id":"https:\/\/brizyproducts.com\/sv\/product\/agarjacka\/#primaryimage"},"thumbnailUrl":"https:\/\/brizyproducts.com\/wp-content\/uploads\/2023\/10\/5-6-png.webp","datePublished":"2023-10-26T13:57:38+00:00","dateModified":"2026-01-08T12:09:40+00:00","description":"Designa din egen h\u00e4st\u00e4garjacka. V\u00e4lj f\u00e4rger, m\u00f6nster och logo f\u00f6r att skapa en egen jacka s\u00e5 du l\u00e4tt kan k\u00e4nna igen din kusk och h\u00e4st i travloppen.","breadcrumb":{"@id":"https:\/\/brizyproducts.com\/sv\/product\/agarjacka\/#breadcrumb"},"inLanguage":"sv-SE","potentialAction":[{"@type":"ReadAction","target":["https:\/\/brizyproducts.com\/sv\/product\/agarjacka\/"]}]},{"@type":"ImageObject","inLanguage":"sv-SE","@id":"https:\/\/brizyproducts.com\/sv\/product\/agarjacka\/#primaryimage","url":"https:\/\/brizyproducts.com\/wp-content\/uploads\/2023\/10\/5-6-png.webp","contentUrl":"https:\/\/brizyproducts.com\/wp-content\/uploads\/2023\/10\/5-6-png.webp","width":3375,"height":4500},{"@type":"BreadcrumbList","@id":"https:\/\/brizyproducts.com\/sv\/product\/agarjacka\/#breadcrumb","itemListElement":[{"@type":"ListItem","position":1,"name":"Hem","item":"https:\/\/brizyproducts.com\/sv\/"},{"@type":"ListItem","position":2,"name":"Shop","item":"https:\/\/brizyproducts.com\/sv\/shop\/"},{"@type":"ListItem","position":3,"name":"\u00c4garjacka"}]},{"@type":"WebSite","@id":"https:\/\/brizyproducts.com\/sv\/#website","url":"https:\/\/brizyproducts.com\/sv\/","name":"Brizy","description":"","publisher":{"@id":"https:\/\/brizyproducts.com\/sv\/#organization"},"potentialAction":[{"@type":"SearchAction","target":{"@type":"EntryPoint","urlTemplate":"https:\/\/brizyproducts.com\/sv\/?s={search_term_string}"},"query-input":{"@type":"PropertyValueSpecification","valueRequired":true,"valueName":"search_term_string"}}],"inLanguage":"sv-SE"},{"@type":"Organization","@id":"https:\/\/brizyproducts.com\/sv\/#organization","name":"Brizy","url":"https:\/\/brizyproducts.com\/sv\/","logo":{"@type":"ImageObject","inLanguage":"sv-SE","@id":"https:\/\/brizyproducts.com\/sv\/#\/schema\/logo\/image\/","url":"https:\/\/brizyproducts.com\/wp-content\/uploads\/2023\/12\/Brizy-old.svg","contentUrl":"https:\/\/brizyproducts.com\/wp-content\/uploads\/2023\/12\/Brizy-old.svg","width":1,"height":1,"caption":"Brizy"},"image":{"@id":"https:\/\/brizyproducts.com\/sv\/#\/schema\/logo\/image\/"},"sameAs":["https:\/\/www.facebook.com\/brizy.1983\/","https:\/\/www.linkedin.com\/company\/brizy-produktion\/"]}]},"product_price_amount":"0.00","product_price_currency":"USD","og_availability":"instock","product_availability":"instock","product_retailer_item_id":"2514","product_condition":"new"},"_links":{"self":[{"href":"https:\/\/brizyproducts.com\/sv\/wp-json\/wp\/v2\/product\/13589","targetHints":{"allow":["GET"]}}],"collection":[{"href":"https:\/\/brizyproducts.com\/sv\/wp-json\/wp\/v2\/product"}],"about":[{"href":"https:\/\/brizyproducts.com\/sv\/wp-json\/wp\/v2\/types\/product"}],"replies":[{"embeddable":true,"href":"https:\/\/brizyproducts.com\/sv\/wp-json\/wp\/v2\/comments?post=13589"}],"wp:featuredmedia":[{"embeddable":true,"href":"https:\/\/brizyproducts.com\/sv\/wp-json\/wp\/v2\/media\/13600"}],"wp:attachment":[{"href":"https:\/\/brizyproducts.com\/sv\/wp-json\/wp\/v2\/media?parent=13589"}],"wp:term":[{"taxonomy":"product_brand","embeddable":true,"href":"https:\/\/brizyproducts.com\/sv\/wp-json\/wp\/v2\/product_brand?post=13589"},{"taxonomy":"product_cat","embeddable":true,"href":"https:\/\/brizyproducts.com\/sv\/wp-json\/wp\/v2\/product_cat?post=13589"},{"taxonomy":"product_tag","embeddable":true,"href":"https:\/\/brizyproducts.com\/sv\/wp-json\/wp\/v2\/product_tag?post=13589"},{"taxonomy":"season","embeddable":true,"href":"https:\/\/brizyproducts.com\/sv\/wp-json\/wp\/v2\/season?post=13589"},{"taxonomy":"gender","embeddable":true,"href":"https:\/\/brizyproducts.com\/sv\/wp-json\/wp\/v2\/gender?post=13589"},{"taxonomy":"collection","embeddable":true,"href":"https:\/\/brizyproducts.com\/sv\/wp-json\/wp\/v2\/collection?post=13589"},{"taxonomy":"activity","embeddable":true,"href":"https:\/\/brizyproducts.com\/sv\/wp-json\/wp\/v2\/activity?post=13589"},{"taxonomy":"product_type_brizy","embeddable":true,"href":"https:\/\/brizyproducts.com\/sv\/wp-json\/wp\/v2\/product_type_brizy?post=13589"}],"curies":[{"name":"wp","href":"https:\/\/api.w.org\/{rel}","templated":true}]}}