{"id":13386,"date":"2023-10-26T13:56:57","date_gmt":"2023-10-26T13:56:57","guid":{"rendered":"https:\/\/brizyproducts.com\/product\/lexington-winter-onepiece\/"},"modified":"2026-01-08T10:23:59","modified_gmt":"2026-01-08T10:23:59","slug":"lexington-winter-onepiece","status":"publish","type":"product","link":"https:\/\/brizyproducts.com\/sv\/product\/lexington-winter-onepiece\/","title":{"rendered":"Lexington Vinterdress"},"content":{"rendered":"<h2><strong>Den ultimata t\u00e4vlingsdressen f\u00f6r kalla dagar<\/strong><\/h2>\n<p>Lexington Vinterdress \u00e4r den perfekta t\u00e4vlingsdressen f\u00f6r travkuskar under vinterns kallaste dagar. Den heldesignade vinterdressen \u00e4r framtagen f\u00f6r att leverera maximal komfort, v\u00e4rme och r\u00f6relsefrihet \u00e4ven under de mest kr\u00e4vande t\u00e4vlingsf\u00f6rh\u00e5llandena. Tillverkad i v\u00e5rt slitstarka stretchmaterial med Z-foder st\u00e5r dressen effektivt emot vind och regn och h\u00e5ller dig torr och varm genom hela t\u00e4vlingsdagen.<\/p>\n<p>Med ett brett urval av f\u00e4rger, tjocklekar och designval skr\u00e4ddarsyr du din egen t\u00e4vlingsdress helt efter dina \u00f6nskem\u00e5l. Varje dress m\u00e5ttsys f\u00f6r en optimal passform och tillverkas i materialval som verkligen g\u00f6r skillnad. Resultatet \u00e4r en vinterdress som anpassas efter varje kusks behov \u2013 fr\u00e5n val av foder och v\u00e4rmeniv\u00e5 till passform, funktion och design.<\/p>\n","protected":false},"excerpt":{"rendered":"<p>En skr\u00e4ddarsydd t\u00e4vlingsdress perfekt f\u00f6r vintern. V\u00e4lj fodertjocklek, passform och design.<\/p>\n","protected":false},"featured_media":13393,"comment_status":"closed","ping_status":"closed","template":"","meta":{"_acf_changed":false},"product_brand":[],"product_cat":[448,333],"product_tag":[],"class_list":{"0":"post-13386","1":"product","2":"type-product","3":"status-publish","4":"has-post-thumbnail","6":"product_cat-tailor-made-layout","7":"product_cat-one-pieces","8":"season-winter","9":"gender-men","10":"gender-women","11":"collection-lexington","12":"activity-racing","13":"product_type_brizy-tailor-made","15":"first","16":"instock","17":"taxable","18":"shipping-taxable","19":"purchasable","20":"product-type-simple"},"acf":[],"yoast_head":"<!-- This site is optimized with the Yoast SEO plugin v27.0 - https:\/\/yoast.com\/product\/yoast-seo-wordpress\/ -->\n<title>Lexington Vinterdress | M\u00e5ttsydd t\u00e4vlingsdress f\u00f6r travkuskar | Brizy<\/title>\n<meta name=\"description\" content=\"Travkuskarnas perfekta vinter-t\u00e4vlingsdress. Egendesignad och m\u00e5ttsydd vinterdress med optimal passform, komfort och v\u00e4rme.\" \/>\n<meta name=\"robots\" content=\"index, follow, max-snippet:-1, max-image-preview:large, max-video-preview:-1\" \/>\n<link rel=\"canonical\" href=\"https:\/\/brizyproducts.com\/sv\/product\/lexington-winter-onepiece\/\" \/>\n<meta property=\"og:locale\" content=\"sv_SE\" \/>\n<meta property=\"og:type\" content=\"article\" \/>\n<meta property=\"og:title\" content=\"Lexington Vinterdress | M\u00e5ttsydd t\u00e4vlingsdress f\u00f6r travkuskar | Brizy\" \/>\n<meta property=\"og:description\" content=\"Travkuskarnas perfekta vinter-t\u00e4vlingsdress. Egendesignad och m\u00e5ttsydd vinterdress med optimal passform, komfort och v\u00e4rme.\" \/>\n<meta property=\"og:url\" content=\"https:\/\/brizyproducts.com\/sv\/product\/lexington-winter-onepiece\/\" \/>\n<meta property=\"og:site_name\" content=\"Brizy Products\" \/>\n<meta property=\"article:publisher\" content=\"https:\/\/www.facebook.com\/brizy.1983\/\" \/>\n<meta property=\"article:modified_time\" content=\"2026-01-08T10:23:59+00:00\" \/>\n<meta property=\"og:image\" content=\"https:\/\/brizyproducts.com\/wp-content\/uploads\/2023\/10\/2-22-png.webp\" \/>\n\t<meta property=\"og:image:width\" content=\"3375\" \/>\n\t<meta property=\"og:image:height\" content=\"4500\" \/>\n\t<meta property=\"og:image:type\" content=\"image\/png\" \/>\n<meta name=\"twitter:card\" content=\"summary_large_image\" \/>\n<meta property=\"product:price:amount\" content=\"0.00\" \/>\n<meta property=\"product:price:currency\" content=\"USD\" \/>\n<meta property=\"og:availability\" content=\"instock\" \/>\n<meta property=\"product:availability\" content=\"instock\" \/>\n<meta property=\"product:retailer_item_id\" content=\"144580\" \/>\n<meta property=\"product:condition\" content=\"new\" \/>\n<!-- \/ Yoast SEO plugin. -->","yoast_head_json":{"title":"Lexington Vinterdress | M\u00e5ttsydd t\u00e4vlingsdress f\u00f6r travkuskar | Brizy","description":"Travkuskarnas perfekta vinter-t\u00e4vlingsdress. Egendesignad och m\u00e5ttsydd vinterdress med optimal passform, komfort och v\u00e4rme.","robots":{"index":"index","follow":"follow","max-snippet":"max-snippet:-1","max-image-preview":"max-image-preview:large","max-video-preview":"max-video-preview:-1"},"canonical":"https:\/\/brizyproducts.com\/sv\/product\/lexington-winter-onepiece\/","og_locale":"sv_SE","og_type":"article","og_title":"Lexington Vinterdress | M\u00e5ttsydd t\u00e4vlingsdress f\u00f6r travkuskar | Brizy","og_description":"Travkuskarnas perfekta vinter-t\u00e4vlingsdress. Egendesignad och m\u00e5ttsydd vinterdress med optimal passform, komfort och v\u00e4rme.","og_url":"https:\/\/brizyproducts.com\/sv\/product\/lexington-winter-onepiece\/","og_site_name":"Brizy Products","article_publisher":"https:\/\/www.facebook.com\/brizy.1983\/","article_modified_time":"2026-01-08T10:23:59+00:00","og_image":[{"width":3375,"height":4500,"url":"https:\/\/brizyproducts.com\/wp-content\/uploads\/2023\/10\/2-22-png.webp","type":"image\/png"}],"twitter_card":"summary_large_image","schema":{"@context":"https:\/\/schema.org","@graph":[{"@type":"WebPage","@id":"https:\/\/brizyproducts.com\/sv\/product\/lexington-winter-onepiece\/","url":"https:\/\/brizyproducts.com\/sv\/product\/lexington-winter-onepiece\/","name":"Lexington Vinterdress | M\u00e5ttsydd t\u00e4vlingsdress f\u00f6r travkuskar | Brizy","isPartOf":{"@id":"https:\/\/brizyproducts.com\/sv\/#website"},"primaryImageOfPage":{"@id":"https:\/\/brizyproducts.com\/sv\/product\/lexington-winter-onepiece\/#primaryimage"},"image":{"@id":"https:\/\/brizyproducts.com\/sv\/product\/lexington-winter-onepiece\/#primaryimage"},"thumbnailUrl":"https:\/\/brizyproducts.com\/wp-content\/uploads\/2023\/10\/2-22-png.webp","datePublished":"2023-10-26T13:56:57+00:00","dateModified":"2026-01-08T10:23:59+00:00","description":"Travkuskarnas perfekta vinter-t\u00e4vlingsdress. Egendesignad och m\u00e5ttsydd vinterdress med optimal passform, komfort och v\u00e4rme.","breadcrumb":{"@id":"https:\/\/brizyproducts.com\/sv\/product\/lexington-winter-onepiece\/#breadcrumb"},"inLanguage":"sv-SE","potentialAction":[{"@type":"ReadAction","target":["https:\/\/brizyproducts.com\/sv\/product\/lexington-winter-onepiece\/"]}]},{"@type":"ImageObject","inLanguage":"sv-SE","@id":"https:\/\/brizyproducts.com\/sv\/product\/lexington-winter-onepiece\/#primaryimage","url":"https:\/\/brizyproducts.com\/wp-content\/uploads\/2023\/10\/2-22-png.webp","contentUrl":"https:\/\/brizyproducts.com\/wp-content\/uploads\/2023\/10\/2-22-png.webp","width":3375,"height":4500},{"@type":"BreadcrumbList","@id":"https:\/\/brizyproducts.com\/sv\/product\/lexington-winter-onepiece\/#breadcrumb","itemListElement":[{"@type":"ListItem","position":1,"name":"Hem","item":"https:\/\/brizyproducts.com\/sv\/"},{"@type":"ListItem","position":2,"name":"Shop","item":"https:\/\/brizyproducts.com\/sv\/shop\/"},{"@type":"ListItem","position":3,"name":"Lexington Vinterdress"}]},{"@type":"WebSite","@id":"https:\/\/brizyproducts.com\/sv\/#website","url":"https:\/\/brizyproducts.com\/sv\/","name":"Brizy","description":"","publisher":{"@id":"https:\/\/brizyproducts.com\/sv\/#organization"},"potentialAction":[{"@type":"SearchAction","target":{"@type":"EntryPoint","urlTemplate":"https:\/\/brizyproducts.com\/sv\/?s={search_term_string}"},"query-input":{"@type":"PropertyValueSpecification","valueRequired":true,"valueName":"search_term_string"}}],"inLanguage":"sv-SE"},{"@type":"Organization","@id":"https:\/\/brizyproducts.com\/sv\/#organization","name":"Brizy","url":"https:\/\/brizyproducts.com\/sv\/","logo":{"@type":"ImageObject","inLanguage":"sv-SE","@id":"https:\/\/brizyproducts.com\/sv\/#\/schema\/logo\/image\/","url":"https:\/\/brizyproducts.com\/wp-content\/uploads\/2023\/12\/Brizy-old.svg","contentUrl":"https:\/\/brizyproducts.com\/wp-content\/uploads\/2023\/12\/Brizy-old.svg","width":1,"height":1,"caption":"Brizy"},"image":{"@id":"https:\/\/brizyproducts.com\/sv\/#\/schema\/logo\/image\/"},"sameAs":["https:\/\/www.facebook.com\/brizy.1983\/","https:\/\/www.linkedin.com\/company\/brizy-produktion\/"]}]},"product_price_amount":"0.00","product_price_currency":"USD","og_availability":"instock","product_availability":"instock","product_retailer_item_id":"144580","product_condition":"new"},"_links":{"self":[{"href":"https:\/\/brizyproducts.com\/sv\/wp-json\/wp\/v2\/product\/13386","targetHints":{"allow":["GET"]}}],"collection":[{"href":"https:\/\/brizyproducts.com\/sv\/wp-json\/wp\/v2\/product"}],"about":[{"href":"https:\/\/brizyproducts.com\/sv\/wp-json\/wp\/v2\/types\/product"}],"replies":[{"embeddable":true,"href":"https:\/\/brizyproducts.com\/sv\/wp-json\/wp\/v2\/comments?post=13386"}],"wp:featuredmedia":[{"embeddable":true,"href":"https:\/\/brizyproducts.com\/sv\/wp-json\/wp\/v2\/media\/13393"}],"wp:attachment":[{"href":"https:\/\/brizyproducts.com\/sv\/wp-json\/wp\/v2\/media?parent=13386"}],"wp:term":[{"taxonomy":"product_brand","embeddable":true,"href":"https:\/\/brizyproducts.com\/sv\/wp-json\/wp\/v2\/product_brand?post=13386"},{"taxonomy":"product_cat","embeddable":true,"href":"https:\/\/brizyproducts.com\/sv\/wp-json\/wp\/v2\/product_cat?post=13386"},{"taxonomy":"product_tag","embeddable":true,"href":"https:\/\/brizyproducts.com\/sv\/wp-json\/wp\/v2\/product_tag?post=13386"}],"curies":[{"name":"wp","href":"https:\/\/api.w.org\/{rel}","templated":true}]}}