{"id":13373,"date":"2023-10-26T13:56:57","date_gmt":"2023-10-26T13:56:57","guid":{"rendered":"https:\/\/brizyproducts.com\/product\/lexington-var-host-onepiece\/"},"modified":"2026-01-08T10:31:34","modified_gmt":"2026-01-08T10:31:34","slug":"lexington-var-host-onepiece","status":"publish","type":"product","link":"https:\/\/brizyproducts.com\/sv\/product\/lexington-var-host-onepiece\/","title":{"rendered":"Lexington V\u00e5r\/H\u00f6stdress"},"content":{"rendered":"<h2><strong>V\u00e5r popul\u00e4ra t\u00e4vlingsdress f\u00f6r v\u00e5r och h\u00f6st<\/strong><\/h2>\n<p>Den h\u00e4r t\u00e4vlingsdressen \u00e4r perfekt f\u00f6r travkuskar och skapad f\u00f6r att ge h\u00f6gsta komfort under v\u00e5ren och h\u00f6stens t\u00e4vlingsdagar. Tack vare v\u00e5rt slitstarka stretchmaterial med Z-foder st\u00e5r den effektivt emot b\u00e5de vind och regn.<\/p>\n<p>Med ett stort urval av f\u00e4rger och designalternativ kan du skr\u00e4ddarsy din egen t\u00e4vlingsdress helt efter dina \u00f6nskem\u00e5l. Varje dress m\u00e5ttsys efter dina m\u00e5tt f\u00f6r perfekt passform och tillverkas i material som verkligen g\u00f6r skillnad. Resultatet \u00e4r den ultimata v\u00e5r- och h\u00f6stjackan f\u00f6r travkuskar som vill ha allt \u2013 funktion, komfort, passform, h\u00e5llbarhet och stil.<\/p>\n","protected":false},"excerpt":{"rendered":"<p>Skr\u00e4ddarsydd t\u00e4vlingsdress med optimal passform och komfort f\u00f6r v\u00e5ren och h\u00f6stens t\u00e4vlingsdagar.<\/p>\n","protected":false},"featured_media":13376,"comment_status":"closed","ping_status":"closed","template":"","meta":{"_acf_changed":false},"product_brand":[],"product_cat":[253,448,333,267],"product_tag":[462],"class_list":{"0":"post-13373","1":"product","2":"type-product","3":"status-publish","4":"has-post-thumbnail","6":"product_cat-mens","7":"product_cat-tailor-made-layout","8":"product_cat-one-pieces","9":"product_cat-womens","10":"product_tag-lexington-spring-fall-sv","11":"season-spring-fall","12":"gender-men","13":"gender-women","14":"collection-lexington","15":"activity-racing","16":"product_type_brizy-tailor-made","18":"first","19":"instock","20":"virtual","21":"taxable","22":"purchasable","23":"product-type-simple"},"acf":[],"yoast_head":"<!-- This site is optimized with the Yoast SEO plugin v27.0 - https:\/\/yoast.com\/product\/yoast-seo-wordpress\/ -->\n<title>Lexington V\u00e5r\/H\u00f6stdress | T\u00e4vlingsdress f\u00f6r travkuskar | Brizy<\/title>\n<meta name=\"description\" content=\"Travkuskarna perfekta v\u00e5r- och h\u00f6st t\u00e4vlingsdress. En egendesignad och m\u00e5ttsydd dress som ger optimal passform och komfort.\" \/>\n<meta name=\"robots\" content=\"index, follow, max-snippet:-1, max-image-preview:large, max-video-preview:-1\" \/>\n<link rel=\"canonical\" href=\"https:\/\/brizyproducts.com\/sv\/product\/lexington-var-host-onepiece\/\" \/>\n<meta property=\"og:locale\" content=\"sv_SE\" \/>\n<meta property=\"og:type\" content=\"article\" \/>\n<meta property=\"og:title\" content=\"Lexington V\u00e5r\/H\u00f6stdress | T\u00e4vlingsdress f\u00f6r travkuskar | Brizy\" \/>\n<meta property=\"og:description\" content=\"Travkuskarna perfekta v\u00e5r- och h\u00f6st t\u00e4vlingsdress. En egendesignad och m\u00e5ttsydd dress som ger optimal passform och komfort.\" \/>\n<meta property=\"og:url\" content=\"https:\/\/brizyproducts.com\/sv\/product\/lexington-var-host-onepiece\/\" \/>\n<meta property=\"og:site_name\" content=\"Brizy Products\" \/>\n<meta property=\"article:publisher\" content=\"https:\/\/www.facebook.com\/brizy.1983\/\" \/>\n<meta property=\"article:modified_time\" content=\"2026-01-08T10:31:34+00:00\" \/>\n<meta property=\"og:image\" content=\"https:\/\/brizyproducts.com\/wp-content\/uploads\/2023\/10\/1-24-png.webp\" \/>\n\t<meta property=\"og:image:width\" content=\"3375\" \/>\n\t<meta property=\"og:image:height\" content=\"4500\" \/>\n\t<meta property=\"og:image:type\" content=\"image\/png\" \/>\n<meta name=\"twitter:card\" content=\"summary_large_image\" \/>\n<meta property=\"product:price:amount\" content=\"0.00\" \/>\n<meta property=\"product:price:currency\" content=\"USD\" \/>\n<meta property=\"og:availability\" content=\"instock\" \/>\n<meta property=\"product:availability\" content=\"instock\" \/>\n<meta property=\"product:retailer_item_id\" content=\"1445\" \/>\n<meta property=\"product:condition\" content=\"new\" \/>\n<!-- \/ Yoast SEO plugin. -->","yoast_head_json":{"title":"Lexington V\u00e5r\/H\u00f6stdress | T\u00e4vlingsdress f\u00f6r travkuskar | Brizy","description":"Travkuskarna perfekta v\u00e5r- och h\u00f6st t\u00e4vlingsdress. En egendesignad och m\u00e5ttsydd dress som ger optimal passform och komfort.","robots":{"index":"index","follow":"follow","max-snippet":"max-snippet:-1","max-image-preview":"max-image-preview:large","max-video-preview":"max-video-preview:-1"},"canonical":"https:\/\/brizyproducts.com\/sv\/product\/lexington-var-host-onepiece\/","og_locale":"sv_SE","og_type":"article","og_title":"Lexington V\u00e5r\/H\u00f6stdress | T\u00e4vlingsdress f\u00f6r travkuskar | Brizy","og_description":"Travkuskarna perfekta v\u00e5r- och h\u00f6st t\u00e4vlingsdress. En egendesignad och m\u00e5ttsydd dress som ger optimal passform och komfort.","og_url":"https:\/\/brizyproducts.com\/sv\/product\/lexington-var-host-onepiece\/","og_site_name":"Brizy Products","article_publisher":"https:\/\/www.facebook.com\/brizy.1983\/","article_modified_time":"2026-01-08T10:31:34+00:00","og_image":[{"width":3375,"height":4500,"url":"https:\/\/brizyproducts.com\/wp-content\/uploads\/2023\/10\/1-24-png.webp","type":"image\/png"}],"twitter_card":"summary_large_image","schema":{"@context":"https:\/\/schema.org","@graph":[{"@type":"WebPage","@id":"https:\/\/brizyproducts.com\/sv\/product\/lexington-var-host-onepiece\/","url":"https:\/\/brizyproducts.com\/sv\/product\/lexington-var-host-onepiece\/","name":"Lexington V\u00e5r\/H\u00f6stdress | T\u00e4vlingsdress f\u00f6r travkuskar | Brizy","isPartOf":{"@id":"https:\/\/brizyproducts.com\/sv\/#website"},"primaryImageOfPage":{"@id":"https:\/\/brizyproducts.com\/sv\/product\/lexington-var-host-onepiece\/#primaryimage"},"image":{"@id":"https:\/\/brizyproducts.com\/sv\/product\/lexington-var-host-onepiece\/#primaryimage"},"thumbnailUrl":"https:\/\/brizyproducts.com\/wp-content\/uploads\/2023\/10\/1-24-png.webp","datePublished":"2023-10-26T13:56:57+00:00","dateModified":"2026-01-08T10:31:34+00:00","description":"Travkuskarna perfekta v\u00e5r- och h\u00f6st t\u00e4vlingsdress. En egendesignad och m\u00e5ttsydd dress som ger optimal passform och komfort.","breadcrumb":{"@id":"https:\/\/brizyproducts.com\/sv\/product\/lexington-var-host-onepiece\/#breadcrumb"},"inLanguage":"sv-SE","potentialAction":[{"@type":"ReadAction","target":["https:\/\/brizyproducts.com\/sv\/product\/lexington-var-host-onepiece\/"]}]},{"@type":"ImageObject","inLanguage":"sv-SE","@id":"https:\/\/brizyproducts.com\/sv\/product\/lexington-var-host-onepiece\/#primaryimage","url":"https:\/\/brizyproducts.com\/wp-content\/uploads\/2023\/10\/1-24-png.webp","contentUrl":"https:\/\/brizyproducts.com\/wp-content\/uploads\/2023\/10\/1-24-png.webp","width":3375,"height":4500},{"@type":"BreadcrumbList","@id":"https:\/\/brizyproducts.com\/sv\/product\/lexington-var-host-onepiece\/#breadcrumb","itemListElement":[{"@type":"ListItem","position":1,"name":"Hem","item":"https:\/\/brizyproducts.com\/sv\/"},{"@type":"ListItem","position":2,"name":"Shop","item":"https:\/\/brizyproducts.com\/sv\/shop\/"},{"@type":"ListItem","position":3,"name":"Lexington V\u00e5r\/H\u00f6stdress"}]},{"@type":"WebSite","@id":"https:\/\/brizyproducts.com\/sv\/#website","url":"https:\/\/brizyproducts.com\/sv\/","name":"Brizy","description":"","publisher":{"@id":"https:\/\/brizyproducts.com\/sv\/#organization"},"potentialAction":[{"@type":"SearchAction","target":{"@type":"EntryPoint","urlTemplate":"https:\/\/brizyproducts.com\/sv\/?s={search_term_string}"},"query-input":{"@type":"PropertyValueSpecification","valueRequired":true,"valueName":"search_term_string"}}],"inLanguage":"sv-SE"},{"@type":"Organization","@id":"https:\/\/brizyproducts.com\/sv\/#organization","name":"Brizy","url":"https:\/\/brizyproducts.com\/sv\/","logo":{"@type":"ImageObject","inLanguage":"sv-SE","@id":"https:\/\/brizyproducts.com\/sv\/#\/schema\/logo\/image\/","url":"https:\/\/brizyproducts.com\/wp-content\/uploads\/2023\/12\/Brizy-old.svg","contentUrl":"https:\/\/brizyproducts.com\/wp-content\/uploads\/2023\/12\/Brizy-old.svg","width":1,"height":1,"caption":"Brizy"},"image":{"@id":"https:\/\/brizyproducts.com\/sv\/#\/schema\/logo\/image\/"},"sameAs":["https:\/\/www.facebook.com\/brizy.1983\/","https:\/\/www.linkedin.com\/company\/brizy-produktion\/"]}]},"product_price_amount":"0.00","product_price_currency":"USD","og_availability":"instock","product_availability":"instock","product_retailer_item_id":"1445","product_condition":"new"},"_links":{"self":[{"href":"https:\/\/brizyproducts.com\/sv\/wp-json\/wp\/v2\/product\/13373","targetHints":{"allow":["GET"]}}],"collection":[{"href":"https:\/\/brizyproducts.com\/sv\/wp-json\/wp\/v2\/product"}],"about":[{"href":"https:\/\/brizyproducts.com\/sv\/wp-json\/wp\/v2\/types\/product"}],"replies":[{"embeddable":true,"href":"https:\/\/brizyproducts.com\/sv\/wp-json\/wp\/v2\/comments?post=13373"}],"wp:featuredmedia":[{"embeddable":true,"href":"https:\/\/brizyproducts.com\/sv\/wp-json\/wp\/v2\/media\/13376"}],"wp:attachment":[{"href":"https:\/\/brizyproducts.com\/sv\/wp-json\/wp\/v2\/media?parent=13373"}],"wp:term":[{"taxonomy":"product_brand","embeddable":true,"href":"https:\/\/brizyproducts.com\/sv\/wp-json\/wp\/v2\/product_brand?post=13373"},{"taxonomy":"product_cat","embeddable":true,"href":"https:\/\/brizyproducts.com\/sv\/wp-json\/wp\/v2\/product_cat?post=13373"},{"taxonomy":"product_tag","embeddable":true,"href":"https:\/\/brizyproducts.com\/sv\/wp-json\/wp\/v2\/product_tag?post=13373"}],"curies":[{"name":"wp","href":"https:\/\/api.w.org\/{rel}","templated":true}]}}