{"id":13344,"date":"2023-10-26T13:56:26","date_gmt":"2023-10-26T13:56:26","guid":{"rendered":"https:\/\/brizyproducts.com\/product\/napoli-var-host-onepiece\/"},"modified":"2026-02-24T10:33:28","modified_gmt":"2026-02-24T10:33:28","slug":"napoli-var-host-onepiece","status":"publish","type":"product","link":"https:\/\/brizyproducts.com\/sv\/product\/napoli-var-host-onepiece\/","title":{"rendered":"Napoli V\u00e5r\/H\u00f6stdress"},"content":{"rendered":"<h2><strong>Den ultimata allv\u00e4ders-tr\u00e4ningsdressen f\u00f6r trav.<\/strong><\/h2>\n<p>En v\u00e5r\/h\u00f6stdress perfekt f\u00f6r kuskar, tr\u00e4nare och stallpersonal, framtagen f\u00f6r att ge maximal komfort under alla \u00e5rets tr\u00e4ningsdagar. Med h\u00f6g andningsf\u00f6rm\u00e5ga och v\u00e5rt slitstarka stretchmaterial med Z-foder st\u00e5r den effektivt emot b\u00e5de vind och regn samtidigt som du h\u00e5ller dig sval.<\/p>\n<p>V\u00e4lj dina egna f\u00e4rger och design f\u00f6r att matcha med din t\u00e4vlingsdress eller stallets f\u00e4rger. Napoli V\u00e5r\/H\u00f6stdress m\u00e5ttanpassas f\u00f6r b\u00e4sta m\u00f6jliga passform och tillverkas i material som verkligen g\u00f6r skillnad.<\/p>\n","protected":false},"excerpt":{"rendered":"<p>Allv\u00e4ders tr\u00e4ningsdress. M\u00e5ttsydd allv\u00e4ders-tr\u00e4ningsdress med perfekt passform och h\u00f6g komfort.<\/p>\n","protected":false},"featured_media":13351,"comment_status":"closed","ping_status":"closed","template":"","meta":{"_acf_changed":false},"product_brand":[],"product_cat":[253,448,333,267],"product_tag":[],"class_list":{"0":"post-13344","1":"product","2":"type-product","3":"status-publish","4":"has-post-thumbnail","6":"product_cat-mens","7":"product_cat-tailor-made-layout","8":"product_cat-one-pieces","9":"product_cat-womens","10":"season-spring-fall","11":"gender-men","12":"gender-women","13":"collection-napoli","14":"activity-training","15":"product_type_brizy-tailor-made","17":"first","18":"instock","19":"taxable","20":"shipping-taxable","21":"purchasable","22":"product-type-simple"},"acf":[],"yoast_head":"<!-- This site is optimized with the Yoast SEO plugin v27.3 - https:\/\/yoast.com\/product\/yoast-seo-wordpress\/ -->\n<title>Napoli V\u00e5r\/H\u00f6stdress | Tr\u00e4ningsdress f\u00f6r trav | Brizy<\/title>\n<meta name=\"description\" content=\"Egendesignad och m\u00e5ttsydd tr\u00e4ningsdress gjord specifikt f\u00f6r att ge travkuskarna och tr\u00e4nare optimal passform och komfort under v\u00e5ren och h\u00f6stens tr\u00e4ningar.\" \/>\n<meta name=\"robots\" content=\"index, follow, max-snippet:-1, max-image-preview:large, max-video-preview:-1\" \/>\n<link rel=\"canonical\" href=\"https:\/\/brizyproducts.com\/sv\/product\/napoli-var-host-onepiece\/\" \/>\n<meta property=\"og:locale\" content=\"sv_SE\" \/>\n<meta property=\"og:type\" content=\"article\" \/>\n<meta property=\"og:title\" content=\"Napoli V\u00e5r\/H\u00f6stdress | Tr\u00e4ningsdress f\u00f6r trav | Brizy\" \/>\n<meta property=\"og:description\" content=\"Egendesignad och m\u00e5ttsydd tr\u00e4ningsdress gjord specifikt f\u00f6r att ge travkuskarna och tr\u00e4nare optimal passform och komfort under v\u00e5ren och h\u00f6stens tr\u00e4ningar.\" \/>\n<meta property=\"og:url\" content=\"https:\/\/brizyproducts.com\/sv\/product\/napoli-var-host-onepiece\/\" \/>\n<meta property=\"og:site_name\" content=\"Brizy Products\" \/>\n<meta property=\"article:publisher\" content=\"https:\/\/www.facebook.com\/brizy.1983\/\" \/>\n<meta property=\"article:modified_time\" content=\"2026-02-24T10:33:28+00:00\" \/>\n<meta property=\"og:image\" content=\"https:\/\/brizyproducts.com\/wp-content\/uploads\/2023\/10\/17-1650x2200.png\" \/>\n\t<meta property=\"og:image:width\" content=\"1650\" \/>\n\t<meta property=\"og:image:height\" content=\"2200\" \/>\n\t<meta property=\"og:image:type\" content=\"image\/png\" \/>\n<meta name=\"twitter:card\" content=\"summary_large_image\" \/>\n<meta property=\"product:price:amount\" content=\"0.00\" \/>\n<meta property=\"product:price:currency\" content=\"USD\" \/>\n<meta property=\"og:availability\" content=\"instock\" \/>\n<meta property=\"product:availability\" content=\"instock\" \/>\n<meta property=\"product:retailer_item_id\" content=\"1450\" \/>\n<meta property=\"product:condition\" content=\"new\" \/>\n<!-- \/ Yoast SEO plugin. -->","yoast_head_json":{"title":"Napoli V\u00e5r\/H\u00f6stdress | Tr\u00e4ningsdress f\u00f6r trav | Brizy","description":"Egendesignad och m\u00e5ttsydd tr\u00e4ningsdress gjord specifikt f\u00f6r att ge travkuskarna och tr\u00e4nare optimal passform och komfort under v\u00e5ren och h\u00f6stens tr\u00e4ningar.","robots":{"index":"index","follow":"follow","max-snippet":"max-snippet:-1","max-image-preview":"max-image-preview:large","max-video-preview":"max-video-preview:-1"},"canonical":"https:\/\/brizyproducts.com\/sv\/product\/napoli-var-host-onepiece\/","og_locale":"sv_SE","og_type":"article","og_title":"Napoli V\u00e5r\/H\u00f6stdress | Tr\u00e4ningsdress f\u00f6r trav | Brizy","og_description":"Egendesignad och m\u00e5ttsydd tr\u00e4ningsdress gjord specifikt f\u00f6r att ge travkuskarna och tr\u00e4nare optimal passform och komfort under v\u00e5ren och h\u00f6stens tr\u00e4ningar.","og_url":"https:\/\/brizyproducts.com\/sv\/product\/napoli-var-host-onepiece\/","og_site_name":"Brizy Products","article_publisher":"https:\/\/www.facebook.com\/brizy.1983\/","article_modified_time":"2026-02-24T10:33:28+00:00","og_image":[{"width":1650,"height":2200,"url":"https:\/\/brizyproducts.com\/wp-content\/uploads\/2023\/10\/17-1650x2200.png","type":"image\/png"}],"twitter_card":"summary_large_image","schema":{"@context":"https:\/\/schema.org","@graph":[{"@type":"WebPage","@id":"https:\/\/brizyproducts.com\/sv\/product\/napoli-var-host-onepiece\/","url":"https:\/\/brizyproducts.com\/sv\/product\/napoli-var-host-onepiece\/","name":"Napoli V\u00e5r\/H\u00f6stdress | Tr\u00e4ningsdress f\u00f6r trav | Brizy","isPartOf":{"@id":"https:\/\/brizyproducts.com\/sv\/#website"},"primaryImageOfPage":{"@id":"https:\/\/brizyproducts.com\/sv\/product\/napoli-var-host-onepiece\/#primaryimage"},"image":{"@id":"https:\/\/brizyproducts.com\/sv\/product\/napoli-var-host-onepiece\/#primaryimage"},"thumbnailUrl":"https:\/\/brizyproducts.com\/wp-content\/uploads\/2023\/10\/17.png","datePublished":"2023-10-26T13:56:26+00:00","dateModified":"2026-02-24T10:33:28+00:00","description":"Egendesignad och m\u00e5ttsydd tr\u00e4ningsdress gjord specifikt f\u00f6r att ge travkuskarna och tr\u00e4nare optimal passform och komfort under v\u00e5ren och h\u00f6stens tr\u00e4ningar.","breadcrumb":{"@id":"https:\/\/brizyproducts.com\/sv\/product\/napoli-var-host-onepiece\/#breadcrumb"},"inLanguage":"sv-SE","potentialAction":[{"@type":"ReadAction","target":["https:\/\/brizyproducts.com\/sv\/product\/napoli-var-host-onepiece\/"]}]},{"@type":"ImageObject","inLanguage":"sv-SE","@id":"https:\/\/brizyproducts.com\/sv\/product\/napoli-var-host-onepiece\/#primaryimage","url":"https:\/\/brizyproducts.com\/wp-content\/uploads\/2023\/10\/17.png","contentUrl":"https:\/\/brizyproducts.com\/wp-content\/uploads\/2023\/10\/17.png","width":3375,"height":4500},{"@type":"BreadcrumbList","@id":"https:\/\/brizyproducts.com\/sv\/product\/napoli-var-host-onepiece\/#breadcrumb","itemListElement":[{"@type":"ListItem","position":1,"name":"Hem","item":"https:\/\/brizyproducts.com\/sv\/"},{"@type":"ListItem","position":2,"name":"Shop","item":"https:\/\/brizyproducts.com\/sv\/shop\/"},{"@type":"ListItem","position":3,"name":"Napoli V\u00e5r\/H\u00f6stdress"}]},{"@type":"WebSite","@id":"https:\/\/brizyproducts.com\/sv\/#website","url":"https:\/\/brizyproducts.com\/sv\/","name":"Brizy","description":"","publisher":{"@id":"https:\/\/brizyproducts.com\/sv\/#organization"},"potentialAction":[{"@type":"SearchAction","target":{"@type":"EntryPoint","urlTemplate":"https:\/\/brizyproducts.com\/sv\/?s={search_term_string}"},"query-input":{"@type":"PropertyValueSpecification","valueRequired":true,"valueName":"search_term_string"}}],"inLanguage":"sv-SE"},{"@type":"Organization","@id":"https:\/\/brizyproducts.com\/sv\/#organization","name":"Brizy","url":"https:\/\/brizyproducts.com\/sv\/","logo":{"@type":"ImageObject","inLanguage":"sv-SE","@id":"https:\/\/brizyproducts.com\/sv\/#\/schema\/logo\/image\/","url":"https:\/\/brizyproducts.com\/wp-content\/uploads\/2023\/12\/Brizy-old.svg","contentUrl":"https:\/\/brizyproducts.com\/wp-content\/uploads\/2023\/12\/Brizy-old.svg","width":1,"height":1,"caption":"Brizy"},"image":{"@id":"https:\/\/brizyproducts.com\/sv\/#\/schema\/logo\/image\/"},"sameAs":["https:\/\/www.facebook.com\/brizy.1983\/","https:\/\/www.linkedin.com\/company\/brizy-produktion\/"]}]},"product_price_amount":"0.00","product_price_currency":"USD","og_availability":"instock","product_availability":"instock","product_retailer_item_id":"1450","product_condition":"new"},"_links":{"self":[{"href":"https:\/\/brizyproducts.com\/sv\/wp-json\/wp\/v2\/product\/13344","targetHints":{"allow":["GET"]}}],"collection":[{"href":"https:\/\/brizyproducts.com\/sv\/wp-json\/wp\/v2\/product"}],"about":[{"href":"https:\/\/brizyproducts.com\/sv\/wp-json\/wp\/v2\/types\/product"}],"replies":[{"embeddable":true,"href":"https:\/\/brizyproducts.com\/sv\/wp-json\/wp\/v2\/comments?post=13344"}],"wp:featuredmedia":[{"embeddable":true,"href":"https:\/\/brizyproducts.com\/sv\/wp-json\/wp\/v2\/media\/13351"}],"wp:attachment":[{"href":"https:\/\/brizyproducts.com\/sv\/wp-json\/wp\/v2\/media?parent=13344"}],"wp:term":[{"taxonomy":"product_brand","embeddable":true,"href":"https:\/\/brizyproducts.com\/sv\/wp-json\/wp\/v2\/product_brand?post=13344"},{"taxonomy":"product_cat","embeddable":true,"href":"https:\/\/brizyproducts.com\/sv\/wp-json\/wp\/v2\/product_cat?post=13344"},{"taxonomy":"product_tag","embeddable":true,"href":"https:\/\/brizyproducts.com\/sv\/wp-json\/wp\/v2\/product_tag?post=13344"}],"curies":[{"name":"wp","href":"https:\/\/api.w.org\/{rel}","templated":true}]}}