{"id":13231,"date":"2023-11-16T10:48:24","date_gmt":"2023-11-16T10:48:24","guid":{"rendered":"https:\/\/brizyproducts.com\/product\/resvaska-cabin-2\/"},"modified":"2025-03-12T07:31:04","modified_gmt":"2025-03-12T07:31:04","slug":"resvaska-cabin-2","status":"publish","type":"product","link":"https:\/\/brizyproducts.com\/sv\/product\/resvaska-cabin-2\/","title":{"rendered":"Resv\u00e4ska Cabin"},"content":{"rendered":"<p><strong>Uppt\u00e4ck h\u00e5llbarheten och stilen hos v\u00e5r kabinv\u00e4ska: Det perfekta reses\u00e4llskapet f\u00f6r trav- och ridsport!<\/strong><\/p>\n<p>Upplev skydd och bekv\u00e4mlighet med v\u00e5r slitstarka Cabin Resv\u00e4ska, tillverkad av h\u00f6gkvalitativt nylonmaterial f\u00f6r att s\u00e4kerst\u00e4lla att dina tillh\u00f6righeter \u00e4r s\u00e4kra under resan. Denna resv\u00e4ska \u00e4r perfekt f\u00f6r travproffs och h\u00e4stentusiaster och uppfyller alla dina rese- och packningsbehov med l\u00e4tthet.<\/p>\n<p><strong>Funktioner:<\/strong><\/p>\n<ul>\n<li>Ger optimalt skydd och l\u00e5ngvarig h\u00e5llbarhet.<\/li>\n<li>Praktisk topp\u00f6ppning och dragkedjor p\u00e5 sidorna f\u00f6r snabb och smidig anv\u00e4ndning.<\/li>\n<li>Tv\u00e5 gener\u00f6sa fack med n\u00e4tfickor f\u00f6r enkel organisering och \u00e5tkomst.<\/li>\n<li>M\u00e5tt: L\u00e4ngd- 55 cm: L\u00e4ngd- 55 cm, bredd- 35 cm, h\u00f6jd- 20 cm<\/li>\n<\/ul>\n<p><strong>Sammans\u00e4ttning<\/strong><\/p>\n<ul>\n<li>100% nylon,<\/li>\n<\/ul>\n<p><strong>Anpassning tillg\u00e4nglig:<\/strong><\/p>\n<ul>\n<li>G\u00f6r din Cabin Suitcase personlig med din logotyp och ditt namn f\u00f6r en unik touch. Kontakta oss f\u00f6r mer information!<\/li>\n<\/ul>\n<p><strong>Observera att v\u00e5ra v\u00e4skor endast \u00e4r tillg\u00e4ngliga i Europa<\/strong><\/p>\n","protected":false},"excerpt":{"rendered":"<ul>\n<li>M\u00e5tt och dimensioner: L\u00e4ngd = 55 cm<\/li>\n<li>Bredd = 35 cm<\/li>\n<li>H\u00f6jd = 20 cm.<\/li>\n<\/ul>\n","protected":false},"featured_media":13232,"comment_status":"closed","ping_status":"closed","template":"","meta":{"_acf_changed":false},"product_brand":[],"product_cat":[370],"product_tag":[],"season":[],"gender":[510],"collection":[],"activity":[560,562,564],"product_type_brizy":[570],"class_list":{"0":"post-13231","1":"product","2":"type-product","3":"status-publish","4":"has-post-thumbnail","6":"product_cat-luggage","7":"gender-men","8":"activity-stable","9":"activity-training","10":"activity-trotting","11":"product_type_brizy-stock-products","13":"first","14":"instock","15":"taxable","16":"shipping-taxable","17":"purchasable","18":"product-type-simple"},"acf":[],"yoast_head":"<!-- This site is optimized with the Yoast SEO plugin v27.3 - https:\/\/yoast.com\/product\/yoast-seo-wordpress\/ -->\n<title>Resv\u00e4ska Cabin | Kl\u00e4der f\u00f6r trav och stall | Brizy<\/title>\n<meta name=\"description\" content=\"M\u00e5tt och dimensioner: L\u00e4ngd = 55 cm  Bredd = 35 cm  H\u00f6jd = 20 cm.\" \/>\n<meta name=\"robots\" content=\"index, follow, max-snippet:-1, max-image-preview:large, max-video-preview:-1\" \/>\n<link rel=\"canonical\" href=\"https:\/\/brizyproducts.com\/sv\/product\/resvaska-cabin-2\/\" \/>\n<meta property=\"og:locale\" content=\"sv_SE\" \/>\n<meta property=\"og:type\" content=\"article\" \/>\n<meta property=\"og:title\" content=\"Resv\u00e4ska Cabin | Kl\u00e4der f\u00f6r trav och stall | Brizy\" \/>\n<meta property=\"og:description\" content=\"M\u00e5tt och dimensioner: L\u00e4ngd = 55 cm  Bredd = 35 cm  H\u00f6jd = 20 cm.\" \/>\n<meta property=\"og:url\" content=\"https:\/\/brizyproducts.com\/sv\/product\/resvaska-cabin-2\/\" \/>\n<meta property=\"og:site_name\" content=\"Brizy Products\" \/>\n<meta property=\"article:publisher\" content=\"https:\/\/www.facebook.com\/brizy.1983\/\" \/>\n<meta property=\"article:modified_time\" content=\"2025-03-12T07:31:04+00:00\" \/>\n<meta property=\"og:image\" content=\"https:\/\/brizyproducts.com\/wp-content\/uploads\/2023\/11\/2-1650x2200.png\" \/>\n\t<meta property=\"og:image:width\" content=\"1650\" \/>\n\t<meta property=\"og:image:height\" content=\"2200\" \/>\n\t<meta property=\"og:image:type\" content=\"image\/png\" \/>\n<meta name=\"twitter:card\" content=\"summary_large_image\" \/>\n<meta property=\"product:price:amount\" content=\"116.00\" \/>\n<meta property=\"product:price:currency\" content=\"USD\" \/>\n<meta property=\"og:availability\" content=\"instock\" \/>\n<meta property=\"product:availability\" content=\"instock\" \/>\n<meta property=\"product:retailer_item_id\" content=\"8055-1-1\" \/>\n<meta property=\"product:condition\" content=\"new\" \/>\n<!-- \/ Yoast SEO plugin. -->","yoast_head_json":{"title":"Resv\u00e4ska Cabin | Kl\u00e4der f\u00f6r trav och stall | Brizy","description":"M\u00e5tt och dimensioner: L\u00e4ngd = 55 cm  Bredd = 35 cm  H\u00f6jd = 20 cm.","robots":{"index":"index","follow":"follow","max-snippet":"max-snippet:-1","max-image-preview":"max-image-preview:large","max-video-preview":"max-video-preview:-1"},"canonical":"https:\/\/brizyproducts.com\/sv\/product\/resvaska-cabin-2\/","og_locale":"sv_SE","og_type":"article","og_title":"Resv\u00e4ska Cabin | Kl\u00e4der f\u00f6r trav och stall | Brizy","og_description":"M\u00e5tt och dimensioner: L\u00e4ngd = 55 cm  Bredd = 35 cm  H\u00f6jd = 20 cm.","og_url":"https:\/\/brizyproducts.com\/sv\/product\/resvaska-cabin-2\/","og_site_name":"Brizy Products","article_publisher":"https:\/\/www.facebook.com\/brizy.1983\/","article_modified_time":"2025-03-12T07:31:04+00:00","og_image":[{"width":1650,"height":2200,"url":"https:\/\/brizyproducts.com\/wp-content\/uploads\/2023\/11\/2-1650x2200.png","type":"image\/png"}],"twitter_card":"summary_large_image","schema":{"@context":"https:\/\/schema.org","@graph":[{"@type":"WebPage","@id":"https:\/\/brizyproducts.com\/sv\/product\/resvaska-cabin-2\/","url":"https:\/\/brizyproducts.com\/sv\/product\/resvaska-cabin-2\/","name":"Resv\u00e4ska Cabin | Kl\u00e4der f\u00f6r trav och stall | Brizy","isPartOf":{"@id":"https:\/\/brizyproducts.com\/sv\/#website"},"primaryImageOfPage":{"@id":"https:\/\/brizyproducts.com\/sv\/product\/resvaska-cabin-2\/#primaryimage"},"image":{"@id":"https:\/\/brizyproducts.com\/sv\/product\/resvaska-cabin-2\/#primaryimage"},"thumbnailUrl":"https:\/\/brizyproducts.com\/wp-content\/uploads\/2023\/11\/2.png","datePublished":"2023-11-16T10:48:24+00:00","dateModified":"2025-03-12T07:31:04+00:00","description":"M\u00e5tt och dimensioner: L\u00e4ngd = 55 cm Bredd = 35 cm H\u00f6jd = 20 cm.","breadcrumb":{"@id":"https:\/\/brizyproducts.com\/sv\/product\/resvaska-cabin-2\/#breadcrumb"},"inLanguage":"sv-SE","potentialAction":[{"@type":"ReadAction","target":["https:\/\/brizyproducts.com\/sv\/product\/resvaska-cabin-2\/"]}]},{"@type":"ImageObject","inLanguage":"sv-SE","@id":"https:\/\/brizyproducts.com\/sv\/product\/resvaska-cabin-2\/#primaryimage","url":"https:\/\/brizyproducts.com\/wp-content\/uploads\/2023\/11\/2.png","contentUrl":"https:\/\/brizyproducts.com\/wp-content\/uploads\/2023\/11\/2.png","width":3375,"height":4500},{"@type":"BreadcrumbList","@id":"https:\/\/brizyproducts.com\/sv\/product\/resvaska-cabin-2\/#breadcrumb","itemListElement":[{"@type":"ListItem","position":1,"name":"Hem","item":"https:\/\/brizyproducts.com\/sv\/start-april-2026\/"},{"@type":"ListItem","position":2,"name":"Shop","item":"https:\/\/brizyproducts.com\/sv\/shop\/"},{"@type":"ListItem","position":3,"name":"Resv\u00e4ska Cabin"}]},{"@type":"WebSite","@id":"https:\/\/brizyproducts.com\/sv\/#website","url":"https:\/\/brizyproducts.com\/sv\/","name":"Brizy","description":"","publisher":{"@id":"https:\/\/brizyproducts.com\/sv\/#organization"},"potentialAction":[{"@type":"SearchAction","target":{"@type":"EntryPoint","urlTemplate":"https:\/\/brizyproducts.com\/sv\/?s={search_term_string}"},"query-input":{"@type":"PropertyValueSpecification","valueRequired":true,"valueName":"search_term_string"}}],"inLanguage":"sv-SE"},{"@type":"Organization","@id":"https:\/\/brizyproducts.com\/sv\/#organization","name":"Brizy","url":"https:\/\/brizyproducts.com\/sv\/","logo":{"@type":"ImageObject","inLanguage":"sv-SE","@id":"https:\/\/brizyproducts.com\/sv\/#\/schema\/logo\/image\/","url":"https:\/\/brizyproducts.com\/wp-content\/uploads\/2023\/12\/Brizy-old.svg","contentUrl":"https:\/\/brizyproducts.com\/wp-content\/uploads\/2023\/12\/Brizy-old.svg","width":1,"height":1,"caption":"Brizy"},"image":{"@id":"https:\/\/brizyproducts.com\/sv\/#\/schema\/logo\/image\/"},"sameAs":["https:\/\/www.facebook.com\/brizy.1983\/","https:\/\/www.linkedin.com\/company\/brizy-produktion\/"]}]},"product_price_amount":"116.00","product_price_currency":"USD","og_availability":"instock","product_availability":"instock","product_retailer_item_id":"8055-1-1","product_condition":"new"},"_links":{"self":[{"href":"https:\/\/brizyproducts.com\/sv\/wp-json\/wp\/v2\/product\/13231","targetHints":{"allow":["GET"]}}],"collection":[{"href":"https:\/\/brizyproducts.com\/sv\/wp-json\/wp\/v2\/product"}],"about":[{"href":"https:\/\/brizyproducts.com\/sv\/wp-json\/wp\/v2\/types\/product"}],"replies":[{"embeddable":true,"href":"https:\/\/brizyproducts.com\/sv\/wp-json\/wp\/v2\/comments?post=13231"}],"wp:featuredmedia":[{"embeddable":true,"href":"https:\/\/brizyproducts.com\/sv\/wp-json\/wp\/v2\/media\/13232"}],"wp:attachment":[{"href":"https:\/\/brizyproducts.com\/sv\/wp-json\/wp\/v2\/media?parent=13231"}],"wp:term":[{"taxonomy":"product_brand","embeddable":true,"href":"https:\/\/brizyproducts.com\/sv\/wp-json\/wp\/v2\/product_brand?post=13231"},{"taxonomy":"product_cat","embeddable":true,"href":"https:\/\/brizyproducts.com\/sv\/wp-json\/wp\/v2\/product_cat?post=13231"},{"taxonomy":"product_tag","embeddable":true,"href":"https:\/\/brizyproducts.com\/sv\/wp-json\/wp\/v2\/product_tag?post=13231"},{"taxonomy":"season","embeddable":true,"href":"https:\/\/brizyproducts.com\/sv\/wp-json\/wp\/v2\/season?post=13231"},{"taxonomy":"gender","embeddable":true,"href":"https:\/\/brizyproducts.com\/sv\/wp-json\/wp\/v2\/gender?post=13231"},{"taxonomy":"collection","embeddable":true,"href":"https:\/\/brizyproducts.com\/sv\/wp-json\/wp\/v2\/collection?post=13231"},{"taxonomy":"activity","embeddable":true,"href":"https:\/\/brizyproducts.com\/sv\/wp-json\/wp\/v2\/activity?post=13231"},{"taxonomy":"product_type_brizy","embeddable":true,"href":"https:\/\/brizyproducts.com\/sv\/wp-json\/wp\/v2\/product_type_brizy?post=13231"}],"curies":[{"name":"wp","href":"https:\/\/api.w.org\/{rel}","templated":true}]}}