{"id":13200,"date":"2023-11-12T15:35:54","date_gmt":"2023-11-12T15:35:54","guid":{"rendered":"https:\/\/brizyproducts.com\/product\/rullvaska-2\/"},"modified":"2025-03-12T07:31:11","modified_gmt":"2025-03-12T07:31:11","slug":"rullvaska-2","status":"publish","type":"product","link":"https:\/\/brizyproducts.com\/sv\/product\/rullvaska-2\/","title":{"rendered":"Rullv\u00e4ska"},"content":{"rendered":"<p><strong>Uppt\u00e4ck f\u00f6rdelarna med v\u00e5r Rollerbag: Den ultimata f\u00f6ljeslagaren f\u00f6r dina resor till travt\u00e4vlingarna!<\/strong><\/p>\n<p>Upplev flexibiliteten och h\u00e5llbarheten hos v\u00e5r exklusiva Rollerbag, tillverkad av robust nylonmaterial f\u00f6r att s\u00e4kerst\u00e4lla l\u00e5ngvarig prestanda. Denna m\u00e5ngsidiga resv\u00e4ska \u00e4r utformad med tanke p\u00e5 travsportentusiaster och deras behov av h\u00e4stutrustning och \u00e4r perfekt f\u00f6r l\u00e5nga resor och daglig anv\u00e4ndning.<\/p>\n<p><strong>Funktioner:<\/strong><\/p>\n<ul>\n<li>Utrustad med tv\u00e5 hjul f\u00f6r enkel transport.<\/li>\n<li>Praktisk topp\u00f6ppning och dragkedjor p\u00e5 sidorna ger snabb \u00e5tkomst och enkel hantering.<\/li>\n<li>Tre gener\u00f6sa fack och en rymlig n\u00e4tficka f\u00f6r organiserad packning.<\/li>\n<li>L\u00e4ngd-80 cm, bredd-40 cm, h\u00f6jd-30 cm<\/li>\n<\/ul>\n<p><strong>Sammans\u00e4ttning <\/strong><\/p>\n<ul>\n<li>100% nylon,<\/li>\n<\/ul>\n<p><strong>Anpassning tillg\u00e4nglig:<\/strong><\/p>\n<ul>\n<li>G\u00f6r din Rollerbag personlig med din logotyp och ditt namn f\u00f6r en unik touch. Kontakta oss f\u00f6r mer information!<\/li>\n<\/ul>\n<p>Observera att v\u00e5ra v\u00e4skor endast \u00e4r tillg\u00e4ngliga i Europa.<\/p>\n","protected":false},"excerpt":{"rendered":"<p>Uppt\u00e4ck f\u00f6rdelarna med v\u00e5r Rollerbag: Den ultimata f\u00f6ljeslagaren f\u00f6r dina resor till travt\u00e4vlingarna! Upplev flexibiliteten och h\u00e5llbarheten hos v\u00e5r exklusiva Rollerbag, tillverkad av robust nylonmaterial f\u00f6r att s\u00e4kerst\u00e4lla l\u00e5ngvarig prestanda. Denna m\u00e5ngsidiga resv\u00e4ska \u00e4r utformad med tanke p\u00e5 travsportentusiaster och deras behov av h\u00e4stutrustning och \u00e4r perfekt f\u00f6r l\u00e5nga resor och daglig anv\u00e4ndning. Funktioner: Utrustad [&hellip;]<\/p>\n","protected":false},"featured_media":13202,"comment_status":"closed","ping_status":"closed","template":"","meta":{"_acf_changed":false},"product_brand":[],"product_cat":[370],"product_tag":[],"season":[],"gender":[510],"collection":[],"activity":[560,562,564],"product_type_brizy":[570],"class_list":{"0":"post-13200","1":"product","2":"type-product","3":"status-publish","4":"has-post-thumbnail","6":"product_cat-luggage","7":"gender-men","8":"activity-stable","9":"activity-training","10":"activity-trotting","11":"product_type_brizy-stock-products","13":"first","14":"outofstock","15":"taxable","16":"shipping-taxable","17":"purchasable","18":"product-type-simple"},"acf":[],"yoast_head":"<!-- This site is optimized with the Yoast SEO plugin v27.3 - https:\/\/yoast.com\/product\/yoast-seo-wordpress\/ -->\n<title>Rullv\u00e4ska | Kl\u00e4der f\u00f6r trav och stall | Brizy<\/title>\n<meta name=\"description\" content=\"Uppt\u00e4ck f\u00f6rdelarna med v\u00e5r Rollerbag: Den ultimata f\u00f6ljeslagaren f\u00f6r dina resor till travt\u00e4vlingarna! Upplev flexibiliteten och h\u00e5llbarheten hos v\u00e5r\" \/>\n<meta name=\"robots\" content=\"index, follow, max-snippet:-1, max-image-preview:large, max-video-preview:-1\" \/>\n<link rel=\"canonical\" href=\"https:\/\/brizyproducts.com\/sv\/product\/rullvaska-2\/\" \/>\n<meta property=\"og:locale\" content=\"sv_SE\" \/>\n<meta property=\"og:type\" content=\"article\" \/>\n<meta property=\"og:title\" content=\"Rullv\u00e4ska | Kl\u00e4der f\u00f6r trav och stall | Brizy\" \/>\n<meta property=\"og:description\" content=\"Uppt\u00e4ck f\u00f6rdelarna med v\u00e5r Rollerbag: Den ultimata f\u00f6ljeslagaren f\u00f6r dina resor till travt\u00e4vlingarna! Upplev flexibiliteten och h\u00e5llbarheten hos v\u00e5r\" \/>\n<meta property=\"og:url\" content=\"https:\/\/brizyproducts.com\/sv\/product\/rullvaska-2\/\" \/>\n<meta property=\"og:site_name\" content=\"Brizy Products\" \/>\n<meta property=\"article:publisher\" content=\"https:\/\/www.facebook.com\/brizy.1983\/\" \/>\n<meta property=\"article:modified_time\" content=\"2025-03-12T07:31:11+00:00\" \/>\n<meta property=\"og:image\" content=\"https:\/\/brizyproducts.com\/wp-content\/uploads\/2023\/11\/2-1-1650x2200.png\" \/>\n\t<meta property=\"og:image:width\" content=\"1650\" \/>\n\t<meta property=\"og:image:height\" content=\"2200\" \/>\n\t<meta property=\"og:image:type\" content=\"image\/png\" \/>\n<meta name=\"twitter:card\" content=\"summary_large_image\" \/>\n<meta property=\"product:price:amount\" content=\"132.00\" \/>\n<meta property=\"product:price:currency\" content=\"USD\" \/>\n<meta property=\"og:availability\" content=\"out of stock\" \/>\n<meta property=\"product:availability\" content=\"out of stock\" \/>\n<meta property=\"product:retailer_item_id\" content=\"8055-2-1\" \/>\n<meta property=\"product:condition\" content=\"new\" \/>\n<!-- \/ Yoast SEO plugin. -->","yoast_head_json":{"title":"Rullv\u00e4ska | Kl\u00e4der f\u00f6r trav och stall | Brizy","description":"Uppt\u00e4ck f\u00f6rdelarna med v\u00e5r Rollerbag: Den ultimata f\u00f6ljeslagaren f\u00f6r dina resor till travt\u00e4vlingarna! Upplev flexibiliteten och h\u00e5llbarheten hos v\u00e5r","robots":{"index":"index","follow":"follow","max-snippet":"max-snippet:-1","max-image-preview":"max-image-preview:large","max-video-preview":"max-video-preview:-1"},"canonical":"https:\/\/brizyproducts.com\/sv\/product\/rullvaska-2\/","og_locale":"sv_SE","og_type":"article","og_title":"Rullv\u00e4ska | Kl\u00e4der f\u00f6r trav och stall | Brizy","og_description":"Uppt\u00e4ck f\u00f6rdelarna med v\u00e5r Rollerbag: Den ultimata f\u00f6ljeslagaren f\u00f6r dina resor till travt\u00e4vlingarna! Upplev flexibiliteten och h\u00e5llbarheten hos v\u00e5r","og_url":"https:\/\/brizyproducts.com\/sv\/product\/rullvaska-2\/","og_site_name":"Brizy Products","article_publisher":"https:\/\/www.facebook.com\/brizy.1983\/","article_modified_time":"2025-03-12T07:31:11+00:00","og_image":[{"width":1650,"height":2200,"url":"https:\/\/brizyproducts.com\/wp-content\/uploads\/2023\/11\/2-1-1650x2200.png","type":"image\/png"}],"twitter_card":"summary_large_image","schema":{"@context":"https:\/\/schema.org","@graph":[{"@type":"WebPage","@id":"https:\/\/brizyproducts.com\/sv\/product\/rullvaska-2\/","url":"https:\/\/brizyproducts.com\/sv\/product\/rullvaska-2\/","name":"Rullv\u00e4ska | Kl\u00e4der f\u00f6r trav och stall | Brizy","isPartOf":{"@id":"https:\/\/brizyproducts.com\/sv\/#website"},"primaryImageOfPage":{"@id":"https:\/\/brizyproducts.com\/sv\/product\/rullvaska-2\/#primaryimage"},"image":{"@id":"https:\/\/brizyproducts.com\/sv\/product\/rullvaska-2\/#primaryimage"},"thumbnailUrl":"https:\/\/brizyproducts.com\/wp-content\/uploads\/2023\/11\/2-1.png","datePublished":"2023-11-12T15:35:54+00:00","dateModified":"2025-03-12T07:31:11+00:00","description":"Uppt\u00e4ck f\u00f6rdelarna med v\u00e5r Rollerbag: Den ultimata f\u00f6ljeslagaren f\u00f6r dina resor till travt\u00e4vlingarna! Upplev flexibiliteten och h\u00e5llbarheten hos v\u00e5r","breadcrumb":{"@id":"https:\/\/brizyproducts.com\/sv\/product\/rullvaska-2\/#breadcrumb"},"inLanguage":"sv-SE","potentialAction":[{"@type":"ReadAction","target":["https:\/\/brizyproducts.com\/sv\/product\/rullvaska-2\/"]}]},{"@type":"ImageObject","inLanguage":"sv-SE","@id":"https:\/\/brizyproducts.com\/sv\/product\/rullvaska-2\/#primaryimage","url":"https:\/\/brizyproducts.com\/wp-content\/uploads\/2023\/11\/2-1.png","contentUrl":"https:\/\/brizyproducts.com\/wp-content\/uploads\/2023\/11\/2-1.png","width":3375,"height":4500},{"@type":"BreadcrumbList","@id":"https:\/\/brizyproducts.com\/sv\/product\/rullvaska-2\/#breadcrumb","itemListElement":[{"@type":"ListItem","position":1,"name":"Hem","item":"https:\/\/brizyproducts.com\/sv\/start-april-2026\/"},{"@type":"ListItem","position":2,"name":"Shop","item":"https:\/\/brizyproducts.com\/sv\/shop\/"},{"@type":"ListItem","position":3,"name":"Rullv\u00e4ska"}]},{"@type":"WebSite","@id":"https:\/\/brizyproducts.com\/sv\/#website","url":"https:\/\/brizyproducts.com\/sv\/","name":"Brizy","description":"","publisher":{"@id":"https:\/\/brizyproducts.com\/sv\/#organization"},"potentialAction":[{"@type":"SearchAction","target":{"@type":"EntryPoint","urlTemplate":"https:\/\/brizyproducts.com\/sv\/?s={search_term_string}"},"query-input":{"@type":"PropertyValueSpecification","valueRequired":true,"valueName":"search_term_string"}}],"inLanguage":"sv-SE"},{"@type":"Organization","@id":"https:\/\/brizyproducts.com\/sv\/#organization","name":"Brizy","url":"https:\/\/brizyproducts.com\/sv\/","logo":{"@type":"ImageObject","inLanguage":"sv-SE","@id":"https:\/\/brizyproducts.com\/sv\/#\/schema\/logo\/image\/","url":"https:\/\/brizyproducts.com\/wp-content\/uploads\/2023\/12\/Brizy-old.svg","contentUrl":"https:\/\/brizyproducts.com\/wp-content\/uploads\/2023\/12\/Brizy-old.svg","width":1,"height":1,"caption":"Brizy"},"image":{"@id":"https:\/\/brizyproducts.com\/sv\/#\/schema\/logo\/image\/"},"sameAs":["https:\/\/www.facebook.com\/brizy.1983\/","https:\/\/www.linkedin.com\/company\/brizy-produktion\/"]}]},"product_price_amount":"132.00","product_price_currency":"USD","og_availability":"out of stock","product_availability":"out of stock","product_retailer_item_id":"8055-2-1","product_condition":"new"},"_links":{"self":[{"href":"https:\/\/brizyproducts.com\/sv\/wp-json\/wp\/v2\/product\/13200","targetHints":{"allow":["GET"]}}],"collection":[{"href":"https:\/\/brizyproducts.com\/sv\/wp-json\/wp\/v2\/product"}],"about":[{"href":"https:\/\/brizyproducts.com\/sv\/wp-json\/wp\/v2\/types\/product"}],"replies":[{"embeddable":true,"href":"https:\/\/brizyproducts.com\/sv\/wp-json\/wp\/v2\/comments?post=13200"}],"wp:featuredmedia":[{"embeddable":true,"href":"https:\/\/brizyproducts.com\/sv\/wp-json\/wp\/v2\/media\/13202"}],"wp:attachment":[{"href":"https:\/\/brizyproducts.com\/sv\/wp-json\/wp\/v2\/media?parent=13200"}],"wp:term":[{"taxonomy":"product_brand","embeddable":true,"href":"https:\/\/brizyproducts.com\/sv\/wp-json\/wp\/v2\/product_brand?post=13200"},{"taxonomy":"product_cat","embeddable":true,"href":"https:\/\/brizyproducts.com\/sv\/wp-json\/wp\/v2\/product_cat?post=13200"},{"taxonomy":"product_tag","embeddable":true,"href":"https:\/\/brizyproducts.com\/sv\/wp-json\/wp\/v2\/product_tag?post=13200"},{"taxonomy":"season","embeddable":true,"href":"https:\/\/brizyproducts.com\/sv\/wp-json\/wp\/v2\/season?post=13200"},{"taxonomy":"gender","embeddable":true,"href":"https:\/\/brizyproducts.com\/sv\/wp-json\/wp\/v2\/gender?post=13200"},{"taxonomy":"collection","embeddable":true,"href":"https:\/\/brizyproducts.com\/sv\/wp-json\/wp\/v2\/collection?post=13200"},{"taxonomy":"activity","embeddable":true,"href":"https:\/\/brizyproducts.com\/sv\/wp-json\/wp\/v2\/activity?post=13200"},{"taxonomy":"product_type_brizy","embeddable":true,"href":"https:\/\/brizyproducts.com\/sv\/wp-json\/wp\/v2\/product_type_brizy?post=13200"}],"curies":[{"name":"wp","href":"https:\/\/api.w.org\/{rel}","templated":true}]}}