{"id":13138,"date":"2023-10-27T13:56:25","date_gmt":"2023-10-27T13:56:25","guid":{"rendered":"https:\/\/brizyproducts.com\/product\/vincennes-regnjacka\/"},"modified":"2026-01-09T09:05:15","modified_gmt":"2026-01-09T09:05:15","slug":"vincennes-regnjacka","status":"publish","type":"product","link":"https:\/\/brizyproducts.com\/sv\/product\/vincennes-regnjacka\/","title":{"rendered":"Vincennes Regnjacka"},"content":{"rendered":"<div class=\"flex-shrink-0 flex flex-col relative items-end\">\n<div class=\"pt-0\">\n<div class=\"gizmo-bot-avatar flex h-8 w-8 items-center justify-center overflow-hidden rounded-full\">\n<h2><strong>Regnjackan som h\u00e5ller dig torr under bl\u00f6ta och bl\u00e5siga t\u00e4vlingsdagar<\/strong><\/h2>\n<p>Vincennes Regnjacka \u00e4r en funktionell regnjacka gjord specifikt f\u00f6r travkuskar och deras behov p\u00e5 t\u00e4vlingsbanan. Den slitstarka polyesterv\u00e4ven med DWR-behandling skyddar effektivt mot regn och vind, \u00e4ven under l\u00e5nga t\u00e4vlingsdagar. Jackan \u00e4r l\u00e4tt, smidig och ger god r\u00f6relsefrihet samtidigt som den \u00e4r p\u00e5litlig och h\u00e5ller dig torr.<\/p>\n<p>Med ett stort utbud av f\u00e4rger och designalternativ kan du skapa en t\u00e4vlingsjacka som \u00e4r helt anpassad efter dina \u00f6nskem\u00e5l. Varje jacka m\u00e5ttanpassas f\u00f6r b\u00e4sta m\u00f6jliga passform och tillverkas i material som verkligen g\u00f6r skillnad.<\/p>\n<\/div>\n<\/div>\n<\/div>\n","protected":false},"excerpt":{"rendered":"<p>Egendesignad och m\u00e5ttsydd t\u00e4vlingsjacka med slitstarkt vatten- och vindavvisande material.<\/p>\n","protected":false},"featured_media":13141,"comment_status":"closed","ping_status":"closed","template":"","meta":{"_acf_changed":false},"product_brand":[],"product_cat":[253,274,448],"product_tag":[],"season":[508],"gender":[510,512],"collection":[533],"activity":[564],"product_type_brizy":[568],"class_list":{"0":"post-13138","1":"product","2":"type-product","3":"status-publish","4":"has-post-thumbnail","6":"product_cat-mens","7":"product_cat-jackets","8":"product_cat-tailor-made-layout","9":"season-rain","10":"gender-men","11":"gender-women","12":"collection-vincennes","13":"activity-trotting","14":"product_type_brizy-custom-made","16":"first","17":"instock","18":"taxable","19":"shipping-taxable","20":"purchasable","21":"product-type-simple"},"acf":[],"yoast_head":"<!-- This site is optimized with the Yoast SEO plugin v27.4 - https:\/\/yoast.com\/product\/yoast-seo-wordpress\/ -->\n<title>Vincennes Regnjacka | Regnjacka f\u00f6r de bl\u00f6ta travt\u00e4vlingarna | Brizy<\/title>\n<meta name=\"description\" content=\"Egendesignad och m\u00e5ttsydd regnjacka gjord specifikt f\u00f6r att ge travkuskarna optimal passform under regniga och bl\u00e5siga t\u00e4vlingsdagar.\" \/>\n<meta name=\"robots\" content=\"index, follow, max-snippet:-1, max-image-preview:large, max-video-preview:-1\" \/>\n<link rel=\"canonical\" href=\"https:\/\/brizyproducts.com\/sv\/product\/vincennes-regnjacka\/\" \/>\n<meta property=\"og:locale\" content=\"sv_SE\" \/>\n<meta property=\"og:type\" content=\"article\" \/>\n<meta property=\"og:title\" content=\"Vincennes Regnjacka | Regnjacka f\u00f6r de bl\u00f6ta travt\u00e4vlingarna | Brizy\" \/>\n<meta property=\"og:description\" content=\"Egendesignad och m\u00e5ttsydd regnjacka gjord specifikt f\u00f6r att ge travkuskarna optimal passform under regniga och bl\u00e5siga t\u00e4vlingsdagar.\" \/>\n<meta property=\"og:url\" content=\"https:\/\/brizyproducts.com\/sv\/product\/vincennes-regnjacka\/\" \/>\n<meta property=\"og:site_name\" content=\"Brizy Products\" \/>\n<meta property=\"article:publisher\" content=\"https:\/\/www.facebook.com\/brizy.1983\/\" \/>\n<meta property=\"article:modified_time\" content=\"2026-01-09T09:05:15+00:00\" \/>\n<meta property=\"og:image\" content=\"https:\/\/brizyproducts.com\/wp-content\/uploads\/2023\/10\/4-13-png.webp\" \/>\n\t<meta property=\"og:image:width\" content=\"3375\" \/>\n\t<meta property=\"og:image:height\" content=\"4500\" \/>\n\t<meta property=\"og:image:type\" content=\"image\/png\" \/>\n<meta name=\"twitter:card\" content=\"summary_large_image\" \/>\n<meta property=\"product:price:amount\" content=\"0.00\" \/>\n<meta property=\"product:price:currency\" content=\"USD\" \/>\n<meta property=\"og:availability\" content=\"instock\" \/>\n<meta property=\"product:availability\" content=\"instock\" \/>\n<meta property=\"product:retailer_item_id\" content=\"2610\" \/>\n<meta property=\"product:condition\" content=\"new\" \/>\n<!-- \/ Yoast SEO plugin. -->","yoast_head_json":{"title":"Vincennes Regnjacka | Regnjacka f\u00f6r de bl\u00f6ta travt\u00e4vlingarna | Brizy","description":"Egendesignad och m\u00e5ttsydd regnjacka gjord specifikt f\u00f6r att ge travkuskarna optimal passform under regniga och bl\u00e5siga t\u00e4vlingsdagar.","robots":{"index":"index","follow":"follow","max-snippet":"max-snippet:-1","max-image-preview":"max-image-preview:large","max-video-preview":"max-video-preview:-1"},"canonical":"https:\/\/brizyproducts.com\/sv\/product\/vincennes-regnjacka\/","og_locale":"sv_SE","og_type":"article","og_title":"Vincennes Regnjacka | Regnjacka f\u00f6r de bl\u00f6ta travt\u00e4vlingarna | Brizy","og_description":"Egendesignad och m\u00e5ttsydd regnjacka gjord specifikt f\u00f6r att ge travkuskarna optimal passform under regniga och bl\u00e5siga t\u00e4vlingsdagar.","og_url":"https:\/\/brizyproducts.com\/sv\/product\/vincennes-regnjacka\/","og_site_name":"Brizy Products","article_publisher":"https:\/\/www.facebook.com\/brizy.1983\/","article_modified_time":"2026-01-09T09:05:15+00:00","og_image":[{"width":3375,"height":4500,"url":"https:\/\/brizyproducts.com\/wp-content\/uploads\/2023\/10\/4-13-png.webp","type":"image\/png"}],"twitter_card":"summary_large_image","schema":{"@context":"https:\/\/schema.org","@graph":[{"@type":"WebPage","@id":"https:\/\/brizyproducts.com\/sv\/product\/vincennes-regnjacka\/","url":"https:\/\/brizyproducts.com\/sv\/product\/vincennes-regnjacka\/","name":"Vincennes Regnjacka | Regnjacka f\u00f6r de bl\u00f6ta travt\u00e4vlingarna | Brizy","isPartOf":{"@id":"https:\/\/brizyproducts.com\/sv\/#website"},"primaryImageOfPage":{"@id":"https:\/\/brizyproducts.com\/sv\/product\/vincennes-regnjacka\/#primaryimage"},"image":{"@id":"https:\/\/brizyproducts.com\/sv\/product\/vincennes-regnjacka\/#primaryimage"},"thumbnailUrl":"https:\/\/brizyproducts.com\/wp-content\/uploads\/2023\/10\/4-13-png.webp","datePublished":"2023-10-27T13:56:25+00:00","dateModified":"2026-01-09T09:05:15+00:00","description":"Egendesignad och m\u00e5ttsydd regnjacka gjord specifikt f\u00f6r att ge travkuskarna optimal passform under regniga och bl\u00e5siga t\u00e4vlingsdagar.","breadcrumb":{"@id":"https:\/\/brizyproducts.com\/sv\/product\/vincennes-regnjacka\/#breadcrumb"},"inLanguage":"sv-SE","potentialAction":[{"@type":"ReadAction","target":["https:\/\/brizyproducts.com\/sv\/product\/vincennes-regnjacka\/"]}]},{"@type":"ImageObject","inLanguage":"sv-SE","@id":"https:\/\/brizyproducts.com\/sv\/product\/vincennes-regnjacka\/#primaryimage","url":"https:\/\/brizyproducts.com\/wp-content\/uploads\/2023\/10\/4-13-png.webp","contentUrl":"https:\/\/brizyproducts.com\/wp-content\/uploads\/2023\/10\/4-13-png.webp","width":3375,"height":4500},{"@type":"BreadcrumbList","@id":"https:\/\/brizyproducts.com\/sv\/product\/vincennes-regnjacka\/#breadcrumb","itemListElement":[{"@type":"ListItem","position":1,"name":"Hem","item":"https:\/\/brizyproducts.com\/sv\/"},{"@type":"ListItem","position":2,"name":"Shop","item":"https:\/\/brizyproducts.com\/sv\/shop\/"},{"@type":"ListItem","position":3,"name":"Vincennes Regnjacka"}]},{"@type":"WebSite","@id":"https:\/\/brizyproducts.com\/sv\/#website","url":"https:\/\/brizyproducts.com\/sv\/","name":"Brizy","description":"","publisher":{"@id":"https:\/\/brizyproducts.com\/sv\/#organization"},"potentialAction":[{"@type":"SearchAction","target":{"@type":"EntryPoint","urlTemplate":"https:\/\/brizyproducts.com\/sv\/?s={search_term_string}"},"query-input":{"@type":"PropertyValueSpecification","valueRequired":true,"valueName":"search_term_string"}}],"inLanguage":"sv-SE"},{"@type":"Organization","@id":"https:\/\/brizyproducts.com\/sv\/#organization","name":"Brizy","url":"https:\/\/brizyproducts.com\/sv\/","logo":{"@type":"ImageObject","inLanguage":"sv-SE","@id":"https:\/\/brizyproducts.com\/sv\/#\/schema\/logo\/image\/","url":"https:\/\/brizyproducts.com\/wp-content\/uploads\/2023\/12\/Brizy-old.svg","contentUrl":"https:\/\/brizyproducts.com\/wp-content\/uploads\/2023\/12\/Brizy-old.svg","width":1,"height":1,"caption":"Brizy"},"image":{"@id":"https:\/\/brizyproducts.com\/sv\/#\/schema\/logo\/image\/"},"sameAs":["https:\/\/www.facebook.com\/brizy.1983\/","https:\/\/www.linkedin.com\/company\/brizy-produktion\/"]}]},"product_price_amount":"0.00","product_price_currency":"USD","og_availability":"instock","product_availability":"instock","product_retailer_item_id":"2610","product_condition":"new"},"_links":{"self":[{"href":"https:\/\/brizyproducts.com\/sv\/wp-json\/wp\/v2\/product\/13138","targetHints":{"allow":["GET"]}}],"collection":[{"href":"https:\/\/brizyproducts.com\/sv\/wp-json\/wp\/v2\/product"}],"about":[{"href":"https:\/\/brizyproducts.com\/sv\/wp-json\/wp\/v2\/types\/product"}],"replies":[{"embeddable":true,"href":"https:\/\/brizyproducts.com\/sv\/wp-json\/wp\/v2\/comments?post=13138"}],"wp:featuredmedia":[{"embeddable":true,"href":"https:\/\/brizyproducts.com\/sv\/wp-json\/wp\/v2\/media\/13141"}],"wp:attachment":[{"href":"https:\/\/brizyproducts.com\/sv\/wp-json\/wp\/v2\/media?parent=13138"}],"wp:term":[{"taxonomy":"product_brand","embeddable":true,"href":"https:\/\/brizyproducts.com\/sv\/wp-json\/wp\/v2\/product_brand?post=13138"},{"taxonomy":"product_cat","embeddable":true,"href":"https:\/\/brizyproducts.com\/sv\/wp-json\/wp\/v2\/product_cat?post=13138"},{"taxonomy":"product_tag","embeddable":true,"href":"https:\/\/brizyproducts.com\/sv\/wp-json\/wp\/v2\/product_tag?post=13138"},{"taxonomy":"season","embeddable":true,"href":"https:\/\/brizyproducts.com\/sv\/wp-json\/wp\/v2\/season?post=13138"},{"taxonomy":"gender","embeddable":true,"href":"https:\/\/brizyproducts.com\/sv\/wp-json\/wp\/v2\/gender?post=13138"},{"taxonomy":"collection","embeddable":true,"href":"https:\/\/brizyproducts.com\/sv\/wp-json\/wp\/v2\/collection?post=13138"},{"taxonomy":"activity","embeddable":true,"href":"https:\/\/brizyproducts.com\/sv\/wp-json\/wp\/v2\/activity?post=13138"},{"taxonomy":"product_type_brizy","embeddable":true,"href":"https:\/\/brizyproducts.com\/sv\/wp-json\/wp\/v2\/product_type_brizy?post=13138"}],"curies":[{"name":"wp","href":"https:\/\/api.w.org\/{rel}","templated":true}]}}