{"id":13016,"date":"2023-10-26T13:59:15","date_gmt":"2023-10-26T13:59:15","guid":{"rendered":"https:\/\/brizyproducts.com\/product\/sydney-byxa-2\/"},"modified":"2026-04-10T14:28:28","modified_gmt":"2026-04-10T14:28:28","slug":"sydney-byxa-2","status":"publish","type":"product","link":"https:\/\/brizyproducts.com\/sv\/product\/sydney-byxa-2\/","title":{"rendered":"Sydney byxa"},"content":{"rendered":"<p>Uppt\u00e4ck Sydney-byxan: L\u00e4tt, slitstark och perfekt f\u00f6r ridsport! Upplev den ultimata komforten och flexibiliteten med v\u00e5ra Sydney-byxor, tillverkade av h\u00f6gkvalitativt material med 4-v\u00e4gsstretch. Dessa l\u00e4tta och slitstarka byxor \u00e4r utformade f\u00f6r att h\u00e5lla j\u00e4mna steg med din aktiva livsstil, oavsett om du arbetar i stallet eller st\u00e4ndigt \u00e4r p\u00e5 spr\u00e5ng f\u00f6r travt\u00e4vlingar och tr\u00e4ningspass. Egenskaper:<\/p>\n<ul>\n<li>Elastiskt midjeband och gylf med dragkedja.<\/li>\n<li>Tv\u00e5 sidofickor med dragkedja.<\/li>\n<li>Kardborrejustering i bensluten, inv\u00e4ndigt st\u00e4nkskydd och en D-ring med elastiska clips.<\/li>\n<\/ul>\n<p>Passar:<\/p>\n<ul>\n<li>Normal passform, n\u00e5got figurn\u00e4ra i sin storlek.<\/li>\n<\/ul>\n<p>Sammans\u00e4ttning:<\/p>\n<ul>\n<li>Yttermaterial: 100% Polyester med 4-v\u00e4gs stretch.<\/li>\n<li>Foder av polyester.<\/li>\n<\/ul>\n<p>Anpassning tillg\u00e4nglig:<\/p>\n<ul>\n<li>Naturligtvis kan du ocks\u00e5 best\u00e4lla byxorna som personliga, i dina valda f\u00e4rger, skr\u00e4ddarsydda efter dina m\u00e5tt och din design. Eller om du vill l\u00e4gga till ditt lags eller din sponsors logotyp f\u00f6r en personlig touch, v\u00e4nligen kontakta oss direkt f\u00f6r mer information.<\/li>\n<\/ul>\n<p>Uppgradera din ridgarderob med Sydney-byxorna, som kombinerar komfort, h\u00e5llbarhet och stil f\u00f6r att uppfylla alla dina behov.<\/p>\n","protected":false},"excerpt":{"rendered":"<p>Uppt\u00e4ck Sydney-byxan: L\u00e4tt, slitstark och perfekt f\u00f6r ridsport! Upplev den ultimata komforten och flexibiliteten med v\u00e5ra Sydney-byxor, tillverkade av h\u00f6gkvalitativt material med 4-v\u00e4gsstretch. Dessa l\u00e4tta och slitstarka byxor \u00e4r utformade f\u00f6r att h\u00e5lla j\u00e4mna steg med din aktiva livsstil, oavsett om du arbetar i stallet eller st\u00e4ndigt \u00e4r p\u00e5 spr\u00e5ng f\u00f6r travt\u00e4vlingar och tr\u00e4ningspass. Egenskaper: [&hellip;]<\/p>\n","protected":false},"featured_media":13029,"comment_status":"closed","ping_status":"closed","template":"","meta":{"_acf_changed":false},"product_brand":[],"product_cat":[254,439],"product_tag":[],"season":[502],"gender":[510],"collection":[522],"activity":[560,562],"product_type_brizy":[570],"class_list":{"0":"post-13016","1":"product","2":"type-product","3":"status-publish","4":"has-post-thumbnail","6":"product_cat-trousers","7":"product_cat-outlet","8":"season-summer","9":"gender-men","10":"collection-sydney","11":"activity-stable","12":"activity-training","13":"product_type_brizy-stock-products","15":"first","16":"instock","17":"sale","18":"taxable","19":"shipping-taxable","20":"purchasable","21":"product-type-variable"},"acf":[],"yoast_head":"<!-- This site is optimized with the Yoast SEO plugin v27.4 - https:\/\/yoast.com\/product\/yoast-seo-wordpress\/ -->\n<title>Sydney byxa | Kl\u00e4der f\u00f6r trav och stall | Brizy<\/title>\n<meta name=\"description\" content=\"Uppt\u00e4ck Sydney-byxan: L\u00e4tt, slitstark och perfekt f\u00f6r ridsport! Upplev den ultimata komforten och flexibiliteten med v\u00e5ra Sydney-byxor, tillverkade av\" \/>\n<meta name=\"robots\" content=\"index, follow, max-snippet:-1, max-image-preview:large, max-video-preview:-1\" \/>\n<link rel=\"canonical\" href=\"https:\/\/brizyproducts.com\/sv\/product\/sydney-byxa-2\/\" \/>\n<meta property=\"og:locale\" content=\"sv_SE\" \/>\n<meta property=\"og:type\" content=\"article\" \/>\n<meta property=\"og:title\" content=\"Sydney byxa | Kl\u00e4der f\u00f6r trav och stall | Brizy\" \/>\n<meta property=\"og:description\" content=\"Uppt\u00e4ck Sydney-byxan: L\u00e4tt, slitstark och perfekt f\u00f6r ridsport! Upplev den ultimata komforten och flexibiliteten med v\u00e5ra Sydney-byxor, tillverkade av\" \/>\n<meta property=\"og:url\" content=\"https:\/\/brizyproducts.com\/sv\/product\/sydney-byxa-2\/\" \/>\n<meta property=\"og:site_name\" content=\"Brizy Products\" \/>\n<meta property=\"article:publisher\" content=\"https:\/\/www.facebook.com\/brizy.1983\/\" \/>\n<meta property=\"article:modified_time\" content=\"2026-04-10T14:28:28+00:00\" \/>\n<meta property=\"og:image\" content=\"https:\/\/brizyproducts.com\/wp-content\/uploads\/2023\/10\/P2-1650x2200.png\" \/>\n\t<meta property=\"og:image:width\" content=\"1650\" \/>\n\t<meta property=\"og:image:height\" content=\"2200\" \/>\n\t<meta property=\"og:image:type\" content=\"image\/png\" \/>\n<meta name=\"twitter:card\" content=\"summary_large_image\" \/>\n<meta property=\"og:availability\" content=\"instock\" \/>\n<meta property=\"product:availability\" content=\"instock\" \/>\n<meta property=\"product:condition\" content=\"new\" \/>\n<!-- \/ Yoast SEO plugin. -->","yoast_head_json":{"title":"Sydney byxa | Kl\u00e4der f\u00f6r trav och stall | Brizy","description":"Uppt\u00e4ck Sydney-byxan: L\u00e4tt, slitstark och perfekt f\u00f6r ridsport! Upplev den ultimata komforten och flexibiliteten med v\u00e5ra Sydney-byxor, tillverkade av","robots":{"index":"index","follow":"follow","max-snippet":"max-snippet:-1","max-image-preview":"max-image-preview:large","max-video-preview":"max-video-preview:-1"},"canonical":"https:\/\/brizyproducts.com\/sv\/product\/sydney-byxa-2\/","og_locale":"sv_SE","og_type":"article","og_title":"Sydney byxa | Kl\u00e4der f\u00f6r trav och stall | Brizy","og_description":"Uppt\u00e4ck Sydney-byxan: L\u00e4tt, slitstark och perfekt f\u00f6r ridsport! Upplev den ultimata komforten och flexibiliteten med v\u00e5ra Sydney-byxor, tillverkade av","og_url":"https:\/\/brizyproducts.com\/sv\/product\/sydney-byxa-2\/","og_site_name":"Brizy Products","article_publisher":"https:\/\/www.facebook.com\/brizy.1983\/","article_modified_time":"2026-04-10T14:28:28+00:00","og_image":[{"width":1650,"height":2200,"url":"https:\/\/brizyproducts.com\/wp-content\/uploads\/2023\/10\/P2-1650x2200.png","type":"image\/png"}],"twitter_card":"summary_large_image","schema":{"@context":"https:\/\/schema.org","@graph":[{"@type":"WebPage","@id":"https:\/\/brizyproducts.com\/sv\/product\/sydney-byxa-2\/","url":"https:\/\/brizyproducts.com\/sv\/product\/sydney-byxa-2\/","name":"Sydney byxa | Kl\u00e4der f\u00f6r trav och stall | Brizy","isPartOf":{"@id":"https:\/\/brizyproducts.com\/sv\/#website"},"primaryImageOfPage":{"@id":"https:\/\/brizyproducts.com\/sv\/product\/sydney-byxa-2\/#primaryimage"},"image":{"@id":"https:\/\/brizyproducts.com\/sv\/product\/sydney-byxa-2\/#primaryimage"},"thumbnailUrl":"https:\/\/brizyproducts.com\/wp-content\/uploads\/2023\/10\/P2.png","datePublished":"2023-10-26T13:59:15+00:00","dateModified":"2026-04-10T14:28:28+00:00","description":"Uppt\u00e4ck Sydney-byxan: L\u00e4tt, slitstark och perfekt f\u00f6r ridsport! Upplev den ultimata komforten och flexibiliteten med v\u00e5ra Sydney-byxor, tillverkade av","breadcrumb":{"@id":"https:\/\/brizyproducts.com\/sv\/product\/sydney-byxa-2\/#breadcrumb"},"inLanguage":"sv-SE","potentialAction":[{"@type":"ReadAction","target":["https:\/\/brizyproducts.com\/sv\/product\/sydney-byxa-2\/"]}]},{"@type":"ImageObject","inLanguage":"sv-SE","@id":"https:\/\/brizyproducts.com\/sv\/product\/sydney-byxa-2\/#primaryimage","url":"https:\/\/brizyproducts.com\/wp-content\/uploads\/2023\/10\/P2.png","contentUrl":"https:\/\/brizyproducts.com\/wp-content\/uploads\/2023\/10\/P2.png","width":3375,"height":4500},{"@type":"BreadcrumbList","@id":"https:\/\/brizyproducts.com\/sv\/product\/sydney-byxa-2\/#breadcrumb","itemListElement":[{"@type":"ListItem","position":1,"name":"Hem","item":"https:\/\/brizyproducts.com\/sv\/"},{"@type":"ListItem","position":2,"name":"Shop","item":"https:\/\/brizyproducts.com\/sv\/shop\/"},{"@type":"ListItem","position":3,"name":"Sydney byxa"}]},{"@type":"WebSite","@id":"https:\/\/brizyproducts.com\/sv\/#website","url":"https:\/\/brizyproducts.com\/sv\/","name":"Brizy","description":"","publisher":{"@id":"https:\/\/brizyproducts.com\/sv\/#organization"},"potentialAction":[{"@type":"SearchAction","target":{"@type":"EntryPoint","urlTemplate":"https:\/\/brizyproducts.com\/sv\/?s={search_term_string}"},"query-input":{"@type":"PropertyValueSpecification","valueRequired":true,"valueName":"search_term_string"}}],"inLanguage":"sv-SE"},{"@type":"Organization","@id":"https:\/\/brizyproducts.com\/sv\/#organization","name":"Brizy","url":"https:\/\/brizyproducts.com\/sv\/","logo":{"@type":"ImageObject","inLanguage":"sv-SE","@id":"https:\/\/brizyproducts.com\/sv\/#\/schema\/logo\/image\/","url":"https:\/\/brizyproducts.com\/wp-content\/uploads\/2023\/12\/Brizy-old.svg","contentUrl":"https:\/\/brizyproducts.com\/wp-content\/uploads\/2023\/12\/Brizy-old.svg","width":1,"height":1,"caption":"Brizy"},"image":{"@id":"https:\/\/brizyproducts.com\/sv\/#\/schema\/logo\/image\/"},"sameAs":["https:\/\/www.facebook.com\/brizy.1983\/","https:\/\/www.linkedin.com\/company\/brizy-produktion\/"]}]},"og_availability":"instock","product_availability":"instock","product_condition":"new"},"_links":{"self":[{"href":"https:\/\/brizyproducts.com\/sv\/wp-json\/wp\/v2\/product\/13016","targetHints":{"allow":["GET"]}}],"collection":[{"href":"https:\/\/brizyproducts.com\/sv\/wp-json\/wp\/v2\/product"}],"about":[{"href":"https:\/\/brizyproducts.com\/sv\/wp-json\/wp\/v2\/types\/product"}],"replies":[{"embeddable":true,"href":"https:\/\/brizyproducts.com\/sv\/wp-json\/wp\/v2\/comments?post=13016"}],"wp:featuredmedia":[{"embeddable":true,"href":"https:\/\/brizyproducts.com\/sv\/wp-json\/wp\/v2\/media\/13029"}],"wp:attachment":[{"href":"https:\/\/brizyproducts.com\/sv\/wp-json\/wp\/v2\/media?parent=13016"}],"wp:term":[{"taxonomy":"product_brand","embeddable":true,"href":"https:\/\/brizyproducts.com\/sv\/wp-json\/wp\/v2\/product_brand?post=13016"},{"taxonomy":"product_cat","embeddable":true,"href":"https:\/\/brizyproducts.com\/sv\/wp-json\/wp\/v2\/product_cat?post=13016"},{"taxonomy":"product_tag","embeddable":true,"href":"https:\/\/brizyproducts.com\/sv\/wp-json\/wp\/v2\/product_tag?post=13016"},{"taxonomy":"season","embeddable":true,"href":"https:\/\/brizyproducts.com\/sv\/wp-json\/wp\/v2\/season?post=13016"},{"taxonomy":"gender","embeddable":true,"href":"https:\/\/brizyproducts.com\/sv\/wp-json\/wp\/v2\/gender?post=13016"},{"taxonomy":"collection","embeddable":true,"href":"https:\/\/brizyproducts.com\/sv\/wp-json\/wp\/v2\/collection?post=13016"},{"taxonomy":"activity","embeddable":true,"href":"https:\/\/brizyproducts.com\/sv\/wp-json\/wp\/v2\/activity?post=13016"},{"taxonomy":"product_type_brizy","embeddable":true,"href":"https:\/\/brizyproducts.com\/sv\/wp-json\/wp\/v2\/product_type_brizy?post=13016"}],"curies":[{"name":"wp","href":"https:\/\/api.w.org\/{rel}","templated":true}]}}