{"id":12992,"date":"2023-10-26T13:58:54","date_gmt":"2023-10-26T13:58:54","guid":{"rendered":"https:\/\/brizyproducts.com\/product\/melbourne-var-host-byxor-2\/"},"modified":"2026-02-09T09:13:39","modified_gmt":"2026-02-09T09:13:39","slug":"melbourne-var-host-byxor-2","status":"publish","type":"product","link":"https:\/\/brizyproducts.com\/sv\/product\/melbourne-var-host-byxor-2\/","title":{"rendered":"Melbourne V\u00e5r\/H\u00f6st Byxor"},"content":{"rendered":"<p><strong>Melbourne v\u00e5r-\/ h\u00f6stbyxor: Slitstarka vind- och vattenavvisande byxor f\u00f6r trav- och ridsportaktiviteter<\/strong><\/p>\n<p>Melbourne Pants \u00e4r ett m\u00e5ste bland dina trav- och ridkl\u00e4der och \u00e4r designade f\u00f6r ultimat prestanda i utmanande v\u00e4der. Byxorna \u00e4r tillverkade av h\u00f6gkvalitativ 100% polyester med 4-v\u00e4gsstretch och ger en bekv\u00e4m men h\u00e5llbar passform, perfekt f\u00f6r l\u00e5nga timmar p\u00e5 banan eller i stallet. Den vindt\u00e4ta och vattenavvisande konstruktionen ser till att du h\u00e5ller dig torr och bekv\u00e4m i alla f\u00f6rh\u00e5llanden, vilket g\u00f6r dem idealiska f\u00f6r travets arbetsutrustning.<\/p>\n<p><strong>Viktiga egenskaper:<\/strong><\/p>\n<ul>\n<li>Vindt\u00e4t och vattenavvisande: Skydda dig mot v\u00e4der och vind med ett h\u00f6gpresterande ytterlager som h\u00e5ller dig torr samtidigt som andningsf\u00f6rm\u00e5gan bibeh\u00e5lls.<\/li>\n<li>4-v\u00e4gs stretchmaterial: Detta tyg ger maximal flexibilitet och komfort och ger en skr\u00e4ddarsydd passform utan att begr\u00e4nsa r\u00f6rligheten &#8211; perfekt f\u00f6r intensiva aktiviteter som travt\u00e4vlingar eller stallarbete.<\/li>\n<li>Elastiska h\u00e4ngslen: Justerbara h\u00e4ngslen ger extra st\u00f6d och komfort men kan enkelt tas av f\u00f6r en mer str\u00f6mlinjeformad passform.<\/li>\n<li>Funktionell design: Med gylf med dragkedja och f\u00f6rl\u00e4ngd rygg, elastisk midjeres\u00e5r med dragsko och st\u00e4nkskydd p\u00e5 underbenen f\u00f6r extra skydd i v\u00e5ta f\u00f6rh\u00e5llanden. Avtagbara elastiska band\/kl\u00e4mmor som \u00e4r utformade f\u00f6r att f\u00e4sta plagget runt f\u00f6tterna.<\/li>\n<li>Praktisk f\u00f6rvaring: Byxorna har tv\u00e5 sidofickor med lock och tryckknappar f\u00f6r s\u00e4ker f\u00f6rvaring av stallprylar och utrustning f\u00f6r travf\u00f6rare.<\/li>\n<li>Anpassningsbar: Anpassa dina Melbourne-byxor med ditt val av f\u00e4rger och skr\u00e4ddarsydda m\u00e5tt f\u00f6r en perfekt passform. Kontakta oss f\u00f6r mer information om anpassningsalternativ.<\/li>\n<\/ul>\n<p><strong>Passar:<\/strong><\/p>\n<ul>\n<li>Passar storleken. Vi rekommenderar att du v\u00e4ljer din vanliga storlek.<\/li>\n<\/ul>\n<p><strong>Sammans\u00e4ttning:<\/strong><\/p>\n<ul>\n<li>Yttermaterial: 100% polyester med 4-v\u00e4gsstretch<\/li>\n<li>Z-foder med tejpade s\u00f6mmar f\u00f6r vattent\u00e4thet<\/li>\n<li>Foder i polyester<\/li>\n<\/ul>\n<p>Oavsett om du \u00e4r ute och tr\u00e4nar p\u00e5 t\u00e4vlingsbanan eller arbetar i stallet \u00e4r Melbourne Trousers byggda f\u00f6r h\u00e5llbarhet och komfort. Uppgradera din samling av travsportutrustning med dessa travsportbyxor, som \u00e4r utformade f\u00f6r att klara alla v\u00e4derf\u00f6rh\u00e5llanden p\u00e5 banan eller i stallet.<\/p>\n","protected":false},"excerpt":{"rendered":"<p>Melbourne v\u00e5r-\/ h\u00f6stbyxor: Slitstarka vind- och vattenavvisande byxor f\u00f6r trav- och ridsportaktiviteter Melbourne Pants \u00e4r ett m\u00e5ste bland dina trav- och ridkl\u00e4der och \u00e4r designade f\u00f6r ultimat prestanda i utmanande v\u00e4der. Byxorna \u00e4r tillverkade av h\u00f6gkvalitativ 100% polyester med 4-v\u00e4gsstretch och ger en bekv\u00e4m men h\u00e5llbar passform, perfekt f\u00f6r l\u00e5nga timmar p\u00e5 banan eller i [&hellip;]<\/p>\n","protected":false},"featured_media":15651,"comment_status":"closed","ping_status":"closed","template":"","meta":{"_acf_changed":false},"product_brand":[],"product_cat":[254,439],"product_tag":[],"season":[506],"gender":[510,512],"collection":[520],"activity":[560,562],"product_type_brizy":[570],"class_list":{"0":"post-12992","1":"product","2":"type-product","3":"status-publish","4":"has-post-thumbnail","6":"product_cat-trousers","7":"product_cat-outlet","8":"season-spring-fall","9":"gender-men","10":"gender-women","11":"collection-melbourne","12":"activity-stable","13":"activity-training","14":"product_type_brizy-stock-products","16":"first","17":"instock","18":"sale","19":"taxable","20":"shipping-taxable","21":"purchasable","22":"product-type-variable"},"acf":[],"yoast_head":"<!-- This site is optimized with the Yoast SEO plugin v27.4 - https:\/\/yoast.com\/product\/yoast-seo-wordpress\/ -->\n<title>Melbourne V\u00e5r\/H\u00f6st Byxor | Kl\u00e4der f\u00f6r trav och stall | Brizy<\/title>\n<meta name=\"description\" content=\"Vind- och vattent\u00e4ta Melbourne-byxor, tillverkade av stretchigt tyg f\u00f6r en bekv\u00e4m passform som ocks\u00e5 \u00e4r slitstark och h\u00e5llbar.\" \/>\n<meta name=\"robots\" content=\"index, follow, max-snippet:-1, max-image-preview:large, max-video-preview:-1\" \/>\n<link rel=\"canonical\" href=\"https:\/\/brizyproducts.com\/sv\/product\/melbourne-var-host-byxor-2\/\" \/>\n<meta property=\"og:locale\" content=\"sv_SE\" \/>\n<meta property=\"og:type\" content=\"article\" \/>\n<meta property=\"og:title\" content=\"Melbourne V\u00e5r\/H\u00f6st Byxor | Kl\u00e4der f\u00f6r trav och stall | Brizy\" \/>\n<meta property=\"og:description\" content=\"Vind- och vattent\u00e4ta Melbourne-byxor, tillverkade av stretchigt tyg f\u00f6r en bekv\u00e4m passform som ocks\u00e5 \u00e4r slitstark och h\u00e5llbar.\" \/>\n<meta property=\"og:url\" content=\"https:\/\/brizyproducts.com\/sv\/product\/melbourne-var-host-byxor-2\/\" \/>\n<meta property=\"og:site_name\" content=\"Brizy Products\" \/>\n<meta property=\"article:publisher\" content=\"https:\/\/www.facebook.com\/brizy.1983\/\" \/>\n<meta property=\"article:modified_time\" content=\"2026-02-09T09:13:39+00:00\" \/>\n<meta property=\"og:image\" content=\"https:\/\/brizyproducts.com\/wp-content\/uploads\/2023\/10\/2-10.png\" \/>\n\t<meta property=\"og:image:width\" content=\"3375\" \/>\n\t<meta property=\"og:image:height\" content=\"4500\" \/>\n\t<meta property=\"og:image:type\" content=\"image\/png\" \/>\n<meta name=\"twitter:card\" content=\"summary_large_image\" \/>\n<meta property=\"og:availability\" content=\"instock\" \/>\n<meta property=\"product:availability\" content=\"instock\" \/>\n<meta property=\"product:condition\" content=\"new\" \/>\n<!-- \/ Yoast SEO plugin. -->","yoast_head_json":{"title":"Melbourne V\u00e5r\/H\u00f6st Byxor | Kl\u00e4der f\u00f6r trav och stall | Brizy","description":"Vind- och vattent\u00e4ta Melbourne-byxor, tillverkade av stretchigt tyg f\u00f6r en bekv\u00e4m passform som ocks\u00e5 \u00e4r slitstark och h\u00e5llbar.","robots":{"index":"index","follow":"follow","max-snippet":"max-snippet:-1","max-image-preview":"max-image-preview:large","max-video-preview":"max-video-preview:-1"},"canonical":"https:\/\/brizyproducts.com\/sv\/product\/melbourne-var-host-byxor-2\/","og_locale":"sv_SE","og_type":"article","og_title":"Melbourne V\u00e5r\/H\u00f6st Byxor | Kl\u00e4der f\u00f6r trav och stall | Brizy","og_description":"Vind- och vattent\u00e4ta Melbourne-byxor, tillverkade av stretchigt tyg f\u00f6r en bekv\u00e4m passform som ocks\u00e5 \u00e4r slitstark och h\u00e5llbar.","og_url":"https:\/\/brizyproducts.com\/sv\/product\/melbourne-var-host-byxor-2\/","og_site_name":"Brizy Products","article_publisher":"https:\/\/www.facebook.com\/brizy.1983\/","article_modified_time":"2026-02-09T09:13:39+00:00","og_image":[{"width":3375,"height":4500,"url":"https:\/\/brizyproducts.com\/wp-content\/uploads\/2023\/10\/2-10.png","type":"image\/png"}],"twitter_card":"summary_large_image","schema":{"@context":"https:\/\/schema.org","@graph":[{"@type":"WebPage","@id":"https:\/\/brizyproducts.com\/sv\/product\/melbourne-var-host-byxor-2\/","url":"https:\/\/brizyproducts.com\/sv\/product\/melbourne-var-host-byxor-2\/","name":"Melbourne V\u00e5r\/H\u00f6st Byxor | Kl\u00e4der f\u00f6r trav och stall | Brizy","isPartOf":{"@id":"https:\/\/brizyproducts.com\/sv\/#website"},"primaryImageOfPage":{"@id":"https:\/\/brizyproducts.com\/sv\/product\/melbourne-var-host-byxor-2\/#primaryimage"},"image":{"@id":"https:\/\/brizyproducts.com\/sv\/product\/melbourne-var-host-byxor-2\/#primaryimage"},"thumbnailUrl":"https:\/\/brizyproducts.com\/wp-content\/uploads\/2023\/10\/2-10.png","datePublished":"2023-10-26T13:58:54+00:00","dateModified":"2026-02-09T09:13:39+00:00","description":"Vind- och vattent\u00e4ta Melbourne-byxor, tillverkade av stretchigt tyg f\u00f6r en bekv\u00e4m passform som ocks\u00e5 \u00e4r slitstark och h\u00e5llbar.","breadcrumb":{"@id":"https:\/\/brizyproducts.com\/sv\/product\/melbourne-var-host-byxor-2\/#breadcrumb"},"inLanguage":"sv-SE","potentialAction":[{"@type":"ReadAction","target":["https:\/\/brizyproducts.com\/sv\/product\/melbourne-var-host-byxor-2\/"]}]},{"@type":"ImageObject","inLanguage":"sv-SE","@id":"https:\/\/brizyproducts.com\/sv\/product\/melbourne-var-host-byxor-2\/#primaryimage","url":"https:\/\/brizyproducts.com\/wp-content\/uploads\/2023\/10\/2-10.png","contentUrl":"https:\/\/brizyproducts.com\/wp-content\/uploads\/2023\/10\/2-10.png","width":3375,"height":4500},{"@type":"BreadcrumbList","@id":"https:\/\/brizyproducts.com\/sv\/product\/melbourne-var-host-byxor-2\/#breadcrumb","itemListElement":[{"@type":"ListItem","position":1,"name":"Hem","item":"https:\/\/brizyproducts.com\/sv\/"},{"@type":"ListItem","position":2,"name":"Shop","item":"https:\/\/brizyproducts.com\/sv\/shop\/"},{"@type":"ListItem","position":3,"name":"Melbourne V\u00e5r\/H\u00f6st Byxor"}]},{"@type":"WebSite","@id":"https:\/\/brizyproducts.com\/sv\/#website","url":"https:\/\/brizyproducts.com\/sv\/","name":"Brizy","description":"","publisher":{"@id":"https:\/\/brizyproducts.com\/sv\/#organization"},"potentialAction":[{"@type":"SearchAction","target":{"@type":"EntryPoint","urlTemplate":"https:\/\/brizyproducts.com\/sv\/?s={search_term_string}"},"query-input":{"@type":"PropertyValueSpecification","valueRequired":true,"valueName":"search_term_string"}}],"inLanguage":"sv-SE"},{"@type":"Organization","@id":"https:\/\/brizyproducts.com\/sv\/#organization","name":"Brizy","url":"https:\/\/brizyproducts.com\/sv\/","logo":{"@type":"ImageObject","inLanguage":"sv-SE","@id":"https:\/\/brizyproducts.com\/sv\/#\/schema\/logo\/image\/","url":"https:\/\/brizyproducts.com\/wp-content\/uploads\/2023\/12\/Brizy-old.svg","contentUrl":"https:\/\/brizyproducts.com\/wp-content\/uploads\/2023\/12\/Brizy-old.svg","width":1,"height":1,"caption":"Brizy"},"image":{"@id":"https:\/\/brizyproducts.com\/sv\/#\/schema\/logo\/image\/"},"sameAs":["https:\/\/www.facebook.com\/brizy.1983\/","https:\/\/www.linkedin.com\/company\/brizy-produktion\/"]}]},"og_availability":"instock","product_availability":"instock","product_condition":"new"},"_links":{"self":[{"href":"https:\/\/brizyproducts.com\/sv\/wp-json\/wp\/v2\/product\/12992","targetHints":{"allow":["GET"]}}],"collection":[{"href":"https:\/\/brizyproducts.com\/sv\/wp-json\/wp\/v2\/product"}],"about":[{"href":"https:\/\/brizyproducts.com\/sv\/wp-json\/wp\/v2\/types\/product"}],"replies":[{"embeddable":true,"href":"https:\/\/brizyproducts.com\/sv\/wp-json\/wp\/v2\/comments?post=12992"}],"wp:featuredmedia":[{"embeddable":true,"href":"https:\/\/brizyproducts.com\/sv\/wp-json\/wp\/v2\/media\/15651"}],"wp:attachment":[{"href":"https:\/\/brizyproducts.com\/sv\/wp-json\/wp\/v2\/media?parent=12992"}],"wp:term":[{"taxonomy":"product_brand","embeddable":true,"href":"https:\/\/brizyproducts.com\/sv\/wp-json\/wp\/v2\/product_brand?post=12992"},{"taxonomy":"product_cat","embeddable":true,"href":"https:\/\/brizyproducts.com\/sv\/wp-json\/wp\/v2\/product_cat?post=12992"},{"taxonomy":"product_tag","embeddable":true,"href":"https:\/\/brizyproducts.com\/sv\/wp-json\/wp\/v2\/product_tag?post=12992"},{"taxonomy":"season","embeddable":true,"href":"https:\/\/brizyproducts.com\/sv\/wp-json\/wp\/v2\/season?post=12992"},{"taxonomy":"gender","embeddable":true,"href":"https:\/\/brizyproducts.com\/sv\/wp-json\/wp\/v2\/gender?post=12992"},{"taxonomy":"collection","embeddable":true,"href":"https:\/\/brizyproducts.com\/sv\/wp-json\/wp\/v2\/collection?post=12992"},{"taxonomy":"activity","embeddable":true,"href":"https:\/\/brizyproducts.com\/sv\/wp-json\/wp\/v2\/activity?post=12992"},{"taxonomy":"product_type_brizy","embeddable":true,"href":"https:\/\/brizyproducts.com\/sv\/wp-json\/wp\/v2\/product_type_brizy?post=12992"}],"curies":[{"name":"wp","href":"https:\/\/api.w.org\/{rel}","templated":true}]}}