{"id":12937,"date":"2023-10-26T13:58:54","date_gmt":"2023-10-26T13:58:54","guid":{"rendered":"https:\/\/brizyproducts.com\/product\/melbourne-jacka-2\/"},"modified":"2026-03-15T09:26:59","modified_gmt":"2026-03-15T09:26:59","slug":"melbourne-jacka-2","status":"publish","type":"product","link":"https:\/\/brizyproducts.com\/sv\/product\/melbourne-jacka-2\/","title":{"rendered":"Melbourne Jacka"},"content":{"rendered":"<p><strong>Vi presenterar Melbourne Spring\/Fall Jacket: Den perfekta blandningen av skydd, komfort och prestanda f\u00f6r travsport och stallliv<\/strong><\/p>\n<p>Melbourne Spring\/Fall Jacket \u00e4r ett f\u00f6rstklassigt tillskott till din kollektion av travsportkl\u00e4der, utformad f\u00f6r att uppfylla kraven fr\u00e5n professionell travsport och dagliga h\u00e4staktiviteter. Jackan har vindt\u00e4ta och vattenavvisande egenskaper och ser till att du h\u00e5ller dig bekv\u00e4m och skyddad i varierande v\u00e4derf\u00f6rh\u00e5llanden, vilket g\u00f6r den till en viktig del av din stall- och travutrustning.<\/p>\n<p><strong>Viktiga egenskaper:<\/strong><\/p>\n<ul>\n<li>Vindt\u00e4t och vattenavvisande: Jackans h\u00f6gpresterande ytterlager h\u00e5ller dig torr och skyddad fr\u00e5n v\u00e4der och vind samtidigt som andningsf\u00f6rm\u00e5gan bibeh\u00e5lls, perfekt f\u00f6r l\u00e5nga dagar p\u00e5 t\u00e4vlingsbanan eller i stallet.<\/li>\n<li>4-v\u00e4gs stretchmaterial: Det innovativa stretchtyget ger maximal komfort och flexibilitet och ger en skr\u00e4ddarsydd passform som till\u00e5ter obegr\u00e4nsad r\u00f6relsefrihet, vilket g\u00f6r den perfekt f\u00f6r trav- och galoppaktiviteter.<\/li>\n<li>Z-Liner med tejpade s\u00f6mmar: Jackan har f\u00f6rst\u00e4rkts med ett andningsbart Z-foder och tejpade s\u00f6mmar och erbjuder exceptionell h\u00e5llbarhet och fuktskydd, vilket s\u00e4kerst\u00e4ller att den h\u00e5ller under intensiva f\u00f6rh\u00e5llanden.<\/li>\n<li>Praktisk f\u00f6rvaring: Jackan har sidofickor med dragkedja och tv\u00e5 br\u00f6stfickor, utformade f\u00f6r att f\u00f6rvara din stallutrustning och andra viktiga saker p\u00e5 ett bekv\u00e4mt s\u00e4tt.<\/li>\n<\/ul>\n<p><strong>Sammans\u00e4ttning:<\/strong><\/p>\n<ul>\n<li>Yttermaterial: 100% polyester med 4-v\u00e4gsstretch<\/li>\n<li>Z-liner med tejpade s\u00f6mmar f\u00f6r extra h\u00e5llbarhet<\/li>\n<\/ul>\n<p><strong>Passar:<\/strong><\/p>\n<p>Passar perfekt i storlek, vilket ger en bekv\u00e4m och exakt passform.<\/p>\n<p><strong>Anpassning tillg\u00e4nglig:<\/strong><\/p>\n<p>Melbourne Spring\/Fall Jacket finns i olika f\u00e4rger och storlekar f\u00f6r att passa perfekt till din trav- och galoppdr\u00e4kt eller stallkl\u00e4der. Anpassa din jacka med din logotyp eller din sponsors logotyp f\u00f6r att l\u00e4gga till en unik touch till din t\u00e4vlingskl\u00e4dsel. F\u00f6r mer information om anpassningsalternativ, kontakta oss g\u00e4rna. Oavsett om du t\u00e4vlar p\u00e5 banan, arbetar i stallet eller helt enkelt letar efter en h\u00e5llbar och funktionell h\u00e4stkl\u00e4dsel, erbjuder Melbourne Harness Jacket den perfekta kombinationen av stil, skydd och prestanda. Uppgradera din harness racing jacka idag och f\u00f6rbered dig f\u00f6r alla utmaningar som t\u00e4vlings- eller stallmilj\u00f6n kastar.<\/p>\n","protected":false},"excerpt":{"rendered":"<p>Vi presenterar Melbourne Spring\/Fall Jacket: Den perfekta blandningen av skydd, komfort och prestanda f\u00f6r travsport och stallliv Melbourne Spring\/Fall Jacket \u00e4r ett f\u00f6rstklassigt tillskott till din kollektion av travsportkl\u00e4der, utformad f\u00f6r att uppfylla kraven fr\u00e5n professionell travsport och dagliga h\u00e4staktiviteter. Jackan har vindt\u00e4ta och vattenavvisande egenskaper och ser till att du h\u00e5ller dig bekv\u00e4m och [&hellip;]<\/p>\n","protected":false},"featured_media":12953,"comment_status":"closed","ping_status":"closed","template":"","meta":{"_acf_changed":false},"product_brand":[],"product_cat":[274,439],"product_tag":[],"class_list":{"0":"post-12937","1":"product","2":"type-product","3":"status-publish","4":"has-post-thumbnail","6":"product_cat-jackets","7":"product_cat-outlet","8":"season-spring-fall","9":"gender-men","10":"gender-women","11":"collection-melbourne","12":"activity-training","13":"activity-workwear","14":"product_type_brizy-stock-products","16":"first","17":"instock","18":"sale","19":"taxable","20":"shipping-taxable","21":"purchasable","22":"product-type-variable"},"acf":[],"yoast_head":"<!-- This site is optimized with the Yoast SEO plugin v27.0 - https:\/\/yoast.com\/product\/yoast-seo-wordpress\/ -->\n<title>Melbourne Jacka | Kl\u00e4der f\u00f6r trav och stall | Brizy<\/title>\n<meta name=\"description\" content=\"Vi presenterar Melbourne Spring\/Fall Jacket: Den perfekta blandningen av skydd, komfort och prestanda f\u00f6r travsport och stallliv Melbourne Spring\/Fall\" \/>\n<meta name=\"robots\" content=\"index, follow, max-snippet:-1, max-image-preview:large, max-video-preview:-1\" \/>\n<link rel=\"canonical\" href=\"https:\/\/brizyproducts.com\/sv\/product\/melbourne-jacka-2\/\" \/>\n<meta property=\"og:locale\" content=\"sv_SE\" \/>\n<meta property=\"og:type\" content=\"article\" \/>\n<meta property=\"og:title\" content=\"Melbourne Jacka | Kl\u00e4der f\u00f6r trav och stall | Brizy\" \/>\n<meta property=\"og:description\" content=\"Vi presenterar Melbourne Spring\/Fall Jacket: Den perfekta blandningen av skydd, komfort och prestanda f\u00f6r travsport och stallliv Melbourne Spring\/Fall\" \/>\n<meta property=\"og:url\" content=\"https:\/\/brizyproducts.com\/sv\/product\/melbourne-jacka-2\/\" \/>\n<meta property=\"og:site_name\" content=\"Brizy Products\" \/>\n<meta property=\"article:publisher\" content=\"https:\/\/www.facebook.com\/brizy.1983\/\" \/>\n<meta property=\"article:modified_time\" content=\"2026-03-15T09:26:59+00:00\" \/>\n<meta property=\"og:image\" content=\"https:\/\/brizyproducts.com\/wp-content\/uploads\/2023\/10\/3-11-768x1024.png\" \/>\n\t<meta property=\"og:image:width\" content=\"768\" \/>\n\t<meta property=\"og:image:height\" content=\"1024\" \/>\n\t<meta property=\"og:image:type\" content=\"image\/png\" \/>\n<meta name=\"twitter:card\" content=\"summary_large_image\" \/>\n<meta property=\"og:availability\" content=\"instock\" \/>\n<meta property=\"product:availability\" content=\"instock\" \/>\n<meta property=\"product:condition\" content=\"new\" \/>\n<!-- \/ Yoast SEO plugin. -->","yoast_head_json":{"title":"Melbourne Jacka | Kl\u00e4der f\u00f6r trav och stall | Brizy","description":"Vi presenterar Melbourne Spring\/Fall Jacket: Den perfekta blandningen av skydd, komfort och prestanda f\u00f6r travsport och stallliv Melbourne Spring\/Fall","robots":{"index":"index","follow":"follow","max-snippet":"max-snippet:-1","max-image-preview":"max-image-preview:large","max-video-preview":"max-video-preview:-1"},"canonical":"https:\/\/brizyproducts.com\/sv\/product\/melbourne-jacka-2\/","og_locale":"sv_SE","og_type":"article","og_title":"Melbourne Jacka | Kl\u00e4der f\u00f6r trav och stall | Brizy","og_description":"Vi presenterar Melbourne Spring\/Fall Jacket: Den perfekta blandningen av skydd, komfort och prestanda f\u00f6r travsport och stallliv Melbourne Spring\/Fall","og_url":"https:\/\/brizyproducts.com\/sv\/product\/melbourne-jacka-2\/","og_site_name":"Brizy Products","article_publisher":"https:\/\/www.facebook.com\/brizy.1983\/","article_modified_time":"2026-03-15T09:26:59+00:00","og_image":[{"width":768,"height":1024,"url":"https:\/\/brizyproducts.com\/wp-content\/uploads\/2023\/10\/3-11-768x1024.png","type":"image\/png"}],"twitter_card":"summary_large_image","schema":{"@context":"https:\/\/schema.org","@graph":[{"@type":"WebPage","@id":"https:\/\/brizyproducts.com\/sv\/product\/melbourne-jacka-2\/","url":"https:\/\/brizyproducts.com\/sv\/product\/melbourne-jacka-2\/","name":"Melbourne Jacka | Kl\u00e4der f\u00f6r trav och stall | Brizy","isPartOf":{"@id":"https:\/\/brizyproducts.com\/sv\/#website"},"primaryImageOfPage":{"@id":"https:\/\/brizyproducts.com\/sv\/product\/melbourne-jacka-2\/#primaryimage"},"image":{"@id":"https:\/\/brizyproducts.com\/sv\/product\/melbourne-jacka-2\/#primaryimage"},"thumbnailUrl":"https:\/\/brizyproducts.com\/wp-content\/uploads\/2023\/10\/3-11.png","datePublished":"2023-10-26T13:58:54+00:00","dateModified":"2026-03-15T09:26:59+00:00","description":"Vi presenterar Melbourne Spring\/Fall Jacket: Den perfekta blandningen av skydd, komfort och prestanda f\u00f6r travsport och stallliv Melbourne Spring\/Fall","breadcrumb":{"@id":"https:\/\/brizyproducts.com\/sv\/product\/melbourne-jacka-2\/#breadcrumb"},"inLanguage":"sv-SE","potentialAction":[{"@type":"ReadAction","target":["https:\/\/brizyproducts.com\/sv\/product\/melbourne-jacka-2\/"]}]},{"@type":"ImageObject","inLanguage":"sv-SE","@id":"https:\/\/brizyproducts.com\/sv\/product\/melbourne-jacka-2\/#primaryimage","url":"https:\/\/brizyproducts.com\/wp-content\/uploads\/2023\/10\/3-11.png","contentUrl":"https:\/\/brizyproducts.com\/wp-content\/uploads\/2023\/10\/3-11.png","width":3375,"height":4500},{"@type":"BreadcrumbList","@id":"https:\/\/brizyproducts.com\/sv\/product\/melbourne-jacka-2\/#breadcrumb","itemListElement":[{"@type":"ListItem","position":1,"name":"Hem","item":"https:\/\/brizyproducts.com\/sv\/"},{"@type":"ListItem","position":2,"name":"Shop","item":"https:\/\/brizyproducts.com\/sv\/shop\/"},{"@type":"ListItem","position":3,"name":"Melbourne Jacka"}]},{"@type":"WebSite","@id":"https:\/\/brizyproducts.com\/sv\/#website","url":"https:\/\/brizyproducts.com\/sv\/","name":"Brizy","description":"","publisher":{"@id":"https:\/\/brizyproducts.com\/sv\/#organization"},"potentialAction":[{"@type":"SearchAction","target":{"@type":"EntryPoint","urlTemplate":"https:\/\/brizyproducts.com\/sv\/?s={search_term_string}"},"query-input":{"@type":"PropertyValueSpecification","valueRequired":true,"valueName":"search_term_string"}}],"inLanguage":"sv-SE"},{"@type":"Organization","@id":"https:\/\/brizyproducts.com\/sv\/#organization","name":"Brizy","url":"https:\/\/brizyproducts.com\/sv\/","logo":{"@type":"ImageObject","inLanguage":"sv-SE","@id":"https:\/\/brizyproducts.com\/sv\/#\/schema\/logo\/image\/","url":"https:\/\/brizyproducts.com\/wp-content\/uploads\/2023\/12\/Brizy-old.svg","contentUrl":"https:\/\/brizyproducts.com\/wp-content\/uploads\/2023\/12\/Brizy-old.svg","width":1,"height":1,"caption":"Brizy"},"image":{"@id":"https:\/\/brizyproducts.com\/sv\/#\/schema\/logo\/image\/"},"sameAs":["https:\/\/www.facebook.com\/brizy.1983\/","https:\/\/www.linkedin.com\/company\/brizy-produktion\/"]}]},"og_availability":"instock","product_availability":"instock","product_condition":"new"},"_links":{"self":[{"href":"https:\/\/brizyproducts.com\/sv\/wp-json\/wp\/v2\/product\/12937","targetHints":{"allow":["GET"]}}],"collection":[{"href":"https:\/\/brizyproducts.com\/sv\/wp-json\/wp\/v2\/product"}],"about":[{"href":"https:\/\/brizyproducts.com\/sv\/wp-json\/wp\/v2\/types\/product"}],"replies":[{"embeddable":true,"href":"https:\/\/brizyproducts.com\/sv\/wp-json\/wp\/v2\/comments?post=12937"}],"wp:featuredmedia":[{"embeddable":true,"href":"https:\/\/brizyproducts.com\/sv\/wp-json\/wp\/v2\/media\/12953"}],"wp:attachment":[{"href":"https:\/\/brizyproducts.com\/sv\/wp-json\/wp\/v2\/media?parent=12937"}],"wp:term":[{"taxonomy":"product_brand","embeddable":true,"href":"https:\/\/brizyproducts.com\/sv\/wp-json\/wp\/v2\/product_brand?post=12937"},{"taxonomy":"product_cat","embeddable":true,"href":"https:\/\/brizyproducts.com\/sv\/wp-json\/wp\/v2\/product_cat?post=12937"},{"taxonomy":"product_tag","embeddable":true,"href":"https:\/\/brizyproducts.com\/sv\/wp-json\/wp\/v2\/product_tag?post=12937"}],"curies":[{"name":"wp","href":"https:\/\/api.w.org\/{rel}","templated":true}]}}