{"id":12901,"date":"2023-10-26T13:58:49","date_gmt":"2023-10-26T13:58:49","guid":{"rendered":"https:\/\/brizyproducts.com\/product\/alaska-byxa\/"},"modified":"2026-05-10T13:04:21","modified_gmt":"2026-05-10T13:04:21","slug":"alaska-byxa","status":"publish","type":"product","link":"https:\/\/brizyproducts.com\/sv\/product\/alaska-byxa\/","title":{"rendered":"Alaska Byxa"},"content":{"rendered":"<h2><strong>Alaska Byxa \u2013 Varm och funktionell underst\u00e4llsbyxa<\/strong><\/h2>\n<p>Alaska Byxa \u00e4r ett par praktiska underst\u00e4llsbyxor som passar b\u00e5de i stallet och p\u00e5 banan. De \u00e4r gjorda f\u00f6r att h\u00e5lla dig bekv\u00e4m och reglera din temperatur under hela dagen. Det betyder att du kan anv\u00e4nda dem b\u00e5de under kyliga morgnar n\u00e4r du k\u00f6r h\u00e4st och under dagar n\u00e4r du blir varm med mycket aktivitet i stallet.<\/p>\n<p>Byxorna sitter n\u00e4ra kroppen men \u00e4r \u00e4nd\u00e5 f\u00f6ljsamma, vilket g\u00f6r att du kan r\u00f6ra dig fritt under alla arbetsuppgifter. De transporterar bort fukt och h\u00e5ller dig torr, vilket g\u00f6r dem bekv\u00e4ma \u00e4ven under l\u00e5nga pass.<\/p>\n<p>Alaska Byxa \u00e4r designad som underst\u00e4llsbyxa som sitter n\u00e4ra kroppen utan att k\u00e4nnas tajt. Byxan \u00e4r n\u00e5got liten i passformen, vi rekommenderar d\u00e4rf\u00f6r att du v\u00e4ljer en storlek st\u00f6rre \u00e4n din vanliga storlek.<\/p>\n","protected":false},"excerpt":{"rendered":"<p>Praktisk underst\u00e4llsbyxa med fukt- och temperaturreglerande egenskaper<\/p>\n","protected":false},"featured_media":12924,"comment_status":"closed","ping_status":"closed","template":"","meta":{"_acf_changed":false},"product_brand":[],"product_cat":[439,304,599],"product_tag":[],"season":[508,506,504],"gender":[510],"collection":[535],"activity":[566,560,562,564],"product_type_brizy":[570],"class_list":{"0":"post-12901","1":"product","2":"type-product","3":"status-publish","4":"has-post-thumbnail","6":"product_cat-outlet","7":"product_cat-underwear","8":"product_cat-spring-campaign","9":"season-rain","10":"season-spring-fall","11":"season-winter","12":"gender-men","13":"collection-alaska","14":"activity-monte","15":"activity-stable","16":"activity-training","17":"activity-trotting","18":"product_type_brizy-stock-products","20":"first","21":"instock","22":"sale","23":"taxable","24":"shipping-taxable","25":"purchasable","26":"product-type-variable"},"acf":[],"yoast_head":"<!-- This site is optimized with the Yoast SEO plugin v27.6 - https:\/\/yoast.com\/product\/yoast-seo-wordpress\/ -->\n<title>Alaska Byxa | Underst\u00e4ll med temperaturreglering | Brizy<\/title>\n<meta name=\"description\" content=\"En benvit underst\u00e4llsbyxa med temperatur- och fuktreglering. H\u00e5ller dig i en lagom temperatur hela dagen. Perfekt f\u00f6r k\u00f6rning, ridning och stallarbete.\" \/>\n<meta name=\"robots\" content=\"index, follow, max-snippet:-1, max-image-preview:large, max-video-preview:-1\" \/>\n<link rel=\"canonical\" href=\"https:\/\/brizyproducts.com\/sv\/product\/alaska-byxa\/\" \/>\n<meta property=\"og:locale\" content=\"sv_SE\" \/>\n<meta property=\"og:type\" content=\"article\" \/>\n<meta property=\"og:title\" content=\"Alaska Byxa | Underst\u00e4ll med temperaturreglering | Brizy\" \/>\n<meta property=\"og:description\" content=\"En benvit underst\u00e4llsbyxa med temperatur- och fuktreglering. H\u00e5ller dig i en lagom temperatur hela dagen. Perfekt f\u00f6r k\u00f6rning, ridning och stallarbete.\" \/>\n<meta property=\"og:url\" content=\"https:\/\/brizyproducts.com\/sv\/product\/alaska-byxa\/\" \/>\n<meta property=\"og:site_name\" content=\"Brizy Products\" \/>\n<meta property=\"article:publisher\" content=\"https:\/\/www.facebook.com\/brizy.1983\/\" \/>\n<meta property=\"article:modified_time\" content=\"2026-05-10T13:04:21+00:00\" \/>\n<meta property=\"og:image\" content=\"https:\/\/brizyproducts.com\/wp-content\/uploads\/2023\/10\/2-19-1650x2200.png\" \/>\n\t<meta property=\"og:image:width\" content=\"1650\" \/>\n\t<meta property=\"og:image:height\" content=\"2200\" \/>\n\t<meta property=\"og:image:type\" content=\"image\/png\" \/>\n<meta name=\"twitter:card\" content=\"summary_large_image\" \/>\n<meta property=\"og:availability\" content=\"instock\" \/>\n<meta property=\"product:availability\" content=\"instock\" \/>\n<meta property=\"product:condition\" content=\"new\" \/>\n<!-- \/ Yoast SEO plugin. -->","yoast_head_json":{"title":"Alaska Byxa | Underst\u00e4ll med temperaturreglering | Brizy","description":"En benvit underst\u00e4llsbyxa med temperatur- och fuktreglering. H\u00e5ller dig i en lagom temperatur hela dagen. Perfekt f\u00f6r k\u00f6rning, ridning och stallarbete.","robots":{"index":"index","follow":"follow","max-snippet":"max-snippet:-1","max-image-preview":"max-image-preview:large","max-video-preview":"max-video-preview:-1"},"canonical":"https:\/\/brizyproducts.com\/sv\/product\/alaska-byxa\/","og_locale":"sv_SE","og_type":"article","og_title":"Alaska Byxa | Underst\u00e4ll med temperaturreglering | Brizy","og_description":"En benvit underst\u00e4llsbyxa med temperatur- och fuktreglering. H\u00e5ller dig i en lagom temperatur hela dagen. Perfekt f\u00f6r k\u00f6rning, ridning och stallarbete.","og_url":"https:\/\/brizyproducts.com\/sv\/product\/alaska-byxa\/","og_site_name":"Brizy Products","article_publisher":"https:\/\/www.facebook.com\/brizy.1983\/","article_modified_time":"2026-05-10T13:04:21+00:00","og_image":[{"width":1650,"height":2200,"url":"https:\/\/brizyproducts.com\/wp-content\/uploads\/2023\/10\/2-19-1650x2200.png","type":"image\/png"}],"twitter_card":"summary_large_image","schema":{"@context":"https:\/\/schema.org","@graph":[{"@type":"WebPage","@id":"https:\/\/brizyproducts.com\/sv\/product\/alaska-byxa\/","url":"https:\/\/brizyproducts.com\/sv\/product\/alaska-byxa\/","name":"Alaska Byxa | Underst\u00e4ll med temperaturreglering | Brizy","isPartOf":{"@id":"https:\/\/brizyproducts.com\/sv\/#website"},"primaryImageOfPage":{"@id":"https:\/\/brizyproducts.com\/sv\/product\/alaska-byxa\/#primaryimage"},"image":{"@id":"https:\/\/brizyproducts.com\/sv\/product\/alaska-byxa\/#primaryimage"},"thumbnailUrl":"https:\/\/brizyproducts.com\/wp-content\/uploads\/2023\/10\/2-19.png","datePublished":"2023-10-26T13:58:49+00:00","dateModified":"2026-05-10T13:04:21+00:00","description":"En benvit underst\u00e4llsbyxa med temperatur- och fuktreglering. H\u00e5ller dig i en lagom temperatur hela dagen. Perfekt f\u00f6r k\u00f6rning, ridning och stallarbete.","breadcrumb":{"@id":"https:\/\/brizyproducts.com\/sv\/product\/alaska-byxa\/#breadcrumb"},"inLanguage":"sv-SE","potentialAction":[{"@type":"ReadAction","target":["https:\/\/brizyproducts.com\/sv\/product\/alaska-byxa\/"]}]},{"@type":"ImageObject","inLanguage":"sv-SE","@id":"https:\/\/brizyproducts.com\/sv\/product\/alaska-byxa\/#primaryimage","url":"https:\/\/brizyproducts.com\/wp-content\/uploads\/2023\/10\/2-19.png","contentUrl":"https:\/\/brizyproducts.com\/wp-content\/uploads\/2023\/10\/2-19.png","width":3375,"height":4500},{"@type":"BreadcrumbList","@id":"https:\/\/brizyproducts.com\/sv\/product\/alaska-byxa\/#breadcrumb","itemListElement":[{"@type":"ListItem","position":1,"name":"Hem","item":"https:\/\/brizyproducts.com\/sv\/"},{"@type":"ListItem","position":2,"name":"Shop","item":"https:\/\/brizyproducts.com\/sv\/shop\/"},{"@type":"ListItem","position":3,"name":"Alaska Byxa"}]},{"@type":"WebSite","@id":"https:\/\/brizyproducts.com\/sv\/#website","url":"https:\/\/brizyproducts.com\/sv\/","name":"Brizy","description":"","publisher":{"@id":"https:\/\/brizyproducts.com\/sv\/#organization"},"potentialAction":[{"@type":"SearchAction","target":{"@type":"EntryPoint","urlTemplate":"https:\/\/brizyproducts.com\/sv\/?s={search_term_string}"},"query-input":{"@type":"PropertyValueSpecification","valueRequired":true,"valueName":"search_term_string"}}],"inLanguage":"sv-SE"},{"@type":"Organization","@id":"https:\/\/brizyproducts.com\/sv\/#organization","name":"Brizy","url":"https:\/\/brizyproducts.com\/sv\/","logo":{"@type":"ImageObject","inLanguage":"sv-SE","@id":"https:\/\/brizyproducts.com\/sv\/#\/schema\/logo\/image\/","url":"https:\/\/brizyproducts.com\/wp-content\/uploads\/2023\/12\/Brizy-old.svg","contentUrl":"https:\/\/brizyproducts.com\/wp-content\/uploads\/2023\/12\/Brizy-old.svg","width":1,"height":1,"caption":"Brizy"},"image":{"@id":"https:\/\/brizyproducts.com\/sv\/#\/schema\/logo\/image\/"},"sameAs":["https:\/\/www.facebook.com\/brizy.1983\/","https:\/\/www.linkedin.com\/company\/brizy-produktion\/"]}]},"og_availability":"instock","product_availability":"instock","product_condition":"new"},"_links":{"self":[{"href":"https:\/\/brizyproducts.com\/sv\/wp-json\/wp\/v2\/product\/12901","targetHints":{"allow":["GET"]}}],"collection":[{"href":"https:\/\/brizyproducts.com\/sv\/wp-json\/wp\/v2\/product"}],"about":[{"href":"https:\/\/brizyproducts.com\/sv\/wp-json\/wp\/v2\/types\/product"}],"replies":[{"embeddable":true,"href":"https:\/\/brizyproducts.com\/sv\/wp-json\/wp\/v2\/comments?post=12901"}],"wp:featuredmedia":[{"embeddable":true,"href":"https:\/\/brizyproducts.com\/sv\/wp-json\/wp\/v2\/media\/12924"}],"wp:attachment":[{"href":"https:\/\/brizyproducts.com\/sv\/wp-json\/wp\/v2\/media?parent=12901"}],"wp:term":[{"taxonomy":"product_brand","embeddable":true,"href":"https:\/\/brizyproducts.com\/sv\/wp-json\/wp\/v2\/product_brand?post=12901"},{"taxonomy":"product_cat","embeddable":true,"href":"https:\/\/brizyproducts.com\/sv\/wp-json\/wp\/v2\/product_cat?post=12901"},{"taxonomy":"product_tag","embeddable":true,"href":"https:\/\/brizyproducts.com\/sv\/wp-json\/wp\/v2\/product_tag?post=12901"},{"taxonomy":"season","embeddable":true,"href":"https:\/\/brizyproducts.com\/sv\/wp-json\/wp\/v2\/season?post=12901"},{"taxonomy":"gender","embeddable":true,"href":"https:\/\/brizyproducts.com\/sv\/wp-json\/wp\/v2\/gender?post=12901"},{"taxonomy":"collection","embeddable":true,"href":"https:\/\/brizyproducts.com\/sv\/wp-json\/wp\/v2\/collection?post=12901"},{"taxonomy":"activity","embeddable":true,"href":"https:\/\/brizyproducts.com\/sv\/wp-json\/wp\/v2\/activity?post=12901"},{"taxonomy":"product_type_brizy","embeddable":true,"href":"https:\/\/brizyproducts.com\/sv\/wp-json\/wp\/v2\/product_type_brizy?post=12901"}],"curies":[{"name":"wp","href":"https:\/\/api.w.org\/{rel}","templated":true}]}}