{"id":12827,"date":"2023-10-26T13:58:48","date_gmt":"2023-10-26T13:58:48","guid":{"rendered":"https:\/\/brizyproducts.com\/product\/alaska-kort-hals-med-dragkedja\/"},"modified":"2026-02-05T09:41:10","modified_gmt":"2026-02-05T09:41:10","slug":"alaska-kort-hals-med-dragkedja","status":"publish","type":"product","link":"https:\/\/brizyproducts.com\/sv\/product\/alaska-kort-hals-med-dragkedja\/","title":{"rendered":"Alaska Kort hals med dragkedja"},"content":{"rendered":"<p><strong>Vi presenterar Alaska Short Neck Base Layer med dragkedja: \u00d6verl\u00e4gsen komfort och avancerad temperaturreglering f\u00f6r trav- och ridsportaktiviteter<\/strong><\/p>\n<p>V\u00e5rt h\u00f6gkvalitativa underst\u00e4ll, Alaska Short Neck with Zipper, \u00e4r specialdesignat f\u00f6r optimal komfort och effektiv temperaturreglering. Det \u00e4r en viktig del av din kollektion av kl\u00e4der f\u00f6r trav- och ridsport. Plagget \u00e4r tillverkat av en unik blandning av 61 % fin merinoull och 39 % Outlast-polyester och utnyttjar merinoullens naturliga f\u00f6rdelar. Det inneh\u00e5ller den innovativa Outlast-tekniken, som \u00e4r k\u00e4nd f\u00f6r sin exceptionella f\u00f6rm\u00e5ga att reglera temperaturen i varma och kalla milj\u00f6er. Detta avancerade material transporterar effektivt bort fukt och ser till att du f\u00f6rblir behagligt torr under alla f\u00f6rh\u00e5llanden &#8211; oavsett om det \u00e4r p\u00e5 banan eller i stallet.<\/p>\n<p><strong>Viktiga egenskaper:<\/strong><\/p>\n<ul>\n<li>61% fin merinoull och 39% Outlast-polyester: Denna premiumblandning erbjuder naturlig isolering, andningsf\u00f6rm\u00e5ga och fukttransporterande egenskaper, perfekt f\u00f6r trav och stallaktiviteter.<\/li>\n<li>Avancerad temperaturreglering: Outlast-tekniken anpassar sig efter kroppstemperaturen och ger v\u00e4rme n\u00e4r det \u00e4r kallt och svalka n\u00e4r det \u00e4r varmt &#8211; perfekt f\u00f6r varierande v\u00e4derf\u00f6rh\u00e5llanden under trav- och ridsport.<\/li>\n<li>Fukttransporterande: Transporterar effektivt bort fukt fr\u00e5n huden, s\u00e5 att du h\u00e5ller dig torr och bekv\u00e4m under intensiva aktiviteter med din travutrustning.<\/li>\n<li>Kort hals med blixtl\u00e5s: Bekv\u00e4m krage med dragkedja f\u00f6r enkel ventilation och \u00f6kad bekv\u00e4mlighet.<\/li>\n<\/ul>\n<p><strong>Passar:<\/strong><\/p>\n<ul>\n<li><strong>G\u00e5r i liten storlek. F\u00f6r b\u00e4sta passform, v\u00e4lj en storlek st\u00f6rre! <\/strong><\/li>\n<\/ul>\n<p><strong>Sammans\u00e4ttning:<\/strong><\/p>\n<ul>\n<li>61% fin merinoull<\/li>\n<li>39% Outlast Polyester<\/li>\n<\/ul>\n<p>Oavsett om du kl\u00e4r p\u00e5 dig din travkostym, travjacka eller b\u00e4r det under stallkl\u00e4derna, garanterar Alaska Short Neck Base Layer o\u00f6vertr\u00e4ffad komfort och prestanda. Dess \u00f6verl\u00e4gsna temperaturreglering och fukthantering g\u00f6r det till ett m\u00e5ste f\u00f6r alla trav- och galoppf\u00f6rare och h\u00e4stentusiaster. F\u00f6rb\u00e4ttra din stallutrustning och var f\u00f6rberedd f\u00f6r alla v\u00e4der med detta expertkonstruerade underst\u00e4ll.<\/p>\n","protected":false},"excerpt":{"rendered":"<p>Polotr\u00f6ja med kort krage och blixtl\u00e5s<\/p>\n","protected":false},"featured_media":12848,"comment_status":"closed","ping_status":"closed","template":"","meta":{"_acf_changed":false},"product_brand":[],"product_cat":[439,304],"product_tag":[],"season":[508,506,504],"gender":[510],"collection":[535],"activity":[566,560,562,564],"product_type_brizy":[570],"class_list":{"0":"post-12827","1":"product","2":"type-product","3":"status-publish","4":"has-post-thumbnail","6":"product_cat-outlet","7":"product_cat-underwear","8":"season-rain","9":"season-spring-fall","10":"season-winter","11":"gender-men","12":"collection-alaska","13":"activity-monte","14":"activity-stable","15":"activity-training","16":"activity-trotting","17":"product_type_brizy-stock-products","19":"first","20":"instock","21":"sale","22":"taxable","23":"shipping-taxable","24":"purchasable","25":"product-type-variable"},"acf":[],"yoast_head":"<!-- This site is optimized with the Yoast SEO plugin v27.4 - https:\/\/yoast.com\/product\/yoast-seo-wordpress\/ -->\n<title>Alaska Kort hals med dragkedja | Kl\u00e4der f\u00f6r trav och stall | Brizy<\/title>\n<meta name=\"description\" content=\"Polotr\u00f6ja med kort krage och blixtl\u00e5s\" \/>\n<meta name=\"robots\" content=\"index, follow, max-snippet:-1, max-image-preview:large, max-video-preview:-1\" \/>\n<link rel=\"canonical\" href=\"https:\/\/brizyproducts.com\/sv\/product\/alaska-kort-hals-med-dragkedja\/\" \/>\n<meta property=\"og:locale\" content=\"sv_SE\" \/>\n<meta property=\"og:type\" content=\"article\" \/>\n<meta property=\"og:title\" content=\"Alaska Kort hals med dragkedja | Kl\u00e4der f\u00f6r trav och stall | Brizy\" \/>\n<meta property=\"og:description\" content=\"Polotr\u00f6ja med kort krage och blixtl\u00e5s\" \/>\n<meta property=\"og:url\" content=\"https:\/\/brizyproducts.com\/sv\/product\/alaska-kort-hals-med-dragkedja\/\" \/>\n<meta property=\"og:site_name\" content=\"Brizy Products\" \/>\n<meta property=\"article:publisher\" content=\"https:\/\/www.facebook.com\/brizy.1983\/\" \/>\n<meta property=\"article:modified_time\" content=\"2026-02-05T09:41:10+00:00\" \/>\n<meta property=\"og:image\" content=\"https:\/\/brizyproducts.com\/wp-content\/uploads\/2023\/10\/2-18-1650x2200.png\" \/>\n\t<meta property=\"og:image:width\" content=\"1650\" \/>\n\t<meta property=\"og:image:height\" content=\"2200\" \/>\n\t<meta property=\"og:image:type\" content=\"image\/png\" \/>\n<meta name=\"twitter:card\" content=\"summary_large_image\" \/>\n<meta property=\"og:availability\" content=\"instock\" \/>\n<meta property=\"product:availability\" content=\"instock\" \/>\n<meta property=\"product:condition\" content=\"new\" \/>\n<!-- \/ Yoast SEO plugin. -->","yoast_head_json":{"title":"Alaska Kort hals med dragkedja | Kl\u00e4der f\u00f6r trav och stall | Brizy","description":"Polotr\u00f6ja med kort krage och blixtl\u00e5s","robots":{"index":"index","follow":"follow","max-snippet":"max-snippet:-1","max-image-preview":"max-image-preview:large","max-video-preview":"max-video-preview:-1"},"canonical":"https:\/\/brizyproducts.com\/sv\/product\/alaska-kort-hals-med-dragkedja\/","og_locale":"sv_SE","og_type":"article","og_title":"Alaska Kort hals med dragkedja | Kl\u00e4der f\u00f6r trav och stall | Brizy","og_description":"Polotr\u00f6ja med kort krage och blixtl\u00e5s","og_url":"https:\/\/brizyproducts.com\/sv\/product\/alaska-kort-hals-med-dragkedja\/","og_site_name":"Brizy Products","article_publisher":"https:\/\/www.facebook.com\/brizy.1983\/","article_modified_time":"2026-02-05T09:41:10+00:00","og_image":[{"width":1650,"height":2200,"url":"https:\/\/brizyproducts.com\/wp-content\/uploads\/2023\/10\/2-18-1650x2200.png","type":"image\/png"}],"twitter_card":"summary_large_image","schema":{"@context":"https:\/\/schema.org","@graph":[{"@type":"WebPage","@id":"https:\/\/brizyproducts.com\/sv\/product\/alaska-kort-hals-med-dragkedja\/","url":"https:\/\/brizyproducts.com\/sv\/product\/alaska-kort-hals-med-dragkedja\/","name":"Alaska Kort hals med dragkedja | Kl\u00e4der f\u00f6r trav och stall | Brizy","isPartOf":{"@id":"https:\/\/brizyproducts.com\/sv\/#website"},"primaryImageOfPage":{"@id":"https:\/\/brizyproducts.com\/sv\/product\/alaska-kort-hals-med-dragkedja\/#primaryimage"},"image":{"@id":"https:\/\/brizyproducts.com\/sv\/product\/alaska-kort-hals-med-dragkedja\/#primaryimage"},"thumbnailUrl":"https:\/\/brizyproducts.com\/wp-content\/uploads\/2023\/10\/2-18.png","datePublished":"2023-10-26T13:58:48+00:00","dateModified":"2026-02-05T09:41:10+00:00","description":"Polotr\u00f6ja med kort krage och blixtl\u00e5s","breadcrumb":{"@id":"https:\/\/brizyproducts.com\/sv\/product\/alaska-kort-hals-med-dragkedja\/#breadcrumb"},"inLanguage":"sv-SE","potentialAction":[{"@type":"ReadAction","target":["https:\/\/brizyproducts.com\/sv\/product\/alaska-kort-hals-med-dragkedja\/"]}]},{"@type":"ImageObject","inLanguage":"sv-SE","@id":"https:\/\/brizyproducts.com\/sv\/product\/alaska-kort-hals-med-dragkedja\/#primaryimage","url":"https:\/\/brizyproducts.com\/wp-content\/uploads\/2023\/10\/2-18.png","contentUrl":"https:\/\/brizyproducts.com\/wp-content\/uploads\/2023\/10\/2-18.png","width":3375,"height":4500},{"@type":"BreadcrumbList","@id":"https:\/\/brizyproducts.com\/sv\/product\/alaska-kort-hals-med-dragkedja\/#breadcrumb","itemListElement":[{"@type":"ListItem","position":1,"name":"Hem","item":"https:\/\/brizyproducts.com\/sv\/"},{"@type":"ListItem","position":2,"name":"Shop","item":"https:\/\/brizyproducts.com\/sv\/shop\/"},{"@type":"ListItem","position":3,"name":"Alaska Kort hals med dragkedja"}]},{"@type":"WebSite","@id":"https:\/\/brizyproducts.com\/sv\/#website","url":"https:\/\/brizyproducts.com\/sv\/","name":"Brizy","description":"","publisher":{"@id":"https:\/\/brizyproducts.com\/sv\/#organization"},"potentialAction":[{"@type":"SearchAction","target":{"@type":"EntryPoint","urlTemplate":"https:\/\/brizyproducts.com\/sv\/?s={search_term_string}"},"query-input":{"@type":"PropertyValueSpecification","valueRequired":true,"valueName":"search_term_string"}}],"inLanguage":"sv-SE"},{"@type":"Organization","@id":"https:\/\/brizyproducts.com\/sv\/#organization","name":"Brizy","url":"https:\/\/brizyproducts.com\/sv\/","logo":{"@type":"ImageObject","inLanguage":"sv-SE","@id":"https:\/\/brizyproducts.com\/sv\/#\/schema\/logo\/image\/","url":"https:\/\/brizyproducts.com\/wp-content\/uploads\/2023\/12\/Brizy-old.svg","contentUrl":"https:\/\/brizyproducts.com\/wp-content\/uploads\/2023\/12\/Brizy-old.svg","width":1,"height":1,"caption":"Brizy"},"image":{"@id":"https:\/\/brizyproducts.com\/sv\/#\/schema\/logo\/image\/"},"sameAs":["https:\/\/www.facebook.com\/brizy.1983\/","https:\/\/www.linkedin.com\/company\/brizy-produktion\/"]}]},"og_availability":"instock","product_availability":"instock","product_condition":"new"},"_links":{"self":[{"href":"https:\/\/brizyproducts.com\/sv\/wp-json\/wp\/v2\/product\/12827","targetHints":{"allow":["GET"]}}],"collection":[{"href":"https:\/\/brizyproducts.com\/sv\/wp-json\/wp\/v2\/product"}],"about":[{"href":"https:\/\/brizyproducts.com\/sv\/wp-json\/wp\/v2\/types\/product"}],"replies":[{"embeddable":true,"href":"https:\/\/brizyproducts.com\/sv\/wp-json\/wp\/v2\/comments?post=12827"}],"wp:featuredmedia":[{"embeddable":true,"href":"https:\/\/brizyproducts.com\/sv\/wp-json\/wp\/v2\/media\/12848"}],"wp:attachment":[{"href":"https:\/\/brizyproducts.com\/sv\/wp-json\/wp\/v2\/media?parent=12827"}],"wp:term":[{"taxonomy":"product_brand","embeddable":true,"href":"https:\/\/brizyproducts.com\/sv\/wp-json\/wp\/v2\/product_brand?post=12827"},{"taxonomy":"product_cat","embeddable":true,"href":"https:\/\/brizyproducts.com\/sv\/wp-json\/wp\/v2\/product_cat?post=12827"},{"taxonomy":"product_tag","embeddable":true,"href":"https:\/\/brizyproducts.com\/sv\/wp-json\/wp\/v2\/product_tag?post=12827"},{"taxonomy":"season","embeddable":true,"href":"https:\/\/brizyproducts.com\/sv\/wp-json\/wp\/v2\/season?post=12827"},{"taxonomy":"gender","embeddable":true,"href":"https:\/\/brizyproducts.com\/sv\/wp-json\/wp\/v2\/gender?post=12827"},{"taxonomy":"collection","embeddable":true,"href":"https:\/\/brizyproducts.com\/sv\/wp-json\/wp\/v2\/collection?post=12827"},{"taxonomy":"activity","embeddable":true,"href":"https:\/\/brizyproducts.com\/sv\/wp-json\/wp\/v2\/activity?post=12827"},{"taxonomy":"product_type_brizy","embeddable":true,"href":"https:\/\/brizyproducts.com\/sv\/wp-json\/wp\/v2\/product_type_brizy?post=12827"}],"curies":[{"name":"wp","href":"https:\/\/api.w.org\/{rel}","templated":true}]}}