{"id":12745,"date":"2023-10-26T13:58:44","date_gmt":"2023-10-26T13:58:44","guid":{"rendered":"https:\/\/brizyproducts.com\/product\/alaska-roller-neck-med-dragkedja\/"},"modified":"2025-09-17T11:32:40","modified_gmt":"2025-09-17T11:32:40","slug":"alaska-roller-neck-med-dragkedja","status":"publish","type":"product","link":"https:\/\/brizyproducts.com\/sv\/product\/alaska-roller-neck-med-dragkedja\/","title":{"rendered":"Alaska Roller Neck med dragkedja"},"content":{"rendered":"<h2><strong>Alaska Roller Neck med dragkedja \u2013 Varmt och funktionellt underst\u00e4ll<\/strong><\/h2>\n<p>Alaska Roller Neck med dragkedja \u00e4r en varm och praktisk tr\u00f6ja som funkar b\u00e5de i stallet och p\u00e5 banan. Den \u00e4r gjord s\u00e5 att du h\u00e5ller r\u00e4tt temperatur hela dagen, b\u00e5de under kyliga och bl\u00e5siga dagar n\u00e4r du k\u00f6r h\u00e4st eller n\u00e4r du \u00e4r aktiv och blir varm i stallet.<\/p>\n<p>Tr\u00f6jans h\u00f6ga krage med dragkedja ger extra skydd mot kyla och vind, och du kan enkelt \u00f6ppna upp om du vill ha mer luft. Det g\u00f6r att du l\u00e4tt kan dra upp n\u00e4r du ska rida eller k\u00f6ra eller \u00f6ppna upp lite n\u00e4r du ska mocka boxar.<\/p>\n<p>Tr\u00f6jan sitter n\u00e4ra kroppen men \u00e4r samtidigt f\u00f6ljsam, s\u00e5 du kan r\u00f6ra dig fritt under alla dagen arbetsuppgifter. Den transporterar bort fukt och h\u00e5ller dig torr, vilket g\u00f6r den bekv\u00e4m \u00e4ven under l\u00e5nga pass.<\/p>\n<p>Alaska Roller Neck med dragkedja \u00e4r benvit i f\u00e4rgen och inte helt vit. Den \u00e4r \u00e4ven n\u00e5got liten i passformen, vi rekommenderar att du v\u00e4ljer en storlek st\u00f6rre \u00e4n din vanliga storlek.<\/p>\n","protected":false},"excerpt":{"rendered":"<p>Praktisk underst\u00e4llstr\u00f6ja med h\u00f6g krage, dragkedja och temperaturreglerande egenskaper<\/p>\n","protected":false},"featured_media":12757,"comment_status":"closed","ping_status":"closed","template":"","meta":{"_acf_changed":false},"product_brand":[],"product_cat":[439,304],"product_tag":[],"season":[508,506,504],"gender":[510],"collection":[535],"activity":[566,560,562,564],"product_type_brizy":[570],"class_list":{"0":"post-12745","1":"product","2":"type-product","3":"status-publish","4":"has-post-thumbnail","6":"product_cat-outlet","7":"product_cat-underwear","8":"season-rain","9":"season-spring-fall","10":"season-winter","11":"gender-men","12":"collection-alaska","13":"activity-monte","14":"activity-stable","15":"activity-training","16":"activity-trotting","17":"product_type_brizy-stock-products","19":"first","20":"instock","21":"sale","22":"taxable","23":"shipping-taxable","24":"purchasable","25":"product-type-variable"},"acf":[],"yoast_head":"<!-- This site is optimized with the Yoast SEO plugin v27.4 - https:\/\/yoast.com\/product\/yoast-seo-wordpress\/ -->\n<title>Alaska med dragkedja | Underst\u00e4ll med temperaturreglering | Brizy<\/title>\n<meta name=\"description\" content=\"En benvit underst\u00e4llstr\u00f6ja med temperatur- och fuktreglering. H\u00e5ller dig i en lagom temperatur hela dagen. Perfekt f\u00f6r k\u00f6rning, ridning och stallarbete.\" \/>\n<meta name=\"robots\" content=\"index, follow, max-snippet:-1, max-image-preview:large, max-video-preview:-1\" \/>\n<link rel=\"canonical\" href=\"https:\/\/brizyproducts.com\/sv\/product\/alaska-roller-neck-med-dragkedja\/\" \/>\n<meta property=\"og:locale\" content=\"sv_SE\" \/>\n<meta property=\"og:type\" content=\"article\" \/>\n<meta property=\"og:title\" content=\"Alaska med dragkedja | Underst\u00e4ll med temperaturreglering | Brizy\" \/>\n<meta property=\"og:description\" content=\"En benvit underst\u00e4llstr\u00f6ja med temperatur- och fuktreglering. H\u00e5ller dig i en lagom temperatur hela dagen. Perfekt f\u00f6r k\u00f6rning, ridning och stallarbete.\" \/>\n<meta property=\"og:url\" content=\"https:\/\/brizyproducts.com\/sv\/product\/alaska-roller-neck-med-dragkedja\/\" \/>\n<meta property=\"og:site_name\" content=\"Brizy Products\" \/>\n<meta property=\"article:publisher\" content=\"https:\/\/www.facebook.com\/brizy.1983\/\" \/>\n<meta property=\"article:modified_time\" content=\"2025-09-17T11:32:40+00:00\" \/>\n<meta property=\"og:image\" content=\"https:\/\/brizyproducts.com\/wp-content\/uploads\/2023\/10\/2-20-1650x2200.png\" \/>\n\t<meta property=\"og:image:width\" content=\"1650\" \/>\n\t<meta property=\"og:image:height\" content=\"2200\" \/>\n\t<meta property=\"og:image:type\" content=\"image\/png\" \/>\n<meta name=\"twitter:card\" content=\"summary_large_image\" \/>\n<meta property=\"og:availability\" content=\"instock\" \/>\n<meta property=\"product:availability\" content=\"instock\" \/>\n<meta property=\"product:condition\" content=\"new\" \/>\n<!-- \/ Yoast SEO plugin. -->","yoast_head_json":{"title":"Alaska med dragkedja | Underst\u00e4ll med temperaturreglering | Brizy","description":"En benvit underst\u00e4llstr\u00f6ja med temperatur- och fuktreglering. H\u00e5ller dig i en lagom temperatur hela dagen. Perfekt f\u00f6r k\u00f6rning, ridning och stallarbete.","robots":{"index":"index","follow":"follow","max-snippet":"max-snippet:-1","max-image-preview":"max-image-preview:large","max-video-preview":"max-video-preview:-1"},"canonical":"https:\/\/brizyproducts.com\/sv\/product\/alaska-roller-neck-med-dragkedja\/","og_locale":"sv_SE","og_type":"article","og_title":"Alaska med dragkedja | Underst\u00e4ll med temperaturreglering | Brizy","og_description":"En benvit underst\u00e4llstr\u00f6ja med temperatur- och fuktreglering. H\u00e5ller dig i en lagom temperatur hela dagen. Perfekt f\u00f6r k\u00f6rning, ridning och stallarbete.","og_url":"https:\/\/brizyproducts.com\/sv\/product\/alaska-roller-neck-med-dragkedja\/","og_site_name":"Brizy Products","article_publisher":"https:\/\/www.facebook.com\/brizy.1983\/","article_modified_time":"2025-09-17T11:32:40+00:00","og_image":[{"width":1650,"height":2200,"url":"https:\/\/brizyproducts.com\/wp-content\/uploads\/2023\/10\/2-20-1650x2200.png","type":"image\/png"}],"twitter_card":"summary_large_image","schema":{"@context":"https:\/\/schema.org","@graph":[{"@type":"WebPage","@id":"https:\/\/brizyproducts.com\/sv\/product\/alaska-roller-neck-med-dragkedja\/","url":"https:\/\/brizyproducts.com\/sv\/product\/alaska-roller-neck-med-dragkedja\/","name":"Alaska med dragkedja | Underst\u00e4ll med temperaturreglering | Brizy","isPartOf":{"@id":"https:\/\/brizyproducts.com\/sv\/#website"},"primaryImageOfPage":{"@id":"https:\/\/brizyproducts.com\/sv\/product\/alaska-roller-neck-med-dragkedja\/#primaryimage"},"image":{"@id":"https:\/\/brizyproducts.com\/sv\/product\/alaska-roller-neck-med-dragkedja\/#primaryimage"},"thumbnailUrl":"https:\/\/brizyproducts.com\/wp-content\/uploads\/2023\/10\/2-20.png","datePublished":"2023-10-26T13:58:44+00:00","dateModified":"2025-09-17T11:32:40+00:00","description":"En benvit underst\u00e4llstr\u00f6ja med temperatur- och fuktreglering. H\u00e5ller dig i en lagom temperatur hela dagen. Perfekt f\u00f6r k\u00f6rning, ridning och stallarbete.","breadcrumb":{"@id":"https:\/\/brizyproducts.com\/sv\/product\/alaska-roller-neck-med-dragkedja\/#breadcrumb"},"inLanguage":"sv-SE","potentialAction":[{"@type":"ReadAction","target":["https:\/\/brizyproducts.com\/sv\/product\/alaska-roller-neck-med-dragkedja\/"]}]},{"@type":"ImageObject","inLanguage":"sv-SE","@id":"https:\/\/brizyproducts.com\/sv\/product\/alaska-roller-neck-med-dragkedja\/#primaryimage","url":"https:\/\/brizyproducts.com\/wp-content\/uploads\/2023\/10\/2-20.png","contentUrl":"https:\/\/brizyproducts.com\/wp-content\/uploads\/2023\/10\/2-20.png","width":3375,"height":4500},{"@type":"BreadcrumbList","@id":"https:\/\/brizyproducts.com\/sv\/product\/alaska-roller-neck-med-dragkedja\/#breadcrumb","itemListElement":[{"@type":"ListItem","position":1,"name":"Hem","item":"https:\/\/brizyproducts.com\/sv\/"},{"@type":"ListItem","position":2,"name":"Shop","item":"https:\/\/brizyproducts.com\/sv\/shop\/"},{"@type":"ListItem","position":3,"name":"Alaska Roller Neck med dragkedja"}]},{"@type":"WebSite","@id":"https:\/\/brizyproducts.com\/sv\/#website","url":"https:\/\/brizyproducts.com\/sv\/","name":"Brizy","description":"","publisher":{"@id":"https:\/\/brizyproducts.com\/sv\/#organization"},"potentialAction":[{"@type":"SearchAction","target":{"@type":"EntryPoint","urlTemplate":"https:\/\/brizyproducts.com\/sv\/?s={search_term_string}"},"query-input":{"@type":"PropertyValueSpecification","valueRequired":true,"valueName":"search_term_string"}}],"inLanguage":"sv-SE"},{"@type":"Organization","@id":"https:\/\/brizyproducts.com\/sv\/#organization","name":"Brizy","url":"https:\/\/brizyproducts.com\/sv\/","logo":{"@type":"ImageObject","inLanguage":"sv-SE","@id":"https:\/\/brizyproducts.com\/sv\/#\/schema\/logo\/image\/","url":"https:\/\/brizyproducts.com\/wp-content\/uploads\/2023\/12\/Brizy-old.svg","contentUrl":"https:\/\/brizyproducts.com\/wp-content\/uploads\/2023\/12\/Brizy-old.svg","width":1,"height":1,"caption":"Brizy"},"image":{"@id":"https:\/\/brizyproducts.com\/sv\/#\/schema\/logo\/image\/"},"sameAs":["https:\/\/www.facebook.com\/brizy.1983\/","https:\/\/www.linkedin.com\/company\/brizy-produktion\/"]}]},"og_availability":"instock","product_availability":"instock","product_condition":"new"},"_links":{"self":[{"href":"https:\/\/brizyproducts.com\/sv\/wp-json\/wp\/v2\/product\/12745","targetHints":{"allow":["GET"]}}],"collection":[{"href":"https:\/\/brizyproducts.com\/sv\/wp-json\/wp\/v2\/product"}],"about":[{"href":"https:\/\/brizyproducts.com\/sv\/wp-json\/wp\/v2\/types\/product"}],"replies":[{"embeddable":true,"href":"https:\/\/brizyproducts.com\/sv\/wp-json\/wp\/v2\/comments?post=12745"}],"wp:featuredmedia":[{"embeddable":true,"href":"https:\/\/brizyproducts.com\/sv\/wp-json\/wp\/v2\/media\/12757"}],"wp:attachment":[{"href":"https:\/\/brizyproducts.com\/sv\/wp-json\/wp\/v2\/media?parent=12745"}],"wp:term":[{"taxonomy":"product_brand","embeddable":true,"href":"https:\/\/brizyproducts.com\/sv\/wp-json\/wp\/v2\/product_brand?post=12745"},{"taxonomy":"product_cat","embeddable":true,"href":"https:\/\/brizyproducts.com\/sv\/wp-json\/wp\/v2\/product_cat?post=12745"},{"taxonomy":"product_tag","embeddable":true,"href":"https:\/\/brizyproducts.com\/sv\/wp-json\/wp\/v2\/product_tag?post=12745"},{"taxonomy":"season","embeddable":true,"href":"https:\/\/brizyproducts.com\/sv\/wp-json\/wp\/v2\/season?post=12745"},{"taxonomy":"gender","embeddable":true,"href":"https:\/\/brizyproducts.com\/sv\/wp-json\/wp\/v2\/gender?post=12745"},{"taxonomy":"collection","embeddable":true,"href":"https:\/\/brizyproducts.com\/sv\/wp-json\/wp\/v2\/collection?post=12745"},{"taxonomy":"activity","embeddable":true,"href":"https:\/\/brizyproducts.com\/sv\/wp-json\/wp\/v2\/activity?post=12745"},{"taxonomy":"product_type_brizy","embeddable":true,"href":"https:\/\/brizyproducts.com\/sv\/wp-json\/wp\/v2\/product_type_brizy?post=12745"}],"curies":[{"name":"wp","href":"https:\/\/api.w.org\/{rel}","templated":true}]}}