{"id":12651,"date":"2023-11-16T11:13:24","date_gmt":"2023-11-16T11:13:24","guid":{"rendered":"https:\/\/brizyproducts.com\/product\/sydney-jacka\/"},"modified":"2026-04-23T08:39:12","modified_gmt":"2026-04-23T08:39:12","slug":"sydney-jacka","status":"publish","type":"product","link":"https:\/\/brizyproducts.com\/sv\/product\/sydney-jacka\/","title":{"rendered":"Sydney jacka"},"content":{"rendered":"<p><strong>Uppt\u00e4ck Sydney Jacket: L\u00e4tt och slitstark, din perfekta f\u00f6ljeslagare f\u00f6r h\u00e4stsport.<\/strong><\/p>\n<p>Sydney-jackan \u00e4r tillverkad i ett material med 4-v\u00e4gsstretch och ger en otroligt bekv\u00e4m passform f\u00f6r alla aktiviteter. Den h\u00e4r jackan \u00e4r perfekt f\u00f6r arbete i stallet, travtr\u00e4ning eller travt\u00e4vlingar och \u00e4r utformad f\u00f6r att uppfylla dina krav.<\/p>\n<p><strong>Funktioner:<\/strong><\/p>\n<ul>\n<li>Elastisk dragsko i nederkant med justering med enhandsgrepp<\/li>\n<li>Tv\u00e5 sidofickor med dragkedja<\/li>\n<li>Tv\u00e5 br\u00f6stfickor med dragkedja.<\/li>\n<li>Innerficka med dragkedja<\/li>\n<\/ul>\n<p><strong>Passar:<\/strong><\/p>\n<ul>\n<li>Regular Fit och jackan \u00e4r true to size.<\/li>\n<\/ul>\n<p><strong>Sammans\u00e4ttning:<\/strong><\/p>\n<ul>\n<li>Yttermaterial 100% polyester med 4-v\u00e4gsstretch<\/li>\n<li>Foder i polyester<\/li>\n<\/ul>\n<p><strong>Anpassning tillg\u00e4nglig:<\/strong><\/p>\n<ul>\n<li>L\u00e4gg till logotypen f\u00f6r ditt lag eller din sponsor f\u00f6r en personlig touch. Kontakta oss f\u00f6r mer information.<\/li>\n<li><a href=\"https:\/\/brizyproducts.com\/sv\/produkt\/sydney-special-summer-jacket\/?currency=SEK\">Klicka h\u00e4r f\u00f6r mer information om hur du g\u00f6r en helt skr\u00e4ddarsydd Sydney-jacka med din design, dina f\u00e4rger och m\u00e5tt.<\/a><\/li>\n<\/ul>\n","protected":false},"excerpt":{"rendered":"<p>Uppt\u00e4ck Sydney Jacket: L\u00e4tt och slitstark, din perfekta f\u00f6ljeslagare f\u00f6r h\u00e4stsport. Sydney-jackan \u00e4r tillverkad i ett material med 4-v\u00e4gsstretch och ger en otroligt bekv\u00e4m passform f\u00f6r alla aktiviteter. Den h\u00e4r jackan \u00e4r perfekt f\u00f6r arbete i stallet, travtr\u00e4ning eller travt\u00e4vlingar och \u00e4r utformad f\u00f6r att uppfylla dina krav. Funktioner: Elastisk dragsko i nederkant med justering [&hellip;]<\/p>\n","protected":false},"featured_media":12668,"comment_status":"closed","ping_status":"closed","template":"","meta":{"_acf_changed":false},"product_brand":[],"product_cat":[274,439],"product_tag":[],"season":[502],"gender":[510],"collection":[522],"activity":[560,562],"product_type_brizy":[570],"class_list":{"0":"post-12651","1":"product","2":"type-product","3":"status-publish","4":"has-post-thumbnail","6":"product_cat-jackets","7":"product_cat-outlet","8":"season-summer","9":"gender-men","10":"collection-sydney","11":"activity-stable","12":"activity-training","13":"product_type_brizy-stock-products","15":"first","16":"instock","17":"sale","18":"taxable","19":"shipping-taxable","20":"purchasable","21":"product-type-variable"},"acf":[],"yoast_head":"<!-- This site is optimized with the Yoast SEO plugin v27.4 - https:\/\/yoast.com\/product\/yoast-seo-wordpress\/ -->\n<title>Sydney jacka | Kl\u00e4der f\u00f6r trav och stall | Brizy<\/title>\n<meta name=\"description\" content=\"Uppt\u00e4ck Sydney Jacket: L\u00e4tt och slitstark, din perfekta f\u00f6ljeslagare f\u00f6r h\u00e4stsport. Sydney-jackan \u00e4r tillverkad i ett material med 4-v\u00e4gsstretch och ger\" \/>\n<meta name=\"robots\" content=\"index, follow, max-snippet:-1, max-image-preview:large, max-video-preview:-1\" \/>\n<link rel=\"canonical\" href=\"https:\/\/brizyproducts.com\/sv\/product\/sydney-jacka\/\" \/>\n<meta property=\"og:locale\" content=\"sv_SE\" \/>\n<meta property=\"og:type\" content=\"article\" \/>\n<meta property=\"og:title\" content=\"Sydney jacka | Kl\u00e4der f\u00f6r trav och stall | Brizy\" \/>\n<meta property=\"og:description\" content=\"Uppt\u00e4ck Sydney Jacket: L\u00e4tt och slitstark, din perfekta f\u00f6ljeslagare f\u00f6r h\u00e4stsport. Sydney-jackan \u00e4r tillverkad i ett material med 4-v\u00e4gsstretch och ger\" \/>\n<meta property=\"og:url\" content=\"https:\/\/brizyproducts.com\/sv\/product\/sydney-jacka\/\" \/>\n<meta property=\"og:site_name\" content=\"Brizy Products\" \/>\n<meta property=\"article:publisher\" content=\"https:\/\/www.facebook.com\/brizy.1983\/\" \/>\n<meta property=\"article:modified_time\" content=\"2026-04-23T08:39:12+00:00\" \/>\n<meta property=\"og:image\" content=\"https:\/\/brizyproducts.com\/wp-content\/uploads\/2023\/11\/J2-1-1650x2200.png\" \/>\n\t<meta property=\"og:image:width\" content=\"1650\" \/>\n\t<meta property=\"og:image:height\" content=\"2200\" \/>\n\t<meta property=\"og:image:type\" content=\"image\/png\" \/>\n<meta name=\"twitter:card\" content=\"summary_large_image\" \/>\n<meta property=\"og:availability\" content=\"instock\" \/>\n<meta property=\"product:availability\" content=\"instock\" \/>\n<meta property=\"product:condition\" content=\"new\" \/>\n<!-- \/ Yoast SEO plugin. -->","yoast_head_json":{"title":"Sydney jacka | Kl\u00e4der f\u00f6r trav och stall | Brizy","description":"Uppt\u00e4ck Sydney Jacket: L\u00e4tt och slitstark, din perfekta f\u00f6ljeslagare f\u00f6r h\u00e4stsport. Sydney-jackan \u00e4r tillverkad i ett material med 4-v\u00e4gsstretch och ger","robots":{"index":"index","follow":"follow","max-snippet":"max-snippet:-1","max-image-preview":"max-image-preview:large","max-video-preview":"max-video-preview:-1"},"canonical":"https:\/\/brizyproducts.com\/sv\/product\/sydney-jacka\/","og_locale":"sv_SE","og_type":"article","og_title":"Sydney jacka | Kl\u00e4der f\u00f6r trav och stall | Brizy","og_description":"Uppt\u00e4ck Sydney Jacket: L\u00e4tt och slitstark, din perfekta f\u00f6ljeslagare f\u00f6r h\u00e4stsport. Sydney-jackan \u00e4r tillverkad i ett material med 4-v\u00e4gsstretch och ger","og_url":"https:\/\/brizyproducts.com\/sv\/product\/sydney-jacka\/","og_site_name":"Brizy Products","article_publisher":"https:\/\/www.facebook.com\/brizy.1983\/","article_modified_time":"2026-04-23T08:39:12+00:00","og_image":[{"width":1650,"height":2200,"url":"https:\/\/brizyproducts.com\/wp-content\/uploads\/2023\/11\/J2-1-1650x2200.png","type":"image\/png"}],"twitter_card":"summary_large_image","schema":{"@context":"https:\/\/schema.org","@graph":[{"@type":"WebPage","@id":"https:\/\/brizyproducts.com\/sv\/product\/sydney-jacka\/","url":"https:\/\/brizyproducts.com\/sv\/product\/sydney-jacka\/","name":"Sydney jacka | Kl\u00e4der f\u00f6r trav och stall | Brizy","isPartOf":{"@id":"https:\/\/brizyproducts.com\/sv\/#website"},"primaryImageOfPage":{"@id":"https:\/\/brizyproducts.com\/sv\/product\/sydney-jacka\/#primaryimage"},"image":{"@id":"https:\/\/brizyproducts.com\/sv\/product\/sydney-jacka\/#primaryimage"},"thumbnailUrl":"https:\/\/brizyproducts.com\/wp-content\/uploads\/2023\/11\/J2-1.png","datePublished":"2023-11-16T11:13:24+00:00","dateModified":"2026-04-23T08:39:12+00:00","description":"Uppt\u00e4ck Sydney Jacket: L\u00e4tt och slitstark, din perfekta f\u00f6ljeslagare f\u00f6r h\u00e4stsport. Sydney-jackan \u00e4r tillverkad i ett material med 4-v\u00e4gsstretch och ger","breadcrumb":{"@id":"https:\/\/brizyproducts.com\/sv\/product\/sydney-jacka\/#breadcrumb"},"inLanguage":"sv-SE","potentialAction":[{"@type":"ReadAction","target":["https:\/\/brizyproducts.com\/sv\/product\/sydney-jacka\/"]}]},{"@type":"ImageObject","inLanguage":"sv-SE","@id":"https:\/\/brizyproducts.com\/sv\/product\/sydney-jacka\/#primaryimage","url":"https:\/\/brizyproducts.com\/wp-content\/uploads\/2023\/11\/J2-1.png","contentUrl":"https:\/\/brizyproducts.com\/wp-content\/uploads\/2023\/11\/J2-1.png","width":3375,"height":4500},{"@type":"BreadcrumbList","@id":"https:\/\/brizyproducts.com\/sv\/product\/sydney-jacka\/#breadcrumb","itemListElement":[{"@type":"ListItem","position":1,"name":"Hem","item":"https:\/\/brizyproducts.com\/sv\/"},{"@type":"ListItem","position":2,"name":"Shop","item":"https:\/\/brizyproducts.com\/sv\/shop\/"},{"@type":"ListItem","position":3,"name":"Sydney jacka"}]},{"@type":"WebSite","@id":"https:\/\/brizyproducts.com\/sv\/#website","url":"https:\/\/brizyproducts.com\/sv\/","name":"Brizy","description":"","publisher":{"@id":"https:\/\/brizyproducts.com\/sv\/#organization"},"potentialAction":[{"@type":"SearchAction","target":{"@type":"EntryPoint","urlTemplate":"https:\/\/brizyproducts.com\/sv\/?s={search_term_string}"},"query-input":{"@type":"PropertyValueSpecification","valueRequired":true,"valueName":"search_term_string"}}],"inLanguage":"sv-SE"},{"@type":"Organization","@id":"https:\/\/brizyproducts.com\/sv\/#organization","name":"Brizy","url":"https:\/\/brizyproducts.com\/sv\/","logo":{"@type":"ImageObject","inLanguage":"sv-SE","@id":"https:\/\/brizyproducts.com\/sv\/#\/schema\/logo\/image\/","url":"https:\/\/brizyproducts.com\/wp-content\/uploads\/2023\/12\/Brizy-old.svg","contentUrl":"https:\/\/brizyproducts.com\/wp-content\/uploads\/2023\/12\/Brizy-old.svg","width":1,"height":1,"caption":"Brizy"},"image":{"@id":"https:\/\/brizyproducts.com\/sv\/#\/schema\/logo\/image\/"},"sameAs":["https:\/\/www.facebook.com\/brizy.1983\/","https:\/\/www.linkedin.com\/company\/brizy-produktion\/"]}]},"og_availability":"instock","product_availability":"instock","product_condition":"new"},"_links":{"self":[{"href":"https:\/\/brizyproducts.com\/sv\/wp-json\/wp\/v2\/product\/12651","targetHints":{"allow":["GET"]}}],"collection":[{"href":"https:\/\/brizyproducts.com\/sv\/wp-json\/wp\/v2\/product"}],"about":[{"href":"https:\/\/brizyproducts.com\/sv\/wp-json\/wp\/v2\/types\/product"}],"replies":[{"embeddable":true,"href":"https:\/\/brizyproducts.com\/sv\/wp-json\/wp\/v2\/comments?post=12651"}],"wp:featuredmedia":[{"embeddable":true,"href":"https:\/\/brizyproducts.com\/sv\/wp-json\/wp\/v2\/media\/12668"}],"wp:attachment":[{"href":"https:\/\/brizyproducts.com\/sv\/wp-json\/wp\/v2\/media?parent=12651"}],"wp:term":[{"taxonomy":"product_brand","embeddable":true,"href":"https:\/\/brizyproducts.com\/sv\/wp-json\/wp\/v2\/product_brand?post=12651"},{"taxonomy":"product_cat","embeddable":true,"href":"https:\/\/brizyproducts.com\/sv\/wp-json\/wp\/v2\/product_cat?post=12651"},{"taxonomy":"product_tag","embeddable":true,"href":"https:\/\/brizyproducts.com\/sv\/wp-json\/wp\/v2\/product_tag?post=12651"},{"taxonomy":"season","embeddable":true,"href":"https:\/\/brizyproducts.com\/sv\/wp-json\/wp\/v2\/season?post=12651"},{"taxonomy":"gender","embeddable":true,"href":"https:\/\/brizyproducts.com\/sv\/wp-json\/wp\/v2\/gender?post=12651"},{"taxonomy":"collection","embeddable":true,"href":"https:\/\/brizyproducts.com\/sv\/wp-json\/wp\/v2\/collection?post=12651"},{"taxonomy":"activity","embeddable":true,"href":"https:\/\/brizyproducts.com\/sv\/wp-json\/wp\/v2\/activity?post=12651"},{"taxonomy":"product_type_brizy","embeddable":true,"href":"https:\/\/brizyproducts.com\/sv\/wp-json\/wp\/v2\/product_type_brizy?post=12651"}],"curies":[{"name":"wp","href":"https:\/\/api.w.org\/{rel}","templated":true}]}}