{"id":12494,"date":"2023-12-20T13:56:57","date_gmt":"2023-12-20T13:56:57","guid":{"rendered":"https:\/\/brizyproducts.com\/product\/lexington-sommar\/"},"modified":"2026-01-08T10:12:50","modified_gmt":"2026-01-08T10:12:50","slug":"lexington-sommar","status":"publish","type":"product","link":"https:\/\/brizyproducts.com\/sv\/product\/lexington-sommar\/","title":{"rendered":"Lexington Sommardress"},"content":{"rendered":"<h2><strong>Den ultimata t\u00e4vlingsdressen f\u00f6r sommarens travt\u00e4vlingar.<\/strong><\/h2>\n<p>En genomt\u00e4nkt sommardress f\u00f6r b\u00e5de travkuskar, framtagen f\u00f6r att ge maximal komfort \u00e4ven under de allra varmaste t\u00e4vlingsdagarna. Med h\u00f6g andningsf\u00f6rm\u00e5ga och noggrant utvalda material h\u00e5ller dressen dig sval, utan att tumma p\u00e5 vare sig funktion eller slitstyrka.<\/p>\n<p>Med ett stort utbud av f\u00e4rger, tyger och designalternativ kan du skapa en t\u00e4vlingsdress som \u00e4r helt anpassad efter dina \u00f6nskem\u00e5l. Varje dress m\u00e5ttanpassas f\u00f6r b\u00e4sta m\u00f6jliga passform och tillverkas i material som verkligen g\u00f6r skillnad. V\u00e4lj mellan ett mjukt och stretchigt tyg med \u00f6verl\u00e4gsen komfort eller ett l\u00e4tt och luftigt meshalternativ f\u00f6r optimal ventilation under sommarens mest intensiva t\u00e4vlingsdagar.<\/p>\n","protected":false},"excerpt":{"rendered":"<p>Din egendesignade och m\u00e5ttsydda t\u00e4vlingsdress med perfekt passform och h\u00f6g komfort, optimal f\u00f6r sommarens travdagar.<\/p>\n","protected":false},"featured_media":12496,"comment_status":"closed","ping_status":"closed","template":"","meta":{"_acf_changed":false},"product_brand":[],"product_cat":[448,333],"product_tag":[464],"class_list":{"0":"post-12494","1":"product","2":"type-product","3":"status-publish","4":"has-post-thumbnail","6":"product_cat-tailor-made-layout","7":"product_cat-one-pieces","8":"product_tag-lexington-summer","9":"season-summer","10":"gender-men","11":"gender-women","12":"collection-lexington","13":"activity-racing","14":"product_type_brizy-tailor-made","16":"first","17":"instock","18":"virtual","19":"taxable","20":"purchasable","21":"product-type-simple"},"acf":[],"yoast_head":"<!-- This site is optimized with the Yoast SEO plugin v27.3 - https:\/\/yoast.com\/product\/yoast-seo-wordpress\/ -->\n<title>Lexington Sommardress | T\u00e4vlingsdress f\u00f6r trav | Brizy<\/title>\n<meta name=\"description\" content=\"Egendesignad och m\u00e5ttsydd t\u00e4vlingsdress gjord specifikt f\u00f6r att ge travkuskarna optimal passform och komfort under sommarens t\u00e4vlingsdagar.\" \/>\n<meta name=\"robots\" content=\"index, follow, max-snippet:-1, max-image-preview:large, max-video-preview:-1\" \/>\n<link rel=\"canonical\" href=\"https:\/\/brizyproducts.com\/sv\/product\/lexington-sommar\/\" \/>\n<meta property=\"og:locale\" content=\"sv_SE\" \/>\n<meta property=\"og:type\" content=\"article\" \/>\n<meta property=\"og:title\" content=\"Lexington Sommardress | T\u00e4vlingsdress f\u00f6r trav | Brizy\" \/>\n<meta property=\"og:description\" content=\"Egendesignad och m\u00e5ttsydd t\u00e4vlingsdress gjord specifikt f\u00f6r att ge travkuskarna optimal passform och komfort under sommarens t\u00e4vlingsdagar.\" \/>\n<meta property=\"og:url\" content=\"https:\/\/brizyproducts.com\/sv\/product\/lexington-sommar\/\" \/>\n<meta property=\"og:site_name\" content=\"Brizy Products\" \/>\n<meta property=\"article:publisher\" content=\"https:\/\/www.facebook.com\/brizy.1983\/\" \/>\n<meta property=\"article:modified_time\" content=\"2026-01-08T10:12:50+00:00\" \/>\n<meta property=\"og:image\" content=\"https:\/\/brizyproducts.com\/wp-content\/uploads\/2023\/10\/2-13-1650x2200.png\" \/>\n\t<meta property=\"og:image:width\" content=\"1650\" \/>\n\t<meta property=\"og:image:height\" content=\"2200\" \/>\n\t<meta property=\"og:image:type\" content=\"image\/png\" \/>\n<meta name=\"twitter:card\" content=\"summary_large_image\" \/>\n<meta property=\"product:price:amount\" content=\"0.00\" \/>\n<meta property=\"product:price:currency\" content=\"USD\" \/>\n<meta property=\"og:availability\" content=\"instock\" \/>\n<meta property=\"product:availability\" content=\"instock\" \/>\n<meta property=\"product:retailer_item_id\" content=\"1545\" \/>\n<meta property=\"product:condition\" content=\"new\" \/>\n<!-- \/ Yoast SEO plugin. -->","yoast_head_json":{"title":"Lexington Sommardress | T\u00e4vlingsdress f\u00f6r trav | Brizy","description":"Egendesignad och m\u00e5ttsydd t\u00e4vlingsdress gjord specifikt f\u00f6r att ge travkuskarna optimal passform och komfort under sommarens t\u00e4vlingsdagar.","robots":{"index":"index","follow":"follow","max-snippet":"max-snippet:-1","max-image-preview":"max-image-preview:large","max-video-preview":"max-video-preview:-1"},"canonical":"https:\/\/brizyproducts.com\/sv\/product\/lexington-sommar\/","og_locale":"sv_SE","og_type":"article","og_title":"Lexington Sommardress | T\u00e4vlingsdress f\u00f6r trav | Brizy","og_description":"Egendesignad och m\u00e5ttsydd t\u00e4vlingsdress gjord specifikt f\u00f6r att ge travkuskarna optimal passform och komfort under sommarens t\u00e4vlingsdagar.","og_url":"https:\/\/brizyproducts.com\/sv\/product\/lexington-sommar\/","og_site_name":"Brizy Products","article_publisher":"https:\/\/www.facebook.com\/brizy.1983\/","article_modified_time":"2026-01-08T10:12:50+00:00","og_image":[{"width":1650,"height":2200,"url":"https:\/\/brizyproducts.com\/wp-content\/uploads\/2023\/10\/2-13-1650x2200.png","type":"image\/png"}],"twitter_card":"summary_large_image","schema":{"@context":"https:\/\/schema.org","@graph":[{"@type":"WebPage","@id":"https:\/\/brizyproducts.com\/sv\/product\/lexington-sommar\/","url":"https:\/\/brizyproducts.com\/sv\/product\/lexington-sommar\/","name":"Lexington Sommardress | T\u00e4vlingsdress f\u00f6r trav | Brizy","isPartOf":{"@id":"https:\/\/brizyproducts.com\/sv\/#website"},"primaryImageOfPage":{"@id":"https:\/\/brizyproducts.com\/sv\/product\/lexington-sommar\/#primaryimage"},"image":{"@id":"https:\/\/brizyproducts.com\/sv\/product\/lexington-sommar\/#primaryimage"},"thumbnailUrl":"https:\/\/brizyproducts.com\/wp-content\/uploads\/2023\/10\/2-13.png","datePublished":"2023-12-20T13:56:57+00:00","dateModified":"2026-01-08T10:12:50+00:00","description":"Egendesignad och m\u00e5ttsydd t\u00e4vlingsdress gjord specifikt f\u00f6r att ge travkuskarna optimal passform och komfort under sommarens t\u00e4vlingsdagar.","breadcrumb":{"@id":"https:\/\/brizyproducts.com\/sv\/product\/lexington-sommar\/#breadcrumb"},"inLanguage":"sv-SE","potentialAction":[{"@type":"ReadAction","target":["https:\/\/brizyproducts.com\/sv\/product\/lexington-sommar\/"]}]},{"@type":"ImageObject","inLanguage":"sv-SE","@id":"https:\/\/brizyproducts.com\/sv\/product\/lexington-sommar\/#primaryimage","url":"https:\/\/brizyproducts.com\/wp-content\/uploads\/2023\/10\/2-13.png","contentUrl":"https:\/\/brizyproducts.com\/wp-content\/uploads\/2023\/10\/2-13.png","width":3375,"height":4500},{"@type":"BreadcrumbList","@id":"https:\/\/brizyproducts.com\/sv\/product\/lexington-sommar\/#breadcrumb","itemListElement":[{"@type":"ListItem","position":1,"name":"Hem","item":"https:\/\/brizyproducts.com\/sv\/"},{"@type":"ListItem","position":2,"name":"Shop","item":"https:\/\/brizyproducts.com\/sv\/shop\/"},{"@type":"ListItem","position":3,"name":"Lexington Sommardress"}]},{"@type":"WebSite","@id":"https:\/\/brizyproducts.com\/sv\/#website","url":"https:\/\/brizyproducts.com\/sv\/","name":"Brizy","description":"","publisher":{"@id":"https:\/\/brizyproducts.com\/sv\/#organization"},"potentialAction":[{"@type":"SearchAction","target":{"@type":"EntryPoint","urlTemplate":"https:\/\/brizyproducts.com\/sv\/?s={search_term_string}"},"query-input":{"@type":"PropertyValueSpecification","valueRequired":true,"valueName":"search_term_string"}}],"inLanguage":"sv-SE"},{"@type":"Organization","@id":"https:\/\/brizyproducts.com\/sv\/#organization","name":"Brizy","url":"https:\/\/brizyproducts.com\/sv\/","logo":{"@type":"ImageObject","inLanguage":"sv-SE","@id":"https:\/\/brizyproducts.com\/sv\/#\/schema\/logo\/image\/","url":"https:\/\/brizyproducts.com\/wp-content\/uploads\/2023\/12\/Brizy-old.svg","contentUrl":"https:\/\/brizyproducts.com\/wp-content\/uploads\/2023\/12\/Brizy-old.svg","width":1,"height":1,"caption":"Brizy"},"image":{"@id":"https:\/\/brizyproducts.com\/sv\/#\/schema\/logo\/image\/"},"sameAs":["https:\/\/www.facebook.com\/brizy.1983\/","https:\/\/www.linkedin.com\/company\/brizy-produktion\/"]}]},"product_price_amount":"0.00","product_price_currency":"USD","og_availability":"instock","product_availability":"instock","product_retailer_item_id":"1545","product_condition":"new"},"_links":{"self":[{"href":"https:\/\/brizyproducts.com\/sv\/wp-json\/wp\/v2\/product\/12494","targetHints":{"allow":["GET"]}}],"collection":[{"href":"https:\/\/brizyproducts.com\/sv\/wp-json\/wp\/v2\/product"}],"about":[{"href":"https:\/\/brizyproducts.com\/sv\/wp-json\/wp\/v2\/types\/product"}],"replies":[{"embeddable":true,"href":"https:\/\/brizyproducts.com\/sv\/wp-json\/wp\/v2\/comments?post=12494"}],"wp:featuredmedia":[{"embeddable":true,"href":"https:\/\/brizyproducts.com\/sv\/wp-json\/wp\/v2\/media\/12496"}],"wp:attachment":[{"href":"https:\/\/brizyproducts.com\/sv\/wp-json\/wp\/v2\/media?parent=12494"}],"wp:term":[{"taxonomy":"product_brand","embeddable":true,"href":"https:\/\/brizyproducts.com\/sv\/wp-json\/wp\/v2\/product_brand?post=12494"},{"taxonomy":"product_cat","embeddable":true,"href":"https:\/\/brizyproducts.com\/sv\/wp-json\/wp\/v2\/product_cat?post=12494"},{"taxonomy":"product_tag","embeddable":true,"href":"https:\/\/brizyproducts.com\/sv\/wp-json\/wp\/v2\/product_tag?post=12494"}],"curies":[{"name":"wp","href":"https:\/\/api.w.org\/{rel}","templated":true}]}}