{"id":12477,"date":"2023-12-22T16:16:11","date_gmt":"2023-12-22T16:16:11","guid":{"rendered":"https:\/\/brizyproducts.com\/product\/horse-owner-summer-shirt\/"},"modified":"2026-02-24T09:06:58","modified_gmt":"2026-02-24T09:06:58","slug":"horse-owner-summer-shirt","status":"publish","type":"product","link":"https:\/\/brizyproducts.com\/sv\/product\/horse-owner-summer-shirt\/","title":{"rendered":"\u00c4gartr\u00f6ja"},"content":{"rendered":"<h2><strong>Egendesignad \u00e4gartr\u00f6ja f\u00f6r alla h\u00e4st\u00e4gare<\/strong><\/h2>\n<p>Sommartr\u00f6jan f\u00f6r dig som h\u00e4st\u00e4gare. En tunn och l\u00e4tt tr\u00f6ja perfekt f\u00f6r sommarens varma dagar. G\u00f6r det l\u00e4tt f\u00f6r dig att k\u00e4nna igen din kusk och h\u00e4st ute i loppen genom att designa din egen tr\u00f6ja med ditt eget m\u00f6nster, logo och f\u00e4rger.<\/p>\n<p>L\u00e4tt, smidig och r\u00f6rlig g\u00f6r den perfekt f\u00f6r \u00e4ven mont\u00e9ryttare och galoppjockeys n\u00e4r de rider din h\u00e4st i sommar. Med en kort dragkedja framtill f\u00e5r kuskar och ryttare tr\u00f6jan l\u00e4tt \u00f6ver huvudet n\u00e4r de har br\u00e5ttom mellan loppen.<\/p>\n<p>Tr\u00f6jan s\u00e4ljs i standardstorlekar fr\u00e5n XS till XXL och g\u00e5r att designa helt efter dina preferenser med f\u00e4rg, m\u00f6nster och loggor.<\/p>\n\n","protected":false},"excerpt":{"rendered":"<p>T\u00e4vlingstr\u00f6ja f\u00f6r h\u00e4st\u00e4gare som vill k\u00e4nnas igen p\u00e5 trav- och galoppbanan.<\/p>\n","protected":false},"featured_media":12478,"comment_status":"closed","ping_status":"closed","template":"","meta":{"_acf_changed":false},"product_brand":[],"product_cat":[253,274,448],"product_tag":[],"class_list":{"0":"post-12477","1":"product","2":"type-product","3":"status-publish","4":"has-post-thumbnail","6":"product_cat-mens","7":"product_cat-jackets","8":"product_cat-tailor-made-layout","9":"season-summer","10":"gender-men","11":"gender-women","12":"collection-horse-owner","13":"activity-monte","14":"activity-racing","15":"product_type_brizy-tailor-made","17":"first","18":"instock","19":"taxable","20":"shipping-taxable","21":"purchasable","22":"product-type-simple"},"acf":[],"yoast_head":"<!-- This site is optimized with the Yoast SEO plugin v27.0 - https:\/\/yoast.com\/product\/yoast-seo-wordpress\/ -->\n<title>\u00c4gartr\u00f6ja | Egendesignad t\u00e4vlingstr\u00f6ja f\u00f6r \u00e4gare | Brizy<\/title>\n<meta name=\"description\" content=\"Designa din egen \u00e4gartr\u00f6ja. V\u00e4lj f\u00e4rger, m\u00f6nster och logo f\u00f6r att skapa en egen tr\u00f6ja s\u00e5 du l\u00e4tt kan k\u00e4nna igen din kusk, ryttare eller jockey i loppen.\" \/>\n<meta name=\"robots\" content=\"index, follow, max-snippet:-1, max-image-preview:large, max-video-preview:-1\" \/>\n<link rel=\"canonical\" href=\"https:\/\/brizyproducts.com\/sv\/product\/horse-owner-summer-shirt\/\" \/>\n<meta property=\"og:locale\" content=\"sv_SE\" \/>\n<meta property=\"og:type\" content=\"article\" \/>\n<meta property=\"og:title\" content=\"\u00c4gartr\u00f6ja | Egendesignad t\u00e4vlingstr\u00f6ja f\u00f6r \u00e4gare | Brizy\" \/>\n<meta property=\"og:description\" content=\"Designa din egen \u00e4gartr\u00f6ja. V\u00e4lj f\u00e4rger, m\u00f6nster och logo f\u00f6r att skapa en egen tr\u00f6ja s\u00e5 du l\u00e4tt kan k\u00e4nna igen din kusk, ryttare eller jockey i loppen.\" \/>\n<meta property=\"og:url\" content=\"https:\/\/brizyproducts.com\/sv\/product\/horse-owner-summer-shirt\/\" \/>\n<meta property=\"og:site_name\" content=\"Brizy Products\" \/>\n<meta property=\"article:publisher\" content=\"https:\/\/www.facebook.com\/brizy.1983\/\" \/>\n<meta property=\"article:modified_time\" content=\"2026-02-24T09:06:58+00:00\" \/>\n<meta property=\"og:image\" content=\"https:\/\/brizyproducts.com\/wp-content\/uploads\/2023\/12\/2-2-png.webp\" \/>\n\t<meta property=\"og:image:width\" content=\"2560\" \/>\n\t<meta property=\"og:image:height\" content=\"3413\" \/>\n\t<meta property=\"og:image:type\" content=\"image\/png\" \/>\n<meta name=\"twitter:card\" content=\"summary_large_image\" \/>\n<meta property=\"product:price:amount\" content=\"175.56\" \/>\n<meta property=\"product:price:currency\" content=\"USD\" \/>\n<meta property=\"og:availability\" content=\"instock\" \/>\n<meta property=\"product:availability\" content=\"instock\" \/>\n<meta property=\"product:retailer_item_id\" content=\"2855\" \/>\n<meta property=\"product:condition\" content=\"new\" \/>\n<!-- \/ Yoast SEO plugin. -->","yoast_head_json":{"title":"\u00c4gartr\u00f6ja | Egendesignad t\u00e4vlingstr\u00f6ja f\u00f6r \u00e4gare | Brizy","description":"Designa din egen \u00e4gartr\u00f6ja. V\u00e4lj f\u00e4rger, m\u00f6nster och logo f\u00f6r att skapa en egen tr\u00f6ja s\u00e5 du l\u00e4tt kan k\u00e4nna igen din kusk, ryttare eller jockey i loppen.","robots":{"index":"index","follow":"follow","max-snippet":"max-snippet:-1","max-image-preview":"max-image-preview:large","max-video-preview":"max-video-preview:-1"},"canonical":"https:\/\/brizyproducts.com\/sv\/product\/horse-owner-summer-shirt\/","og_locale":"sv_SE","og_type":"article","og_title":"\u00c4gartr\u00f6ja | Egendesignad t\u00e4vlingstr\u00f6ja f\u00f6r \u00e4gare | Brizy","og_description":"Designa din egen \u00e4gartr\u00f6ja. V\u00e4lj f\u00e4rger, m\u00f6nster och logo f\u00f6r att skapa en egen tr\u00f6ja s\u00e5 du l\u00e4tt kan k\u00e4nna igen din kusk, ryttare eller jockey i loppen.","og_url":"https:\/\/brizyproducts.com\/sv\/product\/horse-owner-summer-shirt\/","og_site_name":"Brizy Products","article_publisher":"https:\/\/www.facebook.com\/brizy.1983\/","article_modified_time":"2026-02-24T09:06:58+00:00","og_image":[{"width":2560,"height":3413,"url":"https:\/\/brizyproducts.com\/wp-content\/uploads\/2023\/12\/2-2-png.webp","type":"image\/png"}],"twitter_card":"summary_large_image","schema":{"@context":"https:\/\/schema.org","@graph":[{"@type":"WebPage","@id":"https:\/\/brizyproducts.com\/sv\/product\/horse-owner-summer-shirt\/","url":"https:\/\/brizyproducts.com\/sv\/product\/horse-owner-summer-shirt\/","name":"\u00c4gartr\u00f6ja | Egendesignad t\u00e4vlingstr\u00f6ja f\u00f6r \u00e4gare | Brizy","isPartOf":{"@id":"https:\/\/brizyproducts.com\/sv\/#website"},"primaryImageOfPage":{"@id":"https:\/\/brizyproducts.com\/sv\/product\/horse-owner-summer-shirt\/#primaryimage"},"image":{"@id":"https:\/\/brizyproducts.com\/sv\/product\/horse-owner-summer-shirt\/#primaryimage"},"thumbnailUrl":"https:\/\/brizyproducts.com\/wp-content\/uploads\/2023\/12\/2-2-png.webp","datePublished":"2023-12-22T16:16:11+00:00","dateModified":"2026-02-24T09:06:58+00:00","description":"Designa din egen \u00e4gartr\u00f6ja. V\u00e4lj f\u00e4rger, m\u00f6nster och logo f\u00f6r att skapa en egen tr\u00f6ja s\u00e5 du l\u00e4tt kan k\u00e4nna igen din kusk, ryttare eller jockey i loppen.","breadcrumb":{"@id":"https:\/\/brizyproducts.com\/sv\/product\/horse-owner-summer-shirt\/#breadcrumb"},"inLanguage":"sv-SE","potentialAction":[{"@type":"ReadAction","target":["https:\/\/brizyproducts.com\/sv\/product\/horse-owner-summer-shirt\/"]}]},{"@type":"ImageObject","inLanguage":"sv-SE","@id":"https:\/\/brizyproducts.com\/sv\/product\/horse-owner-summer-shirt\/#primaryimage","url":"https:\/\/brizyproducts.com\/wp-content\/uploads\/2023\/12\/2-2-png.webp","contentUrl":"https:\/\/brizyproducts.com\/wp-content\/uploads\/2023\/12\/2-2-png.webp","width":2560,"height":3413},{"@type":"BreadcrumbList","@id":"https:\/\/brizyproducts.com\/sv\/product\/horse-owner-summer-shirt\/#breadcrumb","itemListElement":[{"@type":"ListItem","position":1,"name":"Hem","item":"https:\/\/brizyproducts.com\/sv\/"},{"@type":"ListItem","position":2,"name":"Shop","item":"https:\/\/brizyproducts.com\/sv\/shop\/"},{"@type":"ListItem","position":3,"name":"\u00c4gartr\u00f6ja"}]},{"@type":"WebSite","@id":"https:\/\/brizyproducts.com\/sv\/#website","url":"https:\/\/brizyproducts.com\/sv\/","name":"Brizy","description":"","publisher":{"@id":"https:\/\/brizyproducts.com\/sv\/#organization"},"potentialAction":[{"@type":"SearchAction","target":{"@type":"EntryPoint","urlTemplate":"https:\/\/brizyproducts.com\/sv\/?s={search_term_string}"},"query-input":{"@type":"PropertyValueSpecification","valueRequired":true,"valueName":"search_term_string"}}],"inLanguage":"sv-SE"},{"@type":"Organization","@id":"https:\/\/brizyproducts.com\/sv\/#organization","name":"Brizy","url":"https:\/\/brizyproducts.com\/sv\/","logo":{"@type":"ImageObject","inLanguage":"sv-SE","@id":"https:\/\/brizyproducts.com\/sv\/#\/schema\/logo\/image\/","url":"https:\/\/brizyproducts.com\/wp-content\/uploads\/2023\/12\/Brizy-old.svg","contentUrl":"https:\/\/brizyproducts.com\/wp-content\/uploads\/2023\/12\/Brizy-old.svg","width":1,"height":1,"caption":"Brizy"},"image":{"@id":"https:\/\/brizyproducts.com\/sv\/#\/schema\/logo\/image\/"},"sameAs":["https:\/\/www.facebook.com\/brizy.1983\/","https:\/\/www.linkedin.com\/company\/brizy-produktion\/"]}]},"product_price_amount":"175.56","product_price_currency":"USD","og_availability":"instock","product_availability":"instock","product_retailer_item_id":"2855","product_condition":"new"},"_links":{"self":[{"href":"https:\/\/brizyproducts.com\/sv\/wp-json\/wp\/v2\/product\/12477","targetHints":{"allow":["GET"]}}],"collection":[{"href":"https:\/\/brizyproducts.com\/sv\/wp-json\/wp\/v2\/product"}],"about":[{"href":"https:\/\/brizyproducts.com\/sv\/wp-json\/wp\/v2\/types\/product"}],"replies":[{"embeddable":true,"href":"https:\/\/brizyproducts.com\/sv\/wp-json\/wp\/v2\/comments?post=12477"}],"wp:featuredmedia":[{"embeddable":true,"href":"https:\/\/brizyproducts.com\/sv\/wp-json\/wp\/v2\/media\/12478"}],"wp:attachment":[{"href":"https:\/\/brizyproducts.com\/sv\/wp-json\/wp\/v2\/media?parent=12477"}],"wp:term":[{"taxonomy":"product_brand","embeddable":true,"href":"https:\/\/brizyproducts.com\/sv\/wp-json\/wp\/v2\/product_brand?post=12477"},{"taxonomy":"product_cat","embeddable":true,"href":"https:\/\/brizyproducts.com\/sv\/wp-json\/wp\/v2\/product_cat?post=12477"},{"taxonomy":"product_tag","embeddable":true,"href":"https:\/\/brizyproducts.com\/sv\/wp-json\/wp\/v2\/product_tag?post=12477"}],"curies":[{"name":"wp","href":"https:\/\/api.w.org\/{rel}","templated":true}]}}