{"id":12464,"date":"2024-01-01T13:57:51","date_gmt":"2024-01-01T13:57:51","guid":{"rendered":"https:\/\/brizyproducts.com\/product\/boden-special-2\/"},"modified":"2025-03-12T07:29:08","modified_gmt":"2025-03-12T07:29:08","slug":"boden-special-2","status":"publish","type":"product","link":"https:\/\/brizyproducts.com\/sv\/product\/boden-special-2\/","title":{"rendered":"Boden Vinterbyxor Special"},"content":{"rendered":"<p>Uppt\u00e4ck Bodens vinterbyxor, vind- och vattent\u00e4ta, tillverkade i v\u00e5rt 4-v\u00e4gs stretchmaterial f\u00f6r h\u00f6gsta komfort. Du kan v\u00e4lja mellan 5 olika isoleringar. Byxornas h\u00e4ngslen ger extra st\u00f6d och komfort, vilket g\u00f6r dem till ett p\u00e5litligt val f\u00f6r dig som s\u00f6ker h\u00e5llbara plagg f\u00f6r kalla v\u00e4derf\u00f6rh\u00e5llanden.<\/p>\n<p><strong>Klicka p\u00e5 offerten nedan och skicka en offertf\u00f6rfr\u00e5gan eller kontakta oss g\u00e4rna direkt!<\/strong><\/p>\n","protected":false},"excerpt":{"rendered":"<p>Uppt\u00e4ck Bodens vinterbyxor, vind- och vattent\u00e4ta, tillverkade i v\u00e5rt 4-v\u00e4gs stretchmaterial f\u00f6r h\u00f6gsta komfort. Du kan v\u00e4lja mellan 5 olika isoleringar. Byxornas h\u00e4ngslen ger extra st\u00f6d och komfort, vilket g\u00f6r dem till ett p\u00e5litligt val f\u00f6r dig som s\u00f6ker h\u00e5llbara plagg f\u00f6r kalla v\u00e4derf\u00f6rh\u00e5llanden. Klicka p\u00e5 offerten nedan och skicka en offertf\u00f6rfr\u00e5gan eller kontakta oss [&hellip;]<\/p>\n","protected":false},"featured_media":12466,"comment_status":"closed","ping_status":"closed","template":"","meta":{"_acf_changed":false},"product_brand":[],"product_cat":[254,448],"product_tag":[],"season":[504],"gender":[510],"collection":[516],"activity":[560,562],"product_type_brizy":[568],"class_list":{"0":"post-12464","1":"product","2":"type-product","3":"status-publish","4":"has-post-thumbnail","6":"product_cat-trousers","7":"product_cat-tailor-made-layout","8":"season-winter","9":"gender-men","10":"collection-boden","11":"activity-stable","12":"activity-training","13":"product_type_brizy-custom-made","15":"first","16":"instock","17":"taxable","18":"shipping-taxable","19":"purchasable","20":"product-type-simple"},"acf":[],"yoast_head":"<!-- This site is optimized with the Yoast SEO plugin v27.4 - https:\/\/yoast.com\/product\/yoast-seo-wordpress\/ -->\n<title>Boden Vinterbyxor Special | Kl\u00e4der f\u00f6r trav och stall | Brizy<\/title>\n<meta name=\"description\" content=\"Uppt\u00e4ck Bodens vinterbyxor, vind- och vattent\u00e4ta, tillverkade i v\u00e5rt 4-v\u00e4gs stretchmaterial f\u00f6r h\u00f6gsta komfort. Du kan v\u00e4lja mellan 5 olika isoleringar.\" \/>\n<meta name=\"robots\" content=\"index, follow, max-snippet:-1, max-image-preview:large, max-video-preview:-1\" \/>\n<link rel=\"canonical\" href=\"https:\/\/brizyproducts.com\/sv\/product\/boden-special-2\/\" \/>\n<meta property=\"og:locale\" content=\"sv_SE\" \/>\n<meta property=\"og:type\" content=\"article\" \/>\n<meta property=\"og:title\" content=\"Boden Vinterbyxor Special | Kl\u00e4der f\u00f6r trav och stall | Brizy\" \/>\n<meta property=\"og:description\" content=\"Uppt\u00e4ck Bodens vinterbyxor, vind- och vattent\u00e4ta, tillverkade i v\u00e5rt 4-v\u00e4gs stretchmaterial f\u00f6r h\u00f6gsta komfort. Du kan v\u00e4lja mellan 5 olika isoleringar.\" \/>\n<meta property=\"og:url\" content=\"https:\/\/brizyproducts.com\/sv\/product\/boden-special-2\/\" \/>\n<meta property=\"og:site_name\" content=\"Brizy Products\" \/>\n<meta property=\"article:publisher\" content=\"https:\/\/www.facebook.com\/brizy.1983\/\" \/>\n<meta property=\"article:modified_time\" content=\"2025-03-12T07:29:08+00:00\" \/>\n<meta property=\"og:image\" content=\"https:\/\/brizyproducts.com\/wp-content\/uploads\/2022\/10\/4-png.webp\" \/>\n\t<meta property=\"og:image:width\" content=\"3375\" \/>\n\t<meta property=\"og:image:height\" content=\"4500\" \/>\n\t<meta property=\"og:image:type\" content=\"image\/png\" \/>\n<meta name=\"twitter:card\" content=\"summary_large_image\" \/>\n<meta property=\"product:price:amount\" content=\"0.00\" \/>\n<meta property=\"product:price:currency\" content=\"USD\" \/>\n<meta property=\"og:availability\" content=\"instock\" \/>\n<meta property=\"product:availability\" content=\"instock\" \/>\n<meta property=\"product:retailer_item_id\" content=\"3821\" \/>\n<meta property=\"product:condition\" content=\"new\" \/>\n<!-- \/ Yoast SEO plugin. -->","yoast_head_json":{"title":"Boden Vinterbyxor Special | Kl\u00e4der f\u00f6r trav och stall | Brizy","description":"Uppt\u00e4ck Bodens vinterbyxor, vind- och vattent\u00e4ta, tillverkade i v\u00e5rt 4-v\u00e4gs stretchmaterial f\u00f6r h\u00f6gsta komfort. Du kan v\u00e4lja mellan 5 olika isoleringar.","robots":{"index":"index","follow":"follow","max-snippet":"max-snippet:-1","max-image-preview":"max-image-preview:large","max-video-preview":"max-video-preview:-1"},"canonical":"https:\/\/brizyproducts.com\/sv\/product\/boden-special-2\/","og_locale":"sv_SE","og_type":"article","og_title":"Boden Vinterbyxor Special | Kl\u00e4der f\u00f6r trav och stall | Brizy","og_description":"Uppt\u00e4ck Bodens vinterbyxor, vind- och vattent\u00e4ta, tillverkade i v\u00e5rt 4-v\u00e4gs stretchmaterial f\u00f6r h\u00f6gsta komfort. Du kan v\u00e4lja mellan 5 olika isoleringar.","og_url":"https:\/\/brizyproducts.com\/sv\/product\/boden-special-2\/","og_site_name":"Brizy Products","article_publisher":"https:\/\/www.facebook.com\/brizy.1983\/","article_modified_time":"2025-03-12T07:29:08+00:00","og_image":[{"width":3375,"height":4500,"url":"https:\/\/brizyproducts.com\/wp-content\/uploads\/2022\/10\/4-png.webp","type":"image\/png"}],"twitter_card":"summary_large_image","schema":{"@context":"https:\/\/schema.org","@graph":[{"@type":"WebPage","@id":"https:\/\/brizyproducts.com\/sv\/product\/boden-special-2\/","url":"https:\/\/brizyproducts.com\/sv\/product\/boden-special-2\/","name":"Boden Vinterbyxor Special | Kl\u00e4der f\u00f6r trav och stall | Brizy","isPartOf":{"@id":"https:\/\/brizyproducts.com\/sv\/#website"},"primaryImageOfPage":{"@id":"https:\/\/brizyproducts.com\/sv\/product\/boden-special-2\/#primaryimage"},"image":{"@id":"https:\/\/brizyproducts.com\/sv\/product\/boden-special-2\/#primaryimage"},"thumbnailUrl":"https:\/\/brizyproducts.com\/wp-content\/uploads\/2022\/10\/4-png.webp","datePublished":"2024-01-01T13:57:51+00:00","dateModified":"2025-03-12T07:29:08+00:00","description":"Uppt\u00e4ck Bodens vinterbyxor, vind- och vattent\u00e4ta, tillverkade i v\u00e5rt 4-v\u00e4gs stretchmaterial f\u00f6r h\u00f6gsta komfort. Du kan v\u00e4lja mellan 5 olika isoleringar.","breadcrumb":{"@id":"https:\/\/brizyproducts.com\/sv\/product\/boden-special-2\/#breadcrumb"},"inLanguage":"sv-SE","potentialAction":[{"@type":"ReadAction","target":["https:\/\/brizyproducts.com\/sv\/product\/boden-special-2\/"]}]},{"@type":"ImageObject","inLanguage":"sv-SE","@id":"https:\/\/brizyproducts.com\/sv\/product\/boden-special-2\/#primaryimage","url":"https:\/\/brizyproducts.com\/wp-content\/uploads\/2022\/10\/4-png.webp","contentUrl":"https:\/\/brizyproducts.com\/wp-content\/uploads\/2022\/10\/4-png.webp","width":2560,"height":3413},{"@type":"BreadcrumbList","@id":"https:\/\/brizyproducts.com\/sv\/product\/boden-special-2\/#breadcrumb","itemListElement":[{"@type":"ListItem","position":1,"name":"Hem","item":"https:\/\/brizyproducts.com\/sv\/"},{"@type":"ListItem","position":2,"name":"Shop","item":"https:\/\/brizyproducts.com\/sv\/shop\/"},{"@type":"ListItem","position":3,"name":"Boden Vinterbyxor Special"}]},{"@type":"WebSite","@id":"https:\/\/brizyproducts.com\/sv\/#website","url":"https:\/\/brizyproducts.com\/sv\/","name":"Brizy","description":"","publisher":{"@id":"https:\/\/brizyproducts.com\/sv\/#organization"},"potentialAction":[{"@type":"SearchAction","target":{"@type":"EntryPoint","urlTemplate":"https:\/\/brizyproducts.com\/sv\/?s={search_term_string}"},"query-input":{"@type":"PropertyValueSpecification","valueRequired":true,"valueName":"search_term_string"}}],"inLanguage":"sv-SE"},{"@type":"Organization","@id":"https:\/\/brizyproducts.com\/sv\/#organization","name":"Brizy","url":"https:\/\/brizyproducts.com\/sv\/","logo":{"@type":"ImageObject","inLanguage":"sv-SE","@id":"https:\/\/brizyproducts.com\/sv\/#\/schema\/logo\/image\/","url":"https:\/\/brizyproducts.com\/wp-content\/uploads\/2023\/12\/Brizy-old.svg","contentUrl":"https:\/\/brizyproducts.com\/wp-content\/uploads\/2023\/12\/Brizy-old.svg","width":1,"height":1,"caption":"Brizy"},"image":{"@id":"https:\/\/brizyproducts.com\/sv\/#\/schema\/logo\/image\/"},"sameAs":["https:\/\/www.facebook.com\/brizy.1983\/","https:\/\/www.linkedin.com\/company\/brizy-produktion\/"]}]},"product_price_amount":"0.00","product_price_currency":"USD","og_availability":"instock","product_availability":"instock","product_retailer_item_id":"3821","product_condition":"new"},"_links":{"self":[{"href":"https:\/\/brizyproducts.com\/sv\/wp-json\/wp\/v2\/product\/12464","targetHints":{"allow":["GET"]}}],"collection":[{"href":"https:\/\/brizyproducts.com\/sv\/wp-json\/wp\/v2\/product"}],"about":[{"href":"https:\/\/brizyproducts.com\/sv\/wp-json\/wp\/v2\/types\/product"}],"replies":[{"embeddable":true,"href":"https:\/\/brizyproducts.com\/sv\/wp-json\/wp\/v2\/comments?post=12464"}],"wp:featuredmedia":[{"embeddable":true,"href":"https:\/\/brizyproducts.com\/sv\/wp-json\/wp\/v2\/media\/12466"}],"wp:attachment":[{"href":"https:\/\/brizyproducts.com\/sv\/wp-json\/wp\/v2\/media?parent=12464"}],"wp:term":[{"taxonomy":"product_brand","embeddable":true,"href":"https:\/\/brizyproducts.com\/sv\/wp-json\/wp\/v2\/product_brand?post=12464"},{"taxonomy":"product_cat","embeddable":true,"href":"https:\/\/brizyproducts.com\/sv\/wp-json\/wp\/v2\/product_cat?post=12464"},{"taxonomy":"product_tag","embeddable":true,"href":"https:\/\/brizyproducts.com\/sv\/wp-json\/wp\/v2\/product_tag?post=12464"},{"taxonomy":"season","embeddable":true,"href":"https:\/\/brizyproducts.com\/sv\/wp-json\/wp\/v2\/season?post=12464"},{"taxonomy":"gender","embeddable":true,"href":"https:\/\/brizyproducts.com\/sv\/wp-json\/wp\/v2\/gender?post=12464"},{"taxonomy":"collection","embeddable":true,"href":"https:\/\/brizyproducts.com\/sv\/wp-json\/wp\/v2\/collection?post=12464"},{"taxonomy":"activity","embeddable":true,"href":"https:\/\/brizyproducts.com\/sv\/wp-json\/wp\/v2\/activity?post=12464"},{"taxonomy":"product_type_brizy","embeddable":true,"href":"https:\/\/brizyproducts.com\/sv\/wp-json\/wp\/v2\/product_type_brizy?post=12464"}],"curies":[{"name":"wp","href":"https:\/\/api.w.org\/{rel}","templated":true}]}}