{"id":12447,"date":"2024-01-01T14:18:18","date_gmt":"2024-01-01T14:18:18","guid":{"rendered":"https:\/\/brizyproducts.com\/product\/melbourne-special-spring-fall-jacket\/"},"modified":"2025-03-12T07:28:49","modified_gmt":"2025-03-12T07:28:49","slug":"melbourne-special-spring-fall-jacket","status":"publish","type":"product","link":"https:\/\/brizyproducts.com\/sv\/product\/melbourne-special-spring-fall-jacket\/","title":{"rendered":"Melbourne Special V\u00e5r\/H\u00f6st Jacka"},"content":{"rendered":"<p>Melbourne-jackan \u00e4r en h\u00f6gpresterande produkt som ger b\u00e5de skydd och komfort. Jackan \u00e4r utformad med vind- och vattenavvisande egenskaper och \u00e4r perfekt f\u00f6r olika v\u00e4derf\u00f6rh\u00e5llanden. Jackan \u00e4r ocks\u00e5 extremt bekv\u00e4m att b\u00e4ra tack vare sitt 4-v\u00e4gs stretchmaterial. Stretchtyget ger jackan en utm\u00e4rkt passform och l\u00e5ngvarig h\u00e5llbarhet, vilket g\u00f6r den till en p\u00e5litlig f\u00f6ljeslagare som kan st\u00e5 emot tidens tand. Utforska m\u00f6jligheten att skr\u00e4ddarsy jackan efter dina \u00f6nskem\u00e5l. V\u00e4lj bland olika f\u00e4rger, ange dina m\u00e5tt och skapa den perfekta passformen f\u00f6r dig.<\/p>\n<p><strong>Klicka p\u00e5 offerten nedan och skicka en offertf\u00f6rfr\u00e5gan eller kontakta oss g\u00e4rna direkt!<\/strong><\/p>\n","protected":false},"excerpt":{"rendered":"<p>Melbourne-jackan \u00e4r en h\u00f6gpresterande produkt som ger b\u00e5de skydd och komfort. Jackan \u00e4r utformad med vind- och vattenavvisande egenskaper och \u00e4r perfekt f\u00f6r olika v\u00e4derf\u00f6rh\u00e5llanden. Jackan \u00e4r ocks\u00e5 extremt bekv\u00e4m att b\u00e4ra tack vare sitt 4-v\u00e4gs stretchmaterial. Stretchtyget ger jackan en utm\u00e4rkt passform och l\u00e5ngvarig h\u00e5llbarhet, vilket g\u00f6r den till en p\u00e5litlig f\u00f6ljeslagare som kan [&hellip;]<\/p>\n","protected":false},"featured_media":12448,"comment_status":"closed","ping_status":"closed","template":"","meta":{"_acf_changed":false},"product_brand":[],"product_cat":[274,448],"product_tag":[],"class_list":{"0":"post-12447","1":"product","2":"type-product","3":"status-publish","4":"has-post-thumbnail","6":"product_cat-jackets","7":"product_cat-tailor-made-layout","8":"season-spring-fall","9":"gender-men","10":"collection-melbourne","11":"activity-training","12":"activity-workwear","13":"product_type_brizy-tailor-made","15":"first","16":"instock","17":"taxable","18":"shipping-taxable","19":"purchasable","20":"product-type-simple"},"acf":[],"yoast_head":"<!-- This site is optimized with the Yoast SEO plugin v27.0 - https:\/\/yoast.com\/product\/yoast-seo-wordpress\/ -->\n<title>Melbourne Special V\u00e5r\/H\u00f6st Jacka | Kl\u00e4der f\u00f6r trav och stall | Brizy<\/title>\n<meta name=\"description\" content=\"Melbourne-jackan \u00e4r en h\u00f6gpresterande produkt som ger b\u00e5de skydd och komfort. Jackan \u00e4r utformad med vind- och vattenavvisande egenskaper och \u00e4r perfekt\" \/>\n<meta name=\"robots\" content=\"index, follow, max-snippet:-1, max-image-preview:large, max-video-preview:-1\" \/>\n<link rel=\"canonical\" href=\"https:\/\/brizyproducts.com\/sv\/product\/melbourne-special-spring-fall-jacket\/\" \/>\n<meta property=\"og:locale\" content=\"sv_SE\" \/>\n<meta property=\"og:type\" content=\"article\" \/>\n<meta property=\"og:title\" content=\"Melbourne Special V\u00e5r\/H\u00f6st Jacka | Kl\u00e4der f\u00f6r trav och stall | Brizy\" \/>\n<meta property=\"og:description\" content=\"Melbourne-jackan \u00e4r en h\u00f6gpresterande produkt som ger b\u00e5de skydd och komfort. Jackan \u00e4r utformad med vind- och vattenavvisande egenskaper och \u00e4r perfekt\" \/>\n<meta property=\"og:url\" content=\"https:\/\/brizyproducts.com\/sv\/product\/melbourne-special-spring-fall-jacket\/\" \/>\n<meta property=\"og:site_name\" content=\"Brizy Products\" \/>\n<meta property=\"article:publisher\" content=\"https:\/\/www.facebook.com\/brizy.1983\/\" \/>\n<meta property=\"article:modified_time\" content=\"2025-03-12T07:28:49+00:00\" \/>\n<meta property=\"og:image\" content=\"https:\/\/brizyproducts.com\/wp-content\/uploads\/2023\/12\/2-1-1650x2200.png\" \/>\n\t<meta property=\"og:image:width\" content=\"1650\" \/>\n\t<meta property=\"og:image:height\" content=\"2200\" \/>\n\t<meta property=\"og:image:type\" content=\"image\/png\" \/>\n<meta name=\"twitter:card\" content=\"summary_large_image\" \/>\n<meta property=\"product:price:amount\" content=\"0.00\" \/>\n<meta property=\"product:price:currency\" content=\"USD\" \/>\n<meta property=\"og:availability\" content=\"instock\" \/>\n<meta property=\"product:availability\" content=\"instock\" \/>\n<meta property=\"product:retailer_item_id\" content=\"4107\" \/>\n<meta property=\"product:condition\" content=\"new\" \/>\n<!-- \/ Yoast SEO plugin. -->","yoast_head_json":{"title":"Melbourne Special V\u00e5r\/H\u00f6st Jacka | Kl\u00e4der f\u00f6r trav och stall | Brizy","description":"Melbourne-jackan \u00e4r en h\u00f6gpresterande produkt som ger b\u00e5de skydd och komfort. Jackan \u00e4r utformad med vind- och vattenavvisande egenskaper och \u00e4r perfekt","robots":{"index":"index","follow":"follow","max-snippet":"max-snippet:-1","max-image-preview":"max-image-preview:large","max-video-preview":"max-video-preview:-1"},"canonical":"https:\/\/brizyproducts.com\/sv\/product\/melbourne-special-spring-fall-jacket\/","og_locale":"sv_SE","og_type":"article","og_title":"Melbourne Special V\u00e5r\/H\u00f6st Jacka | Kl\u00e4der f\u00f6r trav och stall | Brizy","og_description":"Melbourne-jackan \u00e4r en h\u00f6gpresterande produkt som ger b\u00e5de skydd och komfort. Jackan \u00e4r utformad med vind- och vattenavvisande egenskaper och \u00e4r perfekt","og_url":"https:\/\/brizyproducts.com\/sv\/product\/melbourne-special-spring-fall-jacket\/","og_site_name":"Brizy Products","article_publisher":"https:\/\/www.facebook.com\/brizy.1983\/","article_modified_time":"2025-03-12T07:28:49+00:00","og_image":[{"width":1650,"height":2200,"url":"https:\/\/brizyproducts.com\/wp-content\/uploads\/2023\/12\/2-1-1650x2200.png","type":"image\/png"}],"twitter_card":"summary_large_image","schema":{"@context":"https:\/\/schema.org","@graph":[{"@type":"WebPage","@id":"https:\/\/brizyproducts.com\/sv\/product\/melbourne-special-spring-fall-jacket\/","url":"https:\/\/brizyproducts.com\/sv\/product\/melbourne-special-spring-fall-jacket\/","name":"Melbourne Special V\u00e5r\/H\u00f6st Jacka | Kl\u00e4der f\u00f6r trav och stall | Brizy","isPartOf":{"@id":"https:\/\/brizyproducts.com\/sv\/#website"},"primaryImageOfPage":{"@id":"https:\/\/brizyproducts.com\/sv\/product\/melbourne-special-spring-fall-jacket\/#primaryimage"},"image":{"@id":"https:\/\/brizyproducts.com\/sv\/product\/melbourne-special-spring-fall-jacket\/#primaryimage"},"thumbnailUrl":"https:\/\/brizyproducts.com\/wp-content\/uploads\/2023\/12\/2-1.png","datePublished":"2024-01-01T14:18:18+00:00","dateModified":"2025-03-12T07:28:49+00:00","description":"Melbourne-jackan \u00e4r en h\u00f6gpresterande produkt som ger b\u00e5de skydd och komfort. Jackan \u00e4r utformad med vind- och vattenavvisande egenskaper och \u00e4r perfekt","breadcrumb":{"@id":"https:\/\/brizyproducts.com\/sv\/product\/melbourne-special-spring-fall-jacket\/#breadcrumb"},"inLanguage":"sv-SE","potentialAction":[{"@type":"ReadAction","target":["https:\/\/brizyproducts.com\/sv\/product\/melbourne-special-spring-fall-jacket\/"]}]},{"@type":"ImageObject","inLanguage":"sv-SE","@id":"https:\/\/brizyproducts.com\/sv\/product\/melbourne-special-spring-fall-jacket\/#primaryimage","url":"https:\/\/brizyproducts.com\/wp-content\/uploads\/2023\/12\/2-1.png","contentUrl":"https:\/\/brizyproducts.com\/wp-content\/uploads\/2023\/12\/2-1.png","width":3375,"height":4500},{"@type":"BreadcrumbList","@id":"https:\/\/brizyproducts.com\/sv\/product\/melbourne-special-spring-fall-jacket\/#breadcrumb","itemListElement":[{"@type":"ListItem","position":1,"name":"Hem","item":"https:\/\/brizyproducts.com\/sv\/"},{"@type":"ListItem","position":2,"name":"Shop","item":"https:\/\/brizyproducts.com\/sv\/shop\/"},{"@type":"ListItem","position":3,"name":"Melbourne Special V\u00e5r\/H\u00f6st Jacka"}]},{"@type":"WebSite","@id":"https:\/\/brizyproducts.com\/sv\/#website","url":"https:\/\/brizyproducts.com\/sv\/","name":"Brizy","description":"","publisher":{"@id":"https:\/\/brizyproducts.com\/sv\/#organization"},"potentialAction":[{"@type":"SearchAction","target":{"@type":"EntryPoint","urlTemplate":"https:\/\/brizyproducts.com\/sv\/?s={search_term_string}"},"query-input":{"@type":"PropertyValueSpecification","valueRequired":true,"valueName":"search_term_string"}}],"inLanguage":"sv-SE"},{"@type":"Organization","@id":"https:\/\/brizyproducts.com\/sv\/#organization","name":"Brizy","url":"https:\/\/brizyproducts.com\/sv\/","logo":{"@type":"ImageObject","inLanguage":"sv-SE","@id":"https:\/\/brizyproducts.com\/sv\/#\/schema\/logo\/image\/","url":"https:\/\/brizyproducts.com\/wp-content\/uploads\/2023\/12\/Brizy-old.svg","contentUrl":"https:\/\/brizyproducts.com\/wp-content\/uploads\/2023\/12\/Brizy-old.svg","width":1,"height":1,"caption":"Brizy"},"image":{"@id":"https:\/\/brizyproducts.com\/sv\/#\/schema\/logo\/image\/"},"sameAs":["https:\/\/www.facebook.com\/brizy.1983\/","https:\/\/www.linkedin.com\/company\/brizy-produktion\/"]}]},"product_price_amount":"0.00","product_price_currency":"USD","og_availability":"instock","product_availability":"instock","product_retailer_item_id":"4107","product_condition":"new"},"_links":{"self":[{"href":"https:\/\/brizyproducts.com\/sv\/wp-json\/wp\/v2\/product\/12447","targetHints":{"allow":["GET"]}}],"collection":[{"href":"https:\/\/brizyproducts.com\/sv\/wp-json\/wp\/v2\/product"}],"about":[{"href":"https:\/\/brizyproducts.com\/sv\/wp-json\/wp\/v2\/types\/product"}],"replies":[{"embeddable":true,"href":"https:\/\/brizyproducts.com\/sv\/wp-json\/wp\/v2\/comments?post=12447"}],"wp:featuredmedia":[{"embeddable":true,"href":"https:\/\/brizyproducts.com\/sv\/wp-json\/wp\/v2\/media\/12448"}],"wp:attachment":[{"href":"https:\/\/brizyproducts.com\/sv\/wp-json\/wp\/v2\/media?parent=12447"}],"wp:term":[{"taxonomy":"product_brand","embeddable":true,"href":"https:\/\/brizyproducts.com\/sv\/wp-json\/wp\/v2\/product_brand?post=12447"},{"taxonomy":"product_cat","embeddable":true,"href":"https:\/\/brizyproducts.com\/sv\/wp-json\/wp\/v2\/product_cat?post=12447"},{"taxonomy":"product_tag","embeddable":true,"href":"https:\/\/brizyproducts.com\/sv\/wp-json\/wp\/v2\/product_tag?post=12447"}],"curies":[{"name":"wp","href":"https:\/\/api.w.org\/{rel}","templated":true}]}}