{"id":12441,"date":"2024-01-09T06:02:22","date_gmt":"2024-01-09T06:02:22","guid":{"rendered":"https:\/\/brizyproducts.com\/product\/melbourne-special-spring-fall-vest\/"},"modified":"2025-03-12T07:28:31","modified_gmt":"2025-03-12T07:28:31","slug":"melbourne-special-spring-fall-vest","status":"publish","type":"product","link":"https:\/\/brizyproducts.com\/sv\/product\/melbourne-special-spring-fall-vest\/","title":{"rendered":"Melbourne Special V\u00e5r\/H\u00f6st Vest"},"content":{"rendered":"<h3>Uppt\u00e4ck Lexington Spring\/Fall Vest: Perfekt f\u00f6r alla \u00e5rstider<\/h3>\n<p>Lexington All-Weather Vest \u00e4r en popul\u00e4r produkt tillverkad av v\u00e5rt slitstarka stretchmaterial kombinerat med ett Z-foder. Den st\u00e5r effektivt emot vind och regn. Denna m\u00e5ngsidiga v\u00e4st \u00e4r utformad f\u00f6r optimal passform och komfort, vilket g\u00f6r den oumb\u00e4rlig f\u00f6r selef\u00f6rare. Den \u00e4r idealisk f\u00f6r olika v\u00e4derf\u00f6rh\u00e5llanden och \u00e4r ett praktiskt och p\u00e5litligt val f\u00f6r alla ridsportgarderober.<\/p>\n<p><strong>Funktioner:<\/strong><\/p>\n<ul>\n<li>4-v\u00e4gsstretch i 100% polyester, DWR-behandlad f\u00f6r slitstyrka och vattenavvisande egenskaper.<\/li>\n<li>Z-Liner \u00e4r vind- och vattenavvisande med utm\u00e4rkt andningsf\u00f6rm\u00e5ga.<\/li>\n<li>V\u00e4sten har tv\u00e5 br\u00f6stfickor och en innerficka.<\/li>\n<li>Stretchfunktion i axlarna f\u00f6r optimal komfort och passform.<\/li>\n<li>Justerbar midjeres\u00e5r med kardborreband f\u00f6r perfekt passform.<\/li>\n<\/ul>\n<p><strong>Hur man best\u00e4ller:<\/strong><\/p>\n<ul>\n<li>Se vilka tyger och stilar som finns tillg\u00e4ngliga nedan och g\u00f6r dina val.<\/li>\n<li>Nya kunder kan g\u00f6ra sina m\u00e4tningar med hj\u00e4lp av v\u00e5r detaljerade guide. Se v\u00e5r instruktionsvideo nedan om hur du tar m\u00e5tt.<\/li>\n<li>Fyll i dina anpassningsuppgifter och skicka en offertf\u00f6rfr\u00e5gan.<\/li>\n<li>Om du har n\u00e5gra fr\u00e5gor eller beh\u00f6ver hj\u00e4lp med din best\u00e4llning \u00e4r v\u00e5rt team h\u00e4r f\u00f6r att hj\u00e4lpa dig att f\u00e5 den perfekta harness racing v\u00e4sten.<\/li>\n<\/ul>\n<p><strong>Inspiration och designhj\u00e4lp:<\/strong><\/p>\n<ul>\n<li>Om du inte har n\u00e5gon design i \u00e5tanke eller beh\u00f6ver inspiration kan v\u00e5rt team skapa anpassade designf\u00f6rslag som \u00e4r skr\u00e4ddarsydda efter dina \u00f6nskem\u00e5l.<\/li>\n<\/ul>\n<p>F\u00f6rb\u00e4ttra dina ridkl\u00e4der med Lexington All-Weather Vest. Den h\u00e4r m\u00e5ngsidiga v\u00e4sten kombinerar stil, komfort och m\u00f6jligheten att skr\u00e4ddarsy och uppfyller alla dina behov av stallkl\u00e4der. Den \u00e4r s\u00e4rskilt utformad f\u00f6r selef\u00f6rare och garanterar \u00f6verl\u00e4gsen komfort och prestanda, vilket g\u00f6r den till en viktig del av din garderob.<\/p>\n","protected":false},"excerpt":{"rendered":"<p>Uppt\u00e4ck Lexington Spring\/Fall Vest: Perfekt f\u00f6r alla \u00e5rstider Lexington All-Weather Vest \u00e4r en popul\u00e4r produkt tillverkad av v\u00e5rt slitstarka stretchmaterial kombinerat med ett Z-foder. Den st\u00e5r effektivt emot vind och regn. Denna m\u00e5ngsidiga v\u00e4st \u00e4r utformad f\u00f6r optimal passform och komfort, vilket g\u00f6r den oumb\u00e4rlig f\u00f6r selef\u00f6rare. Den \u00e4r idealisk f\u00f6r olika v\u00e4derf\u00f6rh\u00e5llanden och \u00e4r [&hellip;]<\/p>\n","protected":false},"featured_media":12442,"comment_status":"closed","ping_status":"closed","template":"","meta":{"_acf_changed":false},"product_brand":[],"product_cat":[253,448,283,267],"product_tag":[],"season":[506],"gender":[510,512],"collection":[514],"activity":[560,562],"product_type_brizy":[568],"class_list":{"0":"post-12441","1":"product","2":"type-product","3":"status-publish","4":"has-post-thumbnail","6":"product_cat-mens","7":"product_cat-tailor-made-layout","8":"product_cat-vests","9":"product_cat-womens","10":"season-spring-fall","11":"gender-men","12":"gender-women","13":"collection-lexington","14":"activity-stable","15":"activity-training","16":"product_type_brizy-custom-made","18":"first","19":"instock","20":"taxable","21":"shipping-taxable","22":"purchasable","23":"product-type-simple"},"acf":[],"yoast_head":"<!-- This site is optimized with the Yoast SEO plugin v27.4 - https:\/\/yoast.com\/product\/yoast-seo-wordpress\/ -->\n<title>Melbourne Special V\u00e5r\/H\u00f6st Vest | Kl\u00e4der f\u00f6r trav och stall | Brizy<\/title>\n<meta name=\"description\" content=\"Uppt\u00e4ck Lexington Spring\/Fall Vest: Perfekt f\u00f6r alla \u00e5rstider Lexington All-Weather Vest \u00e4r en popul\u00e4r produkt tillverkad av v\u00e5rt slitstarka\" \/>\n<meta name=\"robots\" content=\"index, follow, max-snippet:-1, max-image-preview:large, max-video-preview:-1\" \/>\n<link rel=\"canonical\" href=\"https:\/\/brizyproducts.com\/sv\/product\/melbourne-special-spring-fall-vest\/\" \/>\n<meta property=\"og:locale\" content=\"sv_SE\" \/>\n<meta property=\"og:type\" content=\"article\" \/>\n<meta property=\"og:title\" content=\"Melbourne Special V\u00e5r\/H\u00f6st Vest | Kl\u00e4der f\u00f6r trav och stall | Brizy\" \/>\n<meta property=\"og:description\" content=\"Uppt\u00e4ck Lexington Spring\/Fall Vest: Perfekt f\u00f6r alla \u00e5rstider Lexington All-Weather Vest \u00e4r en popul\u00e4r produkt tillverkad av v\u00e5rt slitstarka\" \/>\n<meta property=\"og:url\" content=\"https:\/\/brizyproducts.com\/sv\/product\/melbourne-special-spring-fall-vest\/\" \/>\n<meta property=\"og:site_name\" content=\"Brizy Products\" \/>\n<meta property=\"article:publisher\" content=\"https:\/\/www.facebook.com\/brizy.1983\/\" \/>\n<meta property=\"article:modified_time\" content=\"2025-03-12T07:28:31+00:00\" \/>\n<meta property=\"og:image\" content=\"https:\/\/brizyproducts.com\/wp-content\/uploads\/2024\/01\/2-png.webp\" \/>\n\t<meta property=\"og:image:width\" content=\"3375\" \/>\n\t<meta property=\"og:image:height\" content=\"4500\" \/>\n\t<meta property=\"og:image:type\" content=\"image\/png\" \/>\n<meta name=\"twitter:card\" content=\"summary_large_image\" \/>\n<meta property=\"product:price:amount\" content=\"0.00\" \/>\n<meta property=\"product:price:currency\" content=\"USD\" \/>\n<meta property=\"og:availability\" content=\"instock\" \/>\n<meta property=\"product:availability\" content=\"instock\" \/>\n<meta property=\"product:retailer_item_id\" content=\"4107-1\" \/>\n<meta property=\"product:condition\" content=\"new\" \/>\n<!-- \/ Yoast SEO plugin. -->","yoast_head_json":{"title":"Melbourne Special V\u00e5r\/H\u00f6st Vest | Kl\u00e4der f\u00f6r trav och stall | Brizy","description":"Uppt\u00e4ck Lexington Spring\/Fall Vest: Perfekt f\u00f6r alla \u00e5rstider Lexington All-Weather Vest \u00e4r en popul\u00e4r produkt tillverkad av v\u00e5rt slitstarka","robots":{"index":"index","follow":"follow","max-snippet":"max-snippet:-1","max-image-preview":"max-image-preview:large","max-video-preview":"max-video-preview:-1"},"canonical":"https:\/\/brizyproducts.com\/sv\/product\/melbourne-special-spring-fall-vest\/","og_locale":"sv_SE","og_type":"article","og_title":"Melbourne Special V\u00e5r\/H\u00f6st Vest | Kl\u00e4der f\u00f6r trav och stall | Brizy","og_description":"Uppt\u00e4ck Lexington Spring\/Fall Vest: Perfekt f\u00f6r alla \u00e5rstider Lexington All-Weather Vest \u00e4r en popul\u00e4r produkt tillverkad av v\u00e5rt slitstarka","og_url":"https:\/\/brizyproducts.com\/sv\/product\/melbourne-special-spring-fall-vest\/","og_site_name":"Brizy Products","article_publisher":"https:\/\/www.facebook.com\/brizy.1983\/","article_modified_time":"2025-03-12T07:28:31+00:00","og_image":[{"width":3375,"height":4500,"url":"https:\/\/brizyproducts.com\/wp-content\/uploads\/2024\/01\/2-png.webp","type":"image\/png"}],"twitter_card":"summary_large_image","schema":{"@context":"https:\/\/schema.org","@graph":[{"@type":"WebPage","@id":"https:\/\/brizyproducts.com\/sv\/product\/melbourne-special-spring-fall-vest\/","url":"https:\/\/brizyproducts.com\/sv\/product\/melbourne-special-spring-fall-vest\/","name":"Melbourne Special V\u00e5r\/H\u00f6st Vest | Kl\u00e4der f\u00f6r trav och stall | Brizy","isPartOf":{"@id":"https:\/\/brizyproducts.com\/sv\/#website"},"primaryImageOfPage":{"@id":"https:\/\/brizyproducts.com\/sv\/product\/melbourne-special-spring-fall-vest\/#primaryimage"},"image":{"@id":"https:\/\/brizyproducts.com\/sv\/product\/melbourne-special-spring-fall-vest\/#primaryimage"},"thumbnailUrl":"https:\/\/brizyproducts.com\/wp-content\/uploads\/2024\/01\/2-png.webp","datePublished":"2024-01-09T06:02:22+00:00","dateModified":"2025-03-12T07:28:31+00:00","description":"Uppt\u00e4ck Lexington Spring\/Fall Vest: Perfekt f\u00f6r alla \u00e5rstider Lexington All-Weather Vest \u00e4r en popul\u00e4r produkt tillverkad av v\u00e5rt slitstarka","breadcrumb":{"@id":"https:\/\/brizyproducts.com\/sv\/product\/melbourne-special-spring-fall-vest\/#breadcrumb"},"inLanguage":"sv-SE","potentialAction":[{"@type":"ReadAction","target":["https:\/\/brizyproducts.com\/sv\/product\/melbourne-special-spring-fall-vest\/"]}]},{"@type":"ImageObject","inLanguage":"sv-SE","@id":"https:\/\/brizyproducts.com\/sv\/product\/melbourne-special-spring-fall-vest\/#primaryimage","url":"https:\/\/brizyproducts.com\/wp-content\/uploads\/2024\/01\/2-png.webp","contentUrl":"https:\/\/brizyproducts.com\/wp-content\/uploads\/2024\/01\/2-png.webp","width":2560,"height":3413},{"@type":"BreadcrumbList","@id":"https:\/\/brizyproducts.com\/sv\/product\/melbourne-special-spring-fall-vest\/#breadcrumb","itemListElement":[{"@type":"ListItem","position":1,"name":"Hem","item":"https:\/\/brizyproducts.com\/sv\/"},{"@type":"ListItem","position":2,"name":"Shop","item":"https:\/\/brizyproducts.com\/sv\/shop\/"},{"@type":"ListItem","position":3,"name":"Melbourne Special V\u00e5r\/H\u00f6st Vest"}]},{"@type":"WebSite","@id":"https:\/\/brizyproducts.com\/sv\/#website","url":"https:\/\/brizyproducts.com\/sv\/","name":"Brizy","description":"","publisher":{"@id":"https:\/\/brizyproducts.com\/sv\/#organization"},"potentialAction":[{"@type":"SearchAction","target":{"@type":"EntryPoint","urlTemplate":"https:\/\/brizyproducts.com\/sv\/?s={search_term_string}"},"query-input":{"@type":"PropertyValueSpecification","valueRequired":true,"valueName":"search_term_string"}}],"inLanguage":"sv-SE"},{"@type":"Organization","@id":"https:\/\/brizyproducts.com\/sv\/#organization","name":"Brizy","url":"https:\/\/brizyproducts.com\/sv\/","logo":{"@type":"ImageObject","inLanguage":"sv-SE","@id":"https:\/\/brizyproducts.com\/sv\/#\/schema\/logo\/image\/","url":"https:\/\/brizyproducts.com\/wp-content\/uploads\/2023\/12\/Brizy-old.svg","contentUrl":"https:\/\/brizyproducts.com\/wp-content\/uploads\/2023\/12\/Brizy-old.svg","width":1,"height":1,"caption":"Brizy"},"image":{"@id":"https:\/\/brizyproducts.com\/sv\/#\/schema\/logo\/image\/"},"sameAs":["https:\/\/www.facebook.com\/brizy.1983\/","https:\/\/www.linkedin.com\/company\/brizy-produktion\/"]}]},"product_price_amount":"0.00","product_price_currency":"USD","og_availability":"instock","product_availability":"instock","product_retailer_item_id":"4107-1","product_condition":"new"},"_links":{"self":[{"href":"https:\/\/brizyproducts.com\/sv\/wp-json\/wp\/v2\/product\/12441","targetHints":{"allow":["GET"]}}],"collection":[{"href":"https:\/\/brizyproducts.com\/sv\/wp-json\/wp\/v2\/product"}],"about":[{"href":"https:\/\/brizyproducts.com\/sv\/wp-json\/wp\/v2\/types\/product"}],"replies":[{"embeddable":true,"href":"https:\/\/brizyproducts.com\/sv\/wp-json\/wp\/v2\/comments?post=12441"}],"wp:featuredmedia":[{"embeddable":true,"href":"https:\/\/brizyproducts.com\/sv\/wp-json\/wp\/v2\/media\/12442"}],"wp:attachment":[{"href":"https:\/\/brizyproducts.com\/sv\/wp-json\/wp\/v2\/media?parent=12441"}],"wp:term":[{"taxonomy":"product_brand","embeddable":true,"href":"https:\/\/brizyproducts.com\/sv\/wp-json\/wp\/v2\/product_brand?post=12441"},{"taxonomy":"product_cat","embeddable":true,"href":"https:\/\/brizyproducts.com\/sv\/wp-json\/wp\/v2\/product_cat?post=12441"},{"taxonomy":"product_tag","embeddable":true,"href":"https:\/\/brizyproducts.com\/sv\/wp-json\/wp\/v2\/product_tag?post=12441"},{"taxonomy":"season","embeddable":true,"href":"https:\/\/brizyproducts.com\/sv\/wp-json\/wp\/v2\/season?post=12441"},{"taxonomy":"gender","embeddable":true,"href":"https:\/\/brizyproducts.com\/sv\/wp-json\/wp\/v2\/gender?post=12441"},{"taxonomy":"collection","embeddable":true,"href":"https:\/\/brizyproducts.com\/sv\/wp-json\/wp\/v2\/collection?post=12441"},{"taxonomy":"activity","embeddable":true,"href":"https:\/\/brizyproducts.com\/sv\/wp-json\/wp\/v2\/activity?post=12441"},{"taxonomy":"product_type_brizy","embeddable":true,"href":"https:\/\/brizyproducts.com\/sv\/wp-json\/wp\/v2\/product_type_brizy?post=12441"}],"curies":[{"name":"wp","href":"https:\/\/api.w.org\/{rel}","templated":true}]}}