{"id":12417,"date":"2024-03-13T16:43:53","date_gmt":"2024-03-13T16:43:53","guid":{"rendered":"https:\/\/brizyproducts.com\/product\/sydney-special-summer-jacket\/"},"modified":"2025-03-12T07:27:59","modified_gmt":"2025-03-12T07:27:59","slug":"sydney-special-summer-jacket","status":"publish","type":"product","link":"https:\/\/brizyproducts.com\/sv\/product\/sydney-special-summer-jacket\/","title":{"rendered":"Sydney Special Sommarjacka"},"content":{"rendered":"<p>Uppt\u00e4ck v\u00e5r l\u00e4tta och slitstarka Sidney-jacka, tillverkad i 4-v\u00e4gs stretchmaterial f\u00f6r en otroligt bekv\u00e4m passform. Oavsett om du arbetar i stallet eller st\u00e4ndigt \u00e4r p\u00e5 spr\u00e5ng \u00e4r Sidney-jackan utformad f\u00f6r att uppfylla dina behov. Utforska m\u00f6jligheten att skr\u00e4ddarsy jackan efter dina \u00f6nskem\u00e5l. V\u00e4lj bland olika f\u00e4rger, ange dina m\u00e5tt och skapa den perfekta passformen f\u00f6r dig.<\/p>\n<p><strong>Klicka p\u00e5 offerten nedan och skicka in din f\u00f6rfr\u00e5gan eller kontakta oss g\u00e4rna direkt!<\/strong><\/p>\n","protected":false},"excerpt":{"rendered":"<p>Uppt\u00e4ck v\u00e5r l\u00e4tta och slitstarka Sidney-jacka, tillverkad i 4-v\u00e4gs stretchmaterial f\u00f6r en otroligt bekv\u00e4m passform. Oavsett om du arbetar i stallet eller st\u00e4ndigt \u00e4r p\u00e5 spr\u00e5ng \u00e4r Sidney-jackan utformad f\u00f6r att uppfylla dina behov. Utforska m\u00f6jligheten att skr\u00e4ddarsy jackan efter dina \u00f6nskem\u00e5l. V\u00e4lj bland olika f\u00e4rger, ange dina m\u00e5tt och skapa den perfekta passformen f\u00f6r [&hellip;]<\/p>\n","protected":false},"featured_media":12418,"comment_status":"closed","ping_status":"closed","template":"","meta":{"_acf_changed":false},"product_brand":[],"product_cat":[274,448],"product_tag":[],"season":[502],"gender":[510,512],"collection":[522],"activity":[560,562],"product_type_brizy":[568],"class_list":{"0":"post-12417","1":"product","2":"type-product","3":"status-publish","4":"has-post-thumbnail","6":"product_cat-jackets","7":"product_cat-tailor-made-layout","8":"season-summer","9":"gender-men","10":"gender-women","11":"collection-sydney","12":"activity-stable","13":"activity-training","14":"product_type_brizy-custom-made","16":"first","17":"instock","18":"taxable","19":"shipping-taxable","20":"purchasable","21":"product-type-simple"},"acf":[],"yoast_head":"<!-- This site is optimized with the Yoast SEO plugin v27.4 - https:\/\/yoast.com\/product\/yoast-seo-wordpress\/ -->\n<title>Sydney Special Sommarjacka | Kl\u00e4der f\u00f6r trav och stall | Brizy<\/title>\n<meta name=\"description\" content=\"Uppt\u00e4ck v\u00e5r l\u00e4tta och slitstarka Sidney-jacka, tillverkad i 4-v\u00e4gs stretchmaterial f\u00f6r en otroligt bekv\u00e4m passform. Oavsett om du arbetar i stallet eller\" \/>\n<meta name=\"robots\" content=\"index, follow, max-snippet:-1, max-image-preview:large, max-video-preview:-1\" \/>\n<link rel=\"canonical\" href=\"https:\/\/brizyproducts.com\/sv\/product\/sydney-special-summer-jacket\/\" \/>\n<meta property=\"og:locale\" content=\"sv_SE\" \/>\n<meta property=\"og:type\" content=\"article\" \/>\n<meta property=\"og:title\" content=\"Sydney Special Sommarjacka | Kl\u00e4der f\u00f6r trav och stall | Brizy\" \/>\n<meta property=\"og:description\" content=\"Uppt\u00e4ck v\u00e5r l\u00e4tta och slitstarka Sidney-jacka, tillverkad i 4-v\u00e4gs stretchmaterial f\u00f6r en otroligt bekv\u00e4m passform. Oavsett om du arbetar i stallet eller\" \/>\n<meta property=\"og:url\" content=\"https:\/\/brizyproducts.com\/sv\/product\/sydney-special-summer-jacket\/\" \/>\n<meta property=\"og:site_name\" content=\"Brizy Products\" \/>\n<meta property=\"article:publisher\" content=\"https:\/\/www.facebook.com\/brizy.1983\/\" \/>\n<meta property=\"article:modified_time\" content=\"2025-03-12T07:27:59+00:00\" \/>\n<meta property=\"og:image\" content=\"https:\/\/brizyproducts.com\/wp-content\/uploads\/2024\/03\/2-png.webp\" \/>\n\t<meta property=\"og:image:width\" content=\"3375\" \/>\n\t<meta property=\"og:image:height\" content=\"4500\" \/>\n\t<meta property=\"og:image:type\" content=\"image\/png\" \/>\n<meta name=\"twitter:card\" content=\"summary_large_image\" \/>\n<meta property=\"product:price:amount\" content=\"0.00\" \/>\n<meta property=\"product:price:currency\" content=\"USD\" \/>\n<meta property=\"og:availability\" content=\"instock\" \/>\n<meta property=\"product:availability\" content=\"instock\" \/>\n<meta property=\"product:retailer_item_id\" content=\"4107-3\" \/>\n<meta property=\"product:condition\" content=\"new\" \/>\n<!-- \/ Yoast SEO plugin. -->","yoast_head_json":{"title":"Sydney Special Sommarjacka | Kl\u00e4der f\u00f6r trav och stall | Brizy","description":"Uppt\u00e4ck v\u00e5r l\u00e4tta och slitstarka Sidney-jacka, tillverkad i 4-v\u00e4gs stretchmaterial f\u00f6r en otroligt bekv\u00e4m passform. Oavsett om du arbetar i stallet eller","robots":{"index":"index","follow":"follow","max-snippet":"max-snippet:-1","max-image-preview":"max-image-preview:large","max-video-preview":"max-video-preview:-1"},"canonical":"https:\/\/brizyproducts.com\/sv\/product\/sydney-special-summer-jacket\/","og_locale":"sv_SE","og_type":"article","og_title":"Sydney Special Sommarjacka | Kl\u00e4der f\u00f6r trav och stall | Brizy","og_description":"Uppt\u00e4ck v\u00e5r l\u00e4tta och slitstarka Sidney-jacka, tillverkad i 4-v\u00e4gs stretchmaterial f\u00f6r en otroligt bekv\u00e4m passform. Oavsett om du arbetar i stallet eller","og_url":"https:\/\/brizyproducts.com\/sv\/product\/sydney-special-summer-jacket\/","og_site_name":"Brizy Products","article_publisher":"https:\/\/www.facebook.com\/brizy.1983\/","article_modified_time":"2025-03-12T07:27:59+00:00","og_image":[{"width":3375,"height":4500,"url":"https:\/\/brizyproducts.com\/wp-content\/uploads\/2024\/03\/2-png.webp","type":"image\/png"}],"twitter_card":"summary_large_image","schema":{"@context":"https:\/\/schema.org","@graph":[{"@type":"WebPage","@id":"https:\/\/brizyproducts.com\/sv\/product\/sydney-special-summer-jacket\/","url":"https:\/\/brizyproducts.com\/sv\/product\/sydney-special-summer-jacket\/","name":"Sydney Special Sommarjacka | Kl\u00e4der f\u00f6r trav och stall | Brizy","isPartOf":{"@id":"https:\/\/brizyproducts.com\/sv\/#website"},"primaryImageOfPage":{"@id":"https:\/\/brizyproducts.com\/sv\/product\/sydney-special-summer-jacket\/#primaryimage"},"image":{"@id":"https:\/\/brizyproducts.com\/sv\/product\/sydney-special-summer-jacket\/#primaryimage"},"thumbnailUrl":"https:\/\/brizyproducts.com\/wp-content\/uploads\/2024\/03\/2-png.webp","datePublished":"2024-03-13T16:43:53+00:00","dateModified":"2025-03-12T07:27:59+00:00","description":"Uppt\u00e4ck v\u00e5r l\u00e4tta och slitstarka Sidney-jacka, tillverkad i 4-v\u00e4gs stretchmaterial f\u00f6r en otroligt bekv\u00e4m passform. Oavsett om du arbetar i stallet eller","breadcrumb":{"@id":"https:\/\/brizyproducts.com\/sv\/product\/sydney-special-summer-jacket\/#breadcrumb"},"inLanguage":"sv-SE","potentialAction":[{"@type":"ReadAction","target":["https:\/\/brizyproducts.com\/sv\/product\/sydney-special-summer-jacket\/"]}]},{"@type":"ImageObject","inLanguage":"sv-SE","@id":"https:\/\/brizyproducts.com\/sv\/product\/sydney-special-summer-jacket\/#primaryimage","url":"https:\/\/brizyproducts.com\/wp-content\/uploads\/2024\/03\/2-png.webp","contentUrl":"https:\/\/brizyproducts.com\/wp-content\/uploads\/2024\/03\/2-png.webp","width":2560,"height":3413},{"@type":"BreadcrumbList","@id":"https:\/\/brizyproducts.com\/sv\/product\/sydney-special-summer-jacket\/#breadcrumb","itemListElement":[{"@type":"ListItem","position":1,"name":"Hem","item":"https:\/\/brizyproducts.com\/sv\/start-april-2026\/"},{"@type":"ListItem","position":2,"name":"Shop","item":"https:\/\/brizyproducts.com\/sv\/shop\/"},{"@type":"ListItem","position":3,"name":"Sydney Special Sommarjacka"}]},{"@type":"WebSite","@id":"https:\/\/brizyproducts.com\/sv\/#website","url":"https:\/\/brizyproducts.com\/sv\/","name":"Brizy","description":"","publisher":{"@id":"https:\/\/brizyproducts.com\/sv\/#organization"},"potentialAction":[{"@type":"SearchAction","target":{"@type":"EntryPoint","urlTemplate":"https:\/\/brizyproducts.com\/sv\/?s={search_term_string}"},"query-input":{"@type":"PropertyValueSpecification","valueRequired":true,"valueName":"search_term_string"}}],"inLanguage":"sv-SE"},{"@type":"Organization","@id":"https:\/\/brizyproducts.com\/sv\/#organization","name":"Brizy","url":"https:\/\/brizyproducts.com\/sv\/","logo":{"@type":"ImageObject","inLanguage":"sv-SE","@id":"https:\/\/brizyproducts.com\/sv\/#\/schema\/logo\/image\/","url":"https:\/\/brizyproducts.com\/wp-content\/uploads\/2023\/12\/Brizy-old.svg","contentUrl":"https:\/\/brizyproducts.com\/wp-content\/uploads\/2023\/12\/Brizy-old.svg","width":1,"height":1,"caption":"Brizy"},"image":{"@id":"https:\/\/brizyproducts.com\/sv\/#\/schema\/logo\/image\/"},"sameAs":["https:\/\/www.facebook.com\/brizy.1983\/","https:\/\/www.linkedin.com\/company\/brizy-produktion\/"]}]},"product_price_amount":"0.00","product_price_currency":"USD","og_availability":"instock","product_availability":"instock","product_retailer_item_id":"4107-3","product_condition":"new"},"_links":{"self":[{"href":"https:\/\/brizyproducts.com\/sv\/wp-json\/wp\/v2\/product\/12417","targetHints":{"allow":["GET"]}}],"collection":[{"href":"https:\/\/brizyproducts.com\/sv\/wp-json\/wp\/v2\/product"}],"about":[{"href":"https:\/\/brizyproducts.com\/sv\/wp-json\/wp\/v2\/types\/product"}],"replies":[{"embeddable":true,"href":"https:\/\/brizyproducts.com\/sv\/wp-json\/wp\/v2\/comments?post=12417"}],"wp:featuredmedia":[{"embeddable":true,"href":"https:\/\/brizyproducts.com\/sv\/wp-json\/wp\/v2\/media\/12418"}],"wp:attachment":[{"href":"https:\/\/brizyproducts.com\/sv\/wp-json\/wp\/v2\/media?parent=12417"}],"wp:term":[{"taxonomy":"product_brand","embeddable":true,"href":"https:\/\/brizyproducts.com\/sv\/wp-json\/wp\/v2\/product_brand?post=12417"},{"taxonomy":"product_cat","embeddable":true,"href":"https:\/\/brizyproducts.com\/sv\/wp-json\/wp\/v2\/product_cat?post=12417"},{"taxonomy":"product_tag","embeddable":true,"href":"https:\/\/brizyproducts.com\/sv\/wp-json\/wp\/v2\/product_tag?post=12417"},{"taxonomy":"season","embeddable":true,"href":"https:\/\/brizyproducts.com\/sv\/wp-json\/wp\/v2\/season?post=12417"},{"taxonomy":"gender","embeddable":true,"href":"https:\/\/brizyproducts.com\/sv\/wp-json\/wp\/v2\/gender?post=12417"},{"taxonomy":"collection","embeddable":true,"href":"https:\/\/brizyproducts.com\/sv\/wp-json\/wp\/v2\/collection?post=12417"},{"taxonomy":"activity","embeddable":true,"href":"https:\/\/brizyproducts.com\/sv\/wp-json\/wp\/v2\/activity?post=12417"},{"taxonomy":"product_type_brizy","embeddable":true,"href":"https:\/\/brizyproducts.com\/sv\/wp-json\/wp\/v2\/product_type_brizy?post=12417"}],"curies":[{"name":"wp","href":"https:\/\/api.w.org\/{rel}","templated":true}]}}