{"id":12404,"date":"2024-03-26T13:44:53","date_gmt":"2024-03-26T13:44:53","guid":{"rendered":"https:\/\/brizyproducts.com\/product\/tioga-rain-pants\/"},"modified":"2026-01-08T13:18:59","modified_gmt":"2026-01-08T13:18:59","slug":"tioga-rain-pants","status":"publish","type":"product","link":"https:\/\/brizyproducts.com\/sv\/product\/tioga-rain-pants\/","title":{"rendered":"Tioga Regnbyxor"},"content":{"rendered":"<h2><strong>Regnbyxor f\u00f6r stallet och t\u00e4vling<\/strong><\/h2>\n<p>Tioga Regnbyxor \u00e4r det sj\u00e4lvklara valet f\u00f6r dig som kusk och stallpersonal som s\u00f6ker slitstarka och anv\u00e4ndbara byxor, b\u00e5de i stallet och p\u00e5 t\u00e4vlingar.<\/p>\n<p>Den vatten- och vindt\u00e4ta ytan st\u00e5r emot regn och vin vilket h\u00e5ller dig torr oavsett v\u00e4der. De avtagbara h\u00e4ngslen och en elastisk midja med dragsko ger en justerbar passform som g\u00f6r att de passar perfekt, \u00e4ven n\u00e4r du jobbar. Byxornas vita f\u00e4rg g\u00f6r dem godk\u00e4nda f\u00f6r anv\u00e4ndning under t\u00e4vlingsdagar. Det g\u00f6r att du kan matcha dem med dina t\u00e4vlingsf\u00e4rger eller anv\u00e4nda under v\u00e4rmning p\u00e5 t\u00e4vlingsbanor.<\/p>\n<p>Ett par m\u00e5ngsidiga regnbyxor som st\u00e5r emot v\u00e5rens och h\u00f6stens ober\u00e4kneliga v\u00e4der.<\/p>\n","protected":false},"excerpt":{"rendered":"<p>Vita regnbyxor perfekta f\u00f6r b\u00e5de tr\u00e4ning, uppv\u00e4rmning och t\u00e4vling.<\/p>\n","protected":false},"featured_media":12405,"comment_status":"closed","ping_status":"closed","template":"","meta":{"_acf_changed":false},"product_brand":[],"product_cat":[254],"product_tag":[],"season":[508,506,502],"gender":[510],"collection":[538],"activity":[562,564],"product_type_brizy":[570],"class_list":{"0":"post-12404","1":"product","2":"type-product","3":"status-publish","4":"has-post-thumbnail","6":"product_cat-trousers","7":"season-rain","8":"season-spring-fall","9":"season-summer","10":"gender-men","11":"collection-tioga","12":"activity-training","13":"activity-trotting","14":"product_type_brizy-stock-products","16":"first","17":"instock","18":"taxable","19":"shipping-taxable","20":"purchasable","21":"product-type-variable"},"acf":[],"yoast_head":"<!-- This site is optimized with the Yoast SEO plugin v27.4 - https:\/\/yoast.com\/product\/yoast-seo-wordpress\/ -->\n<title>Tioga Regnbyxor | Regnbyxor f\u00f6r travtr\u00e4nare och kuskar | Brizy<\/title>\n<meta name=\"description\" content=\"Ett par regnbyxor speciellt gjorda f\u00f6r att kunna anv\u00e4ndas under de regniga t\u00e4vlingsdagarna. Perfekta f\u00f6r travkuskar och tr\u00e4nare.\" \/>\n<meta name=\"robots\" content=\"index, follow, max-snippet:-1, max-image-preview:large, max-video-preview:-1\" \/>\n<link rel=\"canonical\" href=\"https:\/\/brizyproducts.com\/sv\/product\/tioga-rain-pants\/\" \/>\n<meta property=\"og:locale\" content=\"sv_SE\" \/>\n<meta property=\"og:type\" content=\"article\" \/>\n<meta property=\"og:title\" content=\"Tioga Regnbyxor | Regnbyxor f\u00f6r travtr\u00e4nare och kuskar | Brizy\" \/>\n<meta property=\"og:description\" content=\"Ett par regnbyxor speciellt gjorda f\u00f6r att kunna anv\u00e4ndas under de regniga t\u00e4vlingsdagarna. Perfekta f\u00f6r travkuskar och tr\u00e4nare.\" \/>\n<meta property=\"og:url\" content=\"https:\/\/brizyproducts.com\/sv\/product\/tioga-rain-pants\/\" \/>\n<meta property=\"og:site_name\" content=\"Brizy Products\" \/>\n<meta property=\"article:publisher\" content=\"https:\/\/www.facebook.com\/brizy.1983\/\" \/>\n<meta property=\"article:modified_time\" content=\"2026-01-08T13:18:59+00:00\" \/>\n<meta property=\"og:image\" content=\"https:\/\/brizyproducts.com\/wp-content\/uploads\/2024\/03\/3-1-png.webp\" \/>\n\t<meta property=\"og:image:width\" content=\"3375\" \/>\n\t<meta property=\"og:image:height\" content=\"4500\" \/>\n\t<meta property=\"og:image:type\" content=\"image\/png\" \/>\n<meta name=\"twitter:card\" content=\"summary_large_image\" \/>\n<meta property=\"og:availability\" content=\"instock\" \/>\n<meta property=\"product:availability\" content=\"instock\" \/>\n<meta property=\"product:condition\" content=\"new\" \/>\n<!-- \/ Yoast SEO plugin. -->","yoast_head_json":{"title":"Tioga Regnbyxor | Regnbyxor f\u00f6r travtr\u00e4nare och kuskar | Brizy","description":"Ett par regnbyxor speciellt gjorda f\u00f6r att kunna anv\u00e4ndas under de regniga t\u00e4vlingsdagarna. Perfekta f\u00f6r travkuskar och tr\u00e4nare.","robots":{"index":"index","follow":"follow","max-snippet":"max-snippet:-1","max-image-preview":"max-image-preview:large","max-video-preview":"max-video-preview:-1"},"canonical":"https:\/\/brizyproducts.com\/sv\/product\/tioga-rain-pants\/","og_locale":"sv_SE","og_type":"article","og_title":"Tioga Regnbyxor | Regnbyxor f\u00f6r travtr\u00e4nare och kuskar | Brizy","og_description":"Ett par regnbyxor speciellt gjorda f\u00f6r att kunna anv\u00e4ndas under de regniga t\u00e4vlingsdagarna. Perfekta f\u00f6r travkuskar och tr\u00e4nare.","og_url":"https:\/\/brizyproducts.com\/sv\/product\/tioga-rain-pants\/","og_site_name":"Brizy Products","article_publisher":"https:\/\/www.facebook.com\/brizy.1983\/","article_modified_time":"2026-01-08T13:18:59+00:00","og_image":[{"width":3375,"height":4500,"url":"https:\/\/brizyproducts.com\/wp-content\/uploads\/2024\/03\/3-1-png.webp","type":"image\/png"}],"twitter_card":"summary_large_image","schema":{"@context":"https:\/\/schema.org","@graph":[{"@type":"WebPage","@id":"https:\/\/brizyproducts.com\/sv\/product\/tioga-rain-pants\/","url":"https:\/\/brizyproducts.com\/sv\/product\/tioga-rain-pants\/","name":"Tioga Regnbyxor | Regnbyxor f\u00f6r travtr\u00e4nare och kuskar | Brizy","isPartOf":{"@id":"https:\/\/brizyproducts.com\/sv\/#website"},"primaryImageOfPage":{"@id":"https:\/\/brizyproducts.com\/sv\/product\/tioga-rain-pants\/#primaryimage"},"image":{"@id":"https:\/\/brizyproducts.com\/sv\/product\/tioga-rain-pants\/#primaryimage"},"thumbnailUrl":"https:\/\/brizyproducts.com\/wp-content\/uploads\/2024\/03\/3-1-png.webp","datePublished":"2024-03-26T13:44:53+00:00","dateModified":"2026-01-08T13:18:59+00:00","description":"Ett par regnbyxor speciellt gjorda f\u00f6r att kunna anv\u00e4ndas under de regniga t\u00e4vlingsdagarna. Perfekta f\u00f6r travkuskar och tr\u00e4nare.","breadcrumb":{"@id":"https:\/\/brizyproducts.com\/sv\/product\/tioga-rain-pants\/#breadcrumb"},"inLanguage":"sv-SE","potentialAction":[{"@type":"ReadAction","target":["https:\/\/brizyproducts.com\/sv\/product\/tioga-rain-pants\/"]}]},{"@type":"ImageObject","inLanguage":"sv-SE","@id":"https:\/\/brizyproducts.com\/sv\/product\/tioga-rain-pants\/#primaryimage","url":"https:\/\/brizyproducts.com\/wp-content\/uploads\/2024\/03\/3-1-png.webp","contentUrl":"https:\/\/brizyproducts.com\/wp-content\/uploads\/2024\/03\/3-1-png.webp","width":2560,"height":3413},{"@type":"BreadcrumbList","@id":"https:\/\/brizyproducts.com\/sv\/product\/tioga-rain-pants\/#breadcrumb","itemListElement":[{"@type":"ListItem","position":1,"name":"Hem","item":"https:\/\/brizyproducts.com\/sv\/"},{"@type":"ListItem","position":2,"name":"Shop","item":"https:\/\/brizyproducts.com\/sv\/shop\/"},{"@type":"ListItem","position":3,"name":"Tioga Regnbyxor"}]},{"@type":"WebSite","@id":"https:\/\/brizyproducts.com\/sv\/#website","url":"https:\/\/brizyproducts.com\/sv\/","name":"Brizy","description":"","publisher":{"@id":"https:\/\/brizyproducts.com\/sv\/#organization"},"potentialAction":[{"@type":"SearchAction","target":{"@type":"EntryPoint","urlTemplate":"https:\/\/brizyproducts.com\/sv\/?s={search_term_string}"},"query-input":{"@type":"PropertyValueSpecification","valueRequired":true,"valueName":"search_term_string"}}],"inLanguage":"sv-SE"},{"@type":"Organization","@id":"https:\/\/brizyproducts.com\/sv\/#organization","name":"Brizy","url":"https:\/\/brizyproducts.com\/sv\/","logo":{"@type":"ImageObject","inLanguage":"sv-SE","@id":"https:\/\/brizyproducts.com\/sv\/#\/schema\/logo\/image\/","url":"https:\/\/brizyproducts.com\/wp-content\/uploads\/2023\/12\/Brizy-old.svg","contentUrl":"https:\/\/brizyproducts.com\/wp-content\/uploads\/2023\/12\/Brizy-old.svg","width":1,"height":1,"caption":"Brizy"},"image":{"@id":"https:\/\/brizyproducts.com\/sv\/#\/schema\/logo\/image\/"},"sameAs":["https:\/\/www.facebook.com\/brizy.1983\/","https:\/\/www.linkedin.com\/company\/brizy-produktion\/"]}]},"og_availability":"instock","product_availability":"instock","product_condition":"new"},"_links":{"self":[{"href":"https:\/\/brizyproducts.com\/sv\/wp-json\/wp\/v2\/product\/12404","targetHints":{"allow":["GET"]}}],"collection":[{"href":"https:\/\/brizyproducts.com\/sv\/wp-json\/wp\/v2\/product"}],"about":[{"href":"https:\/\/brizyproducts.com\/sv\/wp-json\/wp\/v2\/types\/product"}],"replies":[{"embeddable":true,"href":"https:\/\/brizyproducts.com\/sv\/wp-json\/wp\/v2\/comments?post=12404"}],"wp:featuredmedia":[{"embeddable":true,"href":"https:\/\/brizyproducts.com\/sv\/wp-json\/wp\/v2\/media\/12405"}],"wp:attachment":[{"href":"https:\/\/brizyproducts.com\/sv\/wp-json\/wp\/v2\/media?parent=12404"}],"wp:term":[{"taxonomy":"product_brand","embeddable":true,"href":"https:\/\/brizyproducts.com\/sv\/wp-json\/wp\/v2\/product_brand?post=12404"},{"taxonomy":"product_cat","embeddable":true,"href":"https:\/\/brizyproducts.com\/sv\/wp-json\/wp\/v2\/product_cat?post=12404"},{"taxonomy":"product_tag","embeddable":true,"href":"https:\/\/brizyproducts.com\/sv\/wp-json\/wp\/v2\/product_tag?post=12404"},{"taxonomy":"season","embeddable":true,"href":"https:\/\/brizyproducts.com\/sv\/wp-json\/wp\/v2\/season?post=12404"},{"taxonomy":"gender","embeddable":true,"href":"https:\/\/brizyproducts.com\/sv\/wp-json\/wp\/v2\/gender?post=12404"},{"taxonomy":"collection","embeddable":true,"href":"https:\/\/brizyproducts.com\/sv\/wp-json\/wp\/v2\/collection?post=12404"},{"taxonomy":"activity","embeddable":true,"href":"https:\/\/brizyproducts.com\/sv\/wp-json\/wp\/v2\/activity?post=12404"},{"taxonomy":"product_type_brizy","embeddable":true,"href":"https:\/\/brizyproducts.com\/sv\/wp-json\/wp\/v2\/product_type_brizy?post=12404"}],"curies":[{"name":"wp","href":"https:\/\/api.w.org\/{rel}","templated":true}]}}