{"id":12379,"date":"2025-11-18T11:42:53","date_gmt":"2025-11-18T11:42:53","guid":{"rendered":"https:\/\/brizyproducts.com\/product\/bergen-rain-pants\/"},"modified":"2026-03-01T18:33:58","modified_gmt":"2026-03-01T18:33:58","slug":"bergen-rain-pants","status":"publish","type":"product","link":"https:\/\/brizyproducts.com\/sv\/product\/bergen-rain-pants\/","title":{"rendered":"Bergen Regnbyxor"},"content":{"rendered":"<h2><strong>Slitstarka regnbyxor till stallet<\/strong><\/h2>\n<p>Bergen regnbyxor \u00e4r optimala f\u00f6r dig som vill ha slitstarka och t\u00e5liga byxor till stallet. Gummiytan och de svetsade s\u00f6mmarna ger dig skydd mot vind och vatten s\u00e5 du h\u00e5ller dig torr hela dagen. Byxornas l\u00e4ttviktsisoleringen h\u00e5ller dig varm utan att det k\u00e4nns tungt. Kardborrejustering och elastiska muddar i regnbyxornas nederkant h\u00e5ller grus borta f\u00f6r h\u00f6gre komfort och h\u00e4ngslena g\u00f6r att de sitter p\u00e5 plats \u00e4ven n\u00e4r du jobbar. Perfekta regnbyxor f\u00f6r v\u00e5r-, vinter- och h\u00f6stdagar.<\/p>\n<p>Byxorna \u00e4r normal i passformen, vi rekommenderar att du v\u00e4ljer din vanliga storlek.<\/p>\n","protected":false},"excerpt":{"rendered":"<p>T\u00e5liga regnbyxor f\u00f6r k\u00f6rning och stallarbete.<\/p>\n","protected":false},"featured_media":12091,"comment_status":"closed","ping_status":"closed","template":"","meta":{"_acf_changed":false},"product_brand":[],"product_cat":[575,254],"product_tag":[291],"class_list":{"0":"post-12379","1":"product","2":"type-product","3":"status-publish","4":"has-post-thumbnail","6":"product_cat-black-friday","7":"product_cat-trousers","8":"product_tag-bergen-sv","9":"season-rain","10":"season-spring-fall","11":"season-winter","12":"gender-men","13":"collection-bergen","14":"activity-training","15":"activity-workwear","16":"product_type_brizy-stock-products","18":"first","19":"instock","20":"taxable","21":"shipping-taxable","22":"purchasable","23":"product-type-variable"},"acf":[],"yoast_head":"<!-- This site is optimized with the Yoast SEO plugin v27.0 - https:\/\/yoast.com\/product\/yoast-seo-wordpress\/ -->\n<title>Bergen Regnbyxor | Regnbyxor f\u00f6r travtr\u00e4nare och kuskar | Brizy<\/title>\n<meta name=\"description\" content=\"Ett par regnbyxor speciellt gjorda f\u00f6r att klara av de tuffa f\u00f6rh\u00e5llandena i stallet och n\u00e4r man tr\u00e4nar h\u00e4st. Perfekta f\u00f6r travtr\u00e4nare och kuskar.\" \/>\n<meta name=\"robots\" content=\"index, follow, max-snippet:-1, max-image-preview:large, max-video-preview:-1\" \/>\n<link rel=\"canonical\" href=\"https:\/\/brizyproducts.com\/sv\/product\/bergen-rain-pants\/\" \/>\n<meta property=\"og:locale\" content=\"sv_SE\" \/>\n<meta property=\"og:type\" content=\"article\" \/>\n<meta property=\"og:title\" content=\"Bergen Regnbyxor | Regnbyxor f\u00f6r travtr\u00e4nare och kuskar | Brizy\" \/>\n<meta property=\"og:description\" content=\"Ett par regnbyxor speciellt gjorda f\u00f6r att klara av de tuffa f\u00f6rh\u00e5llandena i stallet och n\u00e4r man tr\u00e4nar h\u00e4st. Perfekta f\u00f6r travtr\u00e4nare och kuskar.\" \/>\n<meta property=\"og:url\" content=\"https:\/\/brizyproducts.com\/sv\/product\/bergen-rain-pants\/\" \/>\n<meta property=\"og:site_name\" content=\"Brizy Products\" \/>\n<meta property=\"article:publisher\" content=\"https:\/\/www.facebook.com\/brizy.1983\/\" \/>\n<meta property=\"article:modified_time\" content=\"2026-03-01T18:33:58+00:00\" \/>\n<meta property=\"og:image\" content=\"https:\/\/brizyproducts.com\/wp-content\/uploads\/2024\/03\/2-2-png.webp\" \/>\n\t<meta property=\"og:image:width\" content=\"3375\" \/>\n\t<meta property=\"og:image:height\" content=\"4500\" \/>\n\t<meta property=\"og:image:type\" content=\"image\/png\" \/>\n<meta name=\"twitter:card\" content=\"summary_large_image\" \/>\n<meta property=\"og:availability\" content=\"instock\" \/>\n<meta property=\"product:availability\" content=\"instock\" \/>\n<meta property=\"product:condition\" content=\"new\" \/>\n<!-- \/ Yoast SEO plugin. -->","yoast_head_json":{"title":"Bergen Regnbyxor | Regnbyxor f\u00f6r travtr\u00e4nare och kuskar | Brizy","description":"Ett par regnbyxor speciellt gjorda f\u00f6r att klara av de tuffa f\u00f6rh\u00e5llandena i stallet och n\u00e4r man tr\u00e4nar h\u00e4st. Perfekta f\u00f6r travtr\u00e4nare och kuskar.","robots":{"index":"index","follow":"follow","max-snippet":"max-snippet:-1","max-image-preview":"max-image-preview:large","max-video-preview":"max-video-preview:-1"},"canonical":"https:\/\/brizyproducts.com\/sv\/product\/bergen-rain-pants\/","og_locale":"sv_SE","og_type":"article","og_title":"Bergen Regnbyxor | Regnbyxor f\u00f6r travtr\u00e4nare och kuskar | Brizy","og_description":"Ett par regnbyxor speciellt gjorda f\u00f6r att klara av de tuffa f\u00f6rh\u00e5llandena i stallet och n\u00e4r man tr\u00e4nar h\u00e4st. Perfekta f\u00f6r travtr\u00e4nare och kuskar.","og_url":"https:\/\/brizyproducts.com\/sv\/product\/bergen-rain-pants\/","og_site_name":"Brizy Products","article_publisher":"https:\/\/www.facebook.com\/brizy.1983\/","article_modified_time":"2026-03-01T18:33:58+00:00","og_image":[{"width":3375,"height":4500,"url":"https:\/\/brizyproducts.com\/wp-content\/uploads\/2024\/03\/2-2-png.webp","type":"image\/png"}],"twitter_card":"summary_large_image","schema":{"@context":"https:\/\/schema.org","@graph":[{"@type":"WebPage","@id":"https:\/\/brizyproducts.com\/sv\/product\/bergen-rain-pants\/","url":"https:\/\/brizyproducts.com\/sv\/product\/bergen-rain-pants\/","name":"Bergen Regnbyxor | Regnbyxor f\u00f6r travtr\u00e4nare och kuskar | Brizy","isPartOf":{"@id":"https:\/\/brizyproducts.com\/sv\/#website"},"primaryImageOfPage":{"@id":"https:\/\/brizyproducts.com\/sv\/product\/bergen-rain-pants\/#primaryimage"},"image":{"@id":"https:\/\/brizyproducts.com\/sv\/product\/bergen-rain-pants\/#primaryimage"},"thumbnailUrl":"https:\/\/brizyproducts.com\/wp-content\/uploads\/2024\/03\/2-2-png.webp","datePublished":"2025-11-18T11:42:53+00:00","dateModified":"2026-03-01T18:33:58+00:00","description":"Ett par regnbyxor speciellt gjorda f\u00f6r att klara av de tuffa f\u00f6rh\u00e5llandena i stallet och n\u00e4r man tr\u00e4nar h\u00e4st. Perfekta f\u00f6r travtr\u00e4nare och kuskar.","breadcrumb":{"@id":"https:\/\/brizyproducts.com\/sv\/product\/bergen-rain-pants\/#breadcrumb"},"inLanguage":"sv-SE","potentialAction":[{"@type":"ReadAction","target":["https:\/\/brizyproducts.com\/sv\/product\/bergen-rain-pants\/"]}]},{"@type":"ImageObject","inLanguage":"sv-SE","@id":"https:\/\/brizyproducts.com\/sv\/product\/bergen-rain-pants\/#primaryimage","url":"https:\/\/brizyproducts.com\/wp-content\/uploads\/2024\/03\/2-2-png.webp","contentUrl":"https:\/\/brizyproducts.com\/wp-content\/uploads\/2024\/03\/2-2-png.webp","width":2560,"height":3413},{"@type":"BreadcrumbList","@id":"https:\/\/brizyproducts.com\/sv\/product\/bergen-rain-pants\/#breadcrumb","itemListElement":[{"@type":"ListItem","position":1,"name":"Hem","item":"https:\/\/brizyproducts.com\/sv\/"},{"@type":"ListItem","position":2,"name":"Shop","item":"https:\/\/brizyproducts.com\/sv\/shop\/"},{"@type":"ListItem","position":3,"name":"Bergen Regnbyxor"}]},{"@type":"WebSite","@id":"https:\/\/brizyproducts.com\/sv\/#website","url":"https:\/\/brizyproducts.com\/sv\/","name":"Brizy","description":"","publisher":{"@id":"https:\/\/brizyproducts.com\/sv\/#organization"},"potentialAction":[{"@type":"SearchAction","target":{"@type":"EntryPoint","urlTemplate":"https:\/\/brizyproducts.com\/sv\/?s={search_term_string}"},"query-input":{"@type":"PropertyValueSpecification","valueRequired":true,"valueName":"search_term_string"}}],"inLanguage":"sv-SE"},{"@type":"Organization","@id":"https:\/\/brizyproducts.com\/sv\/#organization","name":"Brizy","url":"https:\/\/brizyproducts.com\/sv\/","logo":{"@type":"ImageObject","inLanguage":"sv-SE","@id":"https:\/\/brizyproducts.com\/sv\/#\/schema\/logo\/image\/","url":"https:\/\/brizyproducts.com\/wp-content\/uploads\/2023\/12\/Brizy-old.svg","contentUrl":"https:\/\/brizyproducts.com\/wp-content\/uploads\/2023\/12\/Brizy-old.svg","width":1,"height":1,"caption":"Brizy"},"image":{"@id":"https:\/\/brizyproducts.com\/sv\/#\/schema\/logo\/image\/"},"sameAs":["https:\/\/www.facebook.com\/brizy.1983\/","https:\/\/www.linkedin.com\/company\/brizy-produktion\/"]}]},"og_availability":"instock","product_availability":"instock","product_condition":"new"},"_links":{"self":[{"href":"https:\/\/brizyproducts.com\/sv\/wp-json\/wp\/v2\/product\/12379","targetHints":{"allow":["GET"]}}],"collection":[{"href":"https:\/\/brizyproducts.com\/sv\/wp-json\/wp\/v2\/product"}],"about":[{"href":"https:\/\/brizyproducts.com\/sv\/wp-json\/wp\/v2\/types\/product"}],"replies":[{"embeddable":true,"href":"https:\/\/brizyproducts.com\/sv\/wp-json\/wp\/v2\/comments?post=12379"}],"wp:featuredmedia":[{"embeddable":true,"href":"https:\/\/brizyproducts.com\/sv\/wp-json\/wp\/v2\/media\/12091"}],"wp:attachment":[{"href":"https:\/\/brizyproducts.com\/sv\/wp-json\/wp\/v2\/media?parent=12379"}],"wp:term":[{"taxonomy":"product_brand","embeddable":true,"href":"https:\/\/brizyproducts.com\/sv\/wp-json\/wp\/v2\/product_brand?post=12379"},{"taxonomy":"product_cat","embeddable":true,"href":"https:\/\/brizyproducts.com\/sv\/wp-json\/wp\/v2\/product_cat?post=12379"},{"taxonomy":"product_tag","embeddable":true,"href":"https:\/\/brizyproducts.com\/sv\/wp-json\/wp\/v2\/product_tag?post=12379"}],"curies":[{"name":"wp","href":"https:\/\/api.w.org\/{rel}","templated":true}]}}