{"id":12357,"date":"2025-11-18T12:04:00","date_gmt":"2025-11-18T12:04:00","guid":{"rendered":"https:\/\/brizyproducts.com\/product\/bergen-rain-jacket\/"},"modified":"2026-03-01T18:33:58","modified_gmt":"2026-03-01T18:33:58","slug":"bergen-rain-jacka","status":"publish","type":"product","link":"https:\/\/brizyproducts.com\/sv\/product\/bergen-rain-jacka\/","title":{"rendered":"Bergen Regnjacka"},"content":{"rendered":"<h2>Slitstark Regnjacka f\u00f6r k\u00f6rning<\/h2>\n<p>Bergen regnjacka \u00e4r det sj\u00e4lvklara valet f\u00f6r dig som tr\u00e4nar h\u00e4st i alla v\u00e4der och beh\u00f6ver en slitstark, praktisk och p\u00e5litlig jacka.<\/p>\n<p>Den vind- och vattent\u00e4ta gummiytan samt de svetsade s\u00f6mmarna h\u00e5ller dig garanterat torr hela dagen. Jackans l\u00e4ttviktsisolering h\u00e5ller dig varm ute i vind och regn, utan att det k\u00e4nns tungt. Den l\u00e4tta, bekv\u00e4ma och f\u00f6ljsamma passformen med res\u00e5r i jackans och \u00e4rmens nederkant ger dig full r\u00f6relsefrihet hela tiden, \u00e4ven n\u00e4r du mockar eller tr\u00e4nar h\u00e4st.<\/p>\n<p>En m\u00e5ngsidig regnjacka som st\u00e5r emot v\u00e5rens, h\u00f6stens och vinterns ober\u00e4kneliga v\u00e4der.<\/p>\n<p>Jackan \u00e4r normal i passformen, vi rekommenderar att du v\u00e4ljer din vanliga storlek.<\/p>\n","protected":false},"excerpt":{"rendered":"<p>Slitstark regnjacka gjord f\u00f6r att h\u00e5lla dig torr och bekv\u00e4m, \u00e4ven n\u00e4r du tr\u00e4nar h\u00e4st.<\/p>\n","protected":false},"featured_media":12358,"comment_status":"closed","ping_status":"closed","template":"","meta":{"_acf_changed":false},"product_brand":[],"product_cat":[575,274],"product_tag":[291],"class_list":{"0":"post-12357","1":"product","2":"type-product","3":"status-publish","4":"has-post-thumbnail","6":"product_cat-black-friday","7":"product_cat-jackets","8":"product_tag-bergen-sv","9":"season-rain","10":"season-spring-fall","11":"season-winter","12":"gender-men","13":"collection-bergen","14":"activity-training","15":"activity-workwear","16":"product_type_brizy-stock-products","18":"first","19":"instock","20":"taxable","21":"shipping-taxable","22":"purchasable","23":"product-type-variable"},"acf":[],"yoast_head":"<!-- This site is optimized with the Yoast SEO plugin v27.3 - https:\/\/yoast.com\/product\/yoast-seo-wordpress\/ -->\n<title>Bergen Regnjacka | Kl\u00e4der f\u00f6r trav och stall | Brizy<\/title>\n<meta name=\"description\" content=\"Bergen regnjacka \u00e4r det sj\u00e4lvklara valet f\u00f6r dig som tr\u00e4nar h\u00e4st i alla v\u00e4der och beh\u00f6ver en slitstark, praktisk och p\u00e5litlig jacka.\" \/>\n<meta name=\"robots\" content=\"index, follow, max-snippet:-1, max-image-preview:large, max-video-preview:-1\" \/>\n<link rel=\"canonical\" href=\"https:\/\/brizyproducts.com\/sv\/product\/bergen-rain-jacka\/\" \/>\n<meta property=\"og:locale\" content=\"sv_SE\" \/>\n<meta property=\"og:type\" content=\"article\" \/>\n<meta property=\"og:title\" content=\"Bergen Regnjacka | Kl\u00e4der f\u00f6r trav och stall | Brizy\" \/>\n<meta property=\"og:description\" content=\"Bergen regnjacka \u00e4r det sj\u00e4lvklara valet f\u00f6r dig som tr\u00e4nar h\u00e4st i alla v\u00e4der och beh\u00f6ver en slitstark, praktisk och p\u00e5litlig jacka.\" \/>\n<meta property=\"og:url\" content=\"https:\/\/brizyproducts.com\/sv\/product\/bergen-rain-jacka\/\" \/>\n<meta property=\"og:site_name\" content=\"Brizy Products\" \/>\n<meta property=\"article:publisher\" content=\"https:\/\/www.facebook.com\/brizy.1983\/\" \/>\n<meta property=\"article:modified_time\" content=\"2026-03-01T18:33:58+00:00\" \/>\n<meta property=\"og:image\" content=\"https:\/\/brizyproducts.com\/wp-content\/uploads\/2024\/03\/2-3-png.webp\" \/>\n\t<meta property=\"og:image:width\" content=\"3375\" \/>\n\t<meta property=\"og:image:height\" content=\"4500\" \/>\n\t<meta property=\"og:image:type\" content=\"image\/png\" \/>\n<meta name=\"twitter:card\" content=\"summary_large_image\" \/>\n<meta property=\"og:availability\" content=\"instock\" \/>\n<meta property=\"product:availability\" content=\"instock\" \/>\n<meta property=\"product:retailer_item_id\" content=\"6400-01\" \/>\n<meta property=\"product:condition\" content=\"new\" \/>\n<!-- \/ Yoast SEO plugin. -->","yoast_head_json":{"title":"Bergen Regnjacka | Kl\u00e4der f\u00f6r trav och stall | Brizy","description":"Bergen regnjacka \u00e4r det sj\u00e4lvklara valet f\u00f6r dig som tr\u00e4nar h\u00e4st i alla v\u00e4der och beh\u00f6ver en slitstark, praktisk och p\u00e5litlig jacka.","robots":{"index":"index","follow":"follow","max-snippet":"max-snippet:-1","max-image-preview":"max-image-preview:large","max-video-preview":"max-video-preview:-1"},"canonical":"https:\/\/brizyproducts.com\/sv\/product\/bergen-rain-jacka\/","og_locale":"sv_SE","og_type":"article","og_title":"Bergen Regnjacka | Kl\u00e4der f\u00f6r trav och stall | Brizy","og_description":"Bergen regnjacka \u00e4r det sj\u00e4lvklara valet f\u00f6r dig som tr\u00e4nar h\u00e4st i alla v\u00e4der och beh\u00f6ver en slitstark, praktisk och p\u00e5litlig jacka.","og_url":"https:\/\/brizyproducts.com\/sv\/product\/bergen-rain-jacka\/","og_site_name":"Brizy Products","article_publisher":"https:\/\/www.facebook.com\/brizy.1983\/","article_modified_time":"2026-03-01T18:33:58+00:00","og_image":[{"width":3375,"height":4500,"url":"https:\/\/brizyproducts.com\/wp-content\/uploads\/2024\/03\/2-3-png.webp","type":"image\/png"}],"twitter_card":"summary_large_image","schema":{"@context":"https:\/\/schema.org","@graph":[{"@type":"WebPage","@id":"https:\/\/brizyproducts.com\/sv\/product\/bergen-rain-jacka\/","url":"https:\/\/brizyproducts.com\/sv\/product\/bergen-rain-jacka\/","name":"Bergen Regnjacka | Kl\u00e4der f\u00f6r trav och stall | Brizy","isPartOf":{"@id":"https:\/\/brizyproducts.com\/sv\/#website"},"primaryImageOfPage":{"@id":"https:\/\/brizyproducts.com\/sv\/product\/bergen-rain-jacka\/#primaryimage"},"image":{"@id":"https:\/\/brizyproducts.com\/sv\/product\/bergen-rain-jacka\/#primaryimage"},"thumbnailUrl":"https:\/\/brizyproducts.com\/wp-content\/uploads\/2024\/03\/2-3-png.webp","datePublished":"2025-11-18T12:04:00+00:00","dateModified":"2026-03-01T18:33:58+00:00","description":"Bergen regnjacka \u00e4r det sj\u00e4lvklara valet f\u00f6r dig som tr\u00e4nar h\u00e4st i alla v\u00e4der och beh\u00f6ver en slitstark, praktisk och p\u00e5litlig jacka.","breadcrumb":{"@id":"https:\/\/brizyproducts.com\/sv\/product\/bergen-rain-jacka\/#breadcrumb"},"inLanguage":"sv-SE","potentialAction":[{"@type":"ReadAction","target":["https:\/\/brizyproducts.com\/sv\/product\/bergen-rain-jacka\/"]}]},{"@type":"ImageObject","inLanguage":"sv-SE","@id":"https:\/\/brizyproducts.com\/sv\/product\/bergen-rain-jacka\/#primaryimage","url":"https:\/\/brizyproducts.com\/wp-content\/uploads\/2024\/03\/2-3-png.webp","contentUrl":"https:\/\/brizyproducts.com\/wp-content\/uploads\/2024\/03\/2-3-png.webp","width":2560,"height":3413},{"@type":"BreadcrumbList","@id":"https:\/\/brizyproducts.com\/sv\/product\/bergen-rain-jacka\/#breadcrumb","itemListElement":[{"@type":"ListItem","position":1,"name":"Hem","item":"https:\/\/brizyproducts.com\/sv\/"},{"@type":"ListItem","position":2,"name":"Shop","item":"https:\/\/brizyproducts.com\/sv\/shop\/"},{"@type":"ListItem","position":3,"name":"Bergen Regnjacka"}]},{"@type":"WebSite","@id":"https:\/\/brizyproducts.com\/sv\/#website","url":"https:\/\/brizyproducts.com\/sv\/","name":"Brizy","description":"","publisher":{"@id":"https:\/\/brizyproducts.com\/sv\/#organization"},"potentialAction":[{"@type":"SearchAction","target":{"@type":"EntryPoint","urlTemplate":"https:\/\/brizyproducts.com\/sv\/?s={search_term_string}"},"query-input":{"@type":"PropertyValueSpecification","valueRequired":true,"valueName":"search_term_string"}}],"inLanguage":"sv-SE"},{"@type":"Organization","@id":"https:\/\/brizyproducts.com\/sv\/#organization","name":"Brizy","url":"https:\/\/brizyproducts.com\/sv\/","logo":{"@type":"ImageObject","inLanguage":"sv-SE","@id":"https:\/\/brizyproducts.com\/sv\/#\/schema\/logo\/image\/","url":"https:\/\/brizyproducts.com\/wp-content\/uploads\/2023\/12\/Brizy-old.svg","contentUrl":"https:\/\/brizyproducts.com\/wp-content\/uploads\/2023\/12\/Brizy-old.svg","width":1,"height":1,"caption":"Brizy"},"image":{"@id":"https:\/\/brizyproducts.com\/sv\/#\/schema\/logo\/image\/"},"sameAs":["https:\/\/www.facebook.com\/brizy.1983\/","https:\/\/www.linkedin.com\/company\/brizy-produktion\/"]}]},"og_availability":"instock","product_availability":"instock","product_retailer_item_id":"6400-01","product_condition":"new"},"_links":{"self":[{"href":"https:\/\/brizyproducts.com\/sv\/wp-json\/wp\/v2\/product\/12357","targetHints":{"allow":["GET"]}}],"collection":[{"href":"https:\/\/brizyproducts.com\/sv\/wp-json\/wp\/v2\/product"}],"about":[{"href":"https:\/\/brizyproducts.com\/sv\/wp-json\/wp\/v2\/types\/product"}],"replies":[{"embeddable":true,"href":"https:\/\/brizyproducts.com\/sv\/wp-json\/wp\/v2\/comments?post=12357"}],"wp:featuredmedia":[{"embeddable":true,"href":"https:\/\/brizyproducts.com\/sv\/wp-json\/wp\/v2\/media\/12358"}],"wp:attachment":[{"href":"https:\/\/brizyproducts.com\/sv\/wp-json\/wp\/v2\/media?parent=12357"}],"wp:term":[{"taxonomy":"product_brand","embeddable":true,"href":"https:\/\/brizyproducts.com\/sv\/wp-json\/wp\/v2\/product_brand?post=12357"},{"taxonomy":"product_cat","embeddable":true,"href":"https:\/\/brizyproducts.com\/sv\/wp-json\/wp\/v2\/product_cat?post=12357"},{"taxonomy":"product_tag","embeddable":true,"href":"https:\/\/brizyproducts.com\/sv\/wp-json\/wp\/v2\/product_tag?post=12357"}],"curies":[{"name":"wp","href":"https:\/\/api.w.org\/{rel}","templated":true}]}}